{"id":211598,"date":"2022-04-06T09:28:38","date_gmt":"2022-04-06T09:28:38","guid":{"rendered":"https:\/\/johanneslarsenmuseet.dk\/das-kuenstlerheim\/"},"modified":"2025-06-30T12:44:37","modified_gmt":"2025-06-30T12:44:37","slug":"das-kuenstlerheim","status":"publish","type":"page","link":"https:\/\/johanneslarsenmuseet.dk\/de\/das-kuenstlerheim\/","title":{"rendered":"Das K\u00fcnstlerheim"},"content":{"rendered":"<p>[et_pb_section fb_built=&#8220;1&#8243; _builder_version=&#8220;4.21.0&#8243; _module_preset=&#8220;default&#8220; background_color=&#8220;rgba(0,0,0,0.2)&#8220; background_image=&#8220;https:\/\/johanneslarsenmuseet.dk\/wp-content\/uploads\/2023\/08\/Villa_spisestue_fresko_raadyr_Johannes_Larsen_Museet_baggrundsbillede.png&#8220; background_blend=&#8220;multiply&#8220; custom_margin=&#8220;||-1px|||&#8220; custom_padding=&#8220;19px||212px|||&#8220; global_colors_info=&#8220;{}&#8220;][et_pb_row column_structure=&#8220;1_2,1_2&#8243; _builder_version=&#8220;4.16&#8243; _module_preset=&#8220;default&#8220; global_colors_info=&#8220;{}&#8220;][et_pb_column type=&#8220;1_2&#8243; _builder_version=&#8220;4.16&#8243; _module_preset=&#8220;default&#8220; global_colors_info=&#8220;{}&#8220;][et_pb_text _builder_version=&#8220;4.21.0&#8243; _module_preset=&#8220;default&#8220; custom_css_main_element=&#8220;max-width: 330px;||font-weight: 700;||    letter-spacing: -.2px;||    font-size: 3rem;||    line-height: 62px;||color: #e0f8eb;&#8220; global_colors_info=&#8220;{}&#8220;]<\/p>\n<p>DAS K\u00dcNSTLERHEIM<\/p>\n<p>[\/et_pb_text][et_pb_text _builder_version=&#8220;4.16&#8243; _module_preset=&#8220;default&#8220; custom_css_main_element=&#8220;max-width: 330px;||font-weight: 400;||font-size: 20px;||    line-height: 1.5;||color: #e0f8eb;&#8220; global_colors_info=&#8220;{}&#8220;]<\/p>\n<p>Johannes und Alhed Larsen schufen um sich herum ein Zuhause, das zu einem zentralen Treffpunkt f\u00fcr zeitgen\u00f6ssische K\u00fcnstler wurde. Das Haus steht heute noch genauso da wie zu der Zeit, als es von der Familie Larsen bewohnt wurde.<\/p>\n<p>[\/et_pb_text][\/et_pb_column][et_pb_column type=&#8220;1_2&#8243; _builder_version=&#8220;4.16&#8243; _module_preset=&#8220;default&#8220; global_colors_info=&#8220;{}&#8220;][\/et_pb_column][\/et_pb_row][\/et_pb_section][et_pb_section fb_built=&#8220;1&#8243; _builder_version=&#8220;4.16&#8243; _module_preset=&#8220;default&#8220; global_colors_info=&#8220;{}&#8220;][et_pb_row column_structure=&#8220;3_5,2_5&#8243; _builder_version=&#8220;4.16&#8243; _module_preset=&#8220;default&#8220; global_colors_info=&#8220;{}&#8220;][et_pb_column type=&#8220;3_5&#8243; _builder_version=&#8220;4.16&#8243; _module_preset=&#8220;default&#8220; global_colors_info=&#8220;{}&#8220;][et_pb_image src=&#8220;https:\/\/johanneslarsenmuseet.dk\/wp-content\/uploads\/2023\/08\/Villa_roed_stue_laenestol_Johannes_Larsen_Museet.png&#8220; alt=&#8220;Villa_r\u00f8d_stue_l\u00e6nestol_Johannes_Larsen_Museet&#8220; title_text=&#8220;Villa_r\u00f8d_stue_l\u00e6nestol_Johannes_Larsen_Museet&#8220; _builder_version=&#8220;4.21.0&#8243; _module_preset=&#8220;default&#8220; global_colors_info=&#8220;{}&#8220;][\/et_pb_image][\/et_pb_column][et_pb_column type=&#8220;2_5&#8243; _builder_version=&#8220;4.16&#8243; _module_preset=&#8220;default&#8220; global_colors_info=&#8220;{}&#8220;][et_pb_text _builder_version=&#8220;4.16&#8243; _module_preset=&#8220;default&#8220; text_font_size=&#8220;18px&#8220; header_2_font_size=&#8220;2.88rem&#8220; global_colors_info=&#8220;{}&#8220;]<\/p>\n<h2>Treffpunkt f\u00fcr K\u00fcnstler<\/h2>\n<p>Die Kunst an den W\u00e4nden der Villa zeugt davon, wie Kerteminde zu Beginn des 20. Jahrhunderts zu einem wichtigen Zentrum des d\u00e4nischen Geisteslebens wurde. K\u00fcnstler, Dichter und Schriftsteller besuchten das Haus, und viele blieben f\u00fcr l\u00e4ngere Zeit. Junge K\u00fcnstler suchten Johannes Larsen auf, in der Hoffnung, von dem ber\u00fchmten K\u00fcnstler Rat und Anleitung zu erhalten.<\/p>\n<p>[\/et_pb_text][\/et_pb_column][\/et_pb_row][et_pb_row column_structure=&#8220;2_5,3_5&#8243; _builder_version=&#8220;4.16&#8243; _module_preset=&#8220;default&#8220; custom_margin=&#8220;32px|auto||auto||&#8220; global_colors_info=&#8220;{}&#8220;][et_pb_column type=&#8220;2_5&#8243; _builder_version=&#8220;4.16&#8243; _module_preset=&#8220;default&#8220; global_colors_info=&#8220;{}&#8220;][et_pb_text _builder_version=&#8220;4.16&#8243; _module_preset=&#8220;default&#8220; text_font_size=&#8220;18px&#8220; header_2_font_size=&#8220;2.88rem&#8220; global_colors_info=&#8220;{}&#8220;]<\/p>\n<h2>Nur Tageslicht von einer Seite in allen R\u00e4umen<\/h2>\n<p>Im Jahr 1901 wurde der Grundstein f\u00fcr das Haus am M\u00f8llebakken gelegt. Der Skagener Architekt Ulrik Plesner hatte den Auftrag erhalten, das Haus nach den Skizzen von Johannes Larsen zu entwerfen &#8211; bezahlt wurde mit Aquarellen. Johannes und Alhed Larsen waren zweifelsohne anspruchsvolle Bauherren mit eigenen Vorstellungen von Architektur und Innenarchitektur. So war es zum Beispiel ein absolutes Prinzip, dass jeder Raum nur von einer Seite Tageslicht erhalten sollte, um die Schattenverh\u00e4ltnisse nicht zu st\u00f6ren. Nichts wurde dem Zufall \u00fcberlassen und alle Einrichtungsgegenst\u00e4nde wurden sorgf\u00e4ltig ausgew\u00e4hlt.<\/p>\n<p><strong>1902:\u00a0<\/strong> Einzug<br \/><strong>1985:\u00a0<\/strong>\u00a0Museum<\/p>\n<p>[\/et_pb_text][et_pb_button button_url=&#8220;https:\/\/johanneslarsenmuseet.dk\/de\/begebenheiten\/&#8220; button_text=&#8220;Alle Ereignisse&#8220; _builder_version=&#8220;4.21.0&#8243; _module_preset=&#8220;default&#8220; global_colors_info=&#8220;{}&#8220;][\/et_pb_button][\/et_pb_column][et_pb_column type=&#8220;3_5&#8243; _builder_version=&#8220;4.16&#8243; _module_preset=&#8220;default&#8220; global_colors_info=&#8220;{}&#8220;][et_pb_image src=&#8220;https:\/\/johanneslarsenmuseet.dk\/wp-content\/uploads\/2023\/08\/Havestue_villa_efteraarslys_Johannes_Larsen_Museet.png&#8220; alt=&#8220;Havestue_villa_efter\u00e5rslys_Johannes_Larsen_Museet&#8220; title_text=&#8220;Havestue_villa_efter\u00e5rslys_Johannes_Larsen_Museet&#8220; _builder_version=&#8220;4.21.0&#8243; _module_preset=&#8220;default&#8220; global_colors_info=&#8220;{}&#8220;][\/et_pb_image][\/et_pb_column][\/et_pb_row][\/et_pb_section]<\/p>\n<span class=\"et_bloom_bottom_trigger\"><\/span>","protected":false},"excerpt":{"rendered":"<p>DAS K\u00dcNSTLERHEIMJohannes und Alhed Larsen schufen um sich herum ein Zuhause, das zu einem zentralen Treffpunkt f\u00fcr zeitgen\u00f6ssische K\u00fcnstler wurde. Das Haus steht heute noch genauso da wie zu der Zeit, als es von der Familie Larsen bewohnt wurde.Treffpunkt f\u00fcr K\u00fcnstler Die Kunst an den W\u00e4nden der Villa zeugt davon, wie Kerteminde zu Beginn des [&hellip;]<\/p>\n","protected":false},"author":3,"featured_media":0,"parent":0,"menu_order":0,"comment_status":"closed","ping_status":"closed","template":"","meta":{"_et_pb_use_builder":"on","_et_pb_old_content":"","_et_gb_content_width":"","footnotes":""},"class_list":["post-211598","page","type-page","status-publish","hentry"],"yoast_head":"<!-- This site is optimized with the Yoast SEO plugin v24.5 - https:\/\/yoast.com\/wordpress\/plugins\/seo\/ -->\n<title>Das K\u00fcnstlerheim - Johannes Larsen Museet<\/title>\n<meta name=\"robots\" content=\"index, follow, max-snippet:-1, max-image-preview:large, max-video-preview:-1\" \/>\n<link rel=\"canonical\" href=\"https:\/\/johanneslarsenmuseet.dk\/de\/das-kuenstlerheim\/\" \/>\n<meta property=\"og:locale\" content=\"de_DE\" \/>\n<meta property=\"og:type\" content=\"article\" \/>\n<meta property=\"og:title\" content=\"Das K\u00fcnstlerheim - Johannes Larsen Museet\" \/>\n<meta property=\"og:description\" content=\"DAS K\u00dcNSTLERHEIMJohannes und Alhed Larsen schufen um sich herum ein Zuhause, das zu einem zentralen Treffpunkt f\u00fcr zeitgen\u00f6ssische K\u00fcnstler wurde. Das Haus steht heute noch genauso da wie zu der Zeit, als es von der Familie Larsen bewohnt wurde.Treffpunkt f\u00fcr K\u00fcnstler Die Kunst an den W\u00e4nden der Villa zeugt davon, wie Kerteminde zu Beginn des [&hellip;]\" \/>\n<meta property=\"og:url\" content=\"https:\/\/johanneslarsenmuseet.dk\/de\/das-kuenstlerheim\/\" \/>\n<meta property=\"og:site_name\" content=\"Johannes Larsen Museet\" \/>\n<meta property=\"article:publisher\" content=\"https:\/\/www.facebook.com\/JohannesLarsenMuseet\" \/>\n<meta property=\"article:modified_time\" content=\"2025-06-30T12:44:37+00:00\" \/>\n<meta name=\"twitter:card\" content=\"summary_large_image\" \/>\n<meta name=\"twitter:label1\" content=\"Gesch\u00e4tzte Lesezeit\" \/>\n\t<meta name=\"twitter:data1\" content=\"3\u00a0Minuten\" \/>\n<script type=\"application\/ld+json\" class=\"yoast-schema-graph\">{\"@context\":\"https:\/\/schema.org\",\"@graph\":[{\"@type\":\"WebPage\",\"@id\":\"https:\/\/johanneslarsenmuseet.dk\/de\/das-kuenstlerheim\/\",\"url\":\"https:\/\/johanneslarsenmuseet.dk\/de\/das-kuenstlerheim\/\",\"name\":\"Das K\u00fcnstlerheim - Johannes Larsen Museet\",\"isPartOf\":{\"@id\":\"https:\/\/johanneslarsenmuseet.dk\/de\/#website\"},\"datePublished\":\"2022-04-06T09:28:38+00:00\",\"dateModified\":\"2025-06-30T12:44:37+00:00\",\"breadcrumb\":{\"@id\":\"https:\/\/johanneslarsenmuseet.dk\/de\/das-kuenstlerheim\/#breadcrumb\"},\"inLanguage\":\"de\",\"potentialAction\":[{\"@type\":\"ReadAction\",\"target\":[\"https:\/\/johanneslarsenmuseet.dk\/de\/das-kuenstlerheim\/\"]}]},{\"@type\":\"BreadcrumbList\",\"@id\":\"https:\/\/johanneslarsenmuseet.dk\/de\/das-kuenstlerheim\/#breadcrumb\",\"itemListElement\":[{\"@type\":\"ListItem\",\"position\":1,\"name\":\"Hjem\",\"item\":\"https:\/\/johanneslarsenmuseet.dk\/de\/\"},{\"@type\":\"ListItem\",\"position\":2,\"name\":\"Das K\u00fcnstlerheim\"}]},{\"@type\":\"WebSite\",\"@id\":\"https:\/\/johanneslarsenmuseet.dk\/de\/#website\",\"url\":\"https:\/\/johanneslarsenmuseet.dk\/de\/\",\"name\":\"Johannes Larsen Museet\",\"description\":\"Oplevelser for hele familien\",\"publisher\":{\"@id\":\"https:\/\/johanneslarsenmuseet.dk\/de\/#organization\"},\"potentialAction\":[{\"@type\":\"SearchAction\",\"target\":{\"@type\":\"EntryPoint\",\"urlTemplate\":\"https:\/\/johanneslarsenmuseet.dk\/de\/?s={search_term_string}\"},\"query-input\":{\"@type\":\"PropertyValueSpecification\",\"valueRequired\":true,\"valueName\":\"search_term_string\"}}],\"inLanguage\":\"de\"},{\"@type\":\"Organization\",\"@id\":\"https:\/\/johanneslarsenmuseet.dk\/de\/#organization\",\"name\":\"Johanne Larsen Museet\",\"url\":\"https:\/\/johanneslarsenmuseet.dk\/de\/\",\"logo\":{\"@type\":\"ImageObject\",\"inLanguage\":\"de\",\"@id\":\"https:\/\/johanneslarsenmuseet.dk\/de\/#\/schema\/logo\/image\/\",\"url\":\"https:\/\/johanneslarsenmuseet.dk\/wp-content\/uploads\/2022\/04\/johannes-larsen-logo-black.svg\",\"contentUrl\":\"https:\/\/johanneslarsenmuseet.dk\/wp-content\/uploads\/2022\/04\/johannes-larsen-logo-black.svg\",\"width\":1,\"height\":1,\"caption\":\"Johanne Larsen Museet\"},\"image\":{\"@id\":\"https:\/\/johanneslarsenmuseet.dk\/de\/#\/schema\/logo\/image\/\"},\"sameAs\":[\"https:\/\/www.facebook.com\/JohannesLarsenMuseet\",\"https:\/\/www.instagram.com\/johanneslarsenmuseet\/\",\"https:\/\/twitter.com\/johlarsenmuseum?lang=da\"]}]}<\/script>\n<!-- \/ Yoast SEO plugin. -->","yoast_head_json":{"title":"Das K\u00fcnstlerheim - Johannes Larsen Museet","robots":{"index":"index","follow":"follow","max-snippet":"max-snippet:-1","max-image-preview":"max-image-preview:large","max-video-preview":"max-video-preview:-1"},"canonical":"https:\/\/johanneslarsenmuseet.dk\/de\/das-kuenstlerheim\/","og_locale":"de_DE","og_type":"article","og_title":"Das K\u00fcnstlerheim - Johannes Larsen Museet","og_description":"DAS K\u00dcNSTLERHEIMJohannes und Alhed Larsen schufen um sich herum ein Zuhause, das zu einem zentralen Treffpunkt f\u00fcr zeitgen\u00f6ssische K\u00fcnstler wurde. Das Haus steht heute noch genauso da wie zu der Zeit, als es von der Familie Larsen bewohnt wurde.Treffpunkt f\u00fcr K\u00fcnstler Die Kunst an den W\u00e4nden der Villa zeugt davon, wie Kerteminde zu Beginn des [&hellip;]","og_url":"https:\/\/johanneslarsenmuseet.dk\/de\/das-kuenstlerheim\/","og_site_name":"Johannes Larsen Museet","article_publisher":"https:\/\/www.facebook.com\/JohannesLarsenMuseet","article_modified_time":"2025-06-30T12:44:37+00:00","twitter_card":"summary_large_image","twitter_misc":{"Gesch\u00e4tzte Lesezeit":"3\u00a0Minuten"},"schema":{"@context":"https:\/\/schema.org","@graph":[{"@type":"WebPage","@id":"https:\/\/johanneslarsenmuseet.dk\/de\/das-kuenstlerheim\/","url":"https:\/\/johanneslarsenmuseet.dk\/de\/das-kuenstlerheim\/","name":"Das K\u00fcnstlerheim - Johannes Larsen Museet","isPartOf":{"@id":"https:\/\/johanneslarsenmuseet.dk\/de\/#website"},"datePublished":"2022-04-06T09:28:38+00:00","dateModified":"2025-06-30T12:44:37+00:00","breadcrumb":{"@id":"https:\/\/johanneslarsenmuseet.dk\/de\/das-kuenstlerheim\/#breadcrumb"},"inLanguage":"de","potentialAction":[{"@type":"ReadAction","target":["https:\/\/johanneslarsenmuseet.dk\/de\/das-kuenstlerheim\/"]}]},{"@type":"BreadcrumbList","@id":"https:\/\/johanneslarsenmuseet.dk\/de\/das-kuenstlerheim\/#breadcrumb","itemListElement":[{"@type":"ListItem","position":1,"name":"Hjem","item":"https:\/\/johanneslarsenmuseet.dk\/de\/"},{"@type":"ListItem","position":2,"name":"Das K\u00fcnstlerheim"}]},{"@type":"WebSite","@id":"https:\/\/johanneslarsenmuseet.dk\/de\/#website","url":"https:\/\/johanneslarsenmuseet.dk\/de\/","name":"Johannes Larsen Museet","description":"Oplevelser for hele familien","publisher":{"@id":"https:\/\/johanneslarsenmuseet.dk\/de\/#organization"},"potentialAction":[{"@type":"SearchAction","target":{"@type":"EntryPoint","urlTemplate":"https:\/\/johanneslarsenmuseet.dk\/de\/?s={search_term_string}"},"query-input":{"@type":"PropertyValueSpecification","valueRequired":true,"valueName":"search_term_string"}}],"inLanguage":"de"},{"@type":"Organization","@id":"https:\/\/johanneslarsenmuseet.dk\/de\/#organization","name":"Johanne Larsen Museet","url":"https:\/\/johanneslarsenmuseet.dk\/de\/","logo":{"@type":"ImageObject","inLanguage":"de","@id":"https:\/\/johanneslarsenmuseet.dk\/de\/#\/schema\/logo\/image\/","url":"https:\/\/johanneslarsenmuseet.dk\/wp-content\/uploads\/2022\/04\/johannes-larsen-logo-black.svg","contentUrl":"https:\/\/johanneslarsenmuseet.dk\/wp-content\/uploads\/2022\/04\/johannes-larsen-logo-black.svg","width":1,"height":1,"caption":"Johanne Larsen Museet"},"image":{"@id":"https:\/\/johanneslarsenmuseet.dk\/de\/#\/schema\/logo\/image\/"},"sameAs":["https:\/\/www.facebook.com\/JohannesLarsenMuseet","https:\/\/www.instagram.com\/johanneslarsenmuseet\/","https:\/\/twitter.com\/johlarsenmuseum?lang=da"]}]}},"_links":{"self":[{"href":"https:\/\/johanneslarsenmuseet.dk\/de\/wp-json\/wp\/v2\/pages\/211598","targetHints":{"allow":["GET"]}}],"collection":[{"href":"https:\/\/johanneslarsenmuseet.dk\/de\/wp-json\/wp\/v2\/pages"}],"about":[{"href":"https:\/\/johanneslarsenmuseet.dk\/de\/wp-json\/wp\/v2\/types\/page"}],"author":[{"embeddable":true,"href":"https:\/\/johanneslarsenmuseet.dk\/de\/wp-json\/wp\/v2\/users\/3"}],"replies":[{"embeddable":true,"href":"https:\/\/johanneslarsenmuseet.dk\/de\/wp-json\/wp\/v2\/comments?post=211598"}],"version-history":[{"count":0,"href":"https:\/\/johanneslarsenmuseet.dk\/de\/wp-json\/wp\/v2\/pages\/211598\/revisions"}],"wp:attachment":[{"href":"https:\/\/johanneslarsenmuseet.dk\/de\/wp-json\/wp\/v2\/media?parent=211598"}],"curies":[{"name":"wp","href":"https:\/\/api.w.org\/{rel}","templated":true}]}}