{"id":211601,"date":"2022-04-13T11:44:48","date_gmt":"2022-04-13T11:44:48","guid":{"rendered":"https:\/\/johanneslarsenmuseet.dk\/die-werkstatt\/"},"modified":"2023-09-07T09:28:42","modified_gmt":"2023-09-07T09:28:42","slug":"die-werkstatt","status":"publish","type":"page","link":"https:\/\/johanneslarsenmuseet.dk\/de\/die-werkstatt\/","title":{"rendered":"Die Werkstatt"},"content":{"rendered":"<p>[et_pb_section fb_built=&#8220;1&#8243; _builder_version=&#8220;4.21.0&#8243; _module_preset=&#8220;default&#8220; background_color=&#8220;rgba(0,0,0,0.2)&#8220; background_image=&#8220;https:\/\/johanneslarsenmuseet.dk\/wp-content\/uploads\/2023\/08\/Johannes_Larsen_Museet_vaerksted_bord_blomster.png&#8220; background_blend=&#8220;multiply&#8220; custom_margin=&#8220;||-1px|||&#8220; custom_padding=&#8220;19px||212px|||&#8220; global_colors_info=&#8220;{}&#8220;][et_pb_row column_structure=&#8220;1_2,1_2&#8243; _builder_version=&#8220;4.16&#8243; _module_preset=&#8220;default&#8220; global_colors_info=&#8220;{}&#8220;][et_pb_column type=&#8220;1_2&#8243; _builder_version=&#8220;4.16&#8243; _module_preset=&#8220;default&#8220; global_colors_info=&#8220;{}&#8220;][et_pb_text _builder_version=&#8220;4.21.0&#8243; _module_preset=&#8220;default&#8220; custom_css_main_element=&#8220;max-width: 330px;||font-weight: 700;||    letter-spacing: -.2px;||    font-size: 3rem;||    line-height: 62px;||color: #e0f8eb;&#8220; global_colors_info=&#8220;{}&#8220;]<\/p>\n<div class=\"mtt-cover-background-container\">\n<div class=\"picture-wrap object-fit\"><picture><img decoding=\"async\" src=\"https:\/\/johanneslarsenmuseet.dk\/kalender\/samlingen\/\" alt=\"\" \/><\/picture><span id=\"alttext-container\"><img id=\"alttext-image\" width=\"16\" height=\"16\" align=\"left\" \/><span id=\"alttext\"><\/span><\/span><\/div>\n<\/div>\n<div class=\"mtt-cover-container flip\">\n<div class=\"mtt-cover-text\">\n<p><span class=\"tagline\" style=\"color: #fdfdfd;\">DIE WERKSTATT<\/span><\/p>\n<div class=\"text-wrap\">\u00a0<\/div>\n<\/div>\n<\/div>\n<p>[\/et_pb_text][et_pb_text _builder_version=&#8220;4.19.5&#8243; _module_preset=&#8220;default&#8220; custom_css_main_element=&#8220;max-width: 330px;||font-weight: 400;||font-size: 20px;||    line-height: 1.5;||color: #e0f8eb;&#8220; global_colors_info=&#8220;{}&#8220;]<\/p>\n<p>&nbsp;<\/p>\n<div class=\"text-wrap\">\n<p>Johannes Larsen nannte sein Atelier &#8222;Werkstatt&#8220;. Hier schuf er viele seiner grossen und bekannten Werke. Gleich neben dem Atelier von Johannes Larsen befindet sich das kleinere Atelier von Alhed Larsen. Beide Ateliers haben direkten Zugang zu Alheds sch\u00f6nem Wintergarten.<\/p>\n<\/div>\n<p>[\/et_pb_text][\/et_pb_column][et_pb_column type=&#8220;1_2&#8243; _builder_version=&#8220;4.16&#8243; _module_preset=&#8220;default&#8220; global_colors_info=&#8220;{}&#8220;][\/et_pb_column][\/et_pb_row][\/et_pb_section][et_pb_section fb_built=&#8220;1&#8243; _builder_version=&#8220;4.16&#8243; _module_preset=&#8220;default&#8220; background_color=&#8220;#FFFFFF&#8220; background_enable_image=&#8220;off&#8220; global_colors_info=&#8220;{}&#8220;][et_pb_row column_structure=&#8220;3_5,2_5&#8243; _builder_version=&#8220;4.16&#8243; _module_preset=&#8220;default&#8220; global_colors_info=&#8220;{}&#8220;][et_pb_column type=&#8220;3_5&#8243; _builder_version=&#8220;4.16&#8243; _module_preset=&#8220;default&#8220; global_colors_info=&#8220;{}&#8220;][et_pb_image src=&#8220;https:\/\/johanneslarsenmuseet.dk\/wp-content\/uploads\/2023\/08\/Vinterhave_vaerksted_atelier_Johannes_Larsen_Museet.png&#8220; alt=&#8220;Vinterhave_v\u00e6rksted_atelier_Johannes_Larsen_Museet&#8220; title_text=&#8220;Vinterhave_v\u00e6rksted_atelier_Johannes_Larsen_Museet&#8220; _builder_version=&#8220;4.21.0&#8243; _module_preset=&#8220;default&#8220; global_colors_info=&#8220;{}&#8220;][\/et_pb_image][\/et_pb_column][et_pb_column type=&#8220;2_5&#8243; _builder_version=&#8220;4.16&#8243; _module_preset=&#8220;default&#8220; global_colors_info=&#8220;{}&#8220;][et_pb_text _builder_version=&#8220;4.16&#8243; _module_preset=&#8220;default&#8220; text_font_size=&#8220;18px&#8220; header_2_font_size=&#8220;2.88rem&#8220; global_colors_info=&#8220;{}&#8220;]<\/p>\n<h2>Alhed Larsens Wintergarten<\/h2>\n<div class=\"text-image-content-wrapper\">\n<div class=\"text-image-text\">\n<p>Alhed Larsen richtete einen Wintergarten an der S\u00fcdwand der Werkstatt ein. Hier lie\u00df sie Orchideen und andere seltene Pflanzen neben einer F\u00fclle von klassischen Topfpflanzen gedeihen. Heute leben in dem Gartenteich kleine Goldfische.<\/p>\n<\/div>\n<div class=\"buttons\">\n<div class=\"button-section\">\u00a0<\/div>\n<\/div>\n<\/div>\n<div class=\"text-image-img-wrapper small_graphic_box\">\n<div class=\"object-fit\">\u00a0<\/div>\n<\/div>\n<p>&nbsp;<\/p>\n<p>[\/et_pb_text][\/et_pb_column][\/et_pb_row][et_pb_row column_structure=&#8220;2_5,3_5&#8243; _builder_version=&#8220;4.16&#8243; _module_preset=&#8220;default&#8220; global_colors_info=&#8220;{}&#8220;][et_pb_column type=&#8220;2_5&#8243; _builder_version=&#8220;4.16&#8243; _module_preset=&#8220;default&#8220; global_colors_info=&#8220;{}&#8220;][et_pb_text _builder_version=&#8220;4.16&#8243; _module_preset=&#8220;default&#8220; text_font_size=&#8220;18px&#8220; header_2_font_size=&#8220;2.88rem&#8220; global_colors_info=&#8220;{}&#8220;]<\/p>\n<h2>Raum f\u00fcr Kreativit\u00e4t<\/h2>\n<p>Das Atelier wurde 1916 erbaut und vom Architekten Carl Petersen entworfen, der kurz zuvor auch das Faaborg Museum entworfen hatte. An der Decke des Ateliers h\u00e4ngt ein Gem\u00e4lde von Johannes Larsen mit fliegenden St\u00f6rchen. Es handelt sich um eine Vorarbeit f\u00fcr ein Deckengem\u00e4lde, das sich in der Referenzbibliothek der K\u00f6nigin im Schloss Christiansborg in Kopenhagen befindet. Dar\u00fcber hinaus gibt es eine grosse Anzahl wichtiger Gem\u00e4lde, Zeichnungen und Grafiken, die in einem Raum die Geschichte dessen erz\u00e4hlen, was Johannes Larsen mit seiner Kunst erreichen wollte.<\/p>\n<p>Das Atelier von Alhed Larsen ist etwas kleiner als das ihres Mannes, beherbergt aber auch eine Reihe ihrer sch\u00f6nen Werke. Das Klavier spiegelt Alhed Larsens Rolle und Pers\u00f6nlichkeit als gesellige und kreative Gastgeberin im Haus des K\u00fcnstlers wider.<\/p>\n<p>[\/et_pb_text][et_pb_button button_url=&#8220;https:\/\/johanneslarsenmuseet.dk\/de\/begebenheiten\/&#8220; button_text=&#8220;Alle Aktivit\u00e4ten&#8220; _builder_version=&#8220;4.16&#8243; _module_preset=&#8220;default&#8220; global_colors_info=&#8220;{}&#8220;][\/et_pb_button][\/et_pb_column][et_pb_column type=&#8220;3_5&#8243; _builder_version=&#8220;4.16&#8243; _module_preset=&#8220;default&#8220; global_colors_info=&#8220;{}&#8220;][et_pb_image src=&#8220;https:\/\/johanneslarsenmuseet.dk\/wp-content\/uploads\/2023\/08\/Vaerksted_vindue_pensler_mandefigur_Johannes_Larsen_Museet.png&#8220; alt=&#8220;V\u00e6rksted_vindue_pensler_mandefigur_Johannes_Larsen_Museet&#8220; title_text=&#8220;V\u00e6rksted_vindue_pensler_mandefigur_Johannes_Larsen_Museet&#8220; _builder_version=&#8220;4.21.0&#8243; _module_preset=&#8220;default&#8220; global_colors_info=&#8220;{}&#8220;][\/et_pb_image][\/et_pb_column][\/et_pb_row][\/et_pb_section]<\/p>\n<span class=\"et_bloom_bottom_trigger\"><\/span>","protected":false},"excerpt":{"rendered":"<p>DIE WERKSTATT \u00a0 &nbsp; Johannes Larsen nannte sein Atelier &#8222;Werkstatt&#8220;. Hier schuf er viele seiner grossen und bekannten Werke. Gleich neben dem Atelier von Johannes Larsen befindet sich das kleinere Atelier von Alhed Larsen. Beide Ateliers haben direkten Zugang zu Alheds sch\u00f6nem Wintergarten. Alhed Larsens Wintergarten Alhed Larsen richtete einen Wintergarten an der S\u00fcdwand der [&hellip;]<\/p>\n","protected":false},"author":4,"featured_media":0,"parent":0,"menu_order":0,"comment_status":"closed","ping_status":"closed","template":"","meta":{"_et_pb_use_builder":"on","_et_pb_old_content":"","_et_gb_content_width":"","footnotes":""},"class_list":["post-211601","page","type-page","status-publish","hentry"],"yoast_head":"<!-- This site is optimized with the Yoast SEO plugin v24.5 - https:\/\/yoast.com\/wordpress\/plugins\/seo\/ -->\n<title>Die Werkstatt - Johannes Larsen Museet<\/title>\n<meta name=\"description\" content=\"Besuchen Sie Alhed und Johannes Larsens Werkstatt auf M\u00f8llebakken 14. Dienstag bis Sonntag ge\u00f6ffnet. Vieles zu erleben f\u00fcr Jung und Alt.\" \/>\n<meta name=\"robots\" content=\"index, follow, max-snippet:-1, max-image-preview:large, max-video-preview:-1\" \/>\n<link rel=\"canonical\" href=\"https:\/\/johanneslarsenmuseet.dk\/de\/die-werkstatt\/\" \/>\n<meta property=\"og:locale\" content=\"de_DE\" \/>\n<meta property=\"og:type\" content=\"article\" \/>\n<meta property=\"og:title\" content=\"Die Werkstatt - Johannes Larsen Museet\" \/>\n<meta property=\"og:description\" content=\"Besuchen Sie Alhed und Johannes Larsens Werkstatt auf M\u00f8llebakken 14. Dienstag bis Sonntag ge\u00f6ffnet. Vieles zu erleben f\u00fcr Jung und Alt.\" \/>\n<meta property=\"og:url\" content=\"https:\/\/johanneslarsenmuseet.dk\/de\/die-werkstatt\/\" \/>\n<meta property=\"og:site_name\" content=\"Johannes Larsen Museet\" \/>\n<meta property=\"article:publisher\" content=\"https:\/\/www.facebook.com\/JohannesLarsenMuseet\" \/>\n<meta property=\"article:modified_time\" content=\"2023-09-07T09:28:42+00:00\" \/>\n<meta property=\"og:image\" content=\"https:\/\/johanneslarsenmuseet.dk\/kalender\/samlingen\/\" \/>\n<meta name=\"twitter:card\" content=\"summary_large_image\" \/>\n<meta name=\"twitter:label1\" content=\"Gesch\u00e4tzte Lesezeit\" \/>\n\t<meta name=\"twitter:data1\" content=\"3\u00a0Minuten\" \/>\n<script type=\"application\/ld+json\" class=\"yoast-schema-graph\">{\"@context\":\"https:\/\/schema.org\",\"@graph\":[{\"@type\":\"WebPage\",\"@id\":\"https:\/\/johanneslarsenmuseet.dk\/de\/die-werkstatt\/\",\"url\":\"https:\/\/johanneslarsenmuseet.dk\/de\/die-werkstatt\/\",\"name\":\"Die Werkstatt - Johannes Larsen Museet\",\"isPartOf\":{\"@id\":\"https:\/\/johanneslarsenmuseet.dk\/de\/#website\"},\"primaryImageOfPage\":{\"@id\":\"https:\/\/johanneslarsenmuseet.dk\/de\/die-werkstatt\/#primaryimage\"},\"image\":{\"@id\":\"https:\/\/johanneslarsenmuseet.dk\/de\/die-werkstatt\/#primaryimage\"},\"thumbnailUrl\":\"https:\/\/johanneslarsenmuseet.dk\/kalender\/samlingen\/\",\"datePublished\":\"2022-04-13T11:44:48+00:00\",\"dateModified\":\"2023-09-07T09:28:42+00:00\",\"description\":\"Besuchen Sie Alhed und Johannes Larsens Werkstatt auf M\u00f8llebakken 14. Dienstag bis Sonntag ge\u00f6ffnet. Vieles zu erleben f\u00fcr Jung und Alt.\",\"breadcrumb\":{\"@id\":\"https:\/\/johanneslarsenmuseet.dk\/de\/die-werkstatt\/#breadcrumb\"},\"inLanguage\":\"de\",\"potentialAction\":[{\"@type\":\"ReadAction\",\"target\":[\"https:\/\/johanneslarsenmuseet.dk\/de\/die-werkstatt\/\"]}]},{\"@type\":\"ImageObject\",\"inLanguage\":\"de\",\"@id\":\"https:\/\/johanneslarsenmuseet.dk\/de\/die-werkstatt\/#primaryimage\",\"url\":\"https:\/\/johanneslarsenmuseet.dk\/kalender\/samlingen\/\",\"contentUrl\":\"https:\/\/johanneslarsenmuseet.dk\/kalender\/samlingen\/\"},{\"@type\":\"BreadcrumbList\",\"@id\":\"https:\/\/johanneslarsenmuseet.dk\/de\/die-werkstatt\/#breadcrumb\",\"itemListElement\":[{\"@type\":\"ListItem\",\"position\":1,\"name\":\"Hjem\",\"item\":\"https:\/\/johanneslarsenmuseet.dk\/de\/\"},{\"@type\":\"ListItem\",\"position\":2,\"name\":\"Die Werkstatt\"}]},{\"@type\":\"WebSite\",\"@id\":\"https:\/\/johanneslarsenmuseet.dk\/de\/#website\",\"url\":\"https:\/\/johanneslarsenmuseet.dk\/de\/\",\"name\":\"Johannes Larsen Museet\",\"description\":\"Oplevelser for hele familien\",\"publisher\":{\"@id\":\"https:\/\/johanneslarsenmuseet.dk\/de\/#organization\"},\"potentialAction\":[{\"@type\":\"SearchAction\",\"target\":{\"@type\":\"EntryPoint\",\"urlTemplate\":\"https:\/\/johanneslarsenmuseet.dk\/de\/?s={search_term_string}\"},\"query-input\":{\"@type\":\"PropertyValueSpecification\",\"valueRequired\":true,\"valueName\":\"search_term_string\"}}],\"inLanguage\":\"de\"},{\"@type\":\"Organization\",\"@id\":\"https:\/\/johanneslarsenmuseet.dk\/de\/#organization\",\"name\":\"Johanne Larsen Museet\",\"url\":\"https:\/\/johanneslarsenmuseet.dk\/de\/\",\"logo\":{\"@type\":\"ImageObject\",\"inLanguage\":\"de\",\"@id\":\"https:\/\/johanneslarsenmuseet.dk\/de\/#\/schema\/logo\/image\/\",\"url\":\"https:\/\/johanneslarsenmuseet.dk\/wp-content\/uploads\/2022\/04\/johannes-larsen-logo-black.svg\",\"contentUrl\":\"https:\/\/johanneslarsenmuseet.dk\/wp-content\/uploads\/2022\/04\/johannes-larsen-logo-black.svg\",\"width\":1,\"height\":1,\"caption\":\"Johanne Larsen Museet\"},\"image\":{\"@id\":\"https:\/\/johanneslarsenmuseet.dk\/de\/#\/schema\/logo\/image\/\"},\"sameAs\":[\"https:\/\/www.facebook.com\/JohannesLarsenMuseet\",\"https:\/\/www.instagram.com\/johanneslarsenmuseet\/\",\"https:\/\/twitter.com\/johlarsenmuseum?lang=da\"]}]}<\/script>\n<!-- \/ Yoast SEO plugin. -->","yoast_head_json":{"title":"Die Werkstatt - Johannes Larsen Museet","description":"Besuchen Sie Alhed und Johannes Larsens Werkstatt auf M\u00f8llebakken 14. Dienstag bis Sonntag ge\u00f6ffnet. Vieles zu erleben f\u00fcr Jung und Alt.","robots":{"index":"index","follow":"follow","max-snippet":"max-snippet:-1","max-image-preview":"max-image-preview:large","max-video-preview":"max-video-preview:-1"},"canonical":"https:\/\/johanneslarsenmuseet.dk\/de\/die-werkstatt\/","og_locale":"de_DE","og_type":"article","og_title":"Die Werkstatt - Johannes Larsen Museet","og_description":"Besuchen Sie Alhed und Johannes Larsens Werkstatt auf M\u00f8llebakken 14. Dienstag bis Sonntag ge\u00f6ffnet. Vieles zu erleben f\u00fcr Jung und Alt.","og_url":"https:\/\/johanneslarsenmuseet.dk\/de\/die-werkstatt\/","og_site_name":"Johannes Larsen Museet","article_publisher":"https:\/\/www.facebook.com\/JohannesLarsenMuseet","article_modified_time":"2023-09-07T09:28:42+00:00","og_image":[{"url":"https:\/\/johanneslarsenmuseet.dk\/kalender\/samlingen\/","type":"","width":"","height":""}],"twitter_card":"summary_large_image","twitter_misc":{"Gesch\u00e4tzte Lesezeit":"3\u00a0Minuten"},"schema":{"@context":"https:\/\/schema.org","@graph":[{"@type":"WebPage","@id":"https:\/\/johanneslarsenmuseet.dk\/de\/die-werkstatt\/","url":"https:\/\/johanneslarsenmuseet.dk\/de\/die-werkstatt\/","name":"Die Werkstatt - Johannes Larsen Museet","isPartOf":{"@id":"https:\/\/johanneslarsenmuseet.dk\/de\/#website"},"primaryImageOfPage":{"@id":"https:\/\/johanneslarsenmuseet.dk\/de\/die-werkstatt\/#primaryimage"},"image":{"@id":"https:\/\/johanneslarsenmuseet.dk\/de\/die-werkstatt\/#primaryimage"},"thumbnailUrl":"https:\/\/johanneslarsenmuseet.dk\/kalender\/samlingen\/","datePublished":"2022-04-13T11:44:48+00:00","dateModified":"2023-09-07T09:28:42+00:00","description":"Besuchen Sie Alhed und Johannes Larsens Werkstatt auf M\u00f8llebakken 14. Dienstag bis Sonntag ge\u00f6ffnet. Vieles zu erleben f\u00fcr Jung und Alt.","breadcrumb":{"@id":"https:\/\/johanneslarsenmuseet.dk\/de\/die-werkstatt\/#breadcrumb"},"inLanguage":"de","potentialAction":[{"@type":"ReadAction","target":["https:\/\/johanneslarsenmuseet.dk\/de\/die-werkstatt\/"]}]},{"@type":"ImageObject","inLanguage":"de","@id":"https:\/\/johanneslarsenmuseet.dk\/de\/die-werkstatt\/#primaryimage","url":"https:\/\/johanneslarsenmuseet.dk\/kalender\/samlingen\/","contentUrl":"https:\/\/johanneslarsenmuseet.dk\/kalender\/samlingen\/"},{"@type":"BreadcrumbList","@id":"https:\/\/johanneslarsenmuseet.dk\/de\/die-werkstatt\/#breadcrumb","itemListElement":[{"@type":"ListItem","position":1,"name":"Hjem","item":"https:\/\/johanneslarsenmuseet.dk\/de\/"},{"@type":"ListItem","position":2,"name":"Die Werkstatt"}]},{"@type":"WebSite","@id":"https:\/\/johanneslarsenmuseet.dk\/de\/#website","url":"https:\/\/johanneslarsenmuseet.dk\/de\/","name":"Johannes Larsen Museet","description":"Oplevelser for hele familien","publisher":{"@id":"https:\/\/johanneslarsenmuseet.dk\/de\/#organization"},"potentialAction":[{"@type":"SearchAction","target":{"@type":"EntryPoint","urlTemplate":"https:\/\/johanneslarsenmuseet.dk\/de\/?s={search_term_string}"},"query-input":{"@type":"PropertyValueSpecification","valueRequired":true,"valueName":"search_term_string"}}],"inLanguage":"de"},{"@type":"Organization","@id":"https:\/\/johanneslarsenmuseet.dk\/de\/#organization","name":"Johanne Larsen Museet","url":"https:\/\/johanneslarsenmuseet.dk\/de\/","logo":{"@type":"ImageObject","inLanguage":"de","@id":"https:\/\/johanneslarsenmuseet.dk\/de\/#\/schema\/logo\/image\/","url":"https:\/\/johanneslarsenmuseet.dk\/wp-content\/uploads\/2022\/04\/johannes-larsen-logo-black.svg","contentUrl":"https:\/\/johanneslarsenmuseet.dk\/wp-content\/uploads\/2022\/04\/johannes-larsen-logo-black.svg","width":1,"height":1,"caption":"Johanne Larsen Museet"},"image":{"@id":"https:\/\/johanneslarsenmuseet.dk\/de\/#\/schema\/logo\/image\/"},"sameAs":["https:\/\/www.facebook.com\/JohannesLarsenMuseet","https:\/\/www.instagram.com\/johanneslarsenmuseet\/","https:\/\/twitter.com\/johlarsenmuseum?lang=da"]}]}},"_links":{"self":[{"href":"https:\/\/johanneslarsenmuseet.dk\/de\/wp-json\/wp\/v2\/pages\/211601","targetHints":{"allow":["GET"]}}],"collection":[{"href":"https:\/\/johanneslarsenmuseet.dk\/de\/wp-json\/wp\/v2\/pages"}],"about":[{"href":"https:\/\/johanneslarsenmuseet.dk\/de\/wp-json\/wp\/v2\/types\/page"}],"author":[{"embeddable":true,"href":"https:\/\/johanneslarsenmuseet.dk\/de\/wp-json\/wp\/v2\/users\/4"}],"replies":[{"embeddable":true,"href":"https:\/\/johanneslarsenmuseet.dk\/de\/wp-json\/wp\/v2\/comments?post=211601"}],"version-history":[{"count":0,"href":"https:\/\/johanneslarsenmuseet.dk\/de\/wp-json\/wp\/v2\/pages\/211601\/revisions"}],"wp:attachment":[{"href":"https:\/\/johanneslarsenmuseet.dk\/de\/wp-json\/wp\/v2\/media?parent=211601"}],"curies":[{"name":"wp","href":"https:\/\/api.w.org\/{rel}","templated":true}]}}