{"id":211604,"date":"2022-04-06T09:16:10","date_gmt":"2022-04-06T09:16:10","guid":{"rendered":"https:\/\/johanneslarsenmuseet.dk\/der-garten\/"},"modified":"2023-09-07T09:33:13","modified_gmt":"2023-09-07T09:33:13","slug":"der-garten","status":"publish","type":"page","link":"https:\/\/johanneslarsenmuseet.dk\/de\/der-garten\/","title":{"rendered":"Der Garten"},"content":{"rendered":"<p>[et_pb_section fb_built=&#8220;1&#8243; _builder_version=&#8220;4.21.0&#8243; _module_preset=&#8220;default&#8220; background_color=&#8220;rgba(0,0,0,0.2)&#8220; background_image=&#8220;https:\/\/johanneslarsenmuseet.dk\/wp-content\/uploads\/2023\/08\/Have_lyseroed_roser_Johannes_Larsen_Museet.png&#8220; background_blend=&#8220;multiply&#8220; custom_margin=&#8220;||-1px|||&#8220; custom_padding=&#8220;19px||212px|||&#8220; global_colors_info=&#8220;{}&#8220;][et_pb_row column_structure=&#8220;1_2,1_2&#8243; _builder_version=&#8220;4.16&#8243; _module_preset=&#8220;default&#8220; global_colors_info=&#8220;{}&#8220;][et_pb_column type=&#8220;1_2&#8243; _builder_version=&#8220;4.16&#8243; _module_preset=&#8220;default&#8220; global_colors_info=&#8220;{}&#8220;][et_pb_text _builder_version=&#8220;4.16&#8243; _module_preset=&#8220;default&#8220; custom_css_main_element=&#8220;max-width: 330px;||font-weight: 700;||    letter-spacing: -.2px;||    font-size: 3rem;||    line-height: 62px;||color: #e0f8eb;&#8220; global_colors_info=&#8220;{}&#8220;]<\/p>\n<h1 class=\"title\"><span style=\"color: #ffffff;\">DER GARTEN<\/span><\/h1>\n<div class=\"text-wrap\">\u00a0<\/div>\n<p>[\/et_pb_text][et_pb_text _builder_version=&#8220;4.16&#8243; _module_preset=&#8220;default&#8220; custom_css_main_element=&#8220;max-width: 330px;||font-weight: 400;||font-size: 20px;||    line-height: 1.5;||color: #e0f8eb;&#8220; global_colors_info=&#8220;{}&#8220;]<\/p>\n<p>Der Garten rund um das Haus von Johannes und Alhed Larsen sollte Motive f\u00fcr die Kunst liefern. Deshalb wurde in dem gro\u00dfen Garten, zu dem auch ein umfangreicher Gem\u00fcsegarten geh\u00f6rte, Platz f\u00fcr seltene B\u00e4ume und Pflanzen, V\u00f6gel und Tiere geschaffen.<\/p>\n<p>[\/et_pb_text][\/et_pb_column][et_pb_column type=&#8220;1_2&#8243; _builder_version=&#8220;4.16&#8243; _module_preset=&#8220;default&#8220; global_colors_info=&#8220;{}&#8220;][\/et_pb_column][\/et_pb_row][\/et_pb_section][et_pb_section fb_built=&#8220;1&#8243; _builder_version=&#8220;4.16&#8243; _module_preset=&#8220;default&#8220; global_colors_info=&#8220;{}&#8220;][et_pb_row column_structure=&#8220;2_5,3_5&#8243; _builder_version=&#8220;4.19.5&#8243; _module_preset=&#8220;default&#8220; max_width=&#8220;1420px&#8220; global_colors_info=&#8220;{}&#8220;][et_pb_column type=&#8220;2_5&#8243; _builder_version=&#8220;4.16&#8243; _module_preset=&#8220;default&#8220; global_colors_info=&#8220;{}&#8220;][et_pb_text _builder_version=&#8220;4.16&#8243; _module_preset=&#8220;default&#8220; text_font_size=&#8220;18px&#8220; header_2_font_size=&#8220;2.88rem&#8220; global_colors_info=&#8220;{}&#8220;]<\/p>\n<div class=\"title-wrapper\">\n<h2>Allein schon einen Besuch wert<\/h2>\n<\/div>\n<p>Der Garten des Johannes Larsen Museums ist an sich schon einen Besuch wert. Der wundersch\u00f6ne Garten ist eine Oase mit seltenen B\u00e4umen und Str\u00e4uchern, alten Obstb\u00e4umen, sch\u00f6nen Rosenbeeten und dem besten Blick auf den Gro\u00dfen Belt. Johannes Larsen hatte eine reiche Tierwelt in seinem Garten, und heute sind die alten Teiche erhalten geblieben, so dass man bei einem Besuch des Museums G\u00e4nse, H\u00fchner und Enten beobachten kann.<\/p>\n<p>Im Garten stehen Tische und St\u00fchle zur freien Verf\u00fcgung, so dass Sie Ihr Mittagessen oder Kaffee und Kuchen in der sch\u00f6nen Umgebung genie\u00dfen k\u00f6nnen.<\/p>\n<p>[\/et_pb_text][\/et_pb_column][et_pb_column type=&#8220;3_5&#8243; _builder_version=&#8220;4.16&#8243; _module_preset=&#8220;default&#8220; global_colors_info=&#8220;{}&#8220;][et_pb_image src=&#8220;https:\/\/johanneslarsenmuseet.dk\/wp-content\/uploads\/2023\/08\/Have_buste_JL_Johannes_Larsen_Museet.png&#8220; alt=&#8220;Have_buste_JL_Johannes_Larsen_Museet&#8220; title_text=&#8220;Have_buste_JL_Johannes_Larsen_Museet&#8220; _builder_version=&#8220;4.21.0&#8243; _module_preset=&#8220;default&#8220; global_colors_info=&#8220;{}&#8220;][\/et_pb_image][\/et_pb_column][\/et_pb_row][et_pb_row column_structure=&#8220;3_5,2_5&#8243; module_class=&#8220;reverscole&#8220; _builder_version=&#8220;4.19.5&#8243; _module_preset=&#8220;default&#8220; max_width=&#8220;1420px&#8220; global_colors_info=&#8220;{}&#8220;][et_pb_column type=&#8220;3_5&#8243; _builder_version=&#8220;4.16&#8243; _module_preset=&#8220;default&#8220; global_colors_info=&#8220;{}&#8220;][et_pb_image src=&#8220;https:\/\/johanneslarsenmuseet.dk\/wp-content\/uploads\/2023\/08\/Koekkenhave_Moellehus_hindbaer_Johannes_Larsen_Museet.png&#8220; alt=&#8220;K\u00f8kkenhave_M\u00f8llehus_hindb\u00e6r_Johannes_Larsen_Museet&#8220; title_text=&#8220;K\u00f8kkenhave_M\u00f8llehus_hindb\u00e6r_Johannes_Larsen_Museet&#8220; _builder_version=&#8220;4.21.0&#8243; _module_preset=&#8220;default&#8220; global_colors_info=&#8220;{}&#8220;][\/et_pb_image][\/et_pb_column][et_pb_column type=&#8220;2_5&#8243; _builder_version=&#8220;4.16&#8243; _module_preset=&#8220;default&#8220; global_colors_info=&#8220;{}&#8220;][et_pb_text _builder_version=&#8220;4.21.0&#8243; _module_preset=&#8220;default&#8220; text_font_size=&#8220;18px&#8220; header_2_font_size=&#8220;2.88rem&#8220; hover_enabled=&#8220;0&#8243; global_colors_info=&#8220;{}&#8220; sticky_enabled=&#8220;0&#8243;]<\/p>\n<h2>Gem\u00fcse- und Kr\u00e4utergarten<\/h2>\n<div class=\"text-image-content-wrapper\">\n<div class=\"text-image-text\">\n<p>Im Fr\u00fchjahr 2016 wurde beim Johannes Larsen Museum gleich hinter der Schwanenm\u00fchle, ein neuer Nutzgarten angelegt. Der Garten wird von Freiwilligen gepflegt. Die Erzeugnisse aus dem Gem\u00fcsegarten werden unter anderem im Kaffeehaus verwendet. Der Garten des Museums ist Teil der d\u00e4nischen Gesellschaft f\u00fcr offene G\u00e4rten.<\/p>\n<\/div>\n<div class=\"buttons\">\n<div class=\"button-section\"><\/div>\n<\/div>\n<\/div>\n<p>[\/et_pb_text][et_pb_button button_url=&#8220;https:\/\/johanneslarsenmuseet.dk\/bliv-frivillig\/&#8220; button_text=&#8220;Engagieren Sie sich ehrenamtlich&#8220; _builder_version=&#8220;4.16&#8243; _module_preset=&#8220;default&#8220; global_colors_info=&#8220;{}&#8220;][\/et_pb_button][et_pb_button button_url=&#8220;https:\/\/johanneslarsenmuseet.dk\/de\/begebenheiten\/&#8220; button_text=&#8220;Alle Aktivit\u00e4ten&#8220; _builder_version=&#8220;4.16&#8243; _module_preset=&#8220;default&#8220; global_colors_info=&#8220;{}&#8220;][\/et_pb_button][\/et_pb_column][\/et_pb_row][\/et_pb_section]<\/p>\n<span class=\"et_bloom_bottom_trigger\"><\/span>","protected":false},"excerpt":{"rendered":"<p>DER GARTEN \u00a0Der Garten rund um das Haus von Johannes und Alhed Larsen sollte Motive f\u00fcr die Kunst liefern. Deshalb wurde in dem gro\u00dfen Garten, zu dem auch ein umfangreicher Gem\u00fcsegarten geh\u00f6rte, Platz f\u00fcr seltene B\u00e4ume und Pflanzen, V\u00f6gel und Tiere geschaffen. Allein schon einen Besuch wert Der Garten des Johannes Larsen Museums ist an [&hellip;]<\/p>\n","protected":false},"author":4,"featured_media":206725,"parent":0,"menu_order":0,"comment_status":"closed","ping_status":"closed","template":"","meta":{"_et_pb_use_builder":"on","_et_pb_old_content":"","_et_gb_content_width":"","footnotes":""},"class_list":["post-211604","page","type-page","status-publish","has-post-thumbnail","hentry"],"yoast_head":"<!-- This site is optimized with the Yoast SEO plugin v24.5 - https:\/\/yoast.com\/wordpress\/plugins\/seo\/ -->\n<title>Der Garten - Smuk naturoplevelse i Kerteminde - Johannes Larsen Museet<\/title>\n<meta name=\"description\" content=\"Oplev Haven, der er et pragteksempel p\u00e5 natur i Kerteminde. F\u00e5 en smuk naturoplevelse p\u00e5 Fyn ved bes\u00f8g p\u00e5 vores naturmuseum.\" \/>\n<meta name=\"robots\" content=\"index, follow, max-snippet:-1, max-image-preview:large, max-video-preview:-1\" \/>\n<link rel=\"canonical\" href=\"https:\/\/johanneslarsenmuseet.dk\/de\/der-garten\/\" \/>\n<meta property=\"og:locale\" content=\"de_DE\" \/>\n<meta property=\"og:type\" content=\"article\" \/>\n<meta property=\"og:title\" content=\"Der Garten - Smuk naturoplevelse i Kerteminde - Johannes Larsen Museet\" \/>\n<meta property=\"og:description\" content=\"Oplev Haven, der er et pragteksempel p\u00e5 natur i Kerteminde. F\u00e5 en smuk naturoplevelse p\u00e5 Fyn ved bes\u00f8g p\u00e5 vores naturmuseum.\" \/>\n<meta property=\"og:url\" content=\"https:\/\/johanneslarsenmuseet.dk\/de\/der-garten\/\" \/>\n<meta property=\"og:site_name\" content=\"Johannes Larsen Museet\" \/>\n<meta property=\"article:publisher\" content=\"https:\/\/www.facebook.com\/JohannesLarsenMuseet\" \/>\n<meta property=\"article:modified_time\" content=\"2023-09-07T09:33:13+00:00\" \/>\n<meta property=\"og:image\" content=\"https:\/\/johanneslarsenmuseet.dk\/wp-content\/uploads\/2022\/04\/mollebakken-aender-960x600-1.jpg\" \/>\n\t<meta property=\"og:image:width\" content=\"960\" \/>\n\t<meta property=\"og:image:height\" content=\"600\" \/>\n\t<meta property=\"og:image:type\" content=\"image\/jpeg\" \/>\n<meta name=\"twitter:card\" content=\"summary_large_image\" \/>\n<meta name=\"twitter:label1\" content=\"Gesch\u00e4tzte Lesezeit\" \/>\n\t<meta name=\"twitter:data1\" content=\"3\u00a0Minuten\" \/>\n<script type=\"application\/ld+json\" class=\"yoast-schema-graph\">{\"@context\":\"https:\/\/schema.org\",\"@graph\":[{\"@type\":\"WebPage\",\"@id\":\"https:\/\/johanneslarsenmuseet.dk\/de\/der-garten\/\",\"url\":\"https:\/\/johanneslarsenmuseet.dk\/de\/der-garten\/\",\"name\":\"Der Garten - Smuk naturoplevelse i Kerteminde - Johannes Larsen Museet\",\"isPartOf\":{\"@id\":\"https:\/\/johanneslarsenmuseet.dk\/de\/#website\"},\"primaryImageOfPage\":{\"@id\":\"https:\/\/johanneslarsenmuseet.dk\/de\/der-garten\/#primaryimage\"},\"image\":{\"@id\":\"https:\/\/johanneslarsenmuseet.dk\/de\/der-garten\/#primaryimage\"},\"thumbnailUrl\":\"https:\/\/johanneslarsenmuseet.dk\/wp-content\/uploads\/2022\/04\/mollebakken-aender-960x600-1.jpg\",\"datePublished\":\"2022-04-06T09:16:10+00:00\",\"dateModified\":\"2023-09-07T09:33:13+00:00\",\"description\":\"Oplev Haven, der er et pragteksempel p\u00e5 natur i Kerteminde. F\u00e5 en smuk naturoplevelse p\u00e5 Fyn ved bes\u00f8g p\u00e5 vores naturmuseum.\",\"breadcrumb\":{\"@id\":\"https:\/\/johanneslarsenmuseet.dk\/de\/der-garten\/#breadcrumb\"},\"inLanguage\":\"de\",\"potentialAction\":[{\"@type\":\"ReadAction\",\"target\":[\"https:\/\/johanneslarsenmuseet.dk\/de\/der-garten\/\"]}]},{\"@type\":\"ImageObject\",\"inLanguage\":\"de\",\"@id\":\"https:\/\/johanneslarsenmuseet.dk\/de\/der-garten\/#primaryimage\",\"url\":\"https:\/\/johanneslarsenmuseet.dk\/wp-content\/uploads\/2022\/04\/mollebakken-aender-960x600-1.jpg\",\"contentUrl\":\"https:\/\/johanneslarsenmuseet.dk\/wp-content\/uploads\/2022\/04\/mollebakken-aender-960x600-1.jpg\",\"width\":960,\"height\":600},{\"@type\":\"BreadcrumbList\",\"@id\":\"https:\/\/johanneslarsenmuseet.dk\/de\/der-garten\/#breadcrumb\",\"itemListElement\":[{\"@type\":\"ListItem\",\"position\":1,\"name\":\"Hjem\",\"item\":\"https:\/\/johanneslarsenmuseet.dk\/de\/\"},{\"@type\":\"ListItem\",\"position\":2,\"name\":\"Der Garten\"}]},{\"@type\":\"WebSite\",\"@id\":\"https:\/\/johanneslarsenmuseet.dk\/de\/#website\",\"url\":\"https:\/\/johanneslarsenmuseet.dk\/de\/\",\"name\":\"Johannes Larsen Museet\",\"description\":\"Oplevelser for hele familien\",\"publisher\":{\"@id\":\"https:\/\/johanneslarsenmuseet.dk\/de\/#organization\"},\"potentialAction\":[{\"@type\":\"SearchAction\",\"target\":{\"@type\":\"EntryPoint\",\"urlTemplate\":\"https:\/\/johanneslarsenmuseet.dk\/de\/?s={search_term_string}\"},\"query-input\":{\"@type\":\"PropertyValueSpecification\",\"valueRequired\":true,\"valueName\":\"search_term_string\"}}],\"inLanguage\":\"de\"},{\"@type\":\"Organization\",\"@id\":\"https:\/\/johanneslarsenmuseet.dk\/de\/#organization\",\"name\":\"Johanne Larsen Museet\",\"url\":\"https:\/\/johanneslarsenmuseet.dk\/de\/\",\"logo\":{\"@type\":\"ImageObject\",\"inLanguage\":\"de\",\"@id\":\"https:\/\/johanneslarsenmuseet.dk\/de\/#\/schema\/logo\/image\/\",\"url\":\"https:\/\/johanneslarsenmuseet.dk\/wp-content\/uploads\/2022\/04\/johannes-larsen-logo-black.svg\",\"contentUrl\":\"https:\/\/johanneslarsenmuseet.dk\/wp-content\/uploads\/2022\/04\/johannes-larsen-logo-black.svg\",\"width\":1,\"height\":1,\"caption\":\"Johanne Larsen Museet\"},\"image\":{\"@id\":\"https:\/\/johanneslarsenmuseet.dk\/de\/#\/schema\/logo\/image\/\"},\"sameAs\":[\"https:\/\/www.facebook.com\/JohannesLarsenMuseet\",\"https:\/\/www.instagram.com\/johanneslarsenmuseet\/\",\"https:\/\/twitter.com\/johlarsenmuseum?lang=da\"]}]}<\/script>\n<!-- \/ Yoast SEO plugin. -->","yoast_head_json":{"title":"Der Garten - Smuk naturoplevelse i Kerteminde - Johannes Larsen Museet","description":"Oplev Haven, der er et pragteksempel p\u00e5 natur i Kerteminde. F\u00e5 en smuk naturoplevelse p\u00e5 Fyn ved bes\u00f8g p\u00e5 vores naturmuseum.","robots":{"index":"index","follow":"follow","max-snippet":"max-snippet:-1","max-image-preview":"max-image-preview:large","max-video-preview":"max-video-preview:-1"},"canonical":"https:\/\/johanneslarsenmuseet.dk\/de\/der-garten\/","og_locale":"de_DE","og_type":"article","og_title":"Der Garten - Smuk naturoplevelse i Kerteminde - Johannes Larsen Museet","og_description":"Oplev Haven, der er et pragteksempel p\u00e5 natur i Kerteminde. F\u00e5 en smuk naturoplevelse p\u00e5 Fyn ved bes\u00f8g p\u00e5 vores naturmuseum.","og_url":"https:\/\/johanneslarsenmuseet.dk\/de\/der-garten\/","og_site_name":"Johannes Larsen Museet","article_publisher":"https:\/\/www.facebook.com\/JohannesLarsenMuseet","article_modified_time":"2023-09-07T09:33:13+00:00","og_image":[{"width":960,"height":600,"url":"https:\/\/johanneslarsenmuseet.dk\/wp-content\/uploads\/2022\/04\/mollebakken-aender-960x600-1.jpg","type":"image\/jpeg"}],"twitter_card":"summary_large_image","twitter_misc":{"Gesch\u00e4tzte Lesezeit":"3\u00a0Minuten"},"schema":{"@context":"https:\/\/schema.org","@graph":[{"@type":"WebPage","@id":"https:\/\/johanneslarsenmuseet.dk\/de\/der-garten\/","url":"https:\/\/johanneslarsenmuseet.dk\/de\/der-garten\/","name":"Der Garten - Smuk naturoplevelse i Kerteminde - Johannes Larsen Museet","isPartOf":{"@id":"https:\/\/johanneslarsenmuseet.dk\/de\/#website"},"primaryImageOfPage":{"@id":"https:\/\/johanneslarsenmuseet.dk\/de\/der-garten\/#primaryimage"},"image":{"@id":"https:\/\/johanneslarsenmuseet.dk\/de\/der-garten\/#primaryimage"},"thumbnailUrl":"https:\/\/johanneslarsenmuseet.dk\/wp-content\/uploads\/2022\/04\/mollebakken-aender-960x600-1.jpg","datePublished":"2022-04-06T09:16:10+00:00","dateModified":"2023-09-07T09:33:13+00:00","description":"Oplev Haven, der er et pragteksempel p\u00e5 natur i Kerteminde. F\u00e5 en smuk naturoplevelse p\u00e5 Fyn ved bes\u00f8g p\u00e5 vores naturmuseum.","breadcrumb":{"@id":"https:\/\/johanneslarsenmuseet.dk\/de\/der-garten\/#breadcrumb"},"inLanguage":"de","potentialAction":[{"@type":"ReadAction","target":["https:\/\/johanneslarsenmuseet.dk\/de\/der-garten\/"]}]},{"@type":"ImageObject","inLanguage":"de","@id":"https:\/\/johanneslarsenmuseet.dk\/de\/der-garten\/#primaryimage","url":"https:\/\/johanneslarsenmuseet.dk\/wp-content\/uploads\/2022\/04\/mollebakken-aender-960x600-1.jpg","contentUrl":"https:\/\/johanneslarsenmuseet.dk\/wp-content\/uploads\/2022\/04\/mollebakken-aender-960x600-1.jpg","width":960,"height":600},{"@type":"BreadcrumbList","@id":"https:\/\/johanneslarsenmuseet.dk\/de\/der-garten\/#breadcrumb","itemListElement":[{"@type":"ListItem","position":1,"name":"Hjem","item":"https:\/\/johanneslarsenmuseet.dk\/de\/"},{"@type":"ListItem","position":2,"name":"Der Garten"}]},{"@type":"WebSite","@id":"https:\/\/johanneslarsenmuseet.dk\/de\/#website","url":"https:\/\/johanneslarsenmuseet.dk\/de\/","name":"Johannes Larsen Museet","description":"Oplevelser for hele familien","publisher":{"@id":"https:\/\/johanneslarsenmuseet.dk\/de\/#organization"},"potentialAction":[{"@type":"SearchAction","target":{"@type":"EntryPoint","urlTemplate":"https:\/\/johanneslarsenmuseet.dk\/de\/?s={search_term_string}"},"query-input":{"@type":"PropertyValueSpecification","valueRequired":true,"valueName":"search_term_string"}}],"inLanguage":"de"},{"@type":"Organization","@id":"https:\/\/johanneslarsenmuseet.dk\/de\/#organization","name":"Johanne Larsen Museet","url":"https:\/\/johanneslarsenmuseet.dk\/de\/","logo":{"@type":"ImageObject","inLanguage":"de","@id":"https:\/\/johanneslarsenmuseet.dk\/de\/#\/schema\/logo\/image\/","url":"https:\/\/johanneslarsenmuseet.dk\/wp-content\/uploads\/2022\/04\/johannes-larsen-logo-black.svg","contentUrl":"https:\/\/johanneslarsenmuseet.dk\/wp-content\/uploads\/2022\/04\/johannes-larsen-logo-black.svg","width":1,"height":1,"caption":"Johanne Larsen Museet"},"image":{"@id":"https:\/\/johanneslarsenmuseet.dk\/de\/#\/schema\/logo\/image\/"},"sameAs":["https:\/\/www.facebook.com\/JohannesLarsenMuseet","https:\/\/www.instagram.com\/johanneslarsenmuseet\/","https:\/\/twitter.com\/johlarsenmuseum?lang=da"]}]}},"_links":{"self":[{"href":"https:\/\/johanneslarsenmuseet.dk\/de\/wp-json\/wp\/v2\/pages\/211604","targetHints":{"allow":["GET"]}}],"collection":[{"href":"https:\/\/johanneslarsenmuseet.dk\/de\/wp-json\/wp\/v2\/pages"}],"about":[{"href":"https:\/\/johanneslarsenmuseet.dk\/de\/wp-json\/wp\/v2\/types\/page"}],"author":[{"embeddable":true,"href":"https:\/\/johanneslarsenmuseet.dk\/de\/wp-json\/wp\/v2\/users\/4"}],"replies":[{"embeddable":true,"href":"https:\/\/johanneslarsenmuseet.dk\/de\/wp-json\/wp\/v2\/comments?post=211604"}],"version-history":[{"count":0,"href":"https:\/\/johanneslarsenmuseet.dk\/de\/wp-json\/wp\/v2\/pages\/211604\/revisions"}],"wp:featuredmedia":[{"embeddable":true,"href":"https:\/\/johanneslarsenmuseet.dk\/de\/wp-json\/wp\/v2\/media\/206725"}],"wp:attachment":[{"href":"https:\/\/johanneslarsenmuseet.dk\/de\/wp-json\/wp\/v2\/media?parent=211604"}],"curies":[{"name":"wp","href":"https:\/\/api.w.org\/{rel}","templated":true}]}}