{"id":211607,"date":"2022-04-13T11:45:44","date_gmt":"2022-04-13T11:45:44","guid":{"rendered":"https:\/\/johanneslarsenmuseet.dk\/die-sammlung\/"},"modified":"2023-09-07T09:35:47","modified_gmt":"2023-09-07T09:35:47","slug":"die-sammlung","status":"publish","type":"page","link":"https:\/\/johanneslarsenmuseet.dk\/de\/die-sammlung\/","title":{"rendered":"Die Sammlung"},"content":{"rendered":"<p>[et_pb_section fb_built=&#8220;1&#8243; _builder_version=&#8220;4.16&#8243; _module_preset=&#8220;default&#8220; background_color=&#8220;rgba(0,0,0,0.2)&#8220; background_image=&#8220;https:\/\/johanneslarsenmuseet.dk\/wp-content\/uploads\/2022\/04\/samlingen.jpg&#8220; background_blend=&#8220;multiply&#8220; custom_margin=&#8220;||-1px|||&#8220; custom_padding=&#8220;19px||212px|||&#8220; global_colors_info=&#8220;{}&#8220;][et_pb_row column_structure=&#8220;1_2,1_2&#8243; _builder_version=&#8220;4.16&#8243; _module_preset=&#8220;default&#8220; global_colors_info=&#8220;{}&#8220;][et_pb_column type=&#8220;1_2&#8243; _builder_version=&#8220;4.16&#8243; _module_preset=&#8220;default&#8220; global_colors_info=&#8220;{}&#8220;][et_pb_text _builder_version=&#8220;4.21.0&#8243; _module_preset=&#8220;default&#8220; hover_enabled=&#8220;0&#8243; custom_css_main_element=&#8220;max-width: 330px;||font-weight: 700;||    letter-spacing: -.2px;||    font-size: 3rem;||    line-height: 62px;||color: #e0f8eb;&#8220; global_colors_info=&#8220;{}&#8220; sticky_enabled=&#8220;0&#8243;]<\/p>\n<div class=\"mtt-cover-background-container\">\n<div class=\"picture-wrap object-fit\"><picture><img decoding=\"async\" src=\"https:\/\/johanneslarsenmuseet.dk\/kalender\/samlingen\/\" alt=\"\" \/><\/picture><span id=\"alttext-container\"><img id=\"alttext-image\" width=\"16\" height=\"16\" align=\"left\" \/><span id=\"alttext\"><\/span><\/span><\/div>\n<\/div>\n<div class=\"mtt-cover-container flip\">\n<div class=\"mtt-cover-text\">\n<h1 class=\"title\"><span style=\"color: #fdfdfd;\">DIE SAMMLUNG<\/span><\/h1>\n<div class=\"text-wrap\"><\/div>\n<\/div>\n<\/div>\n<p>[\/et_pb_text][et_pb_text _builder_version=&#8220;4.21.0&#8243; _module_preset=&#8220;default&#8220; hover_enabled=&#8220;0&#8243; custom_css_main_element=&#8220;max-width: 330px;||font-weight: 400;||font-size: 20px;||    line-height: 1.5;||color: #e0f8eb;&#8220; global_colors_info=&#8220;{}&#8220; sticky_enabled=&#8220;0&#8243;]<\/p>\n<p>Sehen Sie sich die grosse Kunstsammlung des Museums an. In den sch\u00f6nen Ausstellungsr\u00e4umen werden unter anderem Werke von Johannes Larsen, Fritz Syberg,<br \/>John Olsen und Christine Swane gezeigt.<\/p>\n<p>[\/et_pb_text][\/et_pb_column][et_pb_column type=&#8220;1_2&#8243; _builder_version=&#8220;4.16&#8243; _module_preset=&#8220;default&#8220; global_colors_info=&#8220;{}&#8220;][\/et_pb_column][\/et_pb_row][\/et_pb_section][et_pb_section fb_built=&#8220;1&#8243; _builder_version=&#8220;4.16&#8243; _module_preset=&#8220;default&#8220; background_color=&#8220;#FFFFFF&#8220; background_enable_image=&#8220;off&#8220; global_colors_info=&#8220;{}&#8220;][et_pb_row column_structure=&#8220;1_2,1_2&#8243; _builder_version=&#8220;4.16&#8243; _module_preset=&#8220;default&#8220; global_colors_info=&#8220;{}&#8220;][et_pb_column type=&#8220;1_2&#8243; _builder_version=&#8220;4.16&#8243; _module_preset=&#8220;default&#8220; global_colors_info=&#8220;{}&#8220;][et_pb_image src=&#8220;https:\/\/johanneslarsenmuseet.dk\/wp-content\/uploads\/2022\/04\/Syberg-Fritz-Blomstrende-fingerbol-og-pige-Rabbe-1-2-scaled.jpg&#8220; alt=&#8220;Samlingen&#8220; title_text=&#8220;Syberg Fritz Blomstrende fingerb\u00f8l og pige Rabbe&#8220; _builder_version=&#8220;4.16&#8243; _module_preset=&#8220;default&#8220; global_colors_info=&#8220;{}&#8220;][\/et_pb_image][\/et_pb_column][et_pb_column type=&#8220;1_2&#8243; _builder_version=&#8220;4.16&#8243; _module_preset=&#8220;default&#8220; global_colors_info=&#8220;{}&#8220;][et_pb_text _builder_version=&#8220;4.21.0&#8243; _module_preset=&#8220;default&#8220; text_font_size=&#8220;18px&#8220; header_2_font_size=&#8220;2.88rem&#8220; link_option_url=&#8220;https:\/\/johanneslarsenmuseet.dk\/de\/praktische-informationen\/&#8220; hover_enabled=&#8220;0&#8243; global_colors_info=&#8220;{}&#8220; sticky_enabled=&#8220;0&#8243;]<\/p>\n<h2>Fritz Syberg und Johannes Larsen<\/h2>\n<div class=\"text-image-content-wrapper\">\n<div class=\"text-image-text\">\n<p>Fritz und Anna Syberg zogen 1902 nach Kerteminde, und die beiden befreundeten K\u00fcnstler, Fritz Syberg und Johannes Larsen, machten die Gegend in der Kunstwelt bekannt. Syberg verewigte die dramatische Landschaft von F\u00fcnens Hoved und die l\u00e4ndliche Landschaft nordwestlich von Kerteminde, w\u00e4hrend Larsen vor allem die maritimen Motive und Landschaften, sein und Alheds K\u00fcnstlerhaus und nat\u00fcrlich die V\u00f6gel darstellte. In der Sammlung zeigen wir eine breite Palette von Fritz Sybergs und Johannes Larsens Meisterwerken.<\/p>\n<\/div>\n<\/div>\n<p>&nbsp;<\/p>\n<p>[\/et_pb_text][\/et_pb_column][\/et_pb_row][et_pb_row column_structure=&#8220;1_2,1_2&#8243; _builder_version=&#8220;4.16&#8243; _module_preset=&#8220;default&#8220; global_colors_info=&#8220;{}&#8220;][et_pb_column type=&#8220;1_2&#8243; _builder_version=&#8220;4.16&#8243; _module_preset=&#8220;default&#8220; global_colors_info=&#8220;{}&#8220;][et_pb_text _builder_version=&#8220;4.21.0&#8243; _module_preset=&#8220;default&#8220; text_font_size=&#8220;18px&#8220; header_2_font_size=&#8220;2.88rem&#8220; hover_enabled=&#8220;0&#8243; global_colors_info=&#8220;{}&#8220; sticky_enabled=&#8220;0&#8243;]<\/p>\n<h2>Christine und Sigurd Swane<\/h2>\n<p>Die Schwester von Johannes Larsen, Christine, wurde wie ihr Bruder K\u00fcnstlerin. Im Jahr 1910 heiratete sie den Maler Sigurd Swane. Obwohl sie sich 1920 wieder scheiden lie\u00dfen, ist sie heute unter dem Namen Christine Swane als eine der ersten d\u00e4nischen K\u00fcnstlerinnen der Moderne bekannt. Die beiden K\u00fcnstler lebten eine Zeit lang in Kerteminde. Gemeinsam hatten sie einen Sohn, Lars Swane, dessen Werke ebenfalls im Museum vertreten sind.<\/p>\n<p>[\/et_pb_text][\/et_pb_column][et_pb_column type=&#8220;1_2&#8243; _builder_version=&#8220;4.16&#8243; _module_preset=&#8220;default&#8220; global_colors_info=&#8220;{}&#8220;][et_pb_image src=&#8220;https:\/\/johanneslarsenmuseet.dk\/wp-content\/uploads\/2022\/04\/Swane-Christine-Granskov-1959-Olie-65-x-75-JLM-e1650888110490.jpg&#8220; alt=&#8220;Die Werkstatt&#8220; title_text=&#8220;Swane, Christine Granskov 1959 Olie 65 x 75 JLM&#8220; _builder_version=&#8220;4.16&#8243; _module_preset=&#8220;default&#8220; global_colors_info=&#8220;{}&#8220;][\/et_pb_image][\/et_pb_column][\/et_pb_row][\/et_pb_section]<\/p>\n<span class=\"et_bloom_bottom_trigger\"><\/span>","protected":false},"excerpt":{"rendered":"<p>DIE SAMMLUNG Sehen Sie sich die grosse Kunstsammlung des Museums an. In den sch\u00f6nen Ausstellungsr\u00e4umen werden unter anderem Werke von Johannes Larsen, Fritz Syberg,John Olsen und Christine Swane gezeigt.Fritz Syberg und Johannes Larsen Fritz und Anna Syberg zogen 1902 nach Kerteminde, und die beiden befreundeten K\u00fcnstler, Fritz Syberg und Johannes Larsen, machten die Gegend in [&hellip;]<\/p>\n","protected":false},"author":4,"featured_media":0,"parent":0,"menu_order":0,"comment_status":"closed","ping_status":"closed","template":"","meta":{"_et_pb_use_builder":"on","_et_pb_old_content":"","_et_gb_content_width":"","footnotes":""},"class_list":["post-211607","page","type-page","status-publish","hentry"],"yoast_head":"<!-- This site is optimized with the Yoast SEO plugin v24.5 - https:\/\/yoast.com\/wordpress\/plugins\/seo\/ -->\n<title>Die Sammlung - Johannes Larsen Museet<\/title>\n<meta name=\"robots\" content=\"index, follow, max-snippet:-1, max-image-preview:large, max-video-preview:-1\" \/>\n<link rel=\"canonical\" href=\"https:\/\/johanneslarsenmuseet.dk\/de\/die-sammlung\/\" \/>\n<meta property=\"og:locale\" content=\"de_DE\" \/>\n<meta property=\"og:type\" content=\"article\" \/>\n<meta property=\"og:title\" content=\"Die Sammlung - Johannes Larsen Museet\" \/>\n<meta property=\"og:description\" content=\"DIE SAMMLUNG Sehen Sie sich die grosse Kunstsammlung des Museums an. In den sch\u00f6nen Ausstellungsr\u00e4umen werden unter anderem Werke von Johannes Larsen, Fritz Syberg,John Olsen und Christine Swane gezeigt.Fritz Syberg und Johannes Larsen Fritz und Anna Syberg zogen 1902 nach Kerteminde, und die beiden befreundeten K\u00fcnstler, Fritz Syberg und Johannes Larsen, machten die Gegend in [&hellip;]\" \/>\n<meta property=\"og:url\" content=\"https:\/\/johanneslarsenmuseet.dk\/de\/die-sammlung\/\" \/>\n<meta property=\"og:site_name\" content=\"Johannes Larsen Museet\" \/>\n<meta property=\"article:publisher\" content=\"https:\/\/www.facebook.com\/JohannesLarsenMuseet\" \/>\n<meta property=\"article:modified_time\" content=\"2023-09-07T09:35:47+00:00\" \/>\n<meta property=\"og:image\" content=\"https:\/\/johanneslarsenmuseet.dk\/kalender\/samlingen\/\" \/>\n<meta name=\"twitter:card\" content=\"summary_large_image\" \/>\n<meta name=\"twitter:label1\" content=\"Gesch\u00e4tzte Lesezeit\" \/>\n\t<meta name=\"twitter:data1\" content=\"3\u00a0Minuten\" \/>\n<script type=\"application\/ld+json\" class=\"yoast-schema-graph\">{\"@context\":\"https:\/\/schema.org\",\"@graph\":[{\"@type\":\"WebPage\",\"@id\":\"https:\/\/johanneslarsenmuseet.dk\/de\/die-sammlung\/\",\"url\":\"https:\/\/johanneslarsenmuseet.dk\/de\/die-sammlung\/\",\"name\":\"Die Sammlung - Johannes Larsen Museet\",\"isPartOf\":{\"@id\":\"https:\/\/johanneslarsenmuseet.dk\/de\/#website\"},\"primaryImageOfPage\":{\"@id\":\"https:\/\/johanneslarsenmuseet.dk\/de\/die-sammlung\/#primaryimage\"},\"image\":{\"@id\":\"https:\/\/johanneslarsenmuseet.dk\/de\/die-sammlung\/#primaryimage\"},\"thumbnailUrl\":\"https:\/\/johanneslarsenmuseet.dk\/kalender\/samlingen\/\",\"datePublished\":\"2022-04-13T11:45:44+00:00\",\"dateModified\":\"2023-09-07T09:35:47+00:00\",\"breadcrumb\":{\"@id\":\"https:\/\/johanneslarsenmuseet.dk\/de\/die-sammlung\/#breadcrumb\"},\"inLanguage\":\"de\",\"potentialAction\":[{\"@type\":\"ReadAction\",\"target\":[\"https:\/\/johanneslarsenmuseet.dk\/de\/die-sammlung\/\"]}]},{\"@type\":\"ImageObject\",\"inLanguage\":\"de\",\"@id\":\"https:\/\/johanneslarsenmuseet.dk\/de\/die-sammlung\/#primaryimage\",\"url\":\"https:\/\/johanneslarsenmuseet.dk\/kalender\/samlingen\/\",\"contentUrl\":\"https:\/\/johanneslarsenmuseet.dk\/kalender\/samlingen\/\"},{\"@type\":\"BreadcrumbList\",\"@id\":\"https:\/\/johanneslarsenmuseet.dk\/de\/die-sammlung\/#breadcrumb\",\"itemListElement\":[{\"@type\":\"ListItem\",\"position\":1,\"name\":\"Hjem\",\"item\":\"https:\/\/johanneslarsenmuseet.dk\/de\/\"},{\"@type\":\"ListItem\",\"position\":2,\"name\":\"Die Sammlung\"}]},{\"@type\":\"WebSite\",\"@id\":\"https:\/\/johanneslarsenmuseet.dk\/de\/#website\",\"url\":\"https:\/\/johanneslarsenmuseet.dk\/de\/\",\"name\":\"Johannes Larsen Museet\",\"description\":\"Oplevelser for hele familien\",\"publisher\":{\"@id\":\"https:\/\/johanneslarsenmuseet.dk\/de\/#organization\"},\"potentialAction\":[{\"@type\":\"SearchAction\",\"target\":{\"@type\":\"EntryPoint\",\"urlTemplate\":\"https:\/\/johanneslarsenmuseet.dk\/de\/?s={search_term_string}\"},\"query-input\":{\"@type\":\"PropertyValueSpecification\",\"valueRequired\":true,\"valueName\":\"search_term_string\"}}],\"inLanguage\":\"de\"},{\"@type\":\"Organization\",\"@id\":\"https:\/\/johanneslarsenmuseet.dk\/de\/#organization\",\"name\":\"Johanne Larsen Museet\",\"url\":\"https:\/\/johanneslarsenmuseet.dk\/de\/\",\"logo\":{\"@type\":\"ImageObject\",\"inLanguage\":\"de\",\"@id\":\"https:\/\/johanneslarsenmuseet.dk\/de\/#\/schema\/logo\/image\/\",\"url\":\"https:\/\/johanneslarsenmuseet.dk\/wp-content\/uploads\/2022\/04\/johannes-larsen-logo-black.svg\",\"contentUrl\":\"https:\/\/johanneslarsenmuseet.dk\/wp-content\/uploads\/2022\/04\/johannes-larsen-logo-black.svg\",\"width\":1,\"height\":1,\"caption\":\"Johanne Larsen Museet\"},\"image\":{\"@id\":\"https:\/\/johanneslarsenmuseet.dk\/de\/#\/schema\/logo\/image\/\"},\"sameAs\":[\"https:\/\/www.facebook.com\/JohannesLarsenMuseet\",\"https:\/\/www.instagram.com\/johanneslarsenmuseet\/\",\"https:\/\/twitter.com\/johlarsenmuseum?lang=da\"]}]}<\/script>\n<!-- \/ Yoast SEO plugin. -->","yoast_head_json":{"title":"Die Sammlung - Johannes Larsen Museet","robots":{"index":"index","follow":"follow","max-snippet":"max-snippet:-1","max-image-preview":"max-image-preview:large","max-video-preview":"max-video-preview:-1"},"canonical":"https:\/\/johanneslarsenmuseet.dk\/de\/die-sammlung\/","og_locale":"de_DE","og_type":"article","og_title":"Die Sammlung - Johannes Larsen Museet","og_description":"DIE SAMMLUNG Sehen Sie sich die grosse Kunstsammlung des Museums an. In den sch\u00f6nen Ausstellungsr\u00e4umen werden unter anderem Werke von Johannes Larsen, Fritz Syberg,John Olsen und Christine Swane gezeigt.Fritz Syberg und Johannes Larsen Fritz und Anna Syberg zogen 1902 nach Kerteminde, und die beiden befreundeten K\u00fcnstler, Fritz Syberg und Johannes Larsen, machten die Gegend in [&hellip;]","og_url":"https:\/\/johanneslarsenmuseet.dk\/de\/die-sammlung\/","og_site_name":"Johannes Larsen Museet","article_publisher":"https:\/\/www.facebook.com\/JohannesLarsenMuseet","article_modified_time":"2023-09-07T09:35:47+00:00","og_image":[{"url":"https:\/\/johanneslarsenmuseet.dk\/kalender\/samlingen\/","type":"","width":"","height":""}],"twitter_card":"summary_large_image","twitter_misc":{"Gesch\u00e4tzte Lesezeit":"3\u00a0Minuten"},"schema":{"@context":"https:\/\/schema.org","@graph":[{"@type":"WebPage","@id":"https:\/\/johanneslarsenmuseet.dk\/de\/die-sammlung\/","url":"https:\/\/johanneslarsenmuseet.dk\/de\/die-sammlung\/","name":"Die Sammlung - Johannes Larsen Museet","isPartOf":{"@id":"https:\/\/johanneslarsenmuseet.dk\/de\/#website"},"primaryImageOfPage":{"@id":"https:\/\/johanneslarsenmuseet.dk\/de\/die-sammlung\/#primaryimage"},"image":{"@id":"https:\/\/johanneslarsenmuseet.dk\/de\/die-sammlung\/#primaryimage"},"thumbnailUrl":"https:\/\/johanneslarsenmuseet.dk\/kalender\/samlingen\/","datePublished":"2022-04-13T11:45:44+00:00","dateModified":"2023-09-07T09:35:47+00:00","breadcrumb":{"@id":"https:\/\/johanneslarsenmuseet.dk\/de\/die-sammlung\/#breadcrumb"},"inLanguage":"de","potentialAction":[{"@type":"ReadAction","target":["https:\/\/johanneslarsenmuseet.dk\/de\/die-sammlung\/"]}]},{"@type":"ImageObject","inLanguage":"de","@id":"https:\/\/johanneslarsenmuseet.dk\/de\/die-sammlung\/#primaryimage","url":"https:\/\/johanneslarsenmuseet.dk\/kalender\/samlingen\/","contentUrl":"https:\/\/johanneslarsenmuseet.dk\/kalender\/samlingen\/"},{"@type":"BreadcrumbList","@id":"https:\/\/johanneslarsenmuseet.dk\/de\/die-sammlung\/#breadcrumb","itemListElement":[{"@type":"ListItem","position":1,"name":"Hjem","item":"https:\/\/johanneslarsenmuseet.dk\/de\/"},{"@type":"ListItem","position":2,"name":"Die Sammlung"}]},{"@type":"WebSite","@id":"https:\/\/johanneslarsenmuseet.dk\/de\/#website","url":"https:\/\/johanneslarsenmuseet.dk\/de\/","name":"Johannes Larsen Museet","description":"Oplevelser for hele familien","publisher":{"@id":"https:\/\/johanneslarsenmuseet.dk\/de\/#organization"},"potentialAction":[{"@type":"SearchAction","target":{"@type":"EntryPoint","urlTemplate":"https:\/\/johanneslarsenmuseet.dk\/de\/?s={search_term_string}"},"query-input":{"@type":"PropertyValueSpecification","valueRequired":true,"valueName":"search_term_string"}}],"inLanguage":"de"},{"@type":"Organization","@id":"https:\/\/johanneslarsenmuseet.dk\/de\/#organization","name":"Johanne Larsen Museet","url":"https:\/\/johanneslarsenmuseet.dk\/de\/","logo":{"@type":"ImageObject","inLanguage":"de","@id":"https:\/\/johanneslarsenmuseet.dk\/de\/#\/schema\/logo\/image\/","url":"https:\/\/johanneslarsenmuseet.dk\/wp-content\/uploads\/2022\/04\/johannes-larsen-logo-black.svg","contentUrl":"https:\/\/johanneslarsenmuseet.dk\/wp-content\/uploads\/2022\/04\/johannes-larsen-logo-black.svg","width":1,"height":1,"caption":"Johanne Larsen Museet"},"image":{"@id":"https:\/\/johanneslarsenmuseet.dk\/de\/#\/schema\/logo\/image\/"},"sameAs":["https:\/\/www.facebook.com\/JohannesLarsenMuseet","https:\/\/www.instagram.com\/johanneslarsenmuseet\/","https:\/\/twitter.com\/johlarsenmuseum?lang=da"]}]}},"_links":{"self":[{"href":"https:\/\/johanneslarsenmuseet.dk\/de\/wp-json\/wp\/v2\/pages\/211607","targetHints":{"allow":["GET"]}}],"collection":[{"href":"https:\/\/johanneslarsenmuseet.dk\/de\/wp-json\/wp\/v2\/pages"}],"about":[{"href":"https:\/\/johanneslarsenmuseet.dk\/de\/wp-json\/wp\/v2\/types\/page"}],"author":[{"embeddable":true,"href":"https:\/\/johanneslarsenmuseet.dk\/de\/wp-json\/wp\/v2\/users\/4"}],"replies":[{"embeddable":true,"href":"https:\/\/johanneslarsenmuseet.dk\/de\/wp-json\/wp\/v2\/comments?post=211607"}],"version-history":[{"count":0,"href":"https:\/\/johanneslarsenmuseet.dk\/de\/wp-json\/wp\/v2\/pages\/211607\/revisions"}],"wp:attachment":[{"href":"https:\/\/johanneslarsenmuseet.dk\/de\/wp-json\/wp\/v2\/media?parent=211607"}],"curies":[{"name":"wp","href":"https:\/\/api.w.org\/{rel}","templated":true}]}}