{"id":217624,"date":"2024-11-27T11:21:50","date_gmt":"2024-11-27T11:21:50","guid":{"rendered":"https:\/\/johanneslarsenmuseet.dk\/sonderausstellung-aqqut-weg-bolatta-silis-hoeegh-und-aka-hoeegh\/"},"modified":"2025-06-30T14:18:53","modified_gmt":"2025-06-30T14:18:53","slug":"sonderausstellung-aqqut-weg-bolatta-silis-hoeegh-und-aka-hoeegh","status":"publish","type":"page","link":"https:\/\/johanneslarsenmuseet.dk\/de\/sonderausstellung-aqqut-weg-bolatta-silis-hoeegh-und-aka-hoeegh\/","title":{"rendered":"Sonderausstellung: Aqqut \/ Weg. Bolatta Silis-H\u00f8egh und Aka H\u00f8egh"},"content":{"rendered":"<p>[et_pb_section fb_built=&#8220;1&#8243; _builder_version=&#8220;4.27.4&#8243; _module_preset=&#8220;default&#8220; background_color=&#8220;rgba(0,0,0,0.2)&#8220; background_image=&#8220;https:\/\/johanneslarsenmuseet.dk\/wp-content\/uploads\/2025\/05\/Isen-smelter-scaled.jpg&#8220; background_blend=&#8220;multiply&#8220; module_alignment=&#8220;center&#8220; min_height=&#8220;1000px&#8220; height=&#8220;1000px&#8220; max_height=&#8220;1000px&#8220; custom_margin=&#8220;||-404px|||&#8220; custom_padding=&#8220;19px||204px|||&#8220; module_alignment_tablet=&#8220;&#8220; module_alignment_phone=&#8220;center&#8220; module_alignment_last_edited=&#8220;on|desktop&#8220; global_colors_info=&#8220;{}&#8220;][et_pb_row column_structure=&#8220;1_2,1_2&#8243; _builder_version=&#8220;4.16&#8243; _module_preset=&#8220;default&#8220; global_colors_info=&#8220;{}&#8220;][et_pb_column type=&#8220;1_2&#8243; _builder_version=&#8220;4.16&#8243; _module_preset=&#8220;default&#8220; global_colors_info=&#8220;{}&#8220;][et_pb_text _builder_version=&#8220;4.27.4&#8243; _module_preset=&#8220;default&#8220; text_text_color=&#8220;#FFFFFF&#8220; header_font=&#8220;|700|||||||&#8220; header_text_color=&#8220;#FFFFFF&#8220; header_font_size=&#8220;72px&#8220; width=&#8220;97.7%&#8220; custom_margin=&#8220;|-140px|||false|false&#8220; custom_padding=&#8220;|38px|63px||false|false&#8220; custom_css_main_element=&#8220;max-width: 370px;||font-weight: 700;||    letter-spacing: -.2px;||    font-size: 3rem;||    line-height: 62px;||color: #e0f8eb;&#8220; global_colors_info=&#8220;{}&#8220;]<\/p>\n<p data-start=\"0\" data-end=\"21\"><strong data-start=\"0\" data-end=\"21\">Sonderausstellung<\/strong><\/p>\n<p data-start=\"23\" data-end=\"38\"><strong data-start=\"23\" data-end=\"38\">AQQUT \/ WEG<\/strong><\/p>\n<p data-start=\"40\" data-end=\"79\"><strong data-start=\"40\" data-end=\"53\">Aka H\u00f8egh<\/strong><br data-start=\"53\" data-end=\"56\" \/><strong data-start=\"56\" data-end=\"79\">Bolatta Silis-H\u00f8egh <\/strong><span style=\"font-size: 48px; letter-spacing: -0.2px;\">21. Mai bis 7 <\/span><span style=\"font-size: 48px; letter-spacing: -0.2px;\">September 2025<\/span><\/p>\n<p>[\/et_pb_text][\/et_pb_column][et_pb_column type=&#8220;1_2&#8243; _builder_version=&#8220;4.16&#8243; _module_preset=&#8220;default&#8220; global_colors_info=&#8220;{}&#8220;][\/et_pb_column][\/et_pb_row][\/et_pb_section][et_pb_section fb_built=&#8220;1&#8243; _builder_version=&#8220;4.16&#8243; _module_preset=&#8220;default&#8220; custom_margin=&#8220;140px|||||&#8220; custom_padding=&#8220;0px|||||&#8220; global_colors_info=&#8220;{}&#8220;][et_pb_row _builder_version=&#8220;4.25.1&#8243; _module_preset=&#8220;default&#8220; global_colors_info=&#8220;{}&#8220;][et_pb_column type=&#8220;4_4&#8243; _builder_version=&#8220;4.16&#8243; _module_preset=&#8220;default&#8220; global_colors_info=&#8220;{}&#8220;][et_pb_text _builder_version=&#8220;4.27.4&#8243; _module_preset=&#8220;default&#8220; global_colors_info=&#8220;{}&#8220;]<\/p>\n<p data-start=\"0\" data-end=\"25\"><strong data-start=\"0\" data-end=\"25\">Wohin f\u00fchrt dein Weg?<\/strong><\/p>\n<p data-start=\"27\" data-end=\"307\">\u201eAqqut\u201c bedeutet \u201eWeg\u201c auf Gr\u00f6nl\u00e4ndisch und ist der Titel der gro\u00dfen Sommer-Sonderausstellung im Johannes Larsen Museum mit den K\u00fcnstlerinnen Aka H\u00f8egh und Bolatta Silis-H\u00f8egh. Eine zentrale Frage ist, wie man seinen eigenen Weg findet, wenn auch die eigenen Eltern K\u00fcnstler sind.<\/p>\n<p data-start=\"309\" data-end=\"953\">Aka H\u00f8egh und Bolatta Silis-H\u00f8egh stammen aus der s\u00fcdgr\u00f6nl\u00e4ndischen Stadt Qaqortoq. F\u00fcr beide spielt die Natur eine wesentliche Rolle in der Suche nach einem pers\u00f6nlichen, k\u00fcnstlerischen Ausdruck. Aka H\u00f8egh l\u00e4sst sich in ihrer Arbeit von nahen Erz\u00e4hlungen inspirieren, insbesondere von gr\u00f6nl\u00e4ndischen Sagen und Mythen, in denen die beseelte Natur eine zentrale Rolle spielt. In ihren Werken f\u00e4ngt sie sowohl Landschaft als auch Geist ein, und sie hat sich h\u00e4ufig mit ihrer Kunst f\u00fcr die Natur eingesetzt. Sie nutzt zudem nat\u00fcrliche Materialien, sowohl als Inspirationsquelle als auch f\u00fcr die Gestaltung von Skulpturen oder Kirchenausstattungen.<\/p>\n<p data-start=\"955\" data-end=\"1335\">Bolatta Silis-H\u00f8egh hingegen richtet ihren Blick auf eine innere Natur \u2013 insbesondere auf den weiblichen Zyklus sowie auf Vorstellungen von famili\u00e4ren Beziehungen und Rollen. In ihren Arbeiten setzt sie sich mit Generationenunterschieden auseinander, mit der Beziehung zwischen Mutter und Tochter sowie mit vererbten Traditionen, Freuden und Traumata, die unser Selbstbild pr\u00e4gen.<\/p>\n<p data-start=\"1337\" data-end=\"1909\">Die Ausstellung kreist um die Bedeutung der Familie und den zyklischen Charakter der Natur \u2013 sowohl der \u00e4u\u00dferen als auch der inneren. Es sind Themen, die im klaren Einklang mit dem Profil des Johannes Larsen Museums stehen, das Kunst und Natur verbindet und die Fynbo-K\u00fcnstlerfamilien in einem zeitgen\u00f6ssischen, nordischen Licht betrachtet. Zudem markiert das Jahr 2025 den 100. Jahrestag von Johannes Larsens Reise nach Gr\u00f6nland, wo er 1925 an einer Vogel-Expedition entlang der gr\u00f6nl\u00e4ndischen Westk\u00fcste teilnahm \u2013 eine Reise, die wohl die wichtigste seines Lebens wurde.<\/p>\n<p data-start=\"1911\" data-end=\"2588\">Diese lange vorbereitete Ausstellung erz\u00e4hlt in erster Linie von zwei markanten K\u00fcnstlerinnen \u2013 Mutter und Tochter \u2013 sowie von ihrem Leben, ihren Werken und ihrem Wirken. Obwohl sie unterschiedlichen Generationen angeh\u00f6ren und verschiedene Perspektiven auf das Naturverst\u00e4ndnis zeigen, vereint sie die Botschaft, dass wir selbst Natur sind. Unser Leben ist eingebettet in den Kreislauf der Natur \u2013 in der Biologie, in Erinnerungen und in den Landschaften finden wir zu uns selbst. Die Natur ist um uns \u2013 und in uns \u2013 und sie kann Licht werfen auf vererbte Werte, Traditionen und vorgegebene Wege, aber auch auf jene offenen Pfade, die noch darauf warten, beschritten zu werden.<\/p>\n<p data-start=\"2590\" data-end=\"2615\" data-is-last-node=\"\" data-is-only-node=\"\"><strong data-start=\"2590\" data-end=\"2615\" data-is-last-node=\"\">Wohin f\u00fchrt dein Weg?<\/strong><\/p>\n<p>[\/et_pb_text][\/et_pb_column][\/et_pb_row][\/et_pb_section]<\/p>\n<span class=\"et_bloom_bottom_trigger\"><\/span>","protected":false},"excerpt":{"rendered":"<p>Sonderausstellung AQQUT \/ WEG Aka H\u00f8eghBolatta Silis-H\u00f8egh 21. Mai bis 7 September 2025Wohin f\u00fchrt dein Weg? \u201eAqqut\u201c bedeutet \u201eWeg\u201c auf Gr\u00f6nl\u00e4ndisch und ist der Titel der gro\u00dfen Sommer-Sonderausstellung im Johannes Larsen Museum mit den K\u00fcnstlerinnen Aka H\u00f8egh und Bolatta Silis-H\u00f8egh. Eine zentrale Frage ist, wie man seinen eigenen Weg findet, wenn auch die eigenen Eltern [&hellip;]<\/p>\n","protected":false},"author":4,"featured_media":0,"parent":0,"menu_order":0,"comment_status":"closed","ping_status":"closed","template":"","meta":{"_et_pb_use_builder":"on","_et_pb_old_content":"","_et_gb_content_width":"","footnotes":""},"class_list":["post-217624","page","type-page","status-publish","hentry"],"yoast_head":"<!-- This site is optimized with the Yoast SEO plugin v24.5 - https:\/\/yoast.com\/wordpress\/plugins\/seo\/ -->\n<title>Sonderausstellung: Aqqut \/ Weg. Bolatta Silis-H\u00f8egh und Aka H\u00f8egh - Johannes Larsen Museet<\/title>\n<meta name=\"robots\" content=\"index, follow, max-snippet:-1, max-image-preview:large, max-video-preview:-1\" \/>\n<link rel=\"canonical\" href=\"https:\/\/johanneslarsenmuseet.dk\/de\/sonderausstellung-aqqut-weg-bolatta-silis-hoeegh-und-aka-hoeegh\/\" \/>\n<meta property=\"og:locale\" content=\"de_DE\" \/>\n<meta property=\"og:type\" content=\"article\" \/>\n<meta property=\"og:title\" content=\"Sonderausstellung: Aqqut \/ Weg. Bolatta Silis-H\u00f8egh und Aka H\u00f8egh - Johannes Larsen Museet\" \/>\n<meta property=\"og:description\" content=\"Sonderausstellung AQQUT \/ WEG Aka H\u00f8eghBolatta Silis-H\u00f8egh 21. Mai bis 7 September 2025Wohin f\u00fchrt dein Weg? \u201eAqqut\u201c bedeutet \u201eWeg\u201c auf Gr\u00f6nl\u00e4ndisch und ist der Titel der gro\u00dfen Sommer-Sonderausstellung im Johannes Larsen Museum mit den K\u00fcnstlerinnen Aka H\u00f8egh und Bolatta Silis-H\u00f8egh. Eine zentrale Frage ist, wie man seinen eigenen Weg findet, wenn auch die eigenen Eltern [&hellip;]\" \/>\n<meta property=\"og:url\" content=\"https:\/\/johanneslarsenmuseet.dk\/de\/sonderausstellung-aqqut-weg-bolatta-silis-hoeegh-und-aka-hoeegh\/\" \/>\n<meta property=\"og:site_name\" content=\"Johannes Larsen Museet\" \/>\n<meta property=\"article:publisher\" content=\"https:\/\/www.facebook.com\/JohannesLarsenMuseet\" \/>\n<meta property=\"article:modified_time\" content=\"2025-06-30T14:18:53+00:00\" \/>\n<meta name=\"twitter:card\" content=\"summary_large_image\" \/>\n<meta name=\"twitter:label1\" content=\"Gesch\u00e4tzte Lesezeit\" \/>\n\t<meta name=\"twitter:data1\" content=\"3\u00a0Minuten\" \/>\n<script type=\"application\/ld+json\" class=\"yoast-schema-graph\">{\"@context\":\"https:\/\/schema.org\",\"@graph\":[{\"@type\":\"WebPage\",\"@id\":\"https:\/\/johanneslarsenmuseet.dk\/de\/sonderausstellung-aqqut-weg-bolatta-silis-hoeegh-und-aka-hoeegh\/\",\"url\":\"https:\/\/johanneslarsenmuseet.dk\/de\/sonderausstellung-aqqut-weg-bolatta-silis-hoeegh-und-aka-hoeegh\/\",\"name\":\"Sonderausstellung: Aqqut \/ Weg. Bolatta Silis-H\u00f8egh und Aka H\u00f8egh - Johannes Larsen Museet\",\"isPartOf\":{\"@id\":\"https:\/\/johanneslarsenmuseet.dk\/de\/#website\"},\"datePublished\":\"2024-11-27T11:21:50+00:00\",\"dateModified\":\"2025-06-30T14:18:53+00:00\",\"breadcrumb\":{\"@id\":\"https:\/\/johanneslarsenmuseet.dk\/de\/sonderausstellung-aqqut-weg-bolatta-silis-hoeegh-und-aka-hoeegh\/#breadcrumb\"},\"inLanguage\":\"de\",\"potentialAction\":[{\"@type\":\"ReadAction\",\"target\":[\"https:\/\/johanneslarsenmuseet.dk\/de\/sonderausstellung-aqqut-weg-bolatta-silis-hoeegh-und-aka-hoeegh\/\"]}]},{\"@type\":\"BreadcrumbList\",\"@id\":\"https:\/\/johanneslarsenmuseet.dk\/de\/sonderausstellung-aqqut-weg-bolatta-silis-hoeegh-und-aka-hoeegh\/#breadcrumb\",\"itemListElement\":[{\"@type\":\"ListItem\",\"position\":1,\"name\":\"Hjem\",\"item\":\"https:\/\/johanneslarsenmuseet.dk\/de\/\"},{\"@type\":\"ListItem\",\"position\":2,\"name\":\"Sonderausstellung: Aqqut \/ Weg. Bolatta Silis-H\u00f8egh und Aka H\u00f8egh\"}]},{\"@type\":\"WebSite\",\"@id\":\"https:\/\/johanneslarsenmuseet.dk\/de\/#website\",\"url\":\"https:\/\/johanneslarsenmuseet.dk\/de\/\",\"name\":\"Johannes Larsen Museet\",\"description\":\"Oplevelser for hele familien\",\"publisher\":{\"@id\":\"https:\/\/johanneslarsenmuseet.dk\/de\/#organization\"},\"potentialAction\":[{\"@type\":\"SearchAction\",\"target\":{\"@type\":\"EntryPoint\",\"urlTemplate\":\"https:\/\/johanneslarsenmuseet.dk\/de\/?s={search_term_string}\"},\"query-input\":{\"@type\":\"PropertyValueSpecification\",\"valueRequired\":true,\"valueName\":\"search_term_string\"}}],\"inLanguage\":\"de\"},{\"@type\":\"Organization\",\"@id\":\"https:\/\/johanneslarsenmuseet.dk\/de\/#organization\",\"name\":\"Johanne Larsen Museet\",\"url\":\"https:\/\/johanneslarsenmuseet.dk\/de\/\",\"logo\":{\"@type\":\"ImageObject\",\"inLanguage\":\"de\",\"@id\":\"https:\/\/johanneslarsenmuseet.dk\/de\/#\/schema\/logo\/image\/\",\"url\":\"https:\/\/johanneslarsenmuseet.dk\/wp-content\/uploads\/2022\/04\/johannes-larsen-logo-black.svg\",\"contentUrl\":\"https:\/\/johanneslarsenmuseet.dk\/wp-content\/uploads\/2022\/04\/johannes-larsen-logo-black.svg\",\"width\":1,\"height\":1,\"caption\":\"Johanne Larsen Museet\"},\"image\":{\"@id\":\"https:\/\/johanneslarsenmuseet.dk\/de\/#\/schema\/logo\/image\/\"},\"sameAs\":[\"https:\/\/www.facebook.com\/JohannesLarsenMuseet\",\"https:\/\/www.instagram.com\/johanneslarsenmuseet\/\",\"https:\/\/twitter.com\/johlarsenmuseum?lang=da\"]}]}<\/script>\n<!-- \/ Yoast SEO plugin. -->","yoast_head_json":{"title":"Sonderausstellung: Aqqut \/ Weg. Bolatta Silis-H\u00f8egh und Aka H\u00f8egh - Johannes Larsen Museet","robots":{"index":"index","follow":"follow","max-snippet":"max-snippet:-1","max-image-preview":"max-image-preview:large","max-video-preview":"max-video-preview:-1"},"canonical":"https:\/\/johanneslarsenmuseet.dk\/de\/sonderausstellung-aqqut-weg-bolatta-silis-hoeegh-und-aka-hoeegh\/","og_locale":"de_DE","og_type":"article","og_title":"Sonderausstellung: Aqqut \/ Weg. Bolatta Silis-H\u00f8egh und Aka H\u00f8egh - Johannes Larsen Museet","og_description":"Sonderausstellung AQQUT \/ WEG Aka H\u00f8eghBolatta Silis-H\u00f8egh 21. Mai bis 7 September 2025Wohin f\u00fchrt dein Weg? \u201eAqqut\u201c bedeutet \u201eWeg\u201c auf Gr\u00f6nl\u00e4ndisch und ist der Titel der gro\u00dfen Sommer-Sonderausstellung im Johannes Larsen Museum mit den K\u00fcnstlerinnen Aka H\u00f8egh und Bolatta Silis-H\u00f8egh. Eine zentrale Frage ist, wie man seinen eigenen Weg findet, wenn auch die eigenen Eltern [&hellip;]","og_url":"https:\/\/johanneslarsenmuseet.dk\/de\/sonderausstellung-aqqut-weg-bolatta-silis-hoeegh-und-aka-hoeegh\/","og_site_name":"Johannes Larsen Museet","article_publisher":"https:\/\/www.facebook.com\/JohannesLarsenMuseet","article_modified_time":"2025-06-30T14:18:53+00:00","twitter_card":"summary_large_image","twitter_misc":{"Gesch\u00e4tzte Lesezeit":"3\u00a0Minuten"},"schema":{"@context":"https:\/\/schema.org","@graph":[{"@type":"WebPage","@id":"https:\/\/johanneslarsenmuseet.dk\/de\/sonderausstellung-aqqut-weg-bolatta-silis-hoeegh-und-aka-hoeegh\/","url":"https:\/\/johanneslarsenmuseet.dk\/de\/sonderausstellung-aqqut-weg-bolatta-silis-hoeegh-und-aka-hoeegh\/","name":"Sonderausstellung: Aqqut \/ Weg. Bolatta Silis-H\u00f8egh und Aka H\u00f8egh - Johannes Larsen Museet","isPartOf":{"@id":"https:\/\/johanneslarsenmuseet.dk\/de\/#website"},"datePublished":"2024-11-27T11:21:50+00:00","dateModified":"2025-06-30T14:18:53+00:00","breadcrumb":{"@id":"https:\/\/johanneslarsenmuseet.dk\/de\/sonderausstellung-aqqut-weg-bolatta-silis-hoeegh-und-aka-hoeegh\/#breadcrumb"},"inLanguage":"de","potentialAction":[{"@type":"ReadAction","target":["https:\/\/johanneslarsenmuseet.dk\/de\/sonderausstellung-aqqut-weg-bolatta-silis-hoeegh-und-aka-hoeegh\/"]}]},{"@type":"BreadcrumbList","@id":"https:\/\/johanneslarsenmuseet.dk\/de\/sonderausstellung-aqqut-weg-bolatta-silis-hoeegh-und-aka-hoeegh\/#breadcrumb","itemListElement":[{"@type":"ListItem","position":1,"name":"Hjem","item":"https:\/\/johanneslarsenmuseet.dk\/de\/"},{"@type":"ListItem","position":2,"name":"Sonderausstellung: Aqqut \/ Weg. Bolatta Silis-H\u00f8egh und Aka H\u00f8egh"}]},{"@type":"WebSite","@id":"https:\/\/johanneslarsenmuseet.dk\/de\/#website","url":"https:\/\/johanneslarsenmuseet.dk\/de\/","name":"Johannes Larsen Museet","description":"Oplevelser for hele familien","publisher":{"@id":"https:\/\/johanneslarsenmuseet.dk\/de\/#organization"},"potentialAction":[{"@type":"SearchAction","target":{"@type":"EntryPoint","urlTemplate":"https:\/\/johanneslarsenmuseet.dk\/de\/?s={search_term_string}"},"query-input":{"@type":"PropertyValueSpecification","valueRequired":true,"valueName":"search_term_string"}}],"inLanguage":"de"},{"@type":"Organization","@id":"https:\/\/johanneslarsenmuseet.dk\/de\/#organization","name":"Johanne Larsen Museet","url":"https:\/\/johanneslarsenmuseet.dk\/de\/","logo":{"@type":"ImageObject","inLanguage":"de","@id":"https:\/\/johanneslarsenmuseet.dk\/de\/#\/schema\/logo\/image\/","url":"https:\/\/johanneslarsenmuseet.dk\/wp-content\/uploads\/2022\/04\/johannes-larsen-logo-black.svg","contentUrl":"https:\/\/johanneslarsenmuseet.dk\/wp-content\/uploads\/2022\/04\/johannes-larsen-logo-black.svg","width":1,"height":1,"caption":"Johanne Larsen Museet"},"image":{"@id":"https:\/\/johanneslarsenmuseet.dk\/de\/#\/schema\/logo\/image\/"},"sameAs":["https:\/\/www.facebook.com\/JohannesLarsenMuseet","https:\/\/www.instagram.com\/johanneslarsenmuseet\/","https:\/\/twitter.com\/johlarsenmuseum?lang=da"]}]}},"_links":{"self":[{"href":"https:\/\/johanneslarsenmuseet.dk\/de\/wp-json\/wp\/v2\/pages\/217624","targetHints":{"allow":["GET"]}}],"collection":[{"href":"https:\/\/johanneslarsenmuseet.dk\/de\/wp-json\/wp\/v2\/pages"}],"about":[{"href":"https:\/\/johanneslarsenmuseet.dk\/de\/wp-json\/wp\/v2\/types\/page"}],"author":[{"embeddable":true,"href":"https:\/\/johanneslarsenmuseet.dk\/de\/wp-json\/wp\/v2\/users\/4"}],"replies":[{"embeddable":true,"href":"https:\/\/johanneslarsenmuseet.dk\/de\/wp-json\/wp\/v2\/comments?post=217624"}],"version-history":[{"count":0,"href":"https:\/\/johanneslarsenmuseet.dk\/de\/wp-json\/wp\/v2\/pages\/217624\/revisions"}],"wp:attachment":[{"href":"https:\/\/johanneslarsenmuseet.dk\/de\/wp-json\/wp\/v2\/media?parent=217624"}],"curies":[{"name":"wp","href":"https:\/\/api.w.org\/{rel}","templated":true}]}}