{"id":217671,"date":"2025-03-10T11:29:48","date_gmt":"2025-03-10T11:29:48","guid":{"rendered":"https:\/\/johanneslarsenmuseet.dk\/sonderausstellung-johannes-larsen-in-groenland-1915\/"},"modified":"2025-06-30T14:20:10","modified_gmt":"2025-06-30T14:20:10","slug":"sonderausstellung-johannes-larsen-in-groenland-1915","status":"publish","type":"page","link":"https:\/\/johanneslarsenmuseet.dk\/de\/sonderausstellung-johannes-larsen-in-groenland-1915\/","title":{"rendered":"Sonderausstellung: Johannes Larsen in Gr\u00f6nland 1915"},"content":{"rendered":"<p>[et_pb_section fb_built=&#8220;1&#8243; _builder_version=&#8220;4.27.4&#8243; _module_preset=&#8220;default&#8220; background_color=&#8220;rgba(0,0,0,0.2)&#8220; background_image=&#8220;https:\/\/johanneslarsenmuseet.dk\/wp-content\/uploads\/2025\/03\/44-Larsen-Johannes-Vandrefalk-1925-Akvarel-37-x-545-JLM-2-898-Foto-Ole-Friis-1-scaled.jpg&#8220; background_size=&#8220;stretch&#8220; background_position=&#8220;center_right&#8220; background_blend=&#8220;multiply&#8220; module_alignment=&#8220;center&#8220; min_height=&#8220;1000px&#8220; height=&#8220;1000px&#8220; max_height=&#8220;1000px&#8220; custom_margin=&#8220;||-404px|||&#8220; custom_padding=&#8220;19px||204px|||&#8220; module_alignment_tablet=&#8220;&#8220; module_alignment_phone=&#8220;center&#8220; module_alignment_last_edited=&#8220;on|desktop&#8220; global_colors_info=&#8220;{}&#8220;][et_pb_row column_structure=&#8220;1_2,1_2&#8243; _builder_version=&#8220;4.16&#8243; _module_preset=&#8220;default&#8220; global_colors_info=&#8220;{}&#8220;][et_pb_column type=&#8220;1_2&#8243; _builder_version=&#8220;4.16&#8243; _module_preset=&#8220;default&#8220; global_colors_info=&#8220;{}&#8220;][et_pb_text _builder_version=&#8220;4.27.4&#8243; _module_preset=&#8220;default&#8220; text_text_color=&#8220;#FFFFFF&#8220; header_text_color=&#8220;#FFFFFF&#8220; width=&#8220;97.7%&#8220; custom_margin=&#8220;|-140px|||false|false&#8220; custom_padding=&#8220;|38px|63px||false|false&#8220; custom_css_main_element=&#8220;max-width: 370px;||font-weight: 700;||    letter-spacing: -.2px;||    font-size: 3rem;||    line-height: 62px;||color: #e0f8eb;&#8220; global_colors_info=&#8220;{}&#8220;]<\/p>\n<p>\u00a0 SONDERAUSSTELLUG<\/p>\n<p>Johannes Larsen in Gr\u00f6nland 1925<\/p>\n<p>21. Juni bis 26. Oktober 2025<\/p>\n<p>[\/et_pb_text][\/et_pb_column][et_pb_column type=&#8220;1_2&#8243; _builder_version=&#8220;4.16&#8243; _module_preset=&#8220;default&#8220; global_colors_info=&#8220;{}&#8220;][\/et_pb_column][\/et_pb_row][\/et_pb_section][et_pb_section fb_built=&#8220;1&#8243; _builder_version=&#8220;4.16&#8243; _module_preset=&#8220;default&#8220; custom_margin=&#8220;140px|||||&#8220; custom_padding=&#8220;0px|||||&#8220; global_colors_info=&#8220;{}&#8220;][et_pb_row _builder_version=&#8220;4.25.1&#8243; _module_preset=&#8220;default&#8220; custom_padding=&#8220;|||0px||&#8220; global_colors_info=&#8220;{}&#8220;][et_pb_column type=&#8220;4_4&#8243; _builder_version=&#8220;4.16&#8243; _module_preset=&#8220;default&#8220; global_colors_info=&#8220;{}&#8220;][et_pb_text _builder_version=&#8220;4.27.4&#8243; _module_preset=&#8220;default&#8220; global_colors_info=&#8220;{}&#8220;]<\/p>\n<h4>\u00a0<\/h4>\n<h4 data-start=\"162\" data-end=\"228\"><strong>Sonderausstellung: Johannes Larsen in S\u00fcdgr\u00f6nland, Sommer 1925<\/strong><\/h4>\n<p data-start=\"230\" data-end=\"532\"><strong>Im Sommer 1925 nahm Johannes Larsen an einer Vogel-Expedition nach S\u00fcdgr\u00f6nland teil. Er war dabei sowohl an der Sammlung wissenschaftlicher Pr\u00e4parate (wie Vogelfelle und Eier) beteiligt als auch verantwortlich f\u00fcr Skizzen, die sp\u00e4ter als Illustrationen im Werk <em data-start=\"491\" data-end=\"514\">\u201eDie V\u00f6gel D\u00e4nemarks\u201c<\/em> verwendet wurden.<\/strong><\/p>\n<p data-start=\"534\" data-end=\"850\"><strong>Diesen Sommer zeigt das Johannes Larsen Museum in der Galerie <em data-start=\"596\" data-end=\"605\">L\u00e6ngden<\/em> eine kleine Sonderausstellung mit Aquarellen, die Larsen w\u00e4hrend der Expedition anfertigte. Erg\u00e4nzt wird die Ausstellung durch Fotografien vom Aufenthalt in Gr\u00f6nland. Die Ausstellung er\u00f6ffnet am 21. Juni, dem Nationalfeiertag Gr\u00f6nlands.<\/strong><\/p>\n<p data-start=\"852\" data-end=\"1080\"><strong>Johannes Larsens Tageb\u00fccher von der Reise sind bis heute erhalten. Ein weiterer Teilnehmer der Expedition, der Konservator und Zeichner Henning Scheel, ver\u00f6ffentlichte nach der R\u00fcckkehr ein Buch \u00fcber das gemeinsame Erlebnis.<\/strong><\/p>\n<p data-start=\"1082\" data-end=\"1327\"><strong>Diese einzigartigen Dokumente und Zeichnungen bilden die Grundlage f\u00fcr ein neues Buch, das im Zusammenhang mit der Ausstellung erscheint. Der Titel stammt aus Larsens Tagebuch:<\/strong><br data-start=\"1258\" data-end=\"1261\" \/><strong>\u201eBel\u00e4stigt von M\u00fccken, Zuschauern und Mangel an Radiergummis\u201c.<\/strong><\/p>\n<p data-start=\"1329\" data-end=\"1394\"><strong data-start=\"1329\" data-end=\"1394\">Ausstellung und Buchprojekt werden von EH Invest unterst\u00fctzt.<\/strong><\/p>\n<p>[\/et_pb_text][\/et_pb_column][\/et_pb_row][\/et_pb_section]<\/p>\n<span class=\"et_bloom_bottom_trigger\"><\/span>","protected":false},"excerpt":{"rendered":"<p>\u00a0 SONDERAUSSTELLUG Johannes Larsen in Gr\u00f6nland 1925 21. Juni bis 26. Oktober 2025\u00a0 Sonderausstellung: Johannes Larsen in S\u00fcdgr\u00f6nland, Sommer 1925 Im Sommer 1925 nahm Johannes Larsen an einer Vogel-Expedition nach S\u00fcdgr\u00f6nland teil. Er war dabei sowohl an der Sammlung wissenschaftlicher Pr\u00e4parate (wie Vogelfelle und Eier) beteiligt als auch verantwortlich f\u00fcr Skizzen, die sp\u00e4ter als Illustrationen [&hellip;]<\/p>\n","protected":false},"author":4,"featured_media":0,"parent":0,"menu_order":0,"comment_status":"closed","ping_status":"closed","template":"","meta":{"_et_pb_use_builder":"on","_et_pb_old_content":"","_et_gb_content_width":"","footnotes":""},"class_list":["post-217671","page","type-page","status-publish","hentry"],"yoast_head":"<!-- This site is optimized with the Yoast SEO plugin v24.5 - https:\/\/yoast.com\/wordpress\/plugins\/seo\/ -->\n<title>Sonderausstellung: Johannes Larsen in Gr\u00f6nland 1915 - Johannes Larsen Museet<\/title>\n<meta name=\"robots\" content=\"index, follow, max-snippet:-1, max-image-preview:large, max-video-preview:-1\" \/>\n<link rel=\"canonical\" href=\"https:\/\/johanneslarsenmuseet.dk\/de\/sonderausstellung-johannes-larsen-in-groenland-1915\/\" \/>\n<meta property=\"og:locale\" content=\"de_DE\" \/>\n<meta property=\"og:type\" content=\"article\" \/>\n<meta property=\"og:title\" content=\"Sonderausstellung: Johannes Larsen in Gr\u00f6nland 1915 - Johannes Larsen Museet\" \/>\n<meta property=\"og:description\" content=\"\u00a0 SONDERAUSSTELLUG Johannes Larsen in Gr\u00f6nland 1925 21. Juni bis 26. Oktober 2025\u00a0 Sonderausstellung: Johannes Larsen in S\u00fcdgr\u00f6nland, Sommer 1925 Im Sommer 1925 nahm Johannes Larsen an einer Vogel-Expedition nach S\u00fcdgr\u00f6nland teil. Er war dabei sowohl an der Sammlung wissenschaftlicher Pr\u00e4parate (wie Vogelfelle und Eier) beteiligt als auch verantwortlich f\u00fcr Skizzen, die sp\u00e4ter als Illustrationen [&hellip;]\" \/>\n<meta property=\"og:url\" content=\"https:\/\/johanneslarsenmuseet.dk\/de\/sonderausstellung-johannes-larsen-in-groenland-1915\/\" \/>\n<meta property=\"og:site_name\" content=\"Johannes Larsen Museet\" \/>\n<meta property=\"article:publisher\" content=\"https:\/\/www.facebook.com\/JohannesLarsenMuseet\" \/>\n<meta property=\"article:modified_time\" content=\"2025-06-30T14:20:10+00:00\" \/>\n<meta name=\"twitter:card\" content=\"summary_large_image\" \/>\n<meta name=\"twitter:label1\" content=\"Gesch\u00e4tzte Lesezeit\" \/>\n\t<meta name=\"twitter:data1\" content=\"2\u00a0Minuten\" \/>\n<script type=\"application\/ld+json\" class=\"yoast-schema-graph\">{\"@context\":\"https:\/\/schema.org\",\"@graph\":[{\"@type\":\"WebPage\",\"@id\":\"https:\/\/johanneslarsenmuseet.dk\/de\/sonderausstellung-johannes-larsen-in-groenland-1915\/\",\"url\":\"https:\/\/johanneslarsenmuseet.dk\/de\/sonderausstellung-johannes-larsen-in-groenland-1915\/\",\"name\":\"Sonderausstellung: Johannes Larsen in Gr\u00f6nland 1915 - Johannes Larsen Museet\",\"isPartOf\":{\"@id\":\"https:\/\/johanneslarsenmuseet.dk\/de\/#website\"},\"datePublished\":\"2025-03-10T11:29:48+00:00\",\"dateModified\":\"2025-06-30T14:20:10+00:00\",\"breadcrumb\":{\"@id\":\"https:\/\/johanneslarsenmuseet.dk\/de\/sonderausstellung-johannes-larsen-in-groenland-1915\/#breadcrumb\"},\"inLanguage\":\"de\",\"potentialAction\":[{\"@type\":\"ReadAction\",\"target\":[\"https:\/\/johanneslarsenmuseet.dk\/de\/sonderausstellung-johannes-larsen-in-groenland-1915\/\"]}]},{\"@type\":\"BreadcrumbList\",\"@id\":\"https:\/\/johanneslarsenmuseet.dk\/de\/sonderausstellung-johannes-larsen-in-groenland-1915\/#breadcrumb\",\"itemListElement\":[{\"@type\":\"ListItem\",\"position\":1,\"name\":\"Hjem\",\"item\":\"https:\/\/johanneslarsenmuseet.dk\/de\/\"},{\"@type\":\"ListItem\",\"position\":2,\"name\":\"Sonderausstellung: Johannes Larsen in Gr\u00f6nland 1915\"}]},{\"@type\":\"WebSite\",\"@id\":\"https:\/\/johanneslarsenmuseet.dk\/de\/#website\",\"url\":\"https:\/\/johanneslarsenmuseet.dk\/de\/\",\"name\":\"Johannes Larsen Museet\",\"description\":\"Oplevelser for hele familien\",\"publisher\":{\"@id\":\"https:\/\/johanneslarsenmuseet.dk\/de\/#organization\"},\"potentialAction\":[{\"@type\":\"SearchAction\",\"target\":{\"@type\":\"EntryPoint\",\"urlTemplate\":\"https:\/\/johanneslarsenmuseet.dk\/de\/?s={search_term_string}\"},\"query-input\":{\"@type\":\"PropertyValueSpecification\",\"valueRequired\":true,\"valueName\":\"search_term_string\"}}],\"inLanguage\":\"de\"},{\"@type\":\"Organization\",\"@id\":\"https:\/\/johanneslarsenmuseet.dk\/de\/#organization\",\"name\":\"Johanne Larsen Museet\",\"url\":\"https:\/\/johanneslarsenmuseet.dk\/de\/\",\"logo\":{\"@type\":\"ImageObject\",\"inLanguage\":\"de\",\"@id\":\"https:\/\/johanneslarsenmuseet.dk\/de\/#\/schema\/logo\/image\/\",\"url\":\"https:\/\/johanneslarsenmuseet.dk\/wp-content\/uploads\/2022\/04\/johannes-larsen-logo-black.svg\",\"contentUrl\":\"https:\/\/johanneslarsenmuseet.dk\/wp-content\/uploads\/2022\/04\/johannes-larsen-logo-black.svg\",\"width\":1,\"height\":1,\"caption\":\"Johanne Larsen Museet\"},\"image\":{\"@id\":\"https:\/\/johanneslarsenmuseet.dk\/de\/#\/schema\/logo\/image\/\"},\"sameAs\":[\"https:\/\/www.facebook.com\/JohannesLarsenMuseet\",\"https:\/\/www.instagram.com\/johanneslarsenmuseet\/\",\"https:\/\/twitter.com\/johlarsenmuseum?lang=da\"]}]}<\/script>\n<!-- \/ Yoast SEO plugin. -->","yoast_head_json":{"title":"Sonderausstellung: Johannes Larsen in Gr\u00f6nland 1915 - Johannes Larsen Museet","robots":{"index":"index","follow":"follow","max-snippet":"max-snippet:-1","max-image-preview":"max-image-preview:large","max-video-preview":"max-video-preview:-1"},"canonical":"https:\/\/johanneslarsenmuseet.dk\/de\/sonderausstellung-johannes-larsen-in-groenland-1915\/","og_locale":"de_DE","og_type":"article","og_title":"Sonderausstellung: Johannes Larsen in Gr\u00f6nland 1915 - Johannes Larsen Museet","og_description":"\u00a0 SONDERAUSSTELLUG Johannes Larsen in Gr\u00f6nland 1925 21. Juni bis 26. Oktober 2025\u00a0 Sonderausstellung: Johannes Larsen in S\u00fcdgr\u00f6nland, Sommer 1925 Im Sommer 1925 nahm Johannes Larsen an einer Vogel-Expedition nach S\u00fcdgr\u00f6nland teil. Er war dabei sowohl an der Sammlung wissenschaftlicher Pr\u00e4parate (wie Vogelfelle und Eier) beteiligt als auch verantwortlich f\u00fcr Skizzen, die sp\u00e4ter als Illustrationen [&hellip;]","og_url":"https:\/\/johanneslarsenmuseet.dk\/de\/sonderausstellung-johannes-larsen-in-groenland-1915\/","og_site_name":"Johannes Larsen Museet","article_publisher":"https:\/\/www.facebook.com\/JohannesLarsenMuseet","article_modified_time":"2025-06-30T14:20:10+00:00","twitter_card":"summary_large_image","twitter_misc":{"Gesch\u00e4tzte Lesezeit":"2\u00a0Minuten"},"schema":{"@context":"https:\/\/schema.org","@graph":[{"@type":"WebPage","@id":"https:\/\/johanneslarsenmuseet.dk\/de\/sonderausstellung-johannes-larsen-in-groenland-1915\/","url":"https:\/\/johanneslarsenmuseet.dk\/de\/sonderausstellung-johannes-larsen-in-groenland-1915\/","name":"Sonderausstellung: Johannes Larsen in Gr\u00f6nland 1915 - Johannes Larsen Museet","isPartOf":{"@id":"https:\/\/johanneslarsenmuseet.dk\/de\/#website"},"datePublished":"2025-03-10T11:29:48+00:00","dateModified":"2025-06-30T14:20:10+00:00","breadcrumb":{"@id":"https:\/\/johanneslarsenmuseet.dk\/de\/sonderausstellung-johannes-larsen-in-groenland-1915\/#breadcrumb"},"inLanguage":"de","potentialAction":[{"@type":"ReadAction","target":["https:\/\/johanneslarsenmuseet.dk\/de\/sonderausstellung-johannes-larsen-in-groenland-1915\/"]}]},{"@type":"BreadcrumbList","@id":"https:\/\/johanneslarsenmuseet.dk\/de\/sonderausstellung-johannes-larsen-in-groenland-1915\/#breadcrumb","itemListElement":[{"@type":"ListItem","position":1,"name":"Hjem","item":"https:\/\/johanneslarsenmuseet.dk\/de\/"},{"@type":"ListItem","position":2,"name":"Sonderausstellung: Johannes Larsen in Gr\u00f6nland 1915"}]},{"@type":"WebSite","@id":"https:\/\/johanneslarsenmuseet.dk\/de\/#website","url":"https:\/\/johanneslarsenmuseet.dk\/de\/","name":"Johannes Larsen Museet","description":"Oplevelser for hele familien","publisher":{"@id":"https:\/\/johanneslarsenmuseet.dk\/de\/#organization"},"potentialAction":[{"@type":"SearchAction","target":{"@type":"EntryPoint","urlTemplate":"https:\/\/johanneslarsenmuseet.dk\/de\/?s={search_term_string}"},"query-input":{"@type":"PropertyValueSpecification","valueRequired":true,"valueName":"search_term_string"}}],"inLanguage":"de"},{"@type":"Organization","@id":"https:\/\/johanneslarsenmuseet.dk\/de\/#organization","name":"Johanne Larsen Museet","url":"https:\/\/johanneslarsenmuseet.dk\/de\/","logo":{"@type":"ImageObject","inLanguage":"de","@id":"https:\/\/johanneslarsenmuseet.dk\/de\/#\/schema\/logo\/image\/","url":"https:\/\/johanneslarsenmuseet.dk\/wp-content\/uploads\/2022\/04\/johannes-larsen-logo-black.svg","contentUrl":"https:\/\/johanneslarsenmuseet.dk\/wp-content\/uploads\/2022\/04\/johannes-larsen-logo-black.svg","width":1,"height":1,"caption":"Johanne Larsen Museet"},"image":{"@id":"https:\/\/johanneslarsenmuseet.dk\/de\/#\/schema\/logo\/image\/"},"sameAs":["https:\/\/www.facebook.com\/JohannesLarsenMuseet","https:\/\/www.instagram.com\/johanneslarsenmuseet\/","https:\/\/twitter.com\/johlarsenmuseum?lang=da"]}]}},"_links":{"self":[{"href":"https:\/\/johanneslarsenmuseet.dk\/de\/wp-json\/wp\/v2\/pages\/217671","targetHints":{"allow":["GET"]}}],"collection":[{"href":"https:\/\/johanneslarsenmuseet.dk\/de\/wp-json\/wp\/v2\/pages"}],"about":[{"href":"https:\/\/johanneslarsenmuseet.dk\/de\/wp-json\/wp\/v2\/types\/page"}],"author":[{"embeddable":true,"href":"https:\/\/johanneslarsenmuseet.dk\/de\/wp-json\/wp\/v2\/users\/4"}],"replies":[{"embeddable":true,"href":"https:\/\/johanneslarsenmuseet.dk\/de\/wp-json\/wp\/v2\/comments?post=217671"}],"version-history":[{"count":0,"href":"https:\/\/johanneslarsenmuseet.dk\/de\/wp-json\/wp\/v2\/pages\/217671\/revisions"}],"wp:attachment":[{"href":"https:\/\/johanneslarsenmuseet.dk\/de\/wp-json\/wp\/v2\/media?parent=217671"}],"curies":[{"name":"wp","href":"https:\/\/api.w.org\/{rel}","templated":true}]}}