{"id":217692,"date":"2024-08-08T13:47:20","date_gmt":"2024-08-08T13:47:20","guid":{"rendered":"https:\/\/johanneslarsenmuseet.dk\/sonderausstellung-vogel-2025\/"},"modified":"2025-06-30T14:09:33","modified_gmt":"2025-06-30T14:09:33","slug":"sonderausstellung-vogel-2025","status":"publish","type":"page","link":"https:\/\/johanneslarsenmuseet.dk\/de\/sonderausstellung-vogel-2025\/","title":{"rendered":"Sonderausstellung: Vogel 2025"},"content":{"rendered":"<p>[et_pb_section fb_built=&#8220;1&#8243; _builder_version=&#8220;4.27.4&#8243; _module_preset=&#8220;default&#8220; background_color=&#8220;rgba(0,0,0,0.2)&#8220; background_image=&#8220;https:\/\/johanneslarsenmuseet.dk\/wp-content\/uploads\/2025\/06\/Unavngivet-1600-x-900-px-1.png&#8220; background_blend=&#8220;multiply&#8220; custom_margin=&#8220;||-1px|||&#8220; custom_padding=&#8220;19px||721px|||&#8220; global_colors_info=&#8220;{}&#8220;][et_pb_row column_structure=&#8220;1_2,1_2&#8243; _builder_version=&#8220;4.16&#8243; _module_preset=&#8220;default&#8220; global_colors_info=&#8220;{}&#8220;][et_pb_column type=&#8220;1_2&#8243; _builder_version=&#8220;4.16&#8243; _module_preset=&#8220;default&#8220; global_colors_info=&#8220;{}&#8220;][et_pb_text _builder_version=&#8220;4.16&#8243; _module_preset=&#8220;default&#8220; custom_css_main_element=&#8220;max-width: 330px;||font-weight: 700;||    letter-spacing: -.2px;||    font-size: 3rem;||    line-height: 62px;||color: #e0f8eb;&#8220; global_colors_info=&#8220;{}&#8220;]<\/p>\n<p>Sonderausstellung:<\/p>\n<p>Vogel 2025<\/p>\n<p>[\/et_pb_text][et_pb_text content_tablet=&#8220;<\/p>\n<p>13. september 2025 til 11. januar 2026<br \/>Udstillings\u00e5bning den 13. september kl. 14<\/p>\n<\/p>\n<p>V\u00e6rk: Bramg\u00e6s i modlys, Jan Nielsen<\/p>\n<div class=%22et_pb_module et_pb_text et_pb_text_2  et_pb_text_align_left et_pb_bg_layout_light%22>\n<div class=%22et_pb_text_inner%22>\n<\/div>\n<\/div>\n<p>&#8220; content_phone=&#8220;<\/p>\n<p>13. september 2025 til 11. januar 2026<br \/>Udstillings\u00e5bning den 13. september kl. 14<\/p>\n<\/p>\n<p>V\u00e6rk: Bramg\u00e6s i modlys, Jan Nielsen<\/p>\n<div class=%22et_pb_module et_pb_text et_pb_text_2  et_pb_text_align_left et_pb_bg_layout_light%22>\n<div class=%22et_pb_text_inner%22>\n<\/div>\n<\/div>\n<p>&#8220; content_last_edited=&#8220;on|tablet&#8220; _builder_version=&#8220;4.27.4&#8243; _module_preset=&#8220;default&#8220; custom_padding=&#8220;||0px|||&#8220; custom_css_main_element=&#8220;max-width: 330px;||font-weight: 400;||font-size: 20px;||    line-height: 1.5;||color: #e0f8eb;&#8220; global_colors_info=&#8220;{}&#8220;]<\/p>\n<p data-start=\"64\" data-end=\"161\"><strong data-start=\"64\" data-end=\"106\">13. September 2025 bis 11. Januar 2026<\/strong><br data-start=\"106\" data-end=\"109\" \/><strong data-start=\"109\" data-end=\"161\">Ausstellungser\u00f6ffnung am 13. September um 14 Uhr<\/strong><\/p>\n<p data-start=\"163\" data-end=\"211\"><strong data-start=\"163\" data-end=\"172\">Werk:<\/strong> Tauchender Basst\u00f6lpel, Kristian Mainz.<\/p>\n<p>[\/et_pb_text][\/et_pb_column][et_pb_column type=&#8220;1_2&#8243; _builder_version=&#8220;4.16&#8243; _module_preset=&#8220;default&#8220; global_colors_info=&#8220;{}&#8220;][\/et_pb_column][\/et_pb_row][\/et_pb_section][et_pb_section fb_built=&#8220;1&#8243; _builder_version=&#8220;4.16&#8243; _module_preset=&#8220;default&#8220; custom_padding=&#8220;||44px|||&#8220; global_colors_info=&#8220;{}&#8220;][et_pb_row _builder_version=&#8220;4.16&#8243; _module_preset=&#8220;default&#8220; custom_padding=&#8220;||0px|||&#8220; global_colors_info=&#8220;{}&#8220;][et_pb_column type=&#8220;4_4&#8243; _builder_version=&#8220;4.16&#8243; _module_preset=&#8220;default&#8220; global_colors_info=&#8220;{}&#8220;][et_pb_text _builder_version=&#8220;4.25.1&#8243; _module_preset=&#8220;default&#8220; text_font=&#8220;Albert Sans||||||||&#8220; text_font_size=&#8220;20px&#8220; header_2_font_size=&#8220;2.88rem&#8220; custom_padding=&#8220;||0px|||&#8220; global_colors_info=&#8220;{}&#8220;]<\/p>\n<p data-start=\"80\" data-end=\"382\"><strong data-start=\"80\" data-end=\"126\">Vogelkunst \u2013 Vielfalt und h\u00f6chste Qualit\u00e4t<\/strong><br data-start=\"126\" data-end=\"129\" \/><em data-start=\"129\" data-end=\"141\">VOGEL 2025<\/em> zeigt die aktuelle Szene der Vogelkunst. K\u00fcnstlerinnen und K\u00fcnstler, die den Vogel als Motivwelt nutzen, wurden eingeladen, ihre Werke zu einer kuratierten Ausstellung einzureichen, die das Beste der zeitgen\u00f6ssischen Vogelkunst pr\u00e4sentiert.<\/p>\n<p data-start=\"384\" data-end=\"748\">Der Vogel ist seit jeher ein zentrales Thema auf dem M\u00f8llebakken in Kerteminde. Der Maler Johannes Larsen war ein Meister darin, V\u00f6gel zu zeichnen und zu malen, weshalb er auch als \u201eVogelmaler\u201c bekannt wurde. Auch heute nimmt der Vogel auf dem M\u00f8llebakken einen wichtigen Platz ein \u2013 nicht zuletzt seit der Er\u00f6ffnung des Johannes Larsen Museums vor fast 40 Jahren.<\/p>\n<p data-start=\"750\" data-end=\"1165\"><strong data-start=\"750\" data-end=\"762\">Vogelruf<\/strong><br data-start=\"762\" data-end=\"765\" \/>Am 1. November 2024 ver\u00f6ffentlichte das Johannes Larsen Museum einen sogenannten \u201eVogelruf\u201c \u2013 einen Open Call f\u00fcr die Einreichung von Werken f\u00fcr die kuratierte Ausstellung. Einsendeschluss war der 1. April 2025. Die Werke mussten V\u00f6gel als Motiv haben oder eng mit dem Thema Vogelkunst verbunden sein.<br data-start=\"1066\" data-end=\"1069\" \/><em data-start=\"1069\" data-end=\"1165\">Hinweis: Der Vogelruf 2025 ist nun abgeschlossen. Wir danken f\u00fcr die zahlreichen Einsendungen.<\/em><\/p>\n<p data-start=\"1167\" data-end=\"1486\"><strong data-start=\"1167\" data-end=\"1195\">Triennale der Vogelkunst<\/strong><br data-start=\"1195\" data-end=\"1198\" \/><em data-start=\"1198\" data-end=\"1210\">VOGEL 2025<\/em> ist die dritte Ausgabe einer Triennale f\u00fcr Vogelkunst, die das Johannes Larsen Museum seit 2019 organisiert. Im Jahr 2022 beteiligten sich 460 d\u00e4nische und internationale K\u00fcnstlerinnen und K\u00fcnstler mit fast 1.500 Werken, von denen eine Jury 135 f\u00fcr die Ausstellung ausw\u00e4hlte.<\/p>\n<p data-start=\"1488\" data-end=\"1800\"><strong data-start=\"1488\" data-end=\"1518\">Fl\u00fcgelschlag f\u00fcr die Natur<\/strong><br data-start=\"1518\" data-end=\"1521\" \/>Johannes Larsen selbst war ein engagierter Natursch\u00fctzer, und dieses Erbe f\u00fchrt das Museum fort. Im Rahmen von <em data-start=\"1632\" data-end=\"1644\">VOGEL 2025<\/em> arbeitet das Johannes Larsen Museum erneut mit dem Naturprojekt Better BirdLIFE zusammen, das sich f\u00fcr bessere Lebensbedingungen von K\u00fcstenv\u00f6geln einsetzt.<\/p>\n<p data-start=\"1802\" data-end=\"2168\"><strong data-start=\"1802\" data-end=\"1833\">Vermittlung und Aktivit\u00e4ten<\/strong><br data-start=\"1833\" data-end=\"1836\" \/>Zur Ausstellung organisiert das Johannes Larsen Museum eine Reihe von Exkursionen, Veranstaltungen und Aktivit\u00e4ten mit Fokus auf Vogel, Natur und Kunst. Ziel ist es, dass Besucher*innen von <em data-start=\"2026\" data-end=\"2038\">VOGEL 2025<\/em> nicht nur passive Betrachter sind, sondern die Natur erleben, kreativ t\u00e4tig werden und ihre eigenen Erlebnisse einbringen k\u00f6nnen.<\/p>\n<p>[\/et_pb_text][\/et_pb_column][\/et_pb_row][\/et_pb_section]<\/p>\n<span class=\"et_bloom_bottom_trigger\"><\/span>","protected":false},"excerpt":{"rendered":"<p>Sonderausstellung: Vogel 202513. September 2025 bis 11. Januar 2026Ausstellungser\u00f6ffnung am 13. September um 14 Uhr Werk: Tauchender Basst\u00f6lpel, Kristian Mainz.Vogelkunst \u2013 Vielfalt und h\u00f6chste Qualit\u00e4tVOGEL 2025 zeigt die aktuelle Szene der Vogelkunst. K\u00fcnstlerinnen und K\u00fcnstler, die den Vogel als Motivwelt nutzen, wurden eingeladen, ihre Werke zu einer kuratierten Ausstellung einzureichen, die das Beste der zeitgen\u00f6ssischen [&hellip;]<\/p>\n","protected":false},"author":3,"featured_media":0,"parent":0,"menu_order":0,"comment_status":"closed","ping_status":"closed","template":"","meta":{"_et_pb_use_builder":"on","_et_pb_old_content":"","_et_gb_content_width":"","footnotes":""},"class_list":["post-217692","page","type-page","status-publish","hentry"],"yoast_head":"<!-- This site is optimized with the Yoast SEO plugin v24.5 - https:\/\/yoast.com\/wordpress\/plugins\/seo\/ -->\n<title>Sonderausstellung: Vogel 2025 - Johannes Larsen Museet<\/title>\n<meta name=\"description\" content=\"Freuen Sie sich auf eine weitere sch\u00f6ne Sonderausstellung im Johannes Larsen Museum \u2013 VOGEL 2025, bei der zahlreiche Vogelk\u00fcnstler ihre Werke zeigen werden.\" \/>\n<meta name=\"robots\" content=\"index, follow, max-snippet:-1, max-image-preview:large, max-video-preview:-1\" \/>\n<link rel=\"canonical\" href=\"https:\/\/johanneslarsenmuseet.dk\/de\/sonderausstellung-vogel-2025\/\" \/>\n<meta property=\"og:locale\" content=\"de_DE\" \/>\n<meta property=\"og:type\" content=\"article\" \/>\n<meta property=\"og:title\" content=\"Sonderausstellung: Vogel 2025 - Johannes Larsen Museet\" \/>\n<meta property=\"og:description\" content=\"Freuen Sie sich auf eine weitere sch\u00f6ne Sonderausstellung im Johannes Larsen Museum \u2013 VOGEL 2025, bei der zahlreiche Vogelk\u00fcnstler ihre Werke zeigen werden.\" \/>\n<meta property=\"og:url\" content=\"https:\/\/johanneslarsenmuseet.dk\/de\/sonderausstellung-vogel-2025\/\" \/>\n<meta property=\"og:site_name\" content=\"Johannes Larsen Museet\" \/>\n<meta property=\"article:publisher\" content=\"https:\/\/www.facebook.com\/JohannesLarsenMuseet\" \/>\n<meta property=\"article:modified_time\" content=\"2025-06-30T14:09:33+00:00\" \/>\n<meta name=\"twitter:card\" content=\"summary_large_image\" \/>\n<meta name=\"twitter:label1\" content=\"Gesch\u00e4tzte Lesezeit\" \/>\n\t<meta name=\"twitter:data1\" content=\"3\u00a0Minuten\" \/>\n<script type=\"application\/ld+json\" class=\"yoast-schema-graph\">{\"@context\":\"https:\/\/schema.org\",\"@graph\":[{\"@type\":\"WebPage\",\"@id\":\"https:\/\/johanneslarsenmuseet.dk\/de\/sonderausstellung-vogel-2025\/\",\"url\":\"https:\/\/johanneslarsenmuseet.dk\/de\/sonderausstellung-vogel-2025\/\",\"name\":\"Sonderausstellung: Vogel 2025 - Johannes Larsen Museet\",\"isPartOf\":{\"@id\":\"https:\/\/johanneslarsenmuseet.dk\/de\/#website\"},\"datePublished\":\"2024-08-08T13:47:20+00:00\",\"dateModified\":\"2025-06-30T14:09:33+00:00\",\"description\":\"Freuen Sie sich auf eine weitere sch\u00f6ne Sonderausstellung im Johannes Larsen Museum \u2013 VOGEL 2025, bei der zahlreiche Vogelk\u00fcnstler ihre Werke zeigen werden.\",\"breadcrumb\":{\"@id\":\"https:\/\/johanneslarsenmuseet.dk\/de\/sonderausstellung-vogel-2025\/#breadcrumb\"},\"inLanguage\":\"de\",\"potentialAction\":[{\"@type\":\"ReadAction\",\"target\":[\"https:\/\/johanneslarsenmuseet.dk\/de\/sonderausstellung-vogel-2025\/\"]}]},{\"@type\":\"BreadcrumbList\",\"@id\":\"https:\/\/johanneslarsenmuseet.dk\/de\/sonderausstellung-vogel-2025\/#breadcrumb\",\"itemListElement\":[{\"@type\":\"ListItem\",\"position\":1,\"name\":\"Hjem\",\"item\":\"https:\/\/johanneslarsenmuseet.dk\/de\/\"},{\"@type\":\"ListItem\",\"position\":2,\"name\":\"Sonderausstellung: Vogel 2025\"}]},{\"@type\":\"WebSite\",\"@id\":\"https:\/\/johanneslarsenmuseet.dk\/de\/#website\",\"url\":\"https:\/\/johanneslarsenmuseet.dk\/de\/\",\"name\":\"Johannes Larsen Museet\",\"description\":\"Oplevelser for hele familien\",\"publisher\":{\"@id\":\"https:\/\/johanneslarsenmuseet.dk\/de\/#organization\"},\"potentialAction\":[{\"@type\":\"SearchAction\",\"target\":{\"@type\":\"EntryPoint\",\"urlTemplate\":\"https:\/\/johanneslarsenmuseet.dk\/de\/?s={search_term_string}\"},\"query-input\":{\"@type\":\"PropertyValueSpecification\",\"valueRequired\":true,\"valueName\":\"search_term_string\"}}],\"inLanguage\":\"de\"},{\"@type\":\"Organization\",\"@id\":\"https:\/\/johanneslarsenmuseet.dk\/de\/#organization\",\"name\":\"Johanne Larsen Museet\",\"url\":\"https:\/\/johanneslarsenmuseet.dk\/de\/\",\"logo\":{\"@type\":\"ImageObject\",\"inLanguage\":\"de\",\"@id\":\"https:\/\/johanneslarsenmuseet.dk\/de\/#\/schema\/logo\/image\/\",\"url\":\"https:\/\/johanneslarsenmuseet.dk\/wp-content\/uploads\/2022\/04\/johannes-larsen-logo-black.svg\",\"contentUrl\":\"https:\/\/johanneslarsenmuseet.dk\/wp-content\/uploads\/2022\/04\/johannes-larsen-logo-black.svg\",\"width\":1,\"height\":1,\"caption\":\"Johanne Larsen Museet\"},\"image\":{\"@id\":\"https:\/\/johanneslarsenmuseet.dk\/de\/#\/schema\/logo\/image\/\"},\"sameAs\":[\"https:\/\/www.facebook.com\/JohannesLarsenMuseet\",\"https:\/\/www.instagram.com\/johanneslarsenmuseet\/\",\"https:\/\/twitter.com\/johlarsenmuseum?lang=da\"]}]}<\/script>\n<!-- \/ Yoast SEO plugin. -->","yoast_head_json":{"title":"Sonderausstellung: Vogel 2025 - Johannes Larsen Museet","description":"Freuen Sie sich auf eine weitere sch\u00f6ne Sonderausstellung im Johannes Larsen Museum \u2013 VOGEL 2025, bei der zahlreiche Vogelk\u00fcnstler ihre Werke zeigen werden.","robots":{"index":"index","follow":"follow","max-snippet":"max-snippet:-1","max-image-preview":"max-image-preview:large","max-video-preview":"max-video-preview:-1"},"canonical":"https:\/\/johanneslarsenmuseet.dk\/de\/sonderausstellung-vogel-2025\/","og_locale":"de_DE","og_type":"article","og_title":"Sonderausstellung: Vogel 2025 - Johannes Larsen Museet","og_description":"Freuen Sie sich auf eine weitere sch\u00f6ne Sonderausstellung im Johannes Larsen Museum \u2013 VOGEL 2025, bei der zahlreiche Vogelk\u00fcnstler ihre Werke zeigen werden.","og_url":"https:\/\/johanneslarsenmuseet.dk\/de\/sonderausstellung-vogel-2025\/","og_site_name":"Johannes Larsen Museet","article_publisher":"https:\/\/www.facebook.com\/JohannesLarsenMuseet","article_modified_time":"2025-06-30T14:09:33+00:00","twitter_card":"summary_large_image","twitter_misc":{"Gesch\u00e4tzte Lesezeit":"3\u00a0Minuten"},"schema":{"@context":"https:\/\/schema.org","@graph":[{"@type":"WebPage","@id":"https:\/\/johanneslarsenmuseet.dk\/de\/sonderausstellung-vogel-2025\/","url":"https:\/\/johanneslarsenmuseet.dk\/de\/sonderausstellung-vogel-2025\/","name":"Sonderausstellung: Vogel 2025 - Johannes Larsen Museet","isPartOf":{"@id":"https:\/\/johanneslarsenmuseet.dk\/de\/#website"},"datePublished":"2024-08-08T13:47:20+00:00","dateModified":"2025-06-30T14:09:33+00:00","description":"Freuen Sie sich auf eine weitere sch\u00f6ne Sonderausstellung im Johannes Larsen Museum \u2013 VOGEL 2025, bei der zahlreiche Vogelk\u00fcnstler ihre Werke zeigen werden.","breadcrumb":{"@id":"https:\/\/johanneslarsenmuseet.dk\/de\/sonderausstellung-vogel-2025\/#breadcrumb"},"inLanguage":"de","potentialAction":[{"@type":"ReadAction","target":["https:\/\/johanneslarsenmuseet.dk\/de\/sonderausstellung-vogel-2025\/"]}]},{"@type":"BreadcrumbList","@id":"https:\/\/johanneslarsenmuseet.dk\/de\/sonderausstellung-vogel-2025\/#breadcrumb","itemListElement":[{"@type":"ListItem","position":1,"name":"Hjem","item":"https:\/\/johanneslarsenmuseet.dk\/de\/"},{"@type":"ListItem","position":2,"name":"Sonderausstellung: Vogel 2025"}]},{"@type":"WebSite","@id":"https:\/\/johanneslarsenmuseet.dk\/de\/#website","url":"https:\/\/johanneslarsenmuseet.dk\/de\/","name":"Johannes Larsen Museet","description":"Oplevelser for hele familien","publisher":{"@id":"https:\/\/johanneslarsenmuseet.dk\/de\/#organization"},"potentialAction":[{"@type":"SearchAction","target":{"@type":"EntryPoint","urlTemplate":"https:\/\/johanneslarsenmuseet.dk\/de\/?s={search_term_string}"},"query-input":{"@type":"PropertyValueSpecification","valueRequired":true,"valueName":"search_term_string"}}],"inLanguage":"de"},{"@type":"Organization","@id":"https:\/\/johanneslarsenmuseet.dk\/de\/#organization","name":"Johanne Larsen Museet","url":"https:\/\/johanneslarsenmuseet.dk\/de\/","logo":{"@type":"ImageObject","inLanguage":"de","@id":"https:\/\/johanneslarsenmuseet.dk\/de\/#\/schema\/logo\/image\/","url":"https:\/\/johanneslarsenmuseet.dk\/wp-content\/uploads\/2022\/04\/johannes-larsen-logo-black.svg","contentUrl":"https:\/\/johanneslarsenmuseet.dk\/wp-content\/uploads\/2022\/04\/johannes-larsen-logo-black.svg","width":1,"height":1,"caption":"Johanne Larsen Museet"},"image":{"@id":"https:\/\/johanneslarsenmuseet.dk\/de\/#\/schema\/logo\/image\/"},"sameAs":["https:\/\/www.facebook.com\/JohannesLarsenMuseet","https:\/\/www.instagram.com\/johanneslarsenmuseet\/","https:\/\/twitter.com\/johlarsenmuseum?lang=da"]}]}},"_links":{"self":[{"href":"https:\/\/johanneslarsenmuseet.dk\/de\/wp-json\/wp\/v2\/pages\/217692","targetHints":{"allow":["GET"]}}],"collection":[{"href":"https:\/\/johanneslarsenmuseet.dk\/de\/wp-json\/wp\/v2\/pages"}],"about":[{"href":"https:\/\/johanneslarsenmuseet.dk\/de\/wp-json\/wp\/v2\/types\/page"}],"author":[{"embeddable":true,"href":"https:\/\/johanneslarsenmuseet.dk\/de\/wp-json\/wp\/v2\/users\/3"}],"replies":[{"embeddable":true,"href":"https:\/\/johanneslarsenmuseet.dk\/de\/wp-json\/wp\/v2\/comments?post=217692"}],"version-history":[{"count":0,"href":"https:\/\/johanneslarsenmuseet.dk\/de\/wp-json\/wp\/v2\/pages\/217692\/revisions"}],"wp:attachment":[{"href":"https:\/\/johanneslarsenmuseet.dk\/de\/wp-json\/wp\/v2\/media?parent=217692"}],"curies":[{"name":"wp","href":"https:\/\/api.w.org\/{rel}","templated":true}]}}