{"id":219880,"date":"2025-11-20T11:34:00","date_gmt":"2025-11-20T11:34:00","guid":{"rendered":"https:\/\/johanneslarsenmuseet.dk\/sonderausstellung-christine-swane\/"},"modified":"2026-02-12T12:06:28","modified_gmt":"2026-02-12T12:06:28","slug":"sonderausstellung-christine-swane","status":"publish","type":"page","link":"https:\/\/johanneslarsenmuseet.dk\/de\/sonderausstellung-christine-swane\/","title":{"rendered":"Sonderausstellung: Christine Swane"},"content":{"rendered":"<p>[et_pb_section fb_built=&#8220;1&#8243; _builder_version=&#8220;4.27.4&#8243; _module_preset=&#8220;default&#8220; background_color=&#8220;rgba(0,0,0,0.2)&#8220; background_image=&#8220;https:\/\/johanneslarsenmuseet.dk\/wp-content\/uploads\/2025\/11\/Swane-Christine-Opstilling-med-fuglebur-1948-olie-111&#215;88-Foto-farvelaboratoriet.png&#8220; background_blend=&#8220;multiply&#8220; height=&#8220;756px&#8220; height_tablet=&#8220;653px&#8220; height_phone=&#8220;294px&#8220; height_last_edited=&#8220;on|phone&#8220; custom_margin=&#8220;||-1px|||&#8220; custom_padding=&#8220;19px||4px|||&#8220; background_last_edited=&#8220;on|phone&#8220; parallax_phone=&#8220;off&#8220; background_size_phone=&#8220;cover&#8220; background_blend_phone=&#8220;normal&#8220; global_colors_info=&#8220;{}&#8220;][\/et_pb_section][et_pb_section fb_built=&#8220;1&#8243; _builder_version=&#8220;4.27.4&#8243; _module_preset=&#8220;default&#8220; background_color=&#8220;#778960&#8243; custom_padding=&#8220;28px|||||&#8220; global_colors_info=&#8220;{}&#8220;][et_pb_row _builder_version=&#8220;4.17.6&#8243; _module_preset=&#8220;default&#8220; global_colors_info=&#8220;{}&#8220;][et_pb_column type=&#8220;4_4&#8243; _builder_version=&#8220;4.16&#8243; _module_preset=&#8220;default&#8220; global_colors_info=&#8220;{}&#8220;][et_pb_text _builder_version=&#8220;4.27.4&#8243; _module_preset=&#8220;default&#8220; text_font_size=&#8220;27px&#8220; text_line_height=&#8220;1.1em&#8220; text_line_height_tablet=&#8220;1.1em&#8220; text_line_height_phone=&#8220;1.1em&#8220; text_line_height_last_edited=&#8220;on|phone&#8220; global_colors_info=&#8220;{}&#8220;]<\/p>\n<p><span style=\"color: #ffffff;\">SONDERAUSSTELLUNG<\/span><br data-start=\"21\" data-end=\"24\" \/><span style=\"color: #ffffff;\"><strong data-start=\"24\" data-end=\"57\" data-is-last-node=\"\">9. Mai bis 13. September 2026<\/strong><\/span><\/p>\n<p>[\/et_pb_text][\/et_pb_column][\/et_pb_row][et_pb_row _builder_version=&#8220;4.16&#8243; _module_preset=&#8220;default&#8220; global_colors_info=&#8220;{}&#8220;][et_pb_column type=&#8220;4_4&#8243; _builder_version=&#8220;4.16&#8243; _module_preset=&#8220;default&#8220; global_colors_info=&#8220;{}&#8220;][et_pb_text _builder_version=&#8220;4.27.4&#8243; _module_preset=&#8220;default&#8220; header_font=&#8220;|700|||||||&#8220; header_font_size=&#8220;80px&#8220; positioning=&#8220;relative&#8220; vertical_offset=&#8220;0px&#8220; vertical_offset_tablet=&#8220;172px&#8220; vertical_offset_phone=&#8220;0px&#8220; vertical_offset_last_edited=&#8220;on|phone&#8220; hover_enabled=&#8220;0&#8243; header_font_size_tablet=&#8220;49px&#8220; header_font_size_phone=&#8220;42px&#8220; header_font_size_last_edited=&#8220;on|phone&#8220; global_colors_info=&#8220;{}&#8220; sticky_enabled=&#8220;0&#8243;]<\/p>\n<h2><span style=\"color: #ffffff;\">Christine Swane. Eine vielseitige Einzelg\u00e4ngerin<\/span><\/h2>\n<p>[\/et_pb_text][et_pb_text _builder_version=&#8220;4.27.4&#8243; _module_preset=&#8220;default&#8220; text_font_size=&#8220;24px&#8220; header_2_font_size=&#8220;2.88rem&#8220; header_3_font_size=&#8220;36px&#8220; background_layout=&#8220;dark&#8220; width=&#8220;100%&#8220; max_width=&#8220;100%&#8220; custom_margin=&#8220;-26px|||||&#8220; custom_padding=&#8220;||0px|||&#8220; text_letter_spacing_tablet=&#8220;0px&#8220; text_letter_spacing_phone=&#8220;0px&#8220; text_letter_spacing_last_edited=&#8220;on|phone&#8220; text_line_height_tablet=&#8220;&#8220; text_line_height_phone=&#8220;1.7em&#8220; text_line_height_last_edited=&#8220;on|tablet&#8220; header_3_font_size_tablet=&#8220;36px&#8220; header_3_font_size_phone=&#8220;26px&#8220; header_3_font_size_last_edited=&#8220;on|tablet&#8220; inline_fonts=&#8220;Noto Sans Bassa Vah,Inter&#8220; global_colors_info=&#8220;{}&#8220;]<\/p>\n<p data-start=\"93\" data-end=\"546\">Christine Swane nimmt eine besondere Stellung in der d\u00e4nischen Kunstgeschichte ein. Ihr k\u00fcnstlerisches Leben entfaltet sich als eine lange und beharrliche Bewegung \u2013 vom provinziellen und fynischen Kunstmilieu der 1890er Jahre \u00fcber die Umbruchzeiten der Hauptstadt in den ersten Jahrzehnten des 20. Jahrhunderts bis hin zu einem eigenst\u00e4ndigen und reifen modernistischen Ausdruck, der sich ab den 1920er Jahren bis in die 1950er Jahre deutlich auspr\u00e4gt.<\/p>\n<p data-start=\"548\" data-end=\"1034\">Als Schwester von Johannes Larsen und Teil des Kreises der Fynbo-Maler war Christine Swane eng mit einem der markantesten k\u00fcnstlerischen Milieus ihrer Zeit verbunden. Gleichzeitig entwickelte sie fr\u00fch eine eigene Bildsprache, die eigene Wege ging. Das Johannes Larsen Museet beherbergt heute die gr\u00f6\u00dfte Sammlung ihrer Werke sowie Skizzen und Archivmaterialien, was sowohl von ihrer k\u00fcnstlerischen Spannweite als auch von ihrer nachhaltigen Bedeutung in der Geschichte des Museums zeugt.<\/p>\n<p data-start=\"1036\" data-end=\"1625\">Christine Swane bedarf keiner \u00dcberh\u00f6hung. Dennoch bildet der 150. Jahrestag ihrer Geburt einen nat\u00fcrlichen Anlass, ihre Position in der d\u00e4nischen Kunst zu festigen und zu verdeutlichen. Ihre Werke erscheinen best\u00e4ndig und pr\u00e4zise \u2013 die Farben sind klar, die Kompositionen scheinbar einfach, jedoch stets getragen von einem feinen Gleichgewicht zwischen dem Bedachten und dem Intuitiven. Motive aus dem K\u00fcnstlerhaus, Ausblicke auf die Stadt und intime Interieurs begegnen vereinfachten Garten- und Landschaftsdarstellungen, in denen das Motiv verdichtet und vom \u00dcberfl\u00fcssigen gereinigt ist.<\/p>\n<p data-start=\"1627\" data-end=\"2316\">Bei Christine Swane sind Kultur, Natur und Alltag untrennbar miteinander verbunden. Eine breitere Anerkennung erlangte sie erst vergleichsweise sp\u00e4t, um ihr 60. Lebensjahr herum, und gerade in dieser Phase entwickelte sie sowohl ihren charakteristischsten k\u00fcnstlerischen Ausdruck als auch ein pers\u00f6nliches, modernes K\u00fcnstlerheim in Birker\u00f8d. Ihr Werk umfasst mehrere Medien \u2013 Malerei, Keramik, Textilkunst und Auftragsarbeiten im Bereich der Ausgestaltung \u2013, doch durch Materialien und Techniken zieht sich ein klar erkennbarer roter Faden. Der Ausdruck wirkt h\u00e4ufig leicht und poetisch, jedoch niemals zuf\u00e4llig; die k\u00fcnstlerischen Mittel sind sorgf\u00e4ltig abgestimmt und pr\u00e4zise eingesetzt.<\/p>\n<p data-start=\"2318\" data-end=\"2674\">Die Ausstellung richtet den Fokus auf Christine Swanes langj\u00e4hrige Suche und auf die k\u00fcnstlerische Vollendung, die ihre reifen Werke kennzeichnet. Neben Arbeiten aus der eigenen Sammlung des Museums werden Leihgaben aus Museen und Privatsammlungen pr\u00e4sentiert; zudem sind eine Reihe neu erworbener Gem\u00e4lde und keramischer Werke in der Ausstellung zu sehen.<\/p>\n<p data-start=\"2680\" data-end=\"2716\"><strong data-start=\"2680\" data-end=\"2716\">Feier, Vermittlung und Forschung<\/strong><\/p>\n<p data-start=\"2722\" data-end=\"2942\">Der Sommer 2026 auf M\u00f8llebakken steht ganz im Zeichen der W\u00fcrdigung Christine Swanes. Es werden F\u00fchrungen, Aktivit\u00e4ten und Workshops zu ihrer faszinierenden Bildwelt f\u00fcr Besucherinnen und Besucher jeden Alters angeboten.<\/p>\n<p data-start=\"2944\" data-end=\"3146\">Dar\u00fcber hinaus wird die Ausstellung von der Ver\u00f6ffentlichung einer umfangreichen, wissenschaftlich fundierten Anthologie \u00fcber Christine Swanes Leben, ihre Zeit und ihr k\u00fcnstlerisches Schaffen begleitet.<\/p>\n<p data-start=\"3148\" data-end=\"3221\"><strong data-start=\"3148\" data-end=\"3221\">Lesen Sie hier mehr \u00fcber das Leben und die Kunst von Christine Swane.<\/strong><\/p>\n<p>[\/et_pb_text][et_pb_button button_url=&#8220;https:\/\/johanneslarsenmuseet.dk\/de\/begebenheiten\/#udstillinger&#8220; button_text=&#8220;Weitere Ausstellungen aus Johannes Larsen Museum&#8220; _builder_version=&#8220;4.27.4&#8243; _module_preset=&#8220;default&#8220; custom_button=&#8220;on&#8220; button_text_size=&#8220;26px&#8220; button_text_color=&#8220;#FDFDFD&#8220; button_border_width=&#8220;4px&#8220; button_border_color=&#8220;#FDFDFD&#8220; global_colors_info=&#8220;{}&#8220;][\/et_pb_button][et_pb_button button_url=&#8220;https:\/\/ostfynsmuseer.dk\/udstillinger-paa-fyn\/&#8220; button_text=&#8220;Weitere Ausstellungen aus \u00d8stfyns Museum&#8220; _builder_version=&#8220;4.27.4&#8243; _module_preset=&#8220;default&#8220; custom_button=&#8220;on&#8220; button_text_size=&#8220;26px&#8220; button_text_color=&#8220;#FDFDFD&#8220; button_border_width=&#8220;4px&#8220; button_border_color=&#8220;#FDFDFD&#8220; global_colors_info=&#8220;{}&#8220;][\/et_pb_button][et_pb_button button_url=&#8220;https:\/\/www.place2book.com\/da\/sw2\/sales\/dxel4vaqc2&#8243; button_text=&#8220;Eintrittskarte kaufen&#8220; _builder_version=&#8220;4.27.4&#8243; _module_preset=&#8220;default&#8220; custom_button=&#8220;on&#8220; button_text_size=&#8220;34px&#8220; button_text_color=&#8220;#FDFDFD&#8220; button_border_width=&#8220;4px&#8220; button_border_color=&#8220;#FDFDFD&#8220; button_icon=&#8220;&#x3b;||divi||400&#8243; global_colors_info=&#8220;{}&#8220;][\/et_pb_button][\/et_pb_column][\/et_pb_row][\/et_pb_section]<\/p>\n<span class=\"et_bloom_bottom_trigger\"><\/span>","protected":false},"excerpt":{"rendered":"<p>SONDERAUSSTELLUNG9. Mai bis 13. September 2026Christine Swane. Eine vielseitige Einzelg\u00e4ngerinChristine Swane nimmt eine besondere Stellung in der d\u00e4nischen Kunstgeschichte ein. Ihr k\u00fcnstlerisches Leben entfaltet sich als eine lange und beharrliche Bewegung \u2013 vom provinziellen und fynischen Kunstmilieu der 1890er Jahre \u00fcber die Umbruchzeiten der Hauptstadt in den ersten Jahrzehnten des 20. Jahrhunderts bis hin zu [&hellip;]<\/p>\n","protected":false},"author":3,"featured_media":0,"parent":0,"menu_order":0,"comment_status":"closed","ping_status":"closed","template":"","meta":{"_et_pb_use_builder":"on","_et_pb_old_content":"","_et_gb_content_width":"","footnotes":""},"class_list":["post-219880","page","type-page","status-publish","hentry"],"yoast_head":"<!-- This site is optimized with the Yoast SEO plugin v24.5 - https:\/\/yoast.com\/wordpress\/plugins\/seo\/ -->\n<title>Christine Swane. - Eine vielseitige Einzelg\u00e4ngerin<\/title>\n<meta name=\"description\" content=\"Erleben Sie die Ausstellung \u201eChristine Swane. Eine vielseitige Einzelg\u00e4ngerin\u201c im Johannes Larsen Museet. Eine pr\u00e4gende Modernistin der d\u00e4nischen Kunst. 9. Mai \u2013 13. September 2026.\" \/>\n<meta name=\"robots\" content=\"index, follow, max-snippet:-1, max-image-preview:large, max-video-preview:-1\" \/>\n<link rel=\"canonical\" href=\"https:\/\/johanneslarsenmuseet.dk\/de\/sonderausstellung-christine-swane\/\" \/>\n<meta property=\"og:locale\" content=\"de_DE\" \/>\n<meta property=\"og:type\" content=\"article\" \/>\n<meta property=\"og:title\" content=\"Christine Swane. - Eine vielseitige Einzelg\u00e4ngerin\" \/>\n<meta property=\"og:description\" content=\"Erleben Sie die Ausstellung \u201eChristine Swane. Eine vielseitige Einzelg\u00e4ngerin\u201c im Johannes Larsen Museet. Eine pr\u00e4gende Modernistin der d\u00e4nischen Kunst. 9. Mai \u2013 13. September 2026.\" \/>\n<meta property=\"og:url\" content=\"https:\/\/johanneslarsenmuseet.dk\/de\/sonderausstellung-christine-swane\/\" \/>\n<meta property=\"og:site_name\" content=\"Johannes Larsen Museet\" \/>\n<meta property=\"article:publisher\" content=\"https:\/\/www.facebook.com\/JohannesLarsenMuseet\" \/>\n<meta property=\"article:modified_time\" content=\"2026-02-12T12:06:28+00:00\" \/>\n<meta name=\"twitter:card\" content=\"summary_large_image\" \/>\n<meta name=\"twitter:label1\" content=\"Gesch\u00e4tzte Lesezeit\" \/>\n\t<meta name=\"twitter:data1\" content=\"5\u00a0Minuten\" \/>\n<script type=\"application\/ld+json\" class=\"yoast-schema-graph\">{\"@context\":\"https:\/\/schema.org\",\"@graph\":[{\"@type\":\"WebPage\",\"@id\":\"https:\/\/johanneslarsenmuseet.dk\/de\/sonderausstellung-christine-swane\/\",\"url\":\"https:\/\/johanneslarsenmuseet.dk\/de\/sonderausstellung-christine-swane\/\",\"name\":\"Christine Swane. - Eine vielseitige Einzelg\u00e4ngerin\",\"isPartOf\":{\"@id\":\"https:\/\/johanneslarsenmuseet.dk\/de\/#website\"},\"datePublished\":\"2025-11-20T11:34:00+00:00\",\"dateModified\":\"2026-02-12T12:06:28+00:00\",\"description\":\"Erleben Sie die Ausstellung \u201eChristine Swane. Eine vielseitige Einzelg\u00e4ngerin\u201c im Johannes Larsen Museet. Eine pr\u00e4gende Modernistin der d\u00e4nischen Kunst. 9. Mai \u2013 13. September 2026.\",\"breadcrumb\":{\"@id\":\"https:\/\/johanneslarsenmuseet.dk\/de\/sonderausstellung-christine-swane\/#breadcrumb\"},\"inLanguage\":\"de\",\"potentialAction\":[{\"@type\":\"ReadAction\",\"target\":[\"https:\/\/johanneslarsenmuseet.dk\/de\/sonderausstellung-christine-swane\/\"]}]},{\"@type\":\"BreadcrumbList\",\"@id\":\"https:\/\/johanneslarsenmuseet.dk\/de\/sonderausstellung-christine-swane\/#breadcrumb\",\"itemListElement\":[{\"@type\":\"ListItem\",\"position\":1,\"name\":\"Hjem\",\"item\":\"https:\/\/johanneslarsenmuseet.dk\/de\/\"},{\"@type\":\"ListItem\",\"position\":2,\"name\":\"Sonderausstellung: Christine Swane\"}]},{\"@type\":\"WebSite\",\"@id\":\"https:\/\/johanneslarsenmuseet.dk\/de\/#website\",\"url\":\"https:\/\/johanneslarsenmuseet.dk\/de\/\",\"name\":\"Johannes Larsen Museet\",\"description\":\"Oplevelser for hele familien\",\"publisher\":{\"@id\":\"https:\/\/johanneslarsenmuseet.dk\/de\/#organization\"},\"potentialAction\":[{\"@type\":\"SearchAction\",\"target\":{\"@type\":\"EntryPoint\",\"urlTemplate\":\"https:\/\/johanneslarsenmuseet.dk\/de\/?s={search_term_string}\"},\"query-input\":{\"@type\":\"PropertyValueSpecification\",\"valueRequired\":true,\"valueName\":\"search_term_string\"}}],\"inLanguage\":\"de\"},{\"@type\":\"Organization\",\"@id\":\"https:\/\/johanneslarsenmuseet.dk\/de\/#organization\",\"name\":\"Johanne Larsen Museet\",\"url\":\"https:\/\/johanneslarsenmuseet.dk\/de\/\",\"logo\":{\"@type\":\"ImageObject\",\"inLanguage\":\"de\",\"@id\":\"https:\/\/johanneslarsenmuseet.dk\/de\/#\/schema\/logo\/image\/\",\"url\":\"https:\/\/johanneslarsenmuseet.dk\/wp-content\/uploads\/2022\/04\/johannes-larsen-logo-black.svg\",\"contentUrl\":\"https:\/\/johanneslarsenmuseet.dk\/wp-content\/uploads\/2022\/04\/johannes-larsen-logo-black.svg\",\"width\":1,\"height\":1,\"caption\":\"Johanne Larsen Museet\"},\"image\":{\"@id\":\"https:\/\/johanneslarsenmuseet.dk\/de\/#\/schema\/logo\/image\/\"},\"sameAs\":[\"https:\/\/www.facebook.com\/JohannesLarsenMuseet\",\"https:\/\/www.instagram.com\/johanneslarsenmuseet\/\",\"https:\/\/twitter.com\/johlarsenmuseum?lang=da\"]}]}<\/script>\n<!-- \/ Yoast SEO plugin. -->","yoast_head_json":{"title":"Christine Swane. - Eine vielseitige Einzelg\u00e4ngerin","description":"Erleben Sie die Ausstellung \u201eChristine Swane. Eine vielseitige Einzelg\u00e4ngerin\u201c im Johannes Larsen Museet. Eine pr\u00e4gende Modernistin der d\u00e4nischen Kunst. 9. Mai \u2013 13. September 2026.","robots":{"index":"index","follow":"follow","max-snippet":"max-snippet:-1","max-image-preview":"max-image-preview:large","max-video-preview":"max-video-preview:-1"},"canonical":"https:\/\/johanneslarsenmuseet.dk\/de\/sonderausstellung-christine-swane\/","og_locale":"de_DE","og_type":"article","og_title":"Christine Swane. - Eine vielseitige Einzelg\u00e4ngerin","og_description":"Erleben Sie die Ausstellung \u201eChristine Swane. Eine vielseitige Einzelg\u00e4ngerin\u201c im Johannes Larsen Museet. Eine pr\u00e4gende Modernistin der d\u00e4nischen Kunst. 9. Mai \u2013 13. September 2026.","og_url":"https:\/\/johanneslarsenmuseet.dk\/de\/sonderausstellung-christine-swane\/","og_site_name":"Johannes Larsen Museet","article_publisher":"https:\/\/www.facebook.com\/JohannesLarsenMuseet","article_modified_time":"2026-02-12T12:06:28+00:00","twitter_card":"summary_large_image","twitter_misc":{"Gesch\u00e4tzte Lesezeit":"5\u00a0Minuten"},"schema":{"@context":"https:\/\/schema.org","@graph":[{"@type":"WebPage","@id":"https:\/\/johanneslarsenmuseet.dk\/de\/sonderausstellung-christine-swane\/","url":"https:\/\/johanneslarsenmuseet.dk\/de\/sonderausstellung-christine-swane\/","name":"Christine Swane. - Eine vielseitige Einzelg\u00e4ngerin","isPartOf":{"@id":"https:\/\/johanneslarsenmuseet.dk\/de\/#website"},"datePublished":"2025-11-20T11:34:00+00:00","dateModified":"2026-02-12T12:06:28+00:00","description":"Erleben Sie die Ausstellung \u201eChristine Swane. Eine vielseitige Einzelg\u00e4ngerin\u201c im Johannes Larsen Museet. Eine pr\u00e4gende Modernistin der d\u00e4nischen Kunst. 9. Mai \u2013 13. September 2026.","breadcrumb":{"@id":"https:\/\/johanneslarsenmuseet.dk\/de\/sonderausstellung-christine-swane\/#breadcrumb"},"inLanguage":"de","potentialAction":[{"@type":"ReadAction","target":["https:\/\/johanneslarsenmuseet.dk\/de\/sonderausstellung-christine-swane\/"]}]},{"@type":"BreadcrumbList","@id":"https:\/\/johanneslarsenmuseet.dk\/de\/sonderausstellung-christine-swane\/#breadcrumb","itemListElement":[{"@type":"ListItem","position":1,"name":"Hjem","item":"https:\/\/johanneslarsenmuseet.dk\/de\/"},{"@type":"ListItem","position":2,"name":"Sonderausstellung: Christine Swane"}]},{"@type":"WebSite","@id":"https:\/\/johanneslarsenmuseet.dk\/de\/#website","url":"https:\/\/johanneslarsenmuseet.dk\/de\/","name":"Johannes Larsen Museet","description":"Oplevelser for hele familien","publisher":{"@id":"https:\/\/johanneslarsenmuseet.dk\/de\/#organization"},"potentialAction":[{"@type":"SearchAction","target":{"@type":"EntryPoint","urlTemplate":"https:\/\/johanneslarsenmuseet.dk\/de\/?s={search_term_string}"},"query-input":{"@type":"PropertyValueSpecification","valueRequired":true,"valueName":"search_term_string"}}],"inLanguage":"de"},{"@type":"Organization","@id":"https:\/\/johanneslarsenmuseet.dk\/de\/#organization","name":"Johanne Larsen Museet","url":"https:\/\/johanneslarsenmuseet.dk\/de\/","logo":{"@type":"ImageObject","inLanguage":"de","@id":"https:\/\/johanneslarsenmuseet.dk\/de\/#\/schema\/logo\/image\/","url":"https:\/\/johanneslarsenmuseet.dk\/wp-content\/uploads\/2022\/04\/johannes-larsen-logo-black.svg","contentUrl":"https:\/\/johanneslarsenmuseet.dk\/wp-content\/uploads\/2022\/04\/johannes-larsen-logo-black.svg","width":1,"height":1,"caption":"Johanne Larsen Museet"},"image":{"@id":"https:\/\/johanneslarsenmuseet.dk\/de\/#\/schema\/logo\/image\/"},"sameAs":["https:\/\/www.facebook.com\/JohannesLarsenMuseet","https:\/\/www.instagram.com\/johanneslarsenmuseet\/","https:\/\/twitter.com\/johlarsenmuseum?lang=da"]}]}},"_links":{"self":[{"href":"https:\/\/johanneslarsenmuseet.dk\/de\/wp-json\/wp\/v2\/pages\/219880","targetHints":{"allow":["GET"]}}],"collection":[{"href":"https:\/\/johanneslarsenmuseet.dk\/de\/wp-json\/wp\/v2\/pages"}],"about":[{"href":"https:\/\/johanneslarsenmuseet.dk\/de\/wp-json\/wp\/v2\/types\/page"}],"author":[{"embeddable":true,"href":"https:\/\/johanneslarsenmuseet.dk\/de\/wp-json\/wp\/v2\/users\/3"}],"replies":[{"embeddable":true,"href":"https:\/\/johanneslarsenmuseet.dk\/de\/wp-json\/wp\/v2\/comments?post=219880"}],"version-history":[{"count":0,"href":"https:\/\/johanneslarsenmuseet.dk\/de\/wp-json\/wp\/v2\/pages\/219880\/revisions"}],"wp:attachment":[{"href":"https:\/\/johanneslarsenmuseet.dk\/de\/wp-json\/wp\/v2\/media?parent=219880"}],"curies":[{"name":"wp","href":"https:\/\/api.w.org\/{rel}","templated":true}]}}