{"id":205031,"date":"2022-04-04T09:34:32","date_gmt":"2022-04-04T09:34:32","guid":{"rendered":"http:\/\/johanneslarsenmuseet.dk\/?post_type=product&#038;p=205031"},"modified":"2024-12-27T11:45:07","modified_gmt":"2024-12-27T11:45:07","slug":"udstillingsbog-hindsholm-den-landfaste-o","status":"publish","type":"product","link":"https:\/\/johanneslarsenmuseet.dk\/de\/produkt\/udstillingsbog-hindsholm-den-landfaste-o\/","title":{"rendered":"Udstillingsbog: Hindsholm den landfaste \u00f8"},"content":{"rendered":"<span class=\"et_bloom_bottom_trigger\"><\/span>","protected":false},"excerpt":{"rendered":"<p><em>HINDSHOLM. Den landfaste \u00f8<\/em>\u00a0har v\u00e6ret en del \u00e5r undervejs og er resultatet at et stort projekt sammen med seks fremtr\u00e6dende danske fotokunstnere: Charlotte Haslund-Christensen, Christina Capetillo, Kirsten Klein, Kurt Rodahl Hoppe, Mikkel \u00d8stergaard og Peter Brandes. De viser tilsammen et protr\u00e6t af omr\u00e5det enest\u00e5ende kulturelle og landskabelige kvaliteter. Finn Thrane, st\u00e5r bag projektets ide og kuratering af udstillingen.<\/p>\n<p>L\u00e6s mere om udstillingen\u00a0<a href=\"https:\/\/johanneslarsenmuseet.dk\/kalender\/saerudstilling-hindsholm-den-landfaste-oe\/\">HER<\/a><\/p>\n","protected":false},"featured_media":205033,"template":"","meta":{"_et_pb_use_builder":"","_et_pb_old_content":"","_et_gb_content_width":""},"product_brand":[],"product_cat":[85,23,36],"product_tag":[],"class_list":{"0":"post-205031","1":"product","2":"type-product","3":"status-publish","4":"has-post-thumbnail","6":"product_cat-tilbud","7":"product_cat-boger-film","8":"product_cat-udstillingsboger","10":"first","11":"instock","12":"sale","13":"taxable","14":"shipping-taxable","15":"purchasable","16":"product-type-simple"},"yoast_head":"<!-- This site is optimized with the Yoast SEO plugin v24.5 - https:\/\/yoast.com\/wordpress\/plugins\/seo\/ -->\n<title>Udstillingsbog: Hindsholm den landfaste \u00f8 - Johannes Larsen Museet<\/title>\n<meta name=\"robots\" content=\"index, follow, max-snippet:-1, max-image-preview:large, max-video-preview:-1\" \/>\n<link rel=\"canonical\" href=\"https:\/\/johanneslarsenmuseet.dk\/de\/produkt\/udstillingsbog-hindsholm-den-landfaste-o\/\" \/>\n<meta property=\"og:locale\" content=\"de_DE\" \/>\n<meta property=\"og:type\" content=\"article\" \/>\n<meta property=\"og:title\" content=\"Udstillingsbog: Hindsholm den landfaste \u00f8 - Johannes Larsen Museet\" \/>\n<meta property=\"og:description\" content=\"HINDSHOLM. Den landfaste \u00f8\u00a0har v\u00e6ret en del \u00e5r undervejs og er resultatet at et stort projekt sammen med seks fremtr\u00e6dende danske fotokunstnere: Charlotte Haslund-Christensen, Christina Capetillo, Kirsten Klein, Kurt Rodahl Hoppe, Mikkel \u00d8stergaard og Peter Brandes. De viser tilsammen et protr\u00e6t af omr\u00e5det enest\u00e5ende kulturelle og landskabelige kvaliteter. Finn Thrane, st\u00e5r bag projektets ide og kuratering af udstillingen.  L\u00e6s mere om udstillingen\u00a0HER\" \/>\n<meta property=\"og:url\" content=\"https:\/\/johanneslarsenmuseet.dk\/de\/produkt\/udstillingsbog-hindsholm-den-landfaste-o\/\" \/>\n<meta property=\"og:site_name\" content=\"Johannes Larsen Museet\" \/>\n<meta property=\"article:publisher\" content=\"https:\/\/www.facebook.com\/JohannesLarsenMuseet\" \/>\n<meta property=\"article:modified_time\" content=\"2024-12-27T11:45:07+00:00\" \/>\n<meta property=\"og:image\" content=\"https:\/\/johanneslarsenmuseet.dk\/wp-content\/uploads\/2022\/04\/Udstillingsbog.-Hindsholm-den-landfaste-o.jpg\" \/>\n\t<meta property=\"og:image:width\" content=\"504\" \/>\n\t<meta property=\"og:image:height\" content=\"640\" \/>\n\t<meta property=\"og:image:type\" content=\"image\/jpeg\" \/>\n<meta name=\"twitter:card\" content=\"summary_large_image\" \/>\n<script type=\"application\/ld+json\" class=\"yoast-schema-graph\">{\"@context\":\"https:\/\/schema.org\",\"@graph\":[{\"@type\":\"WebPage\",\"@id\":\"https:\/\/johanneslarsenmuseet.dk\/de\/produkt\/udstillingsbog-hindsholm-den-landfaste-o\/\",\"url\":\"https:\/\/johanneslarsenmuseet.dk\/de\/produkt\/udstillingsbog-hindsholm-den-landfaste-o\/\",\"name\":\"Udstillingsbog: Hindsholm den landfaste \u00f8 - Johannes Larsen Museet\",\"isPartOf\":{\"@id\":\"https:\/\/johanneslarsenmuseet.dk\/de\/#website\"},\"primaryImageOfPage\":{\"@id\":\"https:\/\/johanneslarsenmuseet.dk\/de\/produkt\/udstillingsbog-hindsholm-den-landfaste-o\/#primaryimage\"},\"image\":{\"@id\":\"https:\/\/johanneslarsenmuseet.dk\/de\/produkt\/udstillingsbog-hindsholm-den-landfaste-o\/#primaryimage\"},\"thumbnailUrl\":\"https:\/\/johanneslarsenmuseet.dk\/wp-content\/uploads\/2022\/04\/Udstillingsbog.-Hindsholm-den-landfaste-o.jpg\",\"datePublished\":\"2022-04-04T09:34:32+00:00\",\"dateModified\":\"2024-12-27T11:45:07+00:00\",\"breadcrumb\":{\"@id\":\"https:\/\/johanneslarsenmuseet.dk\/de\/produkt\/udstillingsbog-hindsholm-den-landfaste-o\/#breadcrumb\"},\"inLanguage\":\"de\",\"potentialAction\":[{\"@type\":\"ReadAction\",\"target\":[\"https:\/\/johanneslarsenmuseet.dk\/de\/produkt\/udstillingsbog-hindsholm-den-landfaste-o\/\"]}]},{\"@type\":\"ImageObject\",\"inLanguage\":\"de\",\"@id\":\"https:\/\/johanneslarsenmuseet.dk\/de\/produkt\/udstillingsbog-hindsholm-den-landfaste-o\/#primaryimage\",\"url\":\"https:\/\/johanneslarsenmuseet.dk\/wp-content\/uploads\/2022\/04\/Udstillingsbog.-Hindsholm-den-landfaste-o.jpg\",\"contentUrl\":\"https:\/\/johanneslarsenmuseet.dk\/wp-content\/uploads\/2022\/04\/Udstillingsbog.-Hindsholm-den-landfaste-o.jpg\",\"width\":504,\"height\":640,\"caption\":\"Udstillingsbog: Hindsholm den landfaste \u00f8\"},{\"@type\":\"BreadcrumbList\",\"@id\":\"https:\/\/johanneslarsenmuseet.dk\/de\/produkt\/udstillingsbog-hindsholm-den-landfaste-o\/#breadcrumb\",\"itemListElement\":[{\"@type\":\"ListItem\",\"position\":1,\"name\":\"Hjem\",\"item\":\"https:\/\/johanneslarsenmuseet.dk\/de\/\"},{\"@type\":\"ListItem\",\"position\":2,\"name\":\"Shop\",\"item\":\"https:\/\/johanneslarsenmuseet.dk\/shop\/\"},{\"@type\":\"ListItem\",\"position\":3,\"name\":\"Udstillingsbog: Hindsholm den landfaste \u00f8\"}]},{\"@type\":\"WebSite\",\"@id\":\"https:\/\/johanneslarsenmuseet.dk\/de\/#website\",\"url\":\"https:\/\/johanneslarsenmuseet.dk\/de\/\",\"name\":\"Johannes Larsen Museet\",\"description\":\"Oplevelser for hele familien\",\"publisher\":{\"@id\":\"https:\/\/johanneslarsenmuseet.dk\/de\/#organization\"},\"potentialAction\":[{\"@type\":\"SearchAction\",\"target\":{\"@type\":\"EntryPoint\",\"urlTemplate\":\"https:\/\/johanneslarsenmuseet.dk\/de\/?s={search_term_string}\"},\"query-input\":{\"@type\":\"PropertyValueSpecification\",\"valueRequired\":true,\"valueName\":\"search_term_string\"}}],\"inLanguage\":\"de\"},{\"@type\":\"Organization\",\"@id\":\"https:\/\/johanneslarsenmuseet.dk\/de\/#organization\",\"name\":\"Johanne Larsen Museet\",\"url\":\"https:\/\/johanneslarsenmuseet.dk\/de\/\",\"logo\":{\"@type\":\"ImageObject\",\"inLanguage\":\"de\",\"@id\":\"https:\/\/johanneslarsenmuseet.dk\/de\/#\/schema\/logo\/image\/\",\"url\":\"https:\/\/johanneslarsenmuseet.dk\/wp-content\/uploads\/2022\/04\/johannes-larsen-logo-black.svg\",\"contentUrl\":\"https:\/\/johanneslarsenmuseet.dk\/wp-content\/uploads\/2022\/04\/johannes-larsen-logo-black.svg\",\"width\":1,\"height\":1,\"caption\":\"Johanne Larsen Museet\"},\"image\":{\"@id\":\"https:\/\/johanneslarsenmuseet.dk\/de\/#\/schema\/logo\/image\/\"},\"sameAs\":[\"https:\/\/www.facebook.com\/JohannesLarsenMuseet\",\"https:\/\/www.instagram.com\/johanneslarsenmuseet\/\",\"https:\/\/twitter.com\/johlarsenmuseum?lang=da\"]}]}<\/script>\n<!-- \/ Yoast SEO plugin. -->","yoast_head_json":{"title":"Udstillingsbog: Hindsholm den landfaste \u00f8 - Johannes Larsen Museet","robots":{"index":"index","follow":"follow","max-snippet":"max-snippet:-1","max-image-preview":"max-image-preview:large","max-video-preview":"max-video-preview:-1"},"canonical":"https:\/\/johanneslarsenmuseet.dk\/de\/produkt\/udstillingsbog-hindsholm-den-landfaste-o\/","og_locale":"de_DE","og_type":"article","og_title":"Udstillingsbog: Hindsholm den landfaste \u00f8 - Johannes Larsen Museet","og_description":"HINDSHOLM. Den landfaste \u00f8\u00a0har v\u00e6ret en del \u00e5r undervejs og er resultatet at et stort projekt sammen med seks fremtr\u00e6dende danske fotokunstnere: Charlotte Haslund-Christensen, Christina Capetillo, Kirsten Klein, Kurt Rodahl Hoppe, Mikkel \u00d8stergaard og Peter Brandes. De viser tilsammen et protr\u00e6t af omr\u00e5det enest\u00e5ende kulturelle og landskabelige kvaliteter. Finn Thrane, st\u00e5r bag projektets ide og kuratering af udstillingen.  L\u00e6s mere om udstillingen\u00a0HER","og_url":"https:\/\/johanneslarsenmuseet.dk\/de\/produkt\/udstillingsbog-hindsholm-den-landfaste-o\/","og_site_name":"Johannes Larsen Museet","article_publisher":"https:\/\/www.facebook.com\/JohannesLarsenMuseet","article_modified_time":"2024-12-27T11:45:07+00:00","og_image":[{"width":504,"height":640,"url":"https:\/\/johanneslarsenmuseet.dk\/wp-content\/uploads\/2022\/04\/Udstillingsbog.-Hindsholm-den-landfaste-o.jpg","type":"image\/jpeg"}],"twitter_card":"summary_large_image","schema":{"@context":"https:\/\/schema.org","@graph":[{"@type":"WebPage","@id":"https:\/\/johanneslarsenmuseet.dk\/de\/produkt\/udstillingsbog-hindsholm-den-landfaste-o\/","url":"https:\/\/johanneslarsenmuseet.dk\/de\/produkt\/udstillingsbog-hindsholm-den-landfaste-o\/","name":"Udstillingsbog: Hindsholm den landfaste \u00f8 - Johannes Larsen Museet","isPartOf":{"@id":"https:\/\/johanneslarsenmuseet.dk\/de\/#website"},"primaryImageOfPage":{"@id":"https:\/\/johanneslarsenmuseet.dk\/de\/produkt\/udstillingsbog-hindsholm-den-landfaste-o\/#primaryimage"},"image":{"@id":"https:\/\/johanneslarsenmuseet.dk\/de\/produkt\/udstillingsbog-hindsholm-den-landfaste-o\/#primaryimage"},"thumbnailUrl":"https:\/\/johanneslarsenmuseet.dk\/wp-content\/uploads\/2022\/04\/Udstillingsbog.-Hindsholm-den-landfaste-o.jpg","datePublished":"2022-04-04T09:34:32+00:00","dateModified":"2024-12-27T11:45:07+00:00","breadcrumb":{"@id":"https:\/\/johanneslarsenmuseet.dk\/de\/produkt\/udstillingsbog-hindsholm-den-landfaste-o\/#breadcrumb"},"inLanguage":"de","potentialAction":[{"@type":"ReadAction","target":["https:\/\/johanneslarsenmuseet.dk\/de\/produkt\/udstillingsbog-hindsholm-den-landfaste-o\/"]}]},{"@type":"ImageObject","inLanguage":"de","@id":"https:\/\/johanneslarsenmuseet.dk\/de\/produkt\/udstillingsbog-hindsholm-den-landfaste-o\/#primaryimage","url":"https:\/\/johanneslarsenmuseet.dk\/wp-content\/uploads\/2022\/04\/Udstillingsbog.-Hindsholm-den-landfaste-o.jpg","contentUrl":"https:\/\/johanneslarsenmuseet.dk\/wp-content\/uploads\/2022\/04\/Udstillingsbog.-Hindsholm-den-landfaste-o.jpg","width":504,"height":640,"caption":"Udstillingsbog: Hindsholm den landfaste \u00f8"},{"@type":"BreadcrumbList","@id":"https:\/\/johanneslarsenmuseet.dk\/de\/produkt\/udstillingsbog-hindsholm-den-landfaste-o\/#breadcrumb","itemListElement":[{"@type":"ListItem","position":1,"name":"Hjem","item":"https:\/\/johanneslarsenmuseet.dk\/de\/"},{"@type":"ListItem","position":2,"name":"Shop","item":"https:\/\/johanneslarsenmuseet.dk\/shop\/"},{"@type":"ListItem","position":3,"name":"Udstillingsbog: Hindsholm den landfaste \u00f8"}]},{"@type":"WebSite","@id":"https:\/\/johanneslarsenmuseet.dk\/de\/#website","url":"https:\/\/johanneslarsenmuseet.dk\/de\/","name":"Johannes Larsen Museet","description":"Oplevelser for hele familien","publisher":{"@id":"https:\/\/johanneslarsenmuseet.dk\/de\/#organization"},"potentialAction":[{"@type":"SearchAction","target":{"@type":"EntryPoint","urlTemplate":"https:\/\/johanneslarsenmuseet.dk\/de\/?s={search_term_string}"},"query-input":{"@type":"PropertyValueSpecification","valueRequired":true,"valueName":"search_term_string"}}],"inLanguage":"de"},{"@type":"Organization","@id":"https:\/\/johanneslarsenmuseet.dk\/de\/#organization","name":"Johanne Larsen Museet","url":"https:\/\/johanneslarsenmuseet.dk\/de\/","logo":{"@type":"ImageObject","inLanguage":"de","@id":"https:\/\/johanneslarsenmuseet.dk\/de\/#\/schema\/logo\/image\/","url":"https:\/\/johanneslarsenmuseet.dk\/wp-content\/uploads\/2022\/04\/johannes-larsen-logo-black.svg","contentUrl":"https:\/\/johanneslarsenmuseet.dk\/wp-content\/uploads\/2022\/04\/johannes-larsen-logo-black.svg","width":1,"height":1,"caption":"Johanne Larsen Museet"},"image":{"@id":"https:\/\/johanneslarsenmuseet.dk\/de\/#\/schema\/logo\/image\/"},"sameAs":["https:\/\/www.facebook.com\/JohannesLarsenMuseet","https:\/\/www.instagram.com\/johanneslarsenmuseet\/","https:\/\/twitter.com\/johlarsenmuseum?lang=da"]}]}},"_links":{"self":[{"href":"https:\/\/johanneslarsenmuseet.dk\/de\/wp-json\/wp\/v2\/product\/205031","targetHints":{"allow":["GET"]}}],"collection":[{"href":"https:\/\/johanneslarsenmuseet.dk\/de\/wp-json\/wp\/v2\/product"}],"about":[{"href":"https:\/\/johanneslarsenmuseet.dk\/de\/wp-json\/wp\/v2\/types\/product"}],"wp:featuredmedia":[{"embeddable":true,"href":"https:\/\/johanneslarsenmuseet.dk\/de\/wp-json\/wp\/v2\/media\/205033"}],"wp:attachment":[{"href":"https:\/\/johanneslarsenmuseet.dk\/de\/wp-json\/wp\/v2\/media?parent=205031"}],"wp:term":[{"taxonomy":"product_brand","embeddable":true,"href":"https:\/\/johanneslarsenmuseet.dk\/de\/wp-json\/wp\/v2\/product_brand?post=205031"},{"taxonomy":"product_cat","embeddable":true,"href":"https:\/\/johanneslarsenmuseet.dk\/de\/wp-json\/wp\/v2\/product_cat?post=205031"},{"taxonomy":"product_tag","embeddable":true,"href":"https:\/\/johanneslarsenmuseet.dk\/de\/wp-json\/wp\/v2\/product_tag?post=205031"}],"curies":[{"name":"wp","href":"https:\/\/api.w.org\/{rel}","templated":true}]}}