{"id":205099,"date":"2022-04-04T13:09:26","date_gmt":"2022-04-04T13:09:26","guid":{"rendered":"http:\/\/johanneslarsenmuseet.dk\/?post_type=product&#038;p=205099"},"modified":"2024-09-27T06:41:18","modified_gmt":"2024-09-27T06:41:18","slug":"gensyn-med-de-danskes-oer-iii","status":"publish","type":"product","link":"https:\/\/johanneslarsenmuseet.dk\/de\/produkt\/gensyn-med-de-danskes-oer-iii\/","title":{"rendered":"Gensyn med De Danskes \u00d8er III"},"content":{"rendered":"<span class=\"et_bloom_bottom_trigger\"><\/span>","protected":false},"excerpt":{"rendered":"<p>DVD<\/p>\n<p>AF ERIK SKIBSTED OG J\u00d8RGEN FLINDT PEDERSEN. 2011<\/p>\n<p>I 1921 drog globetrotteren Achton Friis sammen med Johannes Larsen ud p\u00e5 den f\u00f8rste af de ekspeditioner med Rylen, som blev til storv\u00e6rket De Danskes \u00d8er. Den gik til det sydfynske \u00f8hav.<br \/>\nI august 2005 sejlede vi med Rylen den samme rute, og i 2008 gik turen fra Heln\u00e6sbugten gennem Lilleb\u00e6lt og nord om Fyn tilbage til Kerteminde. Det tredje togt i august 2010 gik gennem Storeb\u00e6lt. Sm\u00e5landsfarvandet og endte i Nyord v. M\u00f8n. Med p\u00e5 togterne er museumsdirekt\u00f8r Erland Porsmose og billedkunstneren Jens Bohr fra Kerteminde for at skildre \u00f8ernes udvikling i 90 \u00e5r \u2013 siden Rylens f\u00f8rste togt. Optagelser fra Agers\u00f8, Om\u00f8, Fej\u00f8, Fem\u00f8, Ask\u00f8-Lille\u00f8 og NyordBonus: Med Greven p\u00e5 Lindholm \u2013 ved Ask\u00f8<\/p>\n","protected":false},"featured_media":205100,"template":"","meta":{"_et_pb_use_builder":"","_et_pb_old_content":"","_et_gb_content_width":""},"product_brand":[],"product_cat":[85,23,28],"product_tag":[],"class_list":{"0":"post-205099","1":"product","2":"type-product","3":"status-publish","4":"has-post-thumbnail","6":"product_cat-tilbud","7":"product_cat-boger-film","8":"product_cat-dvd-film","10":"first","11":"instock","12":"sale","13":"taxable","14":"shipping-taxable","15":"purchasable","16":"product-type-simple"},"yoast_head":"<!-- This site is optimized with the Yoast SEO plugin v24.5 - https:\/\/yoast.com\/wordpress\/plugins\/seo\/ -->\n<title>Gensyn med De Danskes \u00d8er III - Johannes Larsen Museet<\/title>\n<meta name=\"robots\" content=\"index, follow, max-snippet:-1, max-image-preview:large, max-video-preview:-1\" \/>\n<link rel=\"canonical\" href=\"https:\/\/johanneslarsenmuseet.dk\/de\/produkt\/gensyn-med-de-danskes-oer-iii\/\" \/>\n<meta property=\"og:locale\" content=\"de_DE\" \/>\n<meta property=\"og:type\" content=\"article\" \/>\n<meta property=\"og:title\" content=\"Gensyn med De Danskes \u00d8er III - Johannes Larsen Museet\" \/>\n<meta property=\"og:description\" content=\"DVD  AF ERIK SKIBSTED OG J\u00d8RGEN FLINDT PEDERSEN. 2011  I 1921 drog globetrotteren Achton Friis sammen med Johannes Larsen ud p\u00e5 den f\u00f8rste af de ekspeditioner med Rylen, som blev til storv\u00e6rket De Danskes \u00d8er. Den gik til det sydfynske \u00f8hav. I august 2005 sejlede vi med Rylen den samme rute, og i 2008 gik turen fra Heln\u00e6sbugten gennem Lilleb\u00e6lt og nord om Fyn tilbage til Kerteminde. Det tredje togt i august 2010 gik gennem Storeb\u00e6lt. Sm\u00e5landsfarvandet og endte i Nyord v. M\u00f8n. Med p\u00e5 togterne er museumsdirekt\u00f8r Erland Porsmose og billedkunstneren Jens Bohr fra Kerteminde for at skildre \u00f8ernes udvikling i 90 \u00e5r \u2013 siden Rylens f\u00f8rste togt. Optagelser fra Agers\u00f8, Om\u00f8, Fej\u00f8, Fem\u00f8, Ask\u00f8-Lille\u00f8 og NyordBonus: Med Greven p\u00e5 Lindholm \u2013 ved Ask\u00f8\" \/>\n<meta property=\"og:url\" content=\"https:\/\/johanneslarsenmuseet.dk\/de\/produkt\/gensyn-med-de-danskes-oer-iii\/\" \/>\n<meta property=\"og:site_name\" content=\"Johannes Larsen Museet\" \/>\n<meta property=\"article:publisher\" content=\"https:\/\/www.facebook.com\/JohannesLarsenMuseet\" \/>\n<meta property=\"article:modified_time\" content=\"2024-09-27T06:41:18+00:00\" \/>\n<meta property=\"og:image\" content=\"https:\/\/johanneslarsenmuseet.dk\/wp-content\/uploads\/2022\/04\/Gensyn-med-De-Danskes-Oer-III.jpg\" \/>\n\t<meta property=\"og:image:width\" content=\"611\" \/>\n\t<meta property=\"og:image:height\" content=\"791\" \/>\n\t<meta property=\"og:image:type\" content=\"image\/jpeg\" \/>\n<meta name=\"twitter:card\" content=\"summary_large_image\" \/>\n<script type=\"application\/ld+json\" class=\"yoast-schema-graph\">{\"@context\":\"https:\/\/schema.org\",\"@graph\":[{\"@type\":\"WebPage\",\"@id\":\"https:\/\/johanneslarsenmuseet.dk\/de\/produkt\/gensyn-med-de-danskes-oer-iii\/\",\"url\":\"https:\/\/johanneslarsenmuseet.dk\/de\/produkt\/gensyn-med-de-danskes-oer-iii\/\",\"name\":\"Gensyn med De Danskes \u00d8er III - Johannes Larsen Museet\",\"isPartOf\":{\"@id\":\"https:\/\/johanneslarsenmuseet.dk\/de\/#website\"},\"primaryImageOfPage\":{\"@id\":\"https:\/\/johanneslarsenmuseet.dk\/de\/produkt\/gensyn-med-de-danskes-oer-iii\/#primaryimage\"},\"image\":{\"@id\":\"https:\/\/johanneslarsenmuseet.dk\/de\/produkt\/gensyn-med-de-danskes-oer-iii\/#primaryimage\"},\"thumbnailUrl\":\"https:\/\/johanneslarsenmuseet.dk\/wp-content\/uploads\/2022\/04\/Gensyn-med-De-Danskes-Oer-III.jpg\",\"datePublished\":\"2022-04-04T13:09:26+00:00\",\"dateModified\":\"2024-09-27T06:41:18+00:00\",\"breadcrumb\":{\"@id\":\"https:\/\/johanneslarsenmuseet.dk\/de\/produkt\/gensyn-med-de-danskes-oer-iii\/#breadcrumb\"},\"inLanguage\":\"de\",\"potentialAction\":[{\"@type\":\"ReadAction\",\"target\":[\"https:\/\/johanneslarsenmuseet.dk\/de\/produkt\/gensyn-med-de-danskes-oer-iii\/\"]}]},{\"@type\":\"ImageObject\",\"inLanguage\":\"de\",\"@id\":\"https:\/\/johanneslarsenmuseet.dk\/de\/produkt\/gensyn-med-de-danskes-oer-iii\/#primaryimage\",\"url\":\"https:\/\/johanneslarsenmuseet.dk\/wp-content\/uploads\/2022\/04\/Gensyn-med-De-Danskes-Oer-III.jpg\",\"contentUrl\":\"https:\/\/johanneslarsenmuseet.dk\/wp-content\/uploads\/2022\/04\/Gensyn-med-De-Danskes-Oer-III.jpg\",\"width\":611,\"height\":791,\"caption\":\"Gensyn med De Danskes \u00d8er III\"},{\"@type\":\"BreadcrumbList\",\"@id\":\"https:\/\/johanneslarsenmuseet.dk\/de\/produkt\/gensyn-med-de-danskes-oer-iii\/#breadcrumb\",\"itemListElement\":[{\"@type\":\"ListItem\",\"position\":1,\"name\":\"Hjem\",\"item\":\"https:\/\/johanneslarsenmuseet.dk\/de\/\"},{\"@type\":\"ListItem\",\"position\":2,\"name\":\"Shop\",\"item\":\"https:\/\/johanneslarsenmuseet.dk\/shop\/\"},{\"@type\":\"ListItem\",\"position\":3,\"name\":\"Gensyn med De Danskes \u00d8er III\"}]},{\"@type\":\"WebSite\",\"@id\":\"https:\/\/johanneslarsenmuseet.dk\/de\/#website\",\"url\":\"https:\/\/johanneslarsenmuseet.dk\/de\/\",\"name\":\"Johannes Larsen Museet\",\"description\":\"Oplevelser for hele familien\",\"publisher\":{\"@id\":\"https:\/\/johanneslarsenmuseet.dk\/de\/#organization\"},\"potentialAction\":[{\"@type\":\"SearchAction\",\"target\":{\"@type\":\"EntryPoint\",\"urlTemplate\":\"https:\/\/johanneslarsenmuseet.dk\/de\/?s={search_term_string}\"},\"query-input\":{\"@type\":\"PropertyValueSpecification\",\"valueRequired\":true,\"valueName\":\"search_term_string\"}}],\"inLanguage\":\"de\"},{\"@type\":\"Organization\",\"@id\":\"https:\/\/johanneslarsenmuseet.dk\/de\/#organization\",\"name\":\"Johanne Larsen Museet\",\"url\":\"https:\/\/johanneslarsenmuseet.dk\/de\/\",\"logo\":{\"@type\":\"ImageObject\",\"inLanguage\":\"de\",\"@id\":\"https:\/\/johanneslarsenmuseet.dk\/de\/#\/schema\/logo\/image\/\",\"url\":\"https:\/\/johanneslarsenmuseet.dk\/wp-content\/uploads\/2022\/04\/johannes-larsen-logo-black.svg\",\"contentUrl\":\"https:\/\/johanneslarsenmuseet.dk\/wp-content\/uploads\/2022\/04\/johannes-larsen-logo-black.svg\",\"width\":1,\"height\":1,\"caption\":\"Johanne Larsen Museet\"},\"image\":{\"@id\":\"https:\/\/johanneslarsenmuseet.dk\/de\/#\/schema\/logo\/image\/\"},\"sameAs\":[\"https:\/\/www.facebook.com\/JohannesLarsenMuseet\",\"https:\/\/www.instagram.com\/johanneslarsenmuseet\/\",\"https:\/\/twitter.com\/johlarsenmuseum?lang=da\"]}]}<\/script>\n<!-- \/ Yoast SEO plugin. -->","yoast_head_json":{"title":"Gensyn med De Danskes \u00d8er III - Johannes Larsen Museet","robots":{"index":"index","follow":"follow","max-snippet":"max-snippet:-1","max-image-preview":"max-image-preview:large","max-video-preview":"max-video-preview:-1"},"canonical":"https:\/\/johanneslarsenmuseet.dk\/de\/produkt\/gensyn-med-de-danskes-oer-iii\/","og_locale":"de_DE","og_type":"article","og_title":"Gensyn med De Danskes \u00d8er III - Johannes Larsen Museet","og_description":"DVD  AF ERIK SKIBSTED OG J\u00d8RGEN FLINDT PEDERSEN. 2011  I 1921 drog globetrotteren Achton Friis sammen med Johannes Larsen ud p\u00e5 den f\u00f8rste af de ekspeditioner med Rylen, som blev til storv\u00e6rket De Danskes \u00d8er. Den gik til det sydfynske \u00f8hav. I august 2005 sejlede vi med Rylen den samme rute, og i 2008 gik turen fra Heln\u00e6sbugten gennem Lilleb\u00e6lt og nord om Fyn tilbage til Kerteminde. Det tredje togt i august 2010 gik gennem Storeb\u00e6lt. Sm\u00e5landsfarvandet og endte i Nyord v. M\u00f8n. Med p\u00e5 togterne er museumsdirekt\u00f8r Erland Porsmose og billedkunstneren Jens Bohr fra Kerteminde for at skildre \u00f8ernes udvikling i 90 \u00e5r \u2013 siden Rylens f\u00f8rste togt. Optagelser fra Agers\u00f8, Om\u00f8, Fej\u00f8, Fem\u00f8, Ask\u00f8-Lille\u00f8 og NyordBonus: Med Greven p\u00e5 Lindholm \u2013 ved Ask\u00f8","og_url":"https:\/\/johanneslarsenmuseet.dk\/de\/produkt\/gensyn-med-de-danskes-oer-iii\/","og_site_name":"Johannes Larsen Museet","article_publisher":"https:\/\/www.facebook.com\/JohannesLarsenMuseet","article_modified_time":"2024-09-27T06:41:18+00:00","og_image":[{"width":611,"height":791,"url":"https:\/\/johanneslarsenmuseet.dk\/wp-content\/uploads\/2022\/04\/Gensyn-med-De-Danskes-Oer-III.jpg","type":"image\/jpeg"}],"twitter_card":"summary_large_image","schema":{"@context":"https:\/\/schema.org","@graph":[{"@type":"WebPage","@id":"https:\/\/johanneslarsenmuseet.dk\/de\/produkt\/gensyn-med-de-danskes-oer-iii\/","url":"https:\/\/johanneslarsenmuseet.dk\/de\/produkt\/gensyn-med-de-danskes-oer-iii\/","name":"Gensyn med De Danskes \u00d8er III - Johannes Larsen Museet","isPartOf":{"@id":"https:\/\/johanneslarsenmuseet.dk\/de\/#website"},"primaryImageOfPage":{"@id":"https:\/\/johanneslarsenmuseet.dk\/de\/produkt\/gensyn-med-de-danskes-oer-iii\/#primaryimage"},"image":{"@id":"https:\/\/johanneslarsenmuseet.dk\/de\/produkt\/gensyn-med-de-danskes-oer-iii\/#primaryimage"},"thumbnailUrl":"https:\/\/johanneslarsenmuseet.dk\/wp-content\/uploads\/2022\/04\/Gensyn-med-De-Danskes-Oer-III.jpg","datePublished":"2022-04-04T13:09:26+00:00","dateModified":"2024-09-27T06:41:18+00:00","breadcrumb":{"@id":"https:\/\/johanneslarsenmuseet.dk\/de\/produkt\/gensyn-med-de-danskes-oer-iii\/#breadcrumb"},"inLanguage":"de","potentialAction":[{"@type":"ReadAction","target":["https:\/\/johanneslarsenmuseet.dk\/de\/produkt\/gensyn-med-de-danskes-oer-iii\/"]}]},{"@type":"ImageObject","inLanguage":"de","@id":"https:\/\/johanneslarsenmuseet.dk\/de\/produkt\/gensyn-med-de-danskes-oer-iii\/#primaryimage","url":"https:\/\/johanneslarsenmuseet.dk\/wp-content\/uploads\/2022\/04\/Gensyn-med-De-Danskes-Oer-III.jpg","contentUrl":"https:\/\/johanneslarsenmuseet.dk\/wp-content\/uploads\/2022\/04\/Gensyn-med-De-Danskes-Oer-III.jpg","width":611,"height":791,"caption":"Gensyn med De Danskes \u00d8er III"},{"@type":"BreadcrumbList","@id":"https:\/\/johanneslarsenmuseet.dk\/de\/produkt\/gensyn-med-de-danskes-oer-iii\/#breadcrumb","itemListElement":[{"@type":"ListItem","position":1,"name":"Hjem","item":"https:\/\/johanneslarsenmuseet.dk\/de\/"},{"@type":"ListItem","position":2,"name":"Shop","item":"https:\/\/johanneslarsenmuseet.dk\/shop\/"},{"@type":"ListItem","position":3,"name":"Gensyn med De Danskes \u00d8er III"}]},{"@type":"WebSite","@id":"https:\/\/johanneslarsenmuseet.dk\/de\/#website","url":"https:\/\/johanneslarsenmuseet.dk\/de\/","name":"Johannes Larsen Museet","description":"Oplevelser for hele familien","publisher":{"@id":"https:\/\/johanneslarsenmuseet.dk\/de\/#organization"},"potentialAction":[{"@type":"SearchAction","target":{"@type":"EntryPoint","urlTemplate":"https:\/\/johanneslarsenmuseet.dk\/de\/?s={search_term_string}"},"query-input":{"@type":"PropertyValueSpecification","valueRequired":true,"valueName":"search_term_string"}}],"inLanguage":"de"},{"@type":"Organization","@id":"https:\/\/johanneslarsenmuseet.dk\/de\/#organization","name":"Johanne Larsen Museet","url":"https:\/\/johanneslarsenmuseet.dk\/de\/","logo":{"@type":"ImageObject","inLanguage":"de","@id":"https:\/\/johanneslarsenmuseet.dk\/de\/#\/schema\/logo\/image\/","url":"https:\/\/johanneslarsenmuseet.dk\/wp-content\/uploads\/2022\/04\/johannes-larsen-logo-black.svg","contentUrl":"https:\/\/johanneslarsenmuseet.dk\/wp-content\/uploads\/2022\/04\/johannes-larsen-logo-black.svg","width":1,"height":1,"caption":"Johanne Larsen Museet"},"image":{"@id":"https:\/\/johanneslarsenmuseet.dk\/de\/#\/schema\/logo\/image\/"},"sameAs":["https:\/\/www.facebook.com\/JohannesLarsenMuseet","https:\/\/www.instagram.com\/johanneslarsenmuseet\/","https:\/\/twitter.com\/johlarsenmuseum?lang=da"]}]}},"_links":{"self":[{"href":"https:\/\/johanneslarsenmuseet.dk\/de\/wp-json\/wp\/v2\/product\/205099","targetHints":{"allow":["GET"]}}],"collection":[{"href":"https:\/\/johanneslarsenmuseet.dk\/de\/wp-json\/wp\/v2\/product"}],"about":[{"href":"https:\/\/johanneslarsenmuseet.dk\/de\/wp-json\/wp\/v2\/types\/product"}],"wp:featuredmedia":[{"embeddable":true,"href":"https:\/\/johanneslarsenmuseet.dk\/de\/wp-json\/wp\/v2\/media\/205100"}],"wp:attachment":[{"href":"https:\/\/johanneslarsenmuseet.dk\/de\/wp-json\/wp\/v2\/media?parent=205099"}],"wp:term":[{"taxonomy":"product_brand","embeddable":true,"href":"https:\/\/johanneslarsenmuseet.dk\/de\/wp-json\/wp\/v2\/product_brand?post=205099"},{"taxonomy":"product_cat","embeddable":true,"href":"https:\/\/johanneslarsenmuseet.dk\/de\/wp-json\/wp\/v2\/product_cat?post=205099"},{"taxonomy":"product_tag","embeddable":true,"href":"https:\/\/johanneslarsenmuseet.dk\/de\/wp-json\/wp\/v2\/product_tag?post=205099"}],"curies":[{"name":"wp","href":"https:\/\/api.w.org\/{rel}","templated":true}]}}