{"id":205104,"date":"2022-04-04T13:19:05","date_gmt":"2022-04-04T13:19:05","guid":{"rendered":"http:\/\/johanneslarsenmuseet.dk\/?post_type=product&#038;p=205104"},"modified":"2024-09-27T06:41:12","modified_gmt":"2024-09-27T06:41:12","slug":"gensyn-med-de-danskes-oer-ii","status":"publish","type":"product","link":"https:\/\/johanneslarsenmuseet.dk\/de\/produkt\/gensyn-med-de-danskes-oer-ii\/","title":{"rendered":"Gensyn med De Danskes \u00d8er II"},"content":{"rendered":"<span class=\"et_bloom_bottom_trigger\"><\/span>","protected":false},"excerpt":{"rendered":"<p>DVD<\/p>\n<p>Udgivet i forbindelse med b\u00e6ltb\u00e5den \u201dRylens\u201d togt fra Heln\u00e6sbugten gennem Lilleb\u00e6lt, nordom Fyn og tilbage til Kerteminde i 2008.<br \/>\nMed p\u00e5 togtet var J\u00f8rgen Flindt Pedersen, museumsdirekt\u00f8r Erland Porsmose og kunstner Jens Bohr. Togtets m\u00e5l var at skildre \u00f8ernes udvikling i de godt 80 \u00e5r, der var g\u00e5et siden Achton Friis\u00b4 og Johannes Larsens togt med \u201dRylen \u201d i 1920erne. \u201dRylen\u201d ejes i dag af Kerteminde Museer.<\/p>\n","protected":false},"featured_media":205105,"template":"","meta":{"_et_pb_use_builder":"","_et_pb_old_content":"","_et_gb_content_width":""},"product_brand":[],"product_cat":[85,23,28],"product_tag":[],"class_list":{"0":"post-205104","1":"product","2":"type-product","3":"status-publish","4":"has-post-thumbnail","6":"product_cat-tilbud","7":"product_cat-boger-film","8":"product_cat-dvd-film","10":"first","11":"instock","12":"sale","13":"taxable","14":"shipping-taxable","15":"purchasable","16":"product-type-simple"},"yoast_head":"<!-- This site is optimized with the Yoast SEO plugin v24.5 - https:\/\/yoast.com\/wordpress\/plugins\/seo\/ -->\n<title>Gensyn med De Danskes \u00d8er II - Johannes Larsen Museet<\/title>\n<meta name=\"robots\" content=\"index, follow, max-snippet:-1, max-image-preview:large, max-video-preview:-1\" \/>\n<link rel=\"canonical\" href=\"https:\/\/johanneslarsenmuseet.dk\/de\/produkt\/gensyn-med-de-danskes-oer-ii\/\" \/>\n<meta property=\"og:locale\" content=\"de_DE\" \/>\n<meta property=\"og:type\" content=\"article\" \/>\n<meta property=\"og:title\" content=\"Gensyn med De Danskes \u00d8er II - Johannes Larsen Museet\" \/>\n<meta property=\"og:description\" content=\"DVD  Udgivet i forbindelse med b\u00e6ltb\u00e5den \u201dRylens\u201d togt fra Heln\u00e6sbugten gennem Lilleb\u00e6lt, nordom Fyn og tilbage til Kerteminde i 2008. Med p\u00e5 togtet var J\u00f8rgen Flindt Pedersen, museumsdirekt\u00f8r Erland Porsmose og kunstner Jens Bohr. Togtets m\u00e5l var at skildre \u00f8ernes udvikling i de godt 80 \u00e5r, der var g\u00e5et siden Achton Friis\u00b4 og Johannes Larsens togt med \u201dRylen \u201d i 1920erne. \u201dRylen\u201d ejes i dag af Kerteminde Museer.\" \/>\n<meta property=\"og:url\" content=\"https:\/\/johanneslarsenmuseet.dk\/de\/produkt\/gensyn-med-de-danskes-oer-ii\/\" \/>\n<meta property=\"og:site_name\" content=\"Johannes Larsen Museet\" \/>\n<meta property=\"article:publisher\" content=\"https:\/\/www.facebook.com\/JohannesLarsenMuseet\" \/>\n<meta property=\"article:modified_time\" content=\"2024-09-27T06:41:12+00:00\" \/>\n<meta property=\"og:image\" content=\"https:\/\/johanneslarsenmuseet.dk\/wp-content\/uploads\/2022\/04\/Gensyn-med-De-Danskes-Oer-II.jpg\" \/>\n\t<meta property=\"og:image:width\" content=\"1013\" \/>\n\t<meta property=\"og:image:height\" content=\"1487\" \/>\n\t<meta property=\"og:image:type\" content=\"image\/jpeg\" \/>\n<meta name=\"twitter:card\" content=\"summary_large_image\" \/>\n<script type=\"application\/ld+json\" class=\"yoast-schema-graph\">{\"@context\":\"https:\/\/schema.org\",\"@graph\":[{\"@type\":\"WebPage\",\"@id\":\"https:\/\/johanneslarsenmuseet.dk\/de\/produkt\/gensyn-med-de-danskes-oer-ii\/\",\"url\":\"https:\/\/johanneslarsenmuseet.dk\/de\/produkt\/gensyn-med-de-danskes-oer-ii\/\",\"name\":\"Gensyn med De Danskes \u00d8er II - Johannes Larsen Museet\",\"isPartOf\":{\"@id\":\"https:\/\/johanneslarsenmuseet.dk\/de\/#website\"},\"primaryImageOfPage\":{\"@id\":\"https:\/\/johanneslarsenmuseet.dk\/de\/produkt\/gensyn-med-de-danskes-oer-ii\/#primaryimage\"},\"image\":{\"@id\":\"https:\/\/johanneslarsenmuseet.dk\/de\/produkt\/gensyn-med-de-danskes-oer-ii\/#primaryimage\"},\"thumbnailUrl\":\"https:\/\/johanneslarsenmuseet.dk\/wp-content\/uploads\/2022\/04\/Gensyn-med-De-Danskes-Oer-II.jpg\",\"datePublished\":\"2022-04-04T13:19:05+00:00\",\"dateModified\":\"2024-09-27T06:41:12+00:00\",\"breadcrumb\":{\"@id\":\"https:\/\/johanneslarsenmuseet.dk\/de\/produkt\/gensyn-med-de-danskes-oer-ii\/#breadcrumb\"},\"inLanguage\":\"de\",\"potentialAction\":[{\"@type\":\"ReadAction\",\"target\":[\"https:\/\/johanneslarsenmuseet.dk\/de\/produkt\/gensyn-med-de-danskes-oer-ii\/\"]}]},{\"@type\":\"ImageObject\",\"inLanguage\":\"de\",\"@id\":\"https:\/\/johanneslarsenmuseet.dk\/de\/produkt\/gensyn-med-de-danskes-oer-ii\/#primaryimage\",\"url\":\"https:\/\/johanneslarsenmuseet.dk\/wp-content\/uploads\/2022\/04\/Gensyn-med-De-Danskes-Oer-II.jpg\",\"contentUrl\":\"https:\/\/johanneslarsenmuseet.dk\/wp-content\/uploads\/2022\/04\/Gensyn-med-De-Danskes-Oer-II.jpg\",\"width\":1013,\"height\":1487,\"caption\":\"Gensyn med De Danskes \u00d8er II\"},{\"@type\":\"BreadcrumbList\",\"@id\":\"https:\/\/johanneslarsenmuseet.dk\/de\/produkt\/gensyn-med-de-danskes-oer-ii\/#breadcrumb\",\"itemListElement\":[{\"@type\":\"ListItem\",\"position\":1,\"name\":\"Hjem\",\"item\":\"https:\/\/johanneslarsenmuseet.dk\/de\/\"},{\"@type\":\"ListItem\",\"position\":2,\"name\":\"Shop\",\"item\":\"https:\/\/johanneslarsenmuseet.dk\/shop\/\"},{\"@type\":\"ListItem\",\"position\":3,\"name\":\"Gensyn med De Danskes \u00d8er II\"}]},{\"@type\":\"WebSite\",\"@id\":\"https:\/\/johanneslarsenmuseet.dk\/de\/#website\",\"url\":\"https:\/\/johanneslarsenmuseet.dk\/de\/\",\"name\":\"Johannes Larsen Museet\",\"description\":\"Oplevelser for hele familien\",\"publisher\":{\"@id\":\"https:\/\/johanneslarsenmuseet.dk\/de\/#organization\"},\"potentialAction\":[{\"@type\":\"SearchAction\",\"target\":{\"@type\":\"EntryPoint\",\"urlTemplate\":\"https:\/\/johanneslarsenmuseet.dk\/de\/?s={search_term_string}\"},\"query-input\":{\"@type\":\"PropertyValueSpecification\",\"valueRequired\":true,\"valueName\":\"search_term_string\"}}],\"inLanguage\":\"de\"},{\"@type\":\"Organization\",\"@id\":\"https:\/\/johanneslarsenmuseet.dk\/de\/#organization\",\"name\":\"Johanne Larsen Museet\",\"url\":\"https:\/\/johanneslarsenmuseet.dk\/de\/\",\"logo\":{\"@type\":\"ImageObject\",\"inLanguage\":\"de\",\"@id\":\"https:\/\/johanneslarsenmuseet.dk\/de\/#\/schema\/logo\/image\/\",\"url\":\"https:\/\/johanneslarsenmuseet.dk\/wp-content\/uploads\/2022\/04\/johannes-larsen-logo-black.svg\",\"contentUrl\":\"https:\/\/johanneslarsenmuseet.dk\/wp-content\/uploads\/2022\/04\/johannes-larsen-logo-black.svg\",\"width\":1,\"height\":1,\"caption\":\"Johanne Larsen Museet\"},\"image\":{\"@id\":\"https:\/\/johanneslarsenmuseet.dk\/de\/#\/schema\/logo\/image\/\"},\"sameAs\":[\"https:\/\/www.facebook.com\/JohannesLarsenMuseet\",\"https:\/\/www.instagram.com\/johanneslarsenmuseet\/\",\"https:\/\/twitter.com\/johlarsenmuseum?lang=da\"]}]}<\/script>\n<!-- \/ Yoast SEO plugin. -->","yoast_head_json":{"title":"Gensyn med De Danskes \u00d8er II - Johannes Larsen Museet","robots":{"index":"index","follow":"follow","max-snippet":"max-snippet:-1","max-image-preview":"max-image-preview:large","max-video-preview":"max-video-preview:-1"},"canonical":"https:\/\/johanneslarsenmuseet.dk\/de\/produkt\/gensyn-med-de-danskes-oer-ii\/","og_locale":"de_DE","og_type":"article","og_title":"Gensyn med De Danskes \u00d8er II - Johannes Larsen Museet","og_description":"DVD  Udgivet i forbindelse med b\u00e6ltb\u00e5den \u201dRylens\u201d togt fra Heln\u00e6sbugten gennem Lilleb\u00e6lt, nordom Fyn og tilbage til Kerteminde i 2008. Med p\u00e5 togtet var J\u00f8rgen Flindt Pedersen, museumsdirekt\u00f8r Erland Porsmose og kunstner Jens Bohr. Togtets m\u00e5l var at skildre \u00f8ernes udvikling i de godt 80 \u00e5r, der var g\u00e5et siden Achton Friis\u00b4 og Johannes Larsens togt med \u201dRylen \u201d i 1920erne. \u201dRylen\u201d ejes i dag af Kerteminde Museer.","og_url":"https:\/\/johanneslarsenmuseet.dk\/de\/produkt\/gensyn-med-de-danskes-oer-ii\/","og_site_name":"Johannes Larsen Museet","article_publisher":"https:\/\/www.facebook.com\/JohannesLarsenMuseet","article_modified_time":"2024-09-27T06:41:12+00:00","og_image":[{"width":1013,"height":1487,"url":"https:\/\/johanneslarsenmuseet.dk\/wp-content\/uploads\/2022\/04\/Gensyn-med-De-Danskes-Oer-II.jpg","type":"image\/jpeg"}],"twitter_card":"summary_large_image","schema":{"@context":"https:\/\/schema.org","@graph":[{"@type":"WebPage","@id":"https:\/\/johanneslarsenmuseet.dk\/de\/produkt\/gensyn-med-de-danskes-oer-ii\/","url":"https:\/\/johanneslarsenmuseet.dk\/de\/produkt\/gensyn-med-de-danskes-oer-ii\/","name":"Gensyn med De Danskes \u00d8er II - Johannes Larsen Museet","isPartOf":{"@id":"https:\/\/johanneslarsenmuseet.dk\/de\/#website"},"primaryImageOfPage":{"@id":"https:\/\/johanneslarsenmuseet.dk\/de\/produkt\/gensyn-med-de-danskes-oer-ii\/#primaryimage"},"image":{"@id":"https:\/\/johanneslarsenmuseet.dk\/de\/produkt\/gensyn-med-de-danskes-oer-ii\/#primaryimage"},"thumbnailUrl":"https:\/\/johanneslarsenmuseet.dk\/wp-content\/uploads\/2022\/04\/Gensyn-med-De-Danskes-Oer-II.jpg","datePublished":"2022-04-04T13:19:05+00:00","dateModified":"2024-09-27T06:41:12+00:00","breadcrumb":{"@id":"https:\/\/johanneslarsenmuseet.dk\/de\/produkt\/gensyn-med-de-danskes-oer-ii\/#breadcrumb"},"inLanguage":"de","potentialAction":[{"@type":"ReadAction","target":["https:\/\/johanneslarsenmuseet.dk\/de\/produkt\/gensyn-med-de-danskes-oer-ii\/"]}]},{"@type":"ImageObject","inLanguage":"de","@id":"https:\/\/johanneslarsenmuseet.dk\/de\/produkt\/gensyn-med-de-danskes-oer-ii\/#primaryimage","url":"https:\/\/johanneslarsenmuseet.dk\/wp-content\/uploads\/2022\/04\/Gensyn-med-De-Danskes-Oer-II.jpg","contentUrl":"https:\/\/johanneslarsenmuseet.dk\/wp-content\/uploads\/2022\/04\/Gensyn-med-De-Danskes-Oer-II.jpg","width":1013,"height":1487,"caption":"Gensyn med De Danskes \u00d8er II"},{"@type":"BreadcrumbList","@id":"https:\/\/johanneslarsenmuseet.dk\/de\/produkt\/gensyn-med-de-danskes-oer-ii\/#breadcrumb","itemListElement":[{"@type":"ListItem","position":1,"name":"Hjem","item":"https:\/\/johanneslarsenmuseet.dk\/de\/"},{"@type":"ListItem","position":2,"name":"Shop","item":"https:\/\/johanneslarsenmuseet.dk\/shop\/"},{"@type":"ListItem","position":3,"name":"Gensyn med De Danskes \u00d8er II"}]},{"@type":"WebSite","@id":"https:\/\/johanneslarsenmuseet.dk\/de\/#website","url":"https:\/\/johanneslarsenmuseet.dk\/de\/","name":"Johannes Larsen Museet","description":"Oplevelser for hele familien","publisher":{"@id":"https:\/\/johanneslarsenmuseet.dk\/de\/#organization"},"potentialAction":[{"@type":"SearchAction","target":{"@type":"EntryPoint","urlTemplate":"https:\/\/johanneslarsenmuseet.dk\/de\/?s={search_term_string}"},"query-input":{"@type":"PropertyValueSpecification","valueRequired":true,"valueName":"search_term_string"}}],"inLanguage":"de"},{"@type":"Organization","@id":"https:\/\/johanneslarsenmuseet.dk\/de\/#organization","name":"Johanne Larsen Museet","url":"https:\/\/johanneslarsenmuseet.dk\/de\/","logo":{"@type":"ImageObject","inLanguage":"de","@id":"https:\/\/johanneslarsenmuseet.dk\/de\/#\/schema\/logo\/image\/","url":"https:\/\/johanneslarsenmuseet.dk\/wp-content\/uploads\/2022\/04\/johannes-larsen-logo-black.svg","contentUrl":"https:\/\/johanneslarsenmuseet.dk\/wp-content\/uploads\/2022\/04\/johannes-larsen-logo-black.svg","width":1,"height":1,"caption":"Johanne Larsen Museet"},"image":{"@id":"https:\/\/johanneslarsenmuseet.dk\/de\/#\/schema\/logo\/image\/"},"sameAs":["https:\/\/www.facebook.com\/JohannesLarsenMuseet","https:\/\/www.instagram.com\/johanneslarsenmuseet\/","https:\/\/twitter.com\/johlarsenmuseum?lang=da"]}]}},"_links":{"self":[{"href":"https:\/\/johanneslarsenmuseet.dk\/de\/wp-json\/wp\/v2\/product\/205104","targetHints":{"allow":["GET"]}}],"collection":[{"href":"https:\/\/johanneslarsenmuseet.dk\/de\/wp-json\/wp\/v2\/product"}],"about":[{"href":"https:\/\/johanneslarsenmuseet.dk\/de\/wp-json\/wp\/v2\/types\/product"}],"wp:featuredmedia":[{"embeddable":true,"href":"https:\/\/johanneslarsenmuseet.dk\/de\/wp-json\/wp\/v2\/media\/205105"}],"wp:attachment":[{"href":"https:\/\/johanneslarsenmuseet.dk\/de\/wp-json\/wp\/v2\/media?parent=205104"}],"wp:term":[{"taxonomy":"product_brand","embeddable":true,"href":"https:\/\/johanneslarsenmuseet.dk\/de\/wp-json\/wp\/v2\/product_brand?post=205104"},{"taxonomy":"product_cat","embeddable":true,"href":"https:\/\/johanneslarsenmuseet.dk\/de\/wp-json\/wp\/v2\/product_cat?post=205104"},{"taxonomy":"product_tag","embeddable":true,"href":"https:\/\/johanneslarsenmuseet.dk\/de\/wp-json\/wp\/v2\/product_tag?post=205104"}],"curies":[{"name":"wp","href":"https:\/\/api.w.org\/{rel}","templated":true}]}}