{"id":205187,"date":"2022-04-05T09:01:18","date_gmt":"2022-04-05T09:01:18","guid":{"rendered":"http:\/\/johanneslarsenmuseet.dk\/?post_type=product&#038;p=205187"},"modified":"2026-01-21T10:01:54","modified_gmt":"2026-01-21T10:01:54","slug":"den-fynske-kulturarvsekspedition","status":"publish","type":"product","link":"https:\/\/johanneslarsenmuseet.dk\/de\/produkt\/den-fynske-kulturarvsekspedition\/","title":{"rendered":"Den Fynske Kulturarvsekspedition"},"content":{"rendered":"<span class=\"et_bloom_bottom_trigger\"><\/span>","protected":false},"excerpt":{"rendered":"<p>AF LEJBACH &amp; BLENDSTRUP. 2018. 302 sider<\/p>\n<p>100 \u00e5rs forladt fynsk kulturarv svarer igen. 30 fynske steder, der er blevet forladt i l\u00f8bet af de sidste 100 \u00e5r, har givet afs\u00e6t til ny kunst og litteratur. Samtidigt fort\u00e6lles de ofte glemte historier om fynske arbejdspladser, erhvervseventyr og meget andet.<\/p>\n<p>\u201cSINDSSYGT FLOT\u201d, Kulturen p\u00e5 P1<\/p>\n<p>***** \u201cEn smuk og veltilrettelagt bog, der vil pryde ethvert sofabord. Ikke bare p\u00e5 Fyn, men overalt hvor der er l\u00e6sere, som fascineres af m\u00f8det med historien\u201d, Claus Christian Koch, Fyens Stiftstidende.<\/p>\n<p>\u201dIkke mange kan beskrive personer og virkelighed(er) som Blendstrup, der b\u00e5de sanser det absurde i det alvorlige og omvendt. (\u2026) En ganske ambiti\u00f8s udgivelse i bredformat, der giver god plads til b\u00e5de historier og tegninger.\u201d Kent Skov, Dansk BiblioteksCenter.<\/p>\n<p>Fra bogens bagside:<br \/>\nRundt omkring p\u00e5 Fyn og \u00f8erne ligger fortiden gemt. Fabrikker fastfrosset i tiden. Gasv\u00e6rker, der revolutionerede vores belysning og \u00e6ndrede vores d\u00f8gnrytme. Skibsmagnater, der satsede stort og tabte. Skoler, hvor kridtet knapt var t\u00f8rt, og ligningen manglede svaret. Slottet, der blev rammen om en mands sk\u00e6bne. F\u00e6rger fra f\u00f8r vi fik broer og blev landfaste med f\u00e6tter Kaj. Motorbaner, bygget p\u00e5 hvaler. Kroen, hvor det sidste asfaltbal stadig runger i de m\u00f8rnede t\u00e6pper. Jernbanen, friluftsscenen, og den h\u00f8je silo i Langeskov. Det var som at rejse i et landskab p\u00e5 vrangen. Gennem landskaber vi nok havde kendt, men aldrig g\u00e5et ind i p\u00e5 den m\u00e5de. Historien og fort\u00e6llingerne kom af sig selv. De sad p\u00e5 frakkerne n\u00e5r vi kom hjem.<br \/>\n\u2014<br \/>\nOle Lejbach og Jens Blendstrup har p\u00e5 hvert af de 30 steder fors\u00f8gt at indfange fortidens tilstedev\u00e6relse og omsat dette til nye fort\u00e6llinger i deres fabulerende kunst i form af henholdsvis store tegninger og korte fiktive fort\u00e6llinger. Billedkunstner Ole Lejbach har skabt 30 fantastiske og fantasifulde tegninger. Forfatter Jens Blendstrup har skrevet 30 sk\u00f8nlitter\u00e6re fort\u00e6llinger. Med p\u00e5 ekspeditionen var ogs\u00e5 projektmedarbejder og skribent Ann Ammons, der i 30 korte artikler fort\u00e6ller stedernes faktiske historie.<\/p>\n<p>Bogen er udgivet af Kulturarv Fyn og er en del af projekt Mod.Str\u00f8m.\u00a0<a href=\"http:\/\/modstroemfyn.dk\/\" target=\"blank\" rel=\"noopener noreferrer\">L\u00e6s mere om Mod.Str\u00f8m her<\/a>.<\/p>\n","protected":false},"featured_media":205188,"template":"","meta":{"_et_pb_use_builder":"","_et_pb_old_content":"","_et_gb_content_width":""},"product_brand":[],"product_cat":[23,29],"product_tag":[],"class_list":{"0":"post-205187","1":"product","2":"type-product","3":"status-publish","4":"has-post-thumbnail","6":"product_cat-boger-film","7":"product_cat-om-kunst-og-natur","9":"first","10":"instock","11":"taxable","12":"shipping-taxable","13":"purchasable","14":"product-type-simple"},"yoast_head":"<!-- This site is optimized with the Yoast SEO plugin v24.5 - https:\/\/yoast.com\/wordpress\/plugins\/seo\/ -->\n<title>Den Fynske Kulturarvsekspedition - Johannes Larsen Museet<\/title>\n<meta name=\"robots\" content=\"index, follow, max-snippet:-1, max-image-preview:large, max-video-preview:-1\" \/>\n<link rel=\"canonical\" href=\"https:\/\/johanneslarsenmuseet.dk\/de\/produkt\/den-fynske-kulturarvsekspedition\/\" \/>\n<meta property=\"og:locale\" content=\"de_DE\" \/>\n<meta property=\"og:type\" content=\"article\" \/>\n<meta property=\"og:title\" content=\"Den Fynske Kulturarvsekspedition - Johannes Larsen Museet\" \/>\n<meta property=\"og:description\" content=\"AF LEJBACH &amp; BLENDSTRUP. 2018. 302 sider  100 \u00e5rs forladt fynsk kulturarv svarer igen. 30 fynske steder, der er blevet forladt i l\u00f8bet af de sidste 100 \u00e5r, har givet afs\u00e6t til ny kunst og litteratur. Samtidigt fort\u00e6lles de ofte glemte historier om fynske arbejdspladser, erhvervseventyr og meget andet.  \u201cSINDSSYGT FLOT\u201d, Kulturen p\u00e5 P1  ***** \u201cEn smuk og veltilrettelagt bog, der vil pryde ethvert sofabord. Ikke bare p\u00e5 Fyn, men overalt hvor der er l\u00e6sere, som fascineres af m\u00f8det med historien\u201d, Claus Christian Koch, Fyens Stiftstidende.  \u201dIkke mange kan beskrive personer og virkelighed(er) som Blendstrup, der b\u00e5de sanser det absurde i det alvorlige og omvendt. (\u2026) En ganske ambiti\u00f8s udgivelse i bredformat, der giver god plads til b\u00e5de historier og tegninger.\u201d Kent Skov, Dansk BiblioteksCenter.  Fra bogens bagside: Rundt omkring p\u00e5 Fyn og \u00f8erne ligger fortiden gemt. Fabrikker fastfrosset i tiden. Gasv\u00e6rker, der revolutionerede vores belysning og \u00e6ndrede vores d\u00f8gnrytme. Skibsmagnater, der satsede stort og tabte. Skoler, hvor kridtet knapt var t\u00f8rt, og ligningen manglede svaret. Slottet, der blev rammen om en mands sk\u00e6bne. F\u00e6rger fra f\u00f8r vi fik broer og blev landfaste med f\u00e6tter Kaj. Motorbaner, bygget p\u00e5 hvaler. Kroen, hvor det sidste asfaltbal stadig runger i de m\u00f8rnede t\u00e6pper. Jernbanen, friluftsscenen, og den h\u00f8je silo i Langeskov. Det var som at rejse i et landskab p\u00e5 vrangen. Gennem landskaber vi nok havde kendt, men aldrig g\u00e5et ind i p\u00e5 den m\u00e5de. Historien og fort\u00e6llingerne kom af sig selv. De sad p\u00e5 frakkerne n\u00e5r vi kom hjem. \u2014 Ole Lejbach og Jens Blendstrup har p\u00e5 hvert af de 30 steder fors\u00f8gt at indfange fortidens tilstedev\u00e6relse og omsat dette til nye fort\u00e6llinger i deres fabulerende kunst i form af henholdsvis store tegninger og korte fiktive fort\u00e6llinger. Billedkunstner Ole Lejbach har skabt 30 fantastiske og fantasifulde tegninger. Forfatter Jens Blendstrup har skrevet 30 sk\u00f8nlitter\u00e6re fort\u00e6llinger. Med p\u00e5 ekspeditionen var ogs\u00e5 projektmedarbejder og skribent Ann Ammons, der i 30 korte artikler fort\u00e6ller stedernes faktiske historie.  Bogen er udgivet af Kulturarv Fyn og er en del af projekt Mod.Str\u00f8m.\u00a0L\u00e6s mere om Mod.Str\u00f8m her.\" \/>\n<meta property=\"og:url\" content=\"https:\/\/johanneslarsenmuseet.dk\/de\/produkt\/den-fynske-kulturarvsekspedition\/\" \/>\n<meta property=\"og:site_name\" content=\"Johannes Larsen Museet\" \/>\n<meta property=\"article:publisher\" content=\"https:\/\/www.facebook.com\/JohannesLarsenMuseet\" \/>\n<meta property=\"article:modified_time\" content=\"2026-01-21T10:01:54+00:00\" \/>\n<meta property=\"og:image\" content=\"https:\/\/johanneslarsenmuseet.dk\/wp-content\/uploads\/2022\/04\/Den-Fynske-Kulturarvsekspedition.jpg\" \/>\n\t<meta property=\"og:image:width\" content=\"2560\" \/>\n\t<meta property=\"og:image:height\" content=\"2046\" \/>\n\t<meta property=\"og:image:type\" content=\"image\/jpeg\" \/>\n<meta name=\"twitter:card\" content=\"summary_large_image\" \/>\n<script type=\"application\/ld+json\" class=\"yoast-schema-graph\">{\"@context\":\"https:\/\/schema.org\",\"@graph\":[{\"@type\":\"WebPage\",\"@id\":\"https:\/\/johanneslarsenmuseet.dk\/de\/produkt\/den-fynske-kulturarvsekspedition\/\",\"url\":\"https:\/\/johanneslarsenmuseet.dk\/de\/produkt\/den-fynske-kulturarvsekspedition\/\",\"name\":\"Den Fynske Kulturarvsekspedition - Johannes Larsen Museet\",\"isPartOf\":{\"@id\":\"https:\/\/johanneslarsenmuseet.dk\/de\/#website\"},\"primaryImageOfPage\":{\"@id\":\"https:\/\/johanneslarsenmuseet.dk\/de\/produkt\/den-fynske-kulturarvsekspedition\/#primaryimage\"},\"image\":{\"@id\":\"https:\/\/johanneslarsenmuseet.dk\/de\/produkt\/den-fynske-kulturarvsekspedition\/#primaryimage\"},\"thumbnailUrl\":\"https:\/\/johanneslarsenmuseet.dk\/wp-content\/uploads\/2022\/04\/Den-Fynske-Kulturarvsekspedition.jpg\",\"datePublished\":\"2022-04-05T09:01:18+00:00\",\"dateModified\":\"2026-01-21T10:01:54+00:00\",\"breadcrumb\":{\"@id\":\"https:\/\/johanneslarsenmuseet.dk\/de\/produkt\/den-fynske-kulturarvsekspedition\/#breadcrumb\"},\"inLanguage\":\"de\",\"potentialAction\":[{\"@type\":\"ReadAction\",\"target\":[\"https:\/\/johanneslarsenmuseet.dk\/de\/produkt\/den-fynske-kulturarvsekspedition\/\"]}]},{\"@type\":\"ImageObject\",\"inLanguage\":\"de\",\"@id\":\"https:\/\/johanneslarsenmuseet.dk\/de\/produkt\/den-fynske-kulturarvsekspedition\/#primaryimage\",\"url\":\"https:\/\/johanneslarsenmuseet.dk\/wp-content\/uploads\/2022\/04\/Den-Fynske-Kulturarvsekspedition.jpg\",\"contentUrl\":\"https:\/\/johanneslarsenmuseet.dk\/wp-content\/uploads\/2022\/04\/Den-Fynske-Kulturarvsekspedition.jpg\",\"width\":2560,\"height\":2046,\"caption\":\"Den Fynske Kulturarvsekspedition\"},{\"@type\":\"BreadcrumbList\",\"@id\":\"https:\/\/johanneslarsenmuseet.dk\/de\/produkt\/den-fynske-kulturarvsekspedition\/#breadcrumb\",\"itemListElement\":[{\"@type\":\"ListItem\",\"position\":1,\"name\":\"Hjem\",\"item\":\"https:\/\/johanneslarsenmuseet.dk\/de\/\"},{\"@type\":\"ListItem\",\"position\":2,\"name\":\"Shop\",\"item\":\"https:\/\/johanneslarsenmuseet.dk\/shop\/\"},{\"@type\":\"ListItem\",\"position\":3,\"name\":\"Den Fynske Kulturarvsekspedition\"}]},{\"@type\":\"WebSite\",\"@id\":\"https:\/\/johanneslarsenmuseet.dk\/de\/#website\",\"url\":\"https:\/\/johanneslarsenmuseet.dk\/de\/\",\"name\":\"Johannes Larsen Museet\",\"description\":\"Oplevelser for hele familien\",\"publisher\":{\"@id\":\"https:\/\/johanneslarsenmuseet.dk\/de\/#organization\"},\"potentialAction\":[{\"@type\":\"SearchAction\",\"target\":{\"@type\":\"EntryPoint\",\"urlTemplate\":\"https:\/\/johanneslarsenmuseet.dk\/de\/?s={search_term_string}\"},\"query-input\":{\"@type\":\"PropertyValueSpecification\",\"valueRequired\":true,\"valueName\":\"search_term_string\"}}],\"inLanguage\":\"de\"},{\"@type\":\"Organization\",\"@id\":\"https:\/\/johanneslarsenmuseet.dk\/de\/#organization\",\"name\":\"Johanne Larsen Museet\",\"url\":\"https:\/\/johanneslarsenmuseet.dk\/de\/\",\"logo\":{\"@type\":\"ImageObject\",\"inLanguage\":\"de\",\"@id\":\"https:\/\/johanneslarsenmuseet.dk\/de\/#\/schema\/logo\/image\/\",\"url\":\"https:\/\/johanneslarsenmuseet.dk\/wp-content\/uploads\/2022\/04\/johannes-larsen-logo-black.svg\",\"contentUrl\":\"https:\/\/johanneslarsenmuseet.dk\/wp-content\/uploads\/2022\/04\/johannes-larsen-logo-black.svg\",\"width\":1,\"height\":1,\"caption\":\"Johanne Larsen Museet\"},\"image\":{\"@id\":\"https:\/\/johanneslarsenmuseet.dk\/de\/#\/schema\/logo\/image\/\"},\"sameAs\":[\"https:\/\/www.facebook.com\/JohannesLarsenMuseet\",\"https:\/\/www.instagram.com\/johanneslarsenmuseet\/\",\"https:\/\/twitter.com\/johlarsenmuseum?lang=da\"]}]}<\/script>\n<!-- \/ Yoast SEO plugin. -->","yoast_head_json":{"title":"Den Fynske Kulturarvsekspedition - Johannes Larsen Museet","robots":{"index":"index","follow":"follow","max-snippet":"max-snippet:-1","max-image-preview":"max-image-preview:large","max-video-preview":"max-video-preview:-1"},"canonical":"https:\/\/johanneslarsenmuseet.dk\/de\/produkt\/den-fynske-kulturarvsekspedition\/","og_locale":"de_DE","og_type":"article","og_title":"Den Fynske Kulturarvsekspedition - Johannes Larsen Museet","og_description":"AF LEJBACH &amp; BLENDSTRUP. 2018. 302 sider  100 \u00e5rs forladt fynsk kulturarv svarer igen. 30 fynske steder, der er blevet forladt i l\u00f8bet af de sidste 100 \u00e5r, har givet afs\u00e6t til ny kunst og litteratur. Samtidigt fort\u00e6lles de ofte glemte historier om fynske arbejdspladser, erhvervseventyr og meget andet.  \u201cSINDSSYGT FLOT\u201d, Kulturen p\u00e5 P1  ***** \u201cEn smuk og veltilrettelagt bog, der vil pryde ethvert sofabord. Ikke bare p\u00e5 Fyn, men overalt hvor der er l\u00e6sere, som fascineres af m\u00f8det med historien\u201d, Claus Christian Koch, Fyens Stiftstidende.  \u201dIkke mange kan beskrive personer og virkelighed(er) som Blendstrup, der b\u00e5de sanser det absurde i det alvorlige og omvendt. (\u2026) En ganske ambiti\u00f8s udgivelse i bredformat, der giver god plads til b\u00e5de historier og tegninger.\u201d Kent Skov, Dansk BiblioteksCenter.  Fra bogens bagside: Rundt omkring p\u00e5 Fyn og \u00f8erne ligger fortiden gemt. Fabrikker fastfrosset i tiden. Gasv\u00e6rker, der revolutionerede vores belysning og \u00e6ndrede vores d\u00f8gnrytme. Skibsmagnater, der satsede stort og tabte. Skoler, hvor kridtet knapt var t\u00f8rt, og ligningen manglede svaret. Slottet, der blev rammen om en mands sk\u00e6bne. F\u00e6rger fra f\u00f8r vi fik broer og blev landfaste med f\u00e6tter Kaj. Motorbaner, bygget p\u00e5 hvaler. Kroen, hvor det sidste asfaltbal stadig runger i de m\u00f8rnede t\u00e6pper. Jernbanen, friluftsscenen, og den h\u00f8je silo i Langeskov. Det var som at rejse i et landskab p\u00e5 vrangen. Gennem landskaber vi nok havde kendt, men aldrig g\u00e5et ind i p\u00e5 den m\u00e5de. Historien og fort\u00e6llingerne kom af sig selv. De sad p\u00e5 frakkerne n\u00e5r vi kom hjem. \u2014 Ole Lejbach og Jens Blendstrup har p\u00e5 hvert af de 30 steder fors\u00f8gt at indfange fortidens tilstedev\u00e6relse og omsat dette til nye fort\u00e6llinger i deres fabulerende kunst i form af henholdsvis store tegninger og korte fiktive fort\u00e6llinger. Billedkunstner Ole Lejbach har skabt 30 fantastiske og fantasifulde tegninger. Forfatter Jens Blendstrup har skrevet 30 sk\u00f8nlitter\u00e6re fort\u00e6llinger. Med p\u00e5 ekspeditionen var ogs\u00e5 projektmedarbejder og skribent Ann Ammons, der i 30 korte artikler fort\u00e6ller stedernes faktiske historie.  Bogen er udgivet af Kulturarv Fyn og er en del af projekt Mod.Str\u00f8m.\u00a0L\u00e6s mere om Mod.Str\u00f8m her.","og_url":"https:\/\/johanneslarsenmuseet.dk\/de\/produkt\/den-fynske-kulturarvsekspedition\/","og_site_name":"Johannes Larsen Museet","article_publisher":"https:\/\/www.facebook.com\/JohannesLarsenMuseet","article_modified_time":"2026-01-21T10:01:54+00:00","og_image":[{"width":2560,"height":2046,"url":"https:\/\/johanneslarsenmuseet.dk\/wp-content\/uploads\/2022\/04\/Den-Fynske-Kulturarvsekspedition.jpg","type":"image\/jpeg"}],"twitter_card":"summary_large_image","schema":{"@context":"https:\/\/schema.org","@graph":[{"@type":"WebPage","@id":"https:\/\/johanneslarsenmuseet.dk\/de\/produkt\/den-fynske-kulturarvsekspedition\/","url":"https:\/\/johanneslarsenmuseet.dk\/de\/produkt\/den-fynske-kulturarvsekspedition\/","name":"Den Fynske Kulturarvsekspedition - Johannes Larsen Museet","isPartOf":{"@id":"https:\/\/johanneslarsenmuseet.dk\/de\/#website"},"primaryImageOfPage":{"@id":"https:\/\/johanneslarsenmuseet.dk\/de\/produkt\/den-fynske-kulturarvsekspedition\/#primaryimage"},"image":{"@id":"https:\/\/johanneslarsenmuseet.dk\/de\/produkt\/den-fynske-kulturarvsekspedition\/#primaryimage"},"thumbnailUrl":"https:\/\/johanneslarsenmuseet.dk\/wp-content\/uploads\/2022\/04\/Den-Fynske-Kulturarvsekspedition.jpg","datePublished":"2022-04-05T09:01:18+00:00","dateModified":"2026-01-21T10:01:54+00:00","breadcrumb":{"@id":"https:\/\/johanneslarsenmuseet.dk\/de\/produkt\/den-fynske-kulturarvsekspedition\/#breadcrumb"},"inLanguage":"de","potentialAction":[{"@type":"ReadAction","target":["https:\/\/johanneslarsenmuseet.dk\/de\/produkt\/den-fynske-kulturarvsekspedition\/"]}]},{"@type":"ImageObject","inLanguage":"de","@id":"https:\/\/johanneslarsenmuseet.dk\/de\/produkt\/den-fynske-kulturarvsekspedition\/#primaryimage","url":"https:\/\/johanneslarsenmuseet.dk\/wp-content\/uploads\/2022\/04\/Den-Fynske-Kulturarvsekspedition.jpg","contentUrl":"https:\/\/johanneslarsenmuseet.dk\/wp-content\/uploads\/2022\/04\/Den-Fynske-Kulturarvsekspedition.jpg","width":2560,"height":2046,"caption":"Den Fynske Kulturarvsekspedition"},{"@type":"BreadcrumbList","@id":"https:\/\/johanneslarsenmuseet.dk\/de\/produkt\/den-fynske-kulturarvsekspedition\/#breadcrumb","itemListElement":[{"@type":"ListItem","position":1,"name":"Hjem","item":"https:\/\/johanneslarsenmuseet.dk\/de\/"},{"@type":"ListItem","position":2,"name":"Shop","item":"https:\/\/johanneslarsenmuseet.dk\/shop\/"},{"@type":"ListItem","position":3,"name":"Den Fynske Kulturarvsekspedition"}]},{"@type":"WebSite","@id":"https:\/\/johanneslarsenmuseet.dk\/de\/#website","url":"https:\/\/johanneslarsenmuseet.dk\/de\/","name":"Johannes Larsen Museet","description":"Oplevelser for hele familien","publisher":{"@id":"https:\/\/johanneslarsenmuseet.dk\/de\/#organization"},"potentialAction":[{"@type":"SearchAction","target":{"@type":"EntryPoint","urlTemplate":"https:\/\/johanneslarsenmuseet.dk\/de\/?s={search_term_string}"},"query-input":{"@type":"PropertyValueSpecification","valueRequired":true,"valueName":"search_term_string"}}],"inLanguage":"de"},{"@type":"Organization","@id":"https:\/\/johanneslarsenmuseet.dk\/de\/#organization","name":"Johanne Larsen Museet","url":"https:\/\/johanneslarsenmuseet.dk\/de\/","logo":{"@type":"ImageObject","inLanguage":"de","@id":"https:\/\/johanneslarsenmuseet.dk\/de\/#\/schema\/logo\/image\/","url":"https:\/\/johanneslarsenmuseet.dk\/wp-content\/uploads\/2022\/04\/johannes-larsen-logo-black.svg","contentUrl":"https:\/\/johanneslarsenmuseet.dk\/wp-content\/uploads\/2022\/04\/johannes-larsen-logo-black.svg","width":1,"height":1,"caption":"Johanne Larsen Museet"},"image":{"@id":"https:\/\/johanneslarsenmuseet.dk\/de\/#\/schema\/logo\/image\/"},"sameAs":["https:\/\/www.facebook.com\/JohannesLarsenMuseet","https:\/\/www.instagram.com\/johanneslarsenmuseet\/","https:\/\/twitter.com\/johlarsenmuseum?lang=da"]}]}},"_links":{"self":[{"href":"https:\/\/johanneslarsenmuseet.dk\/de\/wp-json\/wp\/v2\/product\/205187","targetHints":{"allow":["GET"]}}],"collection":[{"href":"https:\/\/johanneslarsenmuseet.dk\/de\/wp-json\/wp\/v2\/product"}],"about":[{"href":"https:\/\/johanneslarsenmuseet.dk\/de\/wp-json\/wp\/v2\/types\/product"}],"wp:featuredmedia":[{"embeddable":true,"href":"https:\/\/johanneslarsenmuseet.dk\/de\/wp-json\/wp\/v2\/media\/205188"}],"wp:attachment":[{"href":"https:\/\/johanneslarsenmuseet.dk\/de\/wp-json\/wp\/v2\/media?parent=205187"}],"wp:term":[{"taxonomy":"product_brand","embeddable":true,"href":"https:\/\/johanneslarsenmuseet.dk\/de\/wp-json\/wp\/v2\/product_brand?post=205187"},{"taxonomy":"product_cat","embeddable":true,"href":"https:\/\/johanneslarsenmuseet.dk\/de\/wp-json\/wp\/v2\/product_cat?post=205187"},{"taxonomy":"product_tag","embeddable":true,"href":"https:\/\/johanneslarsenmuseet.dk\/de\/wp-json\/wp\/v2\/product_tag?post=205187"}],"curies":[{"name":"wp","href":"https:\/\/api.w.org\/{rel}","templated":true}]}}