{"id":206178,"date":"2022-06-16T10:27:49","date_gmt":"2022-06-16T10:27:49","guid":{"rendered":"https:\/\/johanneslarsenmuseet.dk\/?post_type=product&#038;p=206178"},"modified":"2026-01-16T09:56:09","modified_gmt":"2026-01-16T09:56:09","slug":"ny-bog-alhed-larsen-150-aar","status":"publish","type":"product","link":"https:\/\/johanneslarsenmuseet.dk\/de\/produkt\/ny-bog-alhed-larsen-150-aar\/","title":{"rendered":"ALHED LARSEN 150 \u00e5r"},"content":{"rendered":"<span class=\"et_bloom_bottom_trigger\"><\/span>","protected":false},"excerpt":{"rendered":"<p>Johannes Larsen Museet har i forbindelse med udstillingen udgivet en forskningsbaseret biografi om Alhed Larsen, der dels er en levnedsbeskrivelse, dels et behandling af Alhed Larsens kunstneriske produktion. Museet r\u00e5der over et omfattende kildemateriale, breve mv., der ligger til grund for meget af forskningen, der s\u00e5ledes pr\u00e6senterer ny viden om Alhed Larsens liv og v\u00e6rk. En del af materialet indg\u00e5r samtidig i sitet Kilder til Dansk Kunsthistorie. De kunsthistoriske dele af bogen belyser Alheds kunst i forhold til hendes liv, familie, kontakter og samtidens kunst- og kulturliv. Endvidere planl\u00e6gger Johannes Larsen Museet diverse formidling, aktiviteter og arrangementer i forbindelse med \u201dAlhed Larsen 150 \u00e5r\u201d.<\/p>\n","protected":false},"featured_media":206180,"template":"","meta":{"_et_pb_use_builder":"on","_et_pb_old_content":"","_et_gb_content_width":""},"product_brand":[],"product_cat":[23,29,36],"product_tag":[],"class_list":{"0":"post-206178","1":"product","2":"type-product","3":"status-publish","4":"has-post-thumbnail","6":"product_cat-boger-film","7":"product_cat-om-kunst-og-natur","8":"product_cat-udstillingsboger","10":"first","11":"instock","12":"taxable","13":"shipping-taxable","14":"purchasable","15":"product-type-simple"},"yoast_head":"<!-- This site is optimized with the Yoast SEO plugin v24.5 - https:\/\/yoast.com\/wordpress\/plugins\/seo\/ -->\n<title>ALHED LARSEN 150 \u00e5r - Johannes Larsen Museet<\/title>\n<meta name=\"robots\" content=\"index, follow, max-snippet:-1, max-image-preview:large, max-video-preview:-1\" \/>\n<link rel=\"canonical\" href=\"https:\/\/johanneslarsenmuseet.dk\/de\/produkt\/ny-bog-alhed-larsen-150-aar\/\" \/>\n<meta property=\"og:locale\" content=\"de_DE\" \/>\n<meta property=\"og:type\" content=\"article\" \/>\n<meta property=\"og:title\" content=\"ALHED LARSEN 150 \u00e5r - Johannes Larsen Museet\" \/>\n<meta property=\"og:description\" content=\"Johannes Larsen Museet har i forbindelse med udstillingen udgivet en forskningsbaseret biografi om Alhed Larsen, der dels er en levnedsbeskrivelse, dels et behandling af Alhed Larsens kunstneriske produktion. Museet r\u00e5der over et omfattende kildemateriale, breve mv., der ligger til grund for meget af forskningen, der s\u00e5ledes pr\u00e6senterer ny viden om Alhed Larsens liv og v\u00e6rk. En del af materialet indg\u00e5r samtidig i sitet Kilder til Dansk Kunsthistorie. De kunsthistoriske dele af bogen belyser Alheds kunst i forhold til hendes liv, familie, kontakter og samtidens kunst- og kulturliv. Endvidere planl\u00e6gger Johannes Larsen Museet diverse formidling, aktiviteter og arrangementer i forbindelse med \u201dAlhed Larsen 150 \u00e5r\u201d.\" \/>\n<meta property=\"og:url\" content=\"https:\/\/johanneslarsenmuseet.dk\/de\/produkt\/ny-bog-alhed-larsen-150-aar\/\" \/>\n<meta property=\"og:site_name\" content=\"Johannes Larsen Museet\" \/>\n<meta property=\"article:publisher\" content=\"https:\/\/www.facebook.com\/JohannesLarsenMuseet\" \/>\n<meta property=\"article:modified_time\" content=\"2026-01-16T09:56:09+00:00\" \/>\n<meta property=\"og:image\" content=\"https:\/\/johanneslarsenmuseet.dk\/wp-content\/uploads\/2022\/06\/Bog-Alhed-Larsen-150-aar.png\" \/>\n\t<meta property=\"og:image:width\" content=\"1080\" \/>\n\t<meta property=\"og:image:height\" content=\"1080\" \/>\n\t<meta property=\"og:image:type\" content=\"image\/png\" \/>\n<meta name=\"twitter:card\" content=\"summary_large_image\" \/>\n<script type=\"application\/ld+json\" class=\"yoast-schema-graph\">{\"@context\":\"https:\/\/schema.org\",\"@graph\":[{\"@type\":\"WebPage\",\"@id\":\"https:\/\/johanneslarsenmuseet.dk\/de\/produkt\/ny-bog-alhed-larsen-150-aar\/\",\"url\":\"https:\/\/johanneslarsenmuseet.dk\/de\/produkt\/ny-bog-alhed-larsen-150-aar\/\",\"name\":\"ALHED LARSEN 150 \u00e5r - Johannes Larsen Museet\",\"isPartOf\":{\"@id\":\"https:\/\/johanneslarsenmuseet.dk\/de\/#website\"},\"primaryImageOfPage\":{\"@id\":\"https:\/\/johanneslarsenmuseet.dk\/de\/produkt\/ny-bog-alhed-larsen-150-aar\/#primaryimage\"},\"image\":{\"@id\":\"https:\/\/johanneslarsenmuseet.dk\/de\/produkt\/ny-bog-alhed-larsen-150-aar\/#primaryimage\"},\"thumbnailUrl\":\"https:\/\/johanneslarsenmuseet.dk\/wp-content\/uploads\/2022\/06\/Bog-Alhed-Larsen-150-aar.png\",\"datePublished\":\"2022-06-16T10:27:49+00:00\",\"dateModified\":\"2026-01-16T09:56:09+00:00\",\"breadcrumb\":{\"@id\":\"https:\/\/johanneslarsenmuseet.dk\/de\/produkt\/ny-bog-alhed-larsen-150-aar\/#breadcrumb\"},\"inLanguage\":\"de\",\"potentialAction\":[{\"@type\":\"ReadAction\",\"target\":[\"https:\/\/johanneslarsenmuseet.dk\/de\/produkt\/ny-bog-alhed-larsen-150-aar\/\"]}]},{\"@type\":\"ImageObject\",\"inLanguage\":\"de\",\"@id\":\"https:\/\/johanneslarsenmuseet.dk\/de\/produkt\/ny-bog-alhed-larsen-150-aar\/#primaryimage\",\"url\":\"https:\/\/johanneslarsenmuseet.dk\/wp-content\/uploads\/2022\/06\/Bog-Alhed-Larsen-150-aar.png\",\"contentUrl\":\"https:\/\/johanneslarsenmuseet.dk\/wp-content\/uploads\/2022\/06\/Bog-Alhed-Larsen-150-aar.png\",\"width\":1080,\"height\":1080,\"caption\":\"Bog Alhed Larsen 150 \u00e5r\"},{\"@type\":\"BreadcrumbList\",\"@id\":\"https:\/\/johanneslarsenmuseet.dk\/de\/produkt\/ny-bog-alhed-larsen-150-aar\/#breadcrumb\",\"itemListElement\":[{\"@type\":\"ListItem\",\"position\":1,\"name\":\"Hjem\",\"item\":\"https:\/\/johanneslarsenmuseet.dk\/de\/\"},{\"@type\":\"ListItem\",\"position\":2,\"name\":\"Shop\",\"item\":\"https:\/\/johanneslarsenmuseet.dk\/shop\/\"},{\"@type\":\"ListItem\",\"position\":3,\"name\":\"ALHED LARSEN 150 \u00e5r\"}]},{\"@type\":\"WebSite\",\"@id\":\"https:\/\/johanneslarsenmuseet.dk\/de\/#website\",\"url\":\"https:\/\/johanneslarsenmuseet.dk\/de\/\",\"name\":\"Johannes Larsen Museet\",\"description\":\"Oplevelser for hele familien\",\"publisher\":{\"@id\":\"https:\/\/johanneslarsenmuseet.dk\/de\/#organization\"},\"potentialAction\":[{\"@type\":\"SearchAction\",\"target\":{\"@type\":\"EntryPoint\",\"urlTemplate\":\"https:\/\/johanneslarsenmuseet.dk\/de\/?s={search_term_string}\"},\"query-input\":{\"@type\":\"PropertyValueSpecification\",\"valueRequired\":true,\"valueName\":\"search_term_string\"}}],\"inLanguage\":\"de\"},{\"@type\":\"Organization\",\"@id\":\"https:\/\/johanneslarsenmuseet.dk\/de\/#organization\",\"name\":\"Johanne Larsen Museet\",\"url\":\"https:\/\/johanneslarsenmuseet.dk\/de\/\",\"logo\":{\"@type\":\"ImageObject\",\"inLanguage\":\"de\",\"@id\":\"https:\/\/johanneslarsenmuseet.dk\/de\/#\/schema\/logo\/image\/\",\"url\":\"https:\/\/johanneslarsenmuseet.dk\/wp-content\/uploads\/2022\/04\/johannes-larsen-logo-black.svg\",\"contentUrl\":\"https:\/\/johanneslarsenmuseet.dk\/wp-content\/uploads\/2022\/04\/johannes-larsen-logo-black.svg\",\"width\":1,\"height\":1,\"caption\":\"Johanne Larsen Museet\"},\"image\":{\"@id\":\"https:\/\/johanneslarsenmuseet.dk\/de\/#\/schema\/logo\/image\/\"},\"sameAs\":[\"https:\/\/www.facebook.com\/JohannesLarsenMuseet\",\"https:\/\/www.instagram.com\/johanneslarsenmuseet\/\",\"https:\/\/twitter.com\/johlarsenmuseum?lang=da\"]}]}<\/script>\n<!-- \/ Yoast SEO plugin. -->","yoast_head_json":{"title":"ALHED LARSEN 150 \u00e5r - Johannes Larsen Museet","robots":{"index":"index","follow":"follow","max-snippet":"max-snippet:-1","max-image-preview":"max-image-preview:large","max-video-preview":"max-video-preview:-1"},"canonical":"https:\/\/johanneslarsenmuseet.dk\/de\/produkt\/ny-bog-alhed-larsen-150-aar\/","og_locale":"de_DE","og_type":"article","og_title":"ALHED LARSEN 150 \u00e5r - Johannes Larsen Museet","og_description":"Johannes Larsen Museet har i forbindelse med udstillingen udgivet en forskningsbaseret biografi om Alhed Larsen, der dels er en levnedsbeskrivelse, dels et behandling af Alhed Larsens kunstneriske produktion. Museet r\u00e5der over et omfattende kildemateriale, breve mv., der ligger til grund for meget af forskningen, der s\u00e5ledes pr\u00e6senterer ny viden om Alhed Larsens liv og v\u00e6rk. En del af materialet indg\u00e5r samtidig i sitet Kilder til Dansk Kunsthistorie. De kunsthistoriske dele af bogen belyser Alheds kunst i forhold til hendes liv, familie, kontakter og samtidens kunst- og kulturliv. Endvidere planl\u00e6gger Johannes Larsen Museet diverse formidling, aktiviteter og arrangementer i forbindelse med \u201dAlhed Larsen 150 \u00e5r\u201d.","og_url":"https:\/\/johanneslarsenmuseet.dk\/de\/produkt\/ny-bog-alhed-larsen-150-aar\/","og_site_name":"Johannes Larsen Museet","article_publisher":"https:\/\/www.facebook.com\/JohannesLarsenMuseet","article_modified_time":"2026-01-16T09:56:09+00:00","og_image":[{"width":1080,"height":1080,"url":"https:\/\/johanneslarsenmuseet.dk\/wp-content\/uploads\/2022\/06\/Bog-Alhed-Larsen-150-aar.png","type":"image\/png"}],"twitter_card":"summary_large_image","schema":{"@context":"https:\/\/schema.org","@graph":[{"@type":"WebPage","@id":"https:\/\/johanneslarsenmuseet.dk\/de\/produkt\/ny-bog-alhed-larsen-150-aar\/","url":"https:\/\/johanneslarsenmuseet.dk\/de\/produkt\/ny-bog-alhed-larsen-150-aar\/","name":"ALHED LARSEN 150 \u00e5r - Johannes Larsen Museet","isPartOf":{"@id":"https:\/\/johanneslarsenmuseet.dk\/de\/#website"},"primaryImageOfPage":{"@id":"https:\/\/johanneslarsenmuseet.dk\/de\/produkt\/ny-bog-alhed-larsen-150-aar\/#primaryimage"},"image":{"@id":"https:\/\/johanneslarsenmuseet.dk\/de\/produkt\/ny-bog-alhed-larsen-150-aar\/#primaryimage"},"thumbnailUrl":"https:\/\/johanneslarsenmuseet.dk\/wp-content\/uploads\/2022\/06\/Bog-Alhed-Larsen-150-aar.png","datePublished":"2022-06-16T10:27:49+00:00","dateModified":"2026-01-16T09:56:09+00:00","breadcrumb":{"@id":"https:\/\/johanneslarsenmuseet.dk\/de\/produkt\/ny-bog-alhed-larsen-150-aar\/#breadcrumb"},"inLanguage":"de","potentialAction":[{"@type":"ReadAction","target":["https:\/\/johanneslarsenmuseet.dk\/de\/produkt\/ny-bog-alhed-larsen-150-aar\/"]}]},{"@type":"ImageObject","inLanguage":"de","@id":"https:\/\/johanneslarsenmuseet.dk\/de\/produkt\/ny-bog-alhed-larsen-150-aar\/#primaryimage","url":"https:\/\/johanneslarsenmuseet.dk\/wp-content\/uploads\/2022\/06\/Bog-Alhed-Larsen-150-aar.png","contentUrl":"https:\/\/johanneslarsenmuseet.dk\/wp-content\/uploads\/2022\/06\/Bog-Alhed-Larsen-150-aar.png","width":1080,"height":1080,"caption":"Bog Alhed Larsen 150 \u00e5r"},{"@type":"BreadcrumbList","@id":"https:\/\/johanneslarsenmuseet.dk\/de\/produkt\/ny-bog-alhed-larsen-150-aar\/#breadcrumb","itemListElement":[{"@type":"ListItem","position":1,"name":"Hjem","item":"https:\/\/johanneslarsenmuseet.dk\/de\/"},{"@type":"ListItem","position":2,"name":"Shop","item":"https:\/\/johanneslarsenmuseet.dk\/shop\/"},{"@type":"ListItem","position":3,"name":"ALHED LARSEN 150 \u00e5r"}]},{"@type":"WebSite","@id":"https:\/\/johanneslarsenmuseet.dk\/de\/#website","url":"https:\/\/johanneslarsenmuseet.dk\/de\/","name":"Johannes Larsen Museet","description":"Oplevelser for hele familien","publisher":{"@id":"https:\/\/johanneslarsenmuseet.dk\/de\/#organization"},"potentialAction":[{"@type":"SearchAction","target":{"@type":"EntryPoint","urlTemplate":"https:\/\/johanneslarsenmuseet.dk\/de\/?s={search_term_string}"},"query-input":{"@type":"PropertyValueSpecification","valueRequired":true,"valueName":"search_term_string"}}],"inLanguage":"de"},{"@type":"Organization","@id":"https:\/\/johanneslarsenmuseet.dk\/de\/#organization","name":"Johanne Larsen Museet","url":"https:\/\/johanneslarsenmuseet.dk\/de\/","logo":{"@type":"ImageObject","inLanguage":"de","@id":"https:\/\/johanneslarsenmuseet.dk\/de\/#\/schema\/logo\/image\/","url":"https:\/\/johanneslarsenmuseet.dk\/wp-content\/uploads\/2022\/04\/johannes-larsen-logo-black.svg","contentUrl":"https:\/\/johanneslarsenmuseet.dk\/wp-content\/uploads\/2022\/04\/johannes-larsen-logo-black.svg","width":1,"height":1,"caption":"Johanne Larsen Museet"},"image":{"@id":"https:\/\/johanneslarsenmuseet.dk\/de\/#\/schema\/logo\/image\/"},"sameAs":["https:\/\/www.facebook.com\/JohannesLarsenMuseet","https:\/\/www.instagram.com\/johanneslarsenmuseet\/","https:\/\/twitter.com\/johlarsenmuseum?lang=da"]}]}},"_links":{"self":[{"href":"https:\/\/johanneslarsenmuseet.dk\/de\/wp-json\/wp\/v2\/product\/206178","targetHints":{"allow":["GET"]}}],"collection":[{"href":"https:\/\/johanneslarsenmuseet.dk\/de\/wp-json\/wp\/v2\/product"}],"about":[{"href":"https:\/\/johanneslarsenmuseet.dk\/de\/wp-json\/wp\/v2\/types\/product"}],"wp:featuredmedia":[{"embeddable":true,"href":"https:\/\/johanneslarsenmuseet.dk\/de\/wp-json\/wp\/v2\/media\/206180"}],"wp:attachment":[{"href":"https:\/\/johanneslarsenmuseet.dk\/de\/wp-json\/wp\/v2\/media?parent=206178"}],"wp:term":[{"taxonomy":"product_brand","embeddable":true,"href":"https:\/\/johanneslarsenmuseet.dk\/de\/wp-json\/wp\/v2\/product_brand?post=206178"},{"taxonomy":"product_cat","embeddable":true,"href":"https:\/\/johanneslarsenmuseet.dk\/de\/wp-json\/wp\/v2\/product_cat?post=206178"},{"taxonomy":"product_tag","embeddable":true,"href":"https:\/\/johanneslarsenmuseet.dk\/de\/wp-json\/wp\/v2\/product_tag?post=206178"}],"curies":[{"name":"wp","href":"https:\/\/api.w.org\/{rel}","templated":true}]}}