{"id":208936,"date":"2022-11-17T14:27:15","date_gmt":"2022-11-17T14:27:15","guid":{"rendered":"https:\/\/johanneslarsenmuseet.dk\/?post_type=product&#038;p=208936"},"modified":"2024-09-27T06:38:57","modified_gmt":"2024-09-27T06:38:57","slug":"naturhistorier","status":"publish","type":"product","link":"https:\/\/johanneslarsenmuseet.dk\/de\/produkt\/naturhistorier\/","title":{"rendered":"Naturhistorier"},"content":{"rendered":"<span class=\"et_bloom_bottom_trigger\"><\/span>","protected":false},"excerpt":{"rendered":"<p>NATURHISTORIER er fascinerende og oplysende kig ind i naturens mangfoldige univers \u2013 mest om det, der lettest byder sig til for sanserne p\u00e5 ture til lands.<\/p>\n<p>Der er historier om flora, fugle, insekter, svampe og en strandet fisk. Om guldsmede, der kan flyve bagl\u00e6ns, om en vadefugl ved navn Knud, om bier med bukser p\u00e5, om en sk\u00f8r sp\u00f8gelsesorkide, om indvandrere med fjer, om regnbuer og vokshatte, om en usynlig gedemalker, om hvide n\u00e6tter, om sne, der faldt i fjor og en del mere.<\/p>\n<p>Der er afs\u00e6t i lokale Thur\u00f8, i T\u00e5singe og Sydfyn, i andre danske egne og videre ud i rum og tid \u2013 og med spredte litter\u00e6re, musikalske og historiske referencer.<\/p>\n<p>Historierne er inddelt efter \u00e5rets m\u00e5neder og kan bruges som inspiration til udflugter og gode oplevelser, ogs\u00e5 sammen med b\u00f8rn og b\u00f8rneb\u00f8rn.<\/p>\n<p>Udgivet af Danmarks Naturfredningforenng Svendborg<\/p>\n<p>Tekst: Ian Heilmann<\/p>\n<p>105 sider<\/p>\n<table class=\" zebra simpleTable\">\n<tbody>\n<tr>\n<td>Bredde: 14Cm &#8211; H\u00f8jde: 14Cm<\/td>\n<\/tr>\n<\/tbody>\n<\/table>\n","protected":false},"featured_media":208954,"template":"","meta":{"_et_pb_use_builder":"","_et_pb_old_content":"","_et_gb_content_width":""},"product_brand":[],"product_cat":[85,23,29],"product_tag":[76],"class_list":{"0":"post-208936","1":"product","2":"type-product","3":"status-publish","4":"has-post-thumbnail","6":"product_cat-tilbud","7":"product_cat-boger-film","8":"product_cat-om-kunst-og-natur","9":"product_tag-natur","11":"first","12":"instock","13":"sale","14":"taxable","15":"shipping-taxable","16":"purchasable","17":"product-type-simple"},"yoast_head":"<!-- This site is optimized with the Yoast SEO plugin v24.5 - https:\/\/yoast.com\/wordpress\/plugins\/seo\/ -->\n<title>Naturhistorier - Johannes Larsen Museet<\/title>\n<meta name=\"robots\" content=\"index, follow, max-snippet:-1, max-image-preview:large, max-video-preview:-1\" \/>\n<link rel=\"canonical\" href=\"https:\/\/johanneslarsenmuseet.dk\/de\/produkt\/naturhistorier\/\" \/>\n<meta property=\"og:locale\" content=\"de_DE\" \/>\n<meta property=\"og:type\" content=\"article\" \/>\n<meta property=\"og:title\" content=\"Naturhistorier - Johannes Larsen Museet\" \/>\n<meta property=\"og:description\" content=\"NATURHISTORIER er fascinerende og oplysende kig ind i naturens mangfoldige univers \u2013 mest om det, der lettest byder sig til for sanserne p\u00e5 ture til lands.  Der er historier om flora, fugle, insekter, svampe og en strandet fisk. Om guldsmede, der kan flyve bagl\u00e6ns, om en vadefugl ved navn Knud, om bier med bukser p\u00e5, om en sk\u00f8r sp\u00f8gelsesorkide, om indvandrere med fjer, om regnbuer og vokshatte, om en usynlig gedemalker, om hvide n\u00e6tter, om sne, der faldt i fjor og en del mere.  Der er afs\u00e6t i lokale Thur\u00f8, i T\u00e5singe og Sydfyn, i andre danske egne og videre ud i rum og tid \u2013 og med spredte litter\u00e6re, musikalske og historiske referencer.  Historierne er inddelt efter \u00e5rets m\u00e5neder og kan bruges som inspiration til udflugter og gode oplevelser, ogs\u00e5 sammen med b\u00f8rn og b\u00f8rneb\u00f8rn.  Udgivet af Danmarks Naturfredningforenng Svendborg  Tekst: Ian Heilmann  105 sider    Bredde: 14Cm - H\u00f8jde: 14Cm\" \/>\n<meta property=\"og:url\" content=\"https:\/\/johanneslarsenmuseet.dk\/de\/produkt\/naturhistorier\/\" \/>\n<meta property=\"og:site_name\" content=\"Johannes Larsen Museet\" \/>\n<meta property=\"article:publisher\" content=\"https:\/\/www.facebook.com\/JohannesLarsenMuseet\" \/>\n<meta property=\"article:modified_time\" content=\"2024-09-27T06:38:57+00:00\" \/>\n<meta property=\"og:image\" content=\"https:\/\/johanneslarsenmuseet.dk\/wp-content\/uploads\/2022\/11\/Naturhistorier-forside-002.jpg\" \/>\n\t<meta property=\"og:image:width\" content=\"1004\" \/>\n\t<meta property=\"og:image:height\" content=\"945\" \/>\n\t<meta property=\"og:image:type\" content=\"image\/jpeg\" \/>\n<meta name=\"twitter:card\" content=\"summary_large_image\" \/>\n<script type=\"application\/ld+json\" class=\"yoast-schema-graph\">{\"@context\":\"https:\/\/schema.org\",\"@graph\":[{\"@type\":\"WebPage\",\"@id\":\"https:\/\/johanneslarsenmuseet.dk\/de\/produkt\/naturhistorier\/\",\"url\":\"https:\/\/johanneslarsenmuseet.dk\/de\/produkt\/naturhistorier\/\",\"name\":\"Naturhistorier - Johannes Larsen Museet\",\"isPartOf\":{\"@id\":\"https:\/\/johanneslarsenmuseet.dk\/de\/#website\"},\"primaryImageOfPage\":{\"@id\":\"https:\/\/johanneslarsenmuseet.dk\/de\/produkt\/naturhistorier\/#primaryimage\"},\"image\":{\"@id\":\"https:\/\/johanneslarsenmuseet.dk\/de\/produkt\/naturhistorier\/#primaryimage\"},\"thumbnailUrl\":\"https:\/\/johanneslarsenmuseet.dk\/wp-content\/uploads\/2022\/11\/Naturhistorier-forside-002.jpg\",\"datePublished\":\"2022-11-17T14:27:15+00:00\",\"dateModified\":\"2024-09-27T06:38:57+00:00\",\"breadcrumb\":{\"@id\":\"https:\/\/johanneslarsenmuseet.dk\/de\/produkt\/naturhistorier\/#breadcrumb\"},\"inLanguage\":\"de\",\"potentialAction\":[{\"@type\":\"ReadAction\",\"target\":[\"https:\/\/johanneslarsenmuseet.dk\/de\/produkt\/naturhistorier\/\"]}]},{\"@type\":\"ImageObject\",\"inLanguage\":\"de\",\"@id\":\"https:\/\/johanneslarsenmuseet.dk\/de\/produkt\/naturhistorier\/#primaryimage\",\"url\":\"https:\/\/johanneslarsenmuseet.dk\/wp-content\/uploads\/2022\/11\/Naturhistorier-forside-002.jpg\",\"contentUrl\":\"https:\/\/johanneslarsenmuseet.dk\/wp-content\/uploads\/2022\/11\/Naturhistorier-forside-002.jpg\",\"width\":1004,\"height\":945},{\"@type\":\"BreadcrumbList\",\"@id\":\"https:\/\/johanneslarsenmuseet.dk\/de\/produkt\/naturhistorier\/#breadcrumb\",\"itemListElement\":[{\"@type\":\"ListItem\",\"position\":1,\"name\":\"Hjem\",\"item\":\"https:\/\/johanneslarsenmuseet.dk\/de\/\"},{\"@type\":\"ListItem\",\"position\":2,\"name\":\"Shop\",\"item\":\"https:\/\/johanneslarsenmuseet.dk\/shop\/\"},{\"@type\":\"ListItem\",\"position\":3,\"name\":\"Naturhistorier\"}]},{\"@type\":\"WebSite\",\"@id\":\"https:\/\/johanneslarsenmuseet.dk\/de\/#website\",\"url\":\"https:\/\/johanneslarsenmuseet.dk\/de\/\",\"name\":\"Johannes Larsen Museet\",\"description\":\"Oplevelser for hele familien\",\"publisher\":{\"@id\":\"https:\/\/johanneslarsenmuseet.dk\/de\/#organization\"},\"potentialAction\":[{\"@type\":\"SearchAction\",\"target\":{\"@type\":\"EntryPoint\",\"urlTemplate\":\"https:\/\/johanneslarsenmuseet.dk\/de\/?s={search_term_string}\"},\"query-input\":{\"@type\":\"PropertyValueSpecification\",\"valueRequired\":true,\"valueName\":\"search_term_string\"}}],\"inLanguage\":\"de\"},{\"@type\":\"Organization\",\"@id\":\"https:\/\/johanneslarsenmuseet.dk\/de\/#organization\",\"name\":\"Johanne Larsen Museet\",\"url\":\"https:\/\/johanneslarsenmuseet.dk\/de\/\",\"logo\":{\"@type\":\"ImageObject\",\"inLanguage\":\"de\",\"@id\":\"https:\/\/johanneslarsenmuseet.dk\/de\/#\/schema\/logo\/image\/\",\"url\":\"https:\/\/johanneslarsenmuseet.dk\/wp-content\/uploads\/2022\/04\/johannes-larsen-logo-black.svg\",\"contentUrl\":\"https:\/\/johanneslarsenmuseet.dk\/wp-content\/uploads\/2022\/04\/johannes-larsen-logo-black.svg\",\"width\":1,\"height\":1,\"caption\":\"Johanne Larsen Museet\"},\"image\":{\"@id\":\"https:\/\/johanneslarsenmuseet.dk\/de\/#\/schema\/logo\/image\/\"},\"sameAs\":[\"https:\/\/www.facebook.com\/JohannesLarsenMuseet\",\"https:\/\/www.instagram.com\/johanneslarsenmuseet\/\",\"https:\/\/twitter.com\/johlarsenmuseum?lang=da\"]}]}<\/script>\n<!-- \/ Yoast SEO plugin. -->","yoast_head_json":{"title":"Naturhistorier - Johannes Larsen Museet","robots":{"index":"index","follow":"follow","max-snippet":"max-snippet:-1","max-image-preview":"max-image-preview:large","max-video-preview":"max-video-preview:-1"},"canonical":"https:\/\/johanneslarsenmuseet.dk\/de\/produkt\/naturhistorier\/","og_locale":"de_DE","og_type":"article","og_title":"Naturhistorier - Johannes Larsen Museet","og_description":"NATURHISTORIER er fascinerende og oplysende kig ind i naturens mangfoldige univers \u2013 mest om det, der lettest byder sig til for sanserne p\u00e5 ture til lands.  Der er historier om flora, fugle, insekter, svampe og en strandet fisk. Om guldsmede, der kan flyve bagl\u00e6ns, om en vadefugl ved navn Knud, om bier med bukser p\u00e5, om en sk\u00f8r sp\u00f8gelsesorkide, om indvandrere med fjer, om regnbuer og vokshatte, om en usynlig gedemalker, om hvide n\u00e6tter, om sne, der faldt i fjor og en del mere.  Der er afs\u00e6t i lokale Thur\u00f8, i T\u00e5singe og Sydfyn, i andre danske egne og videre ud i rum og tid \u2013 og med spredte litter\u00e6re, musikalske og historiske referencer.  Historierne er inddelt efter \u00e5rets m\u00e5neder og kan bruges som inspiration til udflugter og gode oplevelser, ogs\u00e5 sammen med b\u00f8rn og b\u00f8rneb\u00f8rn.  Udgivet af Danmarks Naturfredningforenng Svendborg  Tekst: Ian Heilmann  105 sider    Bredde: 14Cm - H\u00f8jde: 14Cm","og_url":"https:\/\/johanneslarsenmuseet.dk\/de\/produkt\/naturhistorier\/","og_site_name":"Johannes Larsen Museet","article_publisher":"https:\/\/www.facebook.com\/JohannesLarsenMuseet","article_modified_time":"2024-09-27T06:38:57+00:00","og_image":[{"width":1004,"height":945,"url":"https:\/\/johanneslarsenmuseet.dk\/wp-content\/uploads\/2022\/11\/Naturhistorier-forside-002.jpg","type":"image\/jpeg"}],"twitter_card":"summary_large_image","schema":{"@context":"https:\/\/schema.org","@graph":[{"@type":"WebPage","@id":"https:\/\/johanneslarsenmuseet.dk\/de\/produkt\/naturhistorier\/","url":"https:\/\/johanneslarsenmuseet.dk\/de\/produkt\/naturhistorier\/","name":"Naturhistorier - Johannes Larsen Museet","isPartOf":{"@id":"https:\/\/johanneslarsenmuseet.dk\/de\/#website"},"primaryImageOfPage":{"@id":"https:\/\/johanneslarsenmuseet.dk\/de\/produkt\/naturhistorier\/#primaryimage"},"image":{"@id":"https:\/\/johanneslarsenmuseet.dk\/de\/produkt\/naturhistorier\/#primaryimage"},"thumbnailUrl":"https:\/\/johanneslarsenmuseet.dk\/wp-content\/uploads\/2022\/11\/Naturhistorier-forside-002.jpg","datePublished":"2022-11-17T14:27:15+00:00","dateModified":"2024-09-27T06:38:57+00:00","breadcrumb":{"@id":"https:\/\/johanneslarsenmuseet.dk\/de\/produkt\/naturhistorier\/#breadcrumb"},"inLanguage":"de","potentialAction":[{"@type":"ReadAction","target":["https:\/\/johanneslarsenmuseet.dk\/de\/produkt\/naturhistorier\/"]}]},{"@type":"ImageObject","inLanguage":"de","@id":"https:\/\/johanneslarsenmuseet.dk\/de\/produkt\/naturhistorier\/#primaryimage","url":"https:\/\/johanneslarsenmuseet.dk\/wp-content\/uploads\/2022\/11\/Naturhistorier-forside-002.jpg","contentUrl":"https:\/\/johanneslarsenmuseet.dk\/wp-content\/uploads\/2022\/11\/Naturhistorier-forside-002.jpg","width":1004,"height":945},{"@type":"BreadcrumbList","@id":"https:\/\/johanneslarsenmuseet.dk\/de\/produkt\/naturhistorier\/#breadcrumb","itemListElement":[{"@type":"ListItem","position":1,"name":"Hjem","item":"https:\/\/johanneslarsenmuseet.dk\/de\/"},{"@type":"ListItem","position":2,"name":"Shop","item":"https:\/\/johanneslarsenmuseet.dk\/shop\/"},{"@type":"ListItem","position":3,"name":"Naturhistorier"}]},{"@type":"WebSite","@id":"https:\/\/johanneslarsenmuseet.dk\/de\/#website","url":"https:\/\/johanneslarsenmuseet.dk\/de\/","name":"Johannes Larsen Museet","description":"Oplevelser for hele familien","publisher":{"@id":"https:\/\/johanneslarsenmuseet.dk\/de\/#organization"},"potentialAction":[{"@type":"SearchAction","target":{"@type":"EntryPoint","urlTemplate":"https:\/\/johanneslarsenmuseet.dk\/de\/?s={search_term_string}"},"query-input":{"@type":"PropertyValueSpecification","valueRequired":true,"valueName":"search_term_string"}}],"inLanguage":"de"},{"@type":"Organization","@id":"https:\/\/johanneslarsenmuseet.dk\/de\/#organization","name":"Johanne Larsen Museet","url":"https:\/\/johanneslarsenmuseet.dk\/de\/","logo":{"@type":"ImageObject","inLanguage":"de","@id":"https:\/\/johanneslarsenmuseet.dk\/de\/#\/schema\/logo\/image\/","url":"https:\/\/johanneslarsenmuseet.dk\/wp-content\/uploads\/2022\/04\/johannes-larsen-logo-black.svg","contentUrl":"https:\/\/johanneslarsenmuseet.dk\/wp-content\/uploads\/2022\/04\/johannes-larsen-logo-black.svg","width":1,"height":1,"caption":"Johanne Larsen Museet"},"image":{"@id":"https:\/\/johanneslarsenmuseet.dk\/de\/#\/schema\/logo\/image\/"},"sameAs":["https:\/\/www.facebook.com\/JohannesLarsenMuseet","https:\/\/www.instagram.com\/johanneslarsenmuseet\/","https:\/\/twitter.com\/johlarsenmuseum?lang=da"]}]}},"_links":{"self":[{"href":"https:\/\/johanneslarsenmuseet.dk\/de\/wp-json\/wp\/v2\/product\/208936","targetHints":{"allow":["GET"]}}],"collection":[{"href":"https:\/\/johanneslarsenmuseet.dk\/de\/wp-json\/wp\/v2\/product"}],"about":[{"href":"https:\/\/johanneslarsenmuseet.dk\/de\/wp-json\/wp\/v2\/types\/product"}],"wp:featuredmedia":[{"embeddable":true,"href":"https:\/\/johanneslarsenmuseet.dk\/de\/wp-json\/wp\/v2\/media\/208954"}],"wp:attachment":[{"href":"https:\/\/johanneslarsenmuseet.dk\/de\/wp-json\/wp\/v2\/media?parent=208936"}],"wp:term":[{"taxonomy":"product_brand","embeddable":true,"href":"https:\/\/johanneslarsenmuseet.dk\/de\/wp-json\/wp\/v2\/product_brand?post=208936"},{"taxonomy":"product_cat","embeddable":true,"href":"https:\/\/johanneslarsenmuseet.dk\/de\/wp-json\/wp\/v2\/product_cat?post=208936"},{"taxonomy":"product_tag","embeddable":true,"href":"https:\/\/johanneslarsenmuseet.dk\/de\/wp-json\/wp\/v2\/product_tag?post=208936"}],"curies":[{"name":"wp","href":"https:\/\/api.w.org\/{rel}","templated":true}]}}