{"id":212541,"date":"2023-11-24T11:23:31","date_gmt":"2023-11-24T11:23:31","guid":{"rendered":"https:\/\/johanneslarsenmuseet.dk\/?post_type=product&#038;p=212541"},"modified":"2025-07-03T12:24:57","modified_gmt":"2025-07-03T12:24:57","slug":"jule-fugle-flet-4","status":"publish","type":"product","link":"https:\/\/johanneslarsenmuseet.dk\/de\/produkt\/jule-fugle-flet-4\/","title":{"rendered":"Jule Fugle Flet 4"},"content":{"rendered":"<span class=\"et_bloom_bottom_trigger\"><\/span>","protected":false},"excerpt":{"rendered":"<p>&#8222;Velkommen til Jule-Fugle-Flet nummer 3. Da jeg sammen med min far, Henning Holmsted, skrev den f\u00f8rste bog i 1999 om at flette fugle i papir, havde vi aldrig troet, at det skulle blive begyndelsen til en serie. N\u00e5r Terminator, Harry Potter og Min S\u00f8sters B\u00f8rn kan komme i flere udgaver, s\u00e5 m\u00e5 det samme g\u00e6lde for Jule-Fugle-Flet.&#8220;<\/p>\n<p><strong>Indeholder f\u00f8lgende 24 fugle:<\/strong><br \/>\nG\u00f8g, Allike, H\u00e6rfugl, Lunde, Troldand, Bl\u00e5hals, Strandskade, Lille Alexanderparakit, Sule, Flamingo, Gulspurv, Fasan, Fuglekonge, Trane, Knopsvane 2, Ringdue, Lille Korsn\u00e6b, Sort Svane, Toppet Lappedykker, Vibe, Bogfinke, Bi\u00e6der, St\u00e6r, Stor Hornugle.<\/p>\n<p>Forfatter: Lars Holmsted<br \/>\nForlag: Mellemgaard<br \/>\nSprog: Dansk<br \/>\nBeskrivelse: Bog i bl\u00f8dt\u00a0omslag<br \/>\nSideantal: 60<\/p>\n<p>&nbsp;<\/p>\n","protected":false},"featured_media":212542,"template":"","meta":{"_et_pb_use_builder":"","_et_pb_old_content":"","_et_gb_content_width":""},"product_brand":[],"product_cat":[94,23,26],"product_tag":[73],"class_list":{"0":"post-212541","1":"product","2":"type-product","3":"status-publish","4":"has-post-thumbnail","6":"product_cat-gaveideer","7":"product_cat-boger-film","8":"product_cat-til-hjemmet-og-hobbyartikler","9":"product_tag-fugle","11":"first","12":"instock","13":"taxable","14":"shipping-taxable","15":"purchasable","16":"product-type-simple"},"yoast_head":"<!-- This site is optimized with the Yoast SEO plugin v24.5 - https:\/\/yoast.com\/wordpress\/plugins\/seo\/ -->\n<title>Jule Fugle Flet 4 - Johannes Larsen Museet<\/title>\n<meta name=\"robots\" content=\"index, follow, max-snippet:-1, max-image-preview:large, max-video-preview:-1\" \/>\n<link rel=\"canonical\" href=\"https:\/\/johanneslarsenmuseet.dk\/de\/produkt\/jule-fugle-flet-4\/\" \/>\n<meta property=\"og:locale\" content=\"de_DE\" \/>\n<meta property=\"og:type\" content=\"article\" \/>\n<meta property=\"og:title\" content=\"Jule Fugle Flet 4 - Johannes Larsen Museet\" \/>\n<meta property=\"og:description\" content=\"&quot;Velkommen til Jule-Fugle-Flet nummer 3. Da jeg sammen med min far, Henning Holmsted, skrev den f\u00f8rste bog i 1999 om at flette fugle i papir, havde vi aldrig troet, at det skulle blive begyndelsen til en serie. N\u00e5r Terminator, Harry Potter og Min S\u00f8sters B\u00f8rn kan komme i flere udgaver, s\u00e5 m\u00e5 det samme g\u00e6lde for Jule-Fugle-Flet.&quot;  Indeholder f\u00f8lgende 24 fugle: G\u00f8g, Allike, H\u00e6rfugl, Lunde, Troldand, Bl\u00e5hals, Strandskade, Lille Alexanderparakit, Sule, Flamingo, Gulspurv, Fasan, Fuglekonge, Trane, Knopsvane 2, Ringdue, Lille Korsn\u00e6b, Sort Svane, Toppet Lappedykker, Vibe, Bogfinke, Bi\u00e6der, St\u00e6r, Stor Hornugle.  Forfatter: Lars Holmsted Forlag: Mellemgaard Sprog: Dansk Beskrivelse: Bog i bl\u00f8dt\u00a0omslag Sideantal: 60  &nbsp;\" \/>\n<meta property=\"og:url\" content=\"https:\/\/johanneslarsenmuseet.dk\/de\/produkt\/jule-fugle-flet-4\/\" \/>\n<meta property=\"og:site_name\" content=\"Johannes Larsen Museet\" \/>\n<meta property=\"article:publisher\" content=\"https:\/\/www.facebook.com\/JohannesLarsenMuseet\" \/>\n<meta property=\"article:modified_time\" content=\"2025-07-03T12:24:57+00:00\" \/>\n<meta property=\"og:image\" content=\"https:\/\/johanneslarsenmuseet.dk\/wp-content\/uploads\/2023\/11\/jule-fugle-flet-4-1240x1240_360x.webp\" \/>\n\t<meta property=\"og:image:width\" content=\"360\" \/>\n\t<meta property=\"og:image:height\" content=\"360\" \/>\n\t<meta property=\"og:image:type\" content=\"image\/webp\" \/>\n<meta name=\"twitter:card\" content=\"summary_large_image\" \/>\n<script type=\"application\/ld+json\" class=\"yoast-schema-graph\">{\"@context\":\"https:\/\/schema.org\",\"@graph\":[{\"@type\":\"WebPage\",\"@id\":\"https:\/\/johanneslarsenmuseet.dk\/de\/produkt\/jule-fugle-flet-4\/\",\"url\":\"https:\/\/johanneslarsenmuseet.dk\/de\/produkt\/jule-fugle-flet-4\/\",\"name\":\"Jule Fugle Flet 4 - Johannes Larsen Museet\",\"isPartOf\":{\"@id\":\"https:\/\/johanneslarsenmuseet.dk\/de\/#website\"},\"primaryImageOfPage\":{\"@id\":\"https:\/\/johanneslarsenmuseet.dk\/de\/produkt\/jule-fugle-flet-4\/#primaryimage\"},\"image\":{\"@id\":\"https:\/\/johanneslarsenmuseet.dk\/de\/produkt\/jule-fugle-flet-4\/#primaryimage\"},\"thumbnailUrl\":\"https:\/\/johanneslarsenmuseet.dk\/wp-content\/uploads\/2023\/11\/jule-fugle-flet-4-1240x1240_360x.webp\",\"datePublished\":\"2023-11-24T11:23:31+00:00\",\"dateModified\":\"2025-07-03T12:24:57+00:00\",\"breadcrumb\":{\"@id\":\"https:\/\/johanneslarsenmuseet.dk\/de\/produkt\/jule-fugle-flet-4\/#breadcrumb\"},\"inLanguage\":\"de\",\"potentialAction\":[{\"@type\":\"ReadAction\",\"target\":[\"https:\/\/johanneslarsenmuseet.dk\/de\/produkt\/jule-fugle-flet-4\/\"]}]},{\"@type\":\"ImageObject\",\"inLanguage\":\"de\",\"@id\":\"https:\/\/johanneslarsenmuseet.dk\/de\/produkt\/jule-fugle-flet-4\/#primaryimage\",\"url\":\"https:\/\/johanneslarsenmuseet.dk\/wp-content\/uploads\/2023\/11\/jule-fugle-flet-4-1240x1240_360x.webp\",\"contentUrl\":\"https:\/\/johanneslarsenmuseet.dk\/wp-content\/uploads\/2023\/11\/jule-fugle-flet-4-1240x1240_360x.webp\",\"width\":360,\"height\":360},{\"@type\":\"BreadcrumbList\",\"@id\":\"https:\/\/johanneslarsenmuseet.dk\/de\/produkt\/jule-fugle-flet-4\/#breadcrumb\",\"itemListElement\":[{\"@type\":\"ListItem\",\"position\":1,\"name\":\"Hjem\",\"item\":\"https:\/\/johanneslarsenmuseet.dk\/de\/\"},{\"@type\":\"ListItem\",\"position\":2,\"name\":\"Shop\",\"item\":\"https:\/\/johanneslarsenmuseet.dk\/shop\/\"},{\"@type\":\"ListItem\",\"position\":3,\"name\":\"Jule Fugle Flet 4\"}]},{\"@type\":\"WebSite\",\"@id\":\"https:\/\/johanneslarsenmuseet.dk\/de\/#website\",\"url\":\"https:\/\/johanneslarsenmuseet.dk\/de\/\",\"name\":\"Johannes Larsen Museet\",\"description\":\"Oplevelser for hele familien\",\"publisher\":{\"@id\":\"https:\/\/johanneslarsenmuseet.dk\/de\/#organization\"},\"potentialAction\":[{\"@type\":\"SearchAction\",\"target\":{\"@type\":\"EntryPoint\",\"urlTemplate\":\"https:\/\/johanneslarsenmuseet.dk\/de\/?s={search_term_string}\"},\"query-input\":{\"@type\":\"PropertyValueSpecification\",\"valueRequired\":true,\"valueName\":\"search_term_string\"}}],\"inLanguage\":\"de\"},{\"@type\":\"Organization\",\"@id\":\"https:\/\/johanneslarsenmuseet.dk\/de\/#organization\",\"name\":\"Johanne Larsen Museet\",\"url\":\"https:\/\/johanneslarsenmuseet.dk\/de\/\",\"logo\":{\"@type\":\"ImageObject\",\"inLanguage\":\"de\",\"@id\":\"https:\/\/johanneslarsenmuseet.dk\/de\/#\/schema\/logo\/image\/\",\"url\":\"https:\/\/johanneslarsenmuseet.dk\/wp-content\/uploads\/2022\/04\/johannes-larsen-logo-black.svg\",\"contentUrl\":\"https:\/\/johanneslarsenmuseet.dk\/wp-content\/uploads\/2022\/04\/johannes-larsen-logo-black.svg\",\"width\":1,\"height\":1,\"caption\":\"Johanne Larsen Museet\"},\"image\":{\"@id\":\"https:\/\/johanneslarsenmuseet.dk\/de\/#\/schema\/logo\/image\/\"},\"sameAs\":[\"https:\/\/www.facebook.com\/JohannesLarsenMuseet\",\"https:\/\/www.instagram.com\/johanneslarsenmuseet\/\",\"https:\/\/twitter.com\/johlarsenmuseum?lang=da\"]}]}<\/script>\n<!-- \/ Yoast SEO plugin. -->","yoast_head_json":{"title":"Jule Fugle Flet 4 - Johannes Larsen Museet","robots":{"index":"index","follow":"follow","max-snippet":"max-snippet:-1","max-image-preview":"max-image-preview:large","max-video-preview":"max-video-preview:-1"},"canonical":"https:\/\/johanneslarsenmuseet.dk\/de\/produkt\/jule-fugle-flet-4\/","og_locale":"de_DE","og_type":"article","og_title":"Jule Fugle Flet 4 - Johannes Larsen Museet","og_description":"\"Velkommen til Jule-Fugle-Flet nummer 3. Da jeg sammen med min far, Henning Holmsted, skrev den f\u00f8rste bog i 1999 om at flette fugle i papir, havde vi aldrig troet, at det skulle blive begyndelsen til en serie. N\u00e5r Terminator, Harry Potter og Min S\u00f8sters B\u00f8rn kan komme i flere udgaver, s\u00e5 m\u00e5 det samme g\u00e6lde for Jule-Fugle-Flet.\"  Indeholder f\u00f8lgende 24 fugle: G\u00f8g, Allike, H\u00e6rfugl, Lunde, Troldand, Bl\u00e5hals, Strandskade, Lille Alexanderparakit, Sule, Flamingo, Gulspurv, Fasan, Fuglekonge, Trane, Knopsvane 2, Ringdue, Lille Korsn\u00e6b, Sort Svane, Toppet Lappedykker, Vibe, Bogfinke, Bi\u00e6der, St\u00e6r, Stor Hornugle.  Forfatter: Lars Holmsted Forlag: Mellemgaard Sprog: Dansk Beskrivelse: Bog i bl\u00f8dt\u00a0omslag Sideantal: 60  &nbsp;","og_url":"https:\/\/johanneslarsenmuseet.dk\/de\/produkt\/jule-fugle-flet-4\/","og_site_name":"Johannes Larsen Museet","article_publisher":"https:\/\/www.facebook.com\/JohannesLarsenMuseet","article_modified_time":"2025-07-03T12:24:57+00:00","og_image":[{"width":360,"height":360,"url":"https:\/\/johanneslarsenmuseet.dk\/wp-content\/uploads\/2023\/11\/jule-fugle-flet-4-1240x1240_360x.webp","type":"image\/webp"}],"twitter_card":"summary_large_image","schema":{"@context":"https:\/\/schema.org","@graph":[{"@type":"WebPage","@id":"https:\/\/johanneslarsenmuseet.dk\/de\/produkt\/jule-fugle-flet-4\/","url":"https:\/\/johanneslarsenmuseet.dk\/de\/produkt\/jule-fugle-flet-4\/","name":"Jule Fugle Flet 4 - Johannes Larsen Museet","isPartOf":{"@id":"https:\/\/johanneslarsenmuseet.dk\/de\/#website"},"primaryImageOfPage":{"@id":"https:\/\/johanneslarsenmuseet.dk\/de\/produkt\/jule-fugle-flet-4\/#primaryimage"},"image":{"@id":"https:\/\/johanneslarsenmuseet.dk\/de\/produkt\/jule-fugle-flet-4\/#primaryimage"},"thumbnailUrl":"https:\/\/johanneslarsenmuseet.dk\/wp-content\/uploads\/2023\/11\/jule-fugle-flet-4-1240x1240_360x.webp","datePublished":"2023-11-24T11:23:31+00:00","dateModified":"2025-07-03T12:24:57+00:00","breadcrumb":{"@id":"https:\/\/johanneslarsenmuseet.dk\/de\/produkt\/jule-fugle-flet-4\/#breadcrumb"},"inLanguage":"de","potentialAction":[{"@type":"ReadAction","target":["https:\/\/johanneslarsenmuseet.dk\/de\/produkt\/jule-fugle-flet-4\/"]}]},{"@type":"ImageObject","inLanguage":"de","@id":"https:\/\/johanneslarsenmuseet.dk\/de\/produkt\/jule-fugle-flet-4\/#primaryimage","url":"https:\/\/johanneslarsenmuseet.dk\/wp-content\/uploads\/2023\/11\/jule-fugle-flet-4-1240x1240_360x.webp","contentUrl":"https:\/\/johanneslarsenmuseet.dk\/wp-content\/uploads\/2023\/11\/jule-fugle-flet-4-1240x1240_360x.webp","width":360,"height":360},{"@type":"BreadcrumbList","@id":"https:\/\/johanneslarsenmuseet.dk\/de\/produkt\/jule-fugle-flet-4\/#breadcrumb","itemListElement":[{"@type":"ListItem","position":1,"name":"Hjem","item":"https:\/\/johanneslarsenmuseet.dk\/de\/"},{"@type":"ListItem","position":2,"name":"Shop","item":"https:\/\/johanneslarsenmuseet.dk\/shop\/"},{"@type":"ListItem","position":3,"name":"Jule Fugle Flet 4"}]},{"@type":"WebSite","@id":"https:\/\/johanneslarsenmuseet.dk\/de\/#website","url":"https:\/\/johanneslarsenmuseet.dk\/de\/","name":"Johannes Larsen Museet","description":"Oplevelser for hele familien","publisher":{"@id":"https:\/\/johanneslarsenmuseet.dk\/de\/#organization"},"potentialAction":[{"@type":"SearchAction","target":{"@type":"EntryPoint","urlTemplate":"https:\/\/johanneslarsenmuseet.dk\/de\/?s={search_term_string}"},"query-input":{"@type":"PropertyValueSpecification","valueRequired":true,"valueName":"search_term_string"}}],"inLanguage":"de"},{"@type":"Organization","@id":"https:\/\/johanneslarsenmuseet.dk\/de\/#organization","name":"Johanne Larsen Museet","url":"https:\/\/johanneslarsenmuseet.dk\/de\/","logo":{"@type":"ImageObject","inLanguage":"de","@id":"https:\/\/johanneslarsenmuseet.dk\/de\/#\/schema\/logo\/image\/","url":"https:\/\/johanneslarsenmuseet.dk\/wp-content\/uploads\/2022\/04\/johannes-larsen-logo-black.svg","contentUrl":"https:\/\/johanneslarsenmuseet.dk\/wp-content\/uploads\/2022\/04\/johannes-larsen-logo-black.svg","width":1,"height":1,"caption":"Johanne Larsen Museet"},"image":{"@id":"https:\/\/johanneslarsenmuseet.dk\/de\/#\/schema\/logo\/image\/"},"sameAs":["https:\/\/www.facebook.com\/JohannesLarsenMuseet","https:\/\/www.instagram.com\/johanneslarsenmuseet\/","https:\/\/twitter.com\/johlarsenmuseum?lang=da"]}]}},"_links":{"self":[{"href":"https:\/\/johanneslarsenmuseet.dk\/de\/wp-json\/wp\/v2\/product\/212541","targetHints":{"allow":["GET"]}}],"collection":[{"href":"https:\/\/johanneslarsenmuseet.dk\/de\/wp-json\/wp\/v2\/product"}],"about":[{"href":"https:\/\/johanneslarsenmuseet.dk\/de\/wp-json\/wp\/v2\/types\/product"}],"wp:featuredmedia":[{"embeddable":true,"href":"https:\/\/johanneslarsenmuseet.dk\/de\/wp-json\/wp\/v2\/media\/212542"}],"wp:attachment":[{"href":"https:\/\/johanneslarsenmuseet.dk\/de\/wp-json\/wp\/v2\/media?parent=212541"}],"wp:term":[{"taxonomy":"product_brand","embeddable":true,"href":"https:\/\/johanneslarsenmuseet.dk\/de\/wp-json\/wp\/v2\/product_brand?post=212541"},{"taxonomy":"product_cat","embeddable":true,"href":"https:\/\/johanneslarsenmuseet.dk\/de\/wp-json\/wp\/v2\/product_cat?post=212541"},{"taxonomy":"product_tag","embeddable":true,"href":"https:\/\/johanneslarsenmuseet.dk\/de\/wp-json\/wp\/v2\/product_tag?post=212541"}],"curies":[{"name":"wp","href":"https:\/\/api.w.org\/{rel}","templated":true}]}}