{"id":213512,"date":"2024-03-15T12:40:58","date_gmt":"2024-03-15T12:40:58","guid":{"rendered":"https:\/\/johanneslarsenmuseet.dk\/?post_type=product&#038;p=213512"},"modified":"2026-04-27T11:44:06","modified_gmt":"2026-04-27T11:44:06","slug":"flensted-mobiler-flere-varianter","status":"publish","type":"product","link":"https:\/\/johanneslarsenmuseet.dk\/de\/produkt\/flensted-mobiler-flere-varianter\/","title":{"rendered":"Flensted-mobiler &#8211; flere varianter"},"content":{"rendered":"<p>I 1953 skar Christian Flensted tre storke ud af karton og monterede dem p\u00e5 to halmstr\u00e5. Mobilen var en d\u00e5bsgave til hans datter. Det blev til et mobilt eventyr, der nu har udviklet sig i n\u00e6sten to menneskealdre. En ideel hilsen til den vordende moder \u2013 eller en velkomst til at h\u00e6nge over det nyf\u00f8dte barns vugge. Denne mobile er pakket i konvolutst\u00f8rrelse og er let at sende med posten.<\/p>\n<span class=\"et_bloom_bottom_trigger\"><\/span>","protected":false},"excerpt":{"rendered":"<p>I 1953 skar Christian Flensted tre storke ud af karton og monterede dem p\u00e5 to halmstr\u00e5. Mobilen var en d\u00e5bsgave til hans datter. Det blev til et mobilt eventyr, der nu har udviklet sig i n\u00e6sten to menneskealdre. En ideel hilsen til den vordende moder \u2013 eller en velkomst til at h\u00e6nge over det nyf\u00f8dte barns vugge. Denne mobile er pakket i konvolutst\u00f8rrelse og er let at sende med posten.<\/p>\n<p>V\u00e6lg mellem 7 varianter. Kan ogs\u00e5 k\u00f8bes i Johannes Larsen Museets sk\u00f8nne museumsbutik.<\/p>\n","protected":false},"featured_media":213517,"template":"","meta":{"_et_pb_use_builder":"","_et_pb_old_content":"","_et_gb_content_width":""},"product_brand":[],"product_cat":[94,26],"product_tag":[79],"class_list":{"0":"post-213512","1":"product","2":"type-product","3":"status-publish","4":"has-post-thumbnail","6":"product_cat-gaveideer","7":"product_cat-til-hjemmet-og-hobbyartikler","8":"product_tag-mobile","10":"first","11":"instock","12":"taxable","13":"shipping-taxable","14":"purchasable","15":"product-type-variable"},"yoast_head":"<!-- This site is optimized with the Yoast SEO plugin v24.5 - https:\/\/yoast.com\/wordpress\/plugins\/seo\/ -->\n<title>Flensted-mobiler - flere varianter - Johannes Larsen Museet<\/title>\n<meta name=\"robots\" content=\"index, follow, max-snippet:-1, max-image-preview:large, max-video-preview:-1\" \/>\n<link rel=\"canonical\" href=\"https:\/\/johanneslarsenmuseet.dk\/de\/produkt\/flensted-mobiler-flere-varianter\/\" \/>\n<meta property=\"og:locale\" content=\"de_DE\" \/>\n<meta property=\"og:type\" content=\"article\" \/>\n<meta property=\"og:title\" content=\"Flensted-mobiler - flere varianter - Johannes Larsen Museet\" \/>\n<meta property=\"og:description\" content=\"I 1953 skar Christian Flensted tre storke ud af karton og monterede dem p\u00e5 to halmstr\u00e5. Mobilen var en d\u00e5bsgave til hans datter. Det blev til et mobilt eventyr, der nu har udviklet sig i n\u00e6sten to menneskealdre. En ideel hilsen til den vordende moder \u2013 eller en velkomst til at h\u00e6nge over det nyf\u00f8dte barns vugge. Denne mobile er pakket i konvolutst\u00f8rrelse og er let at sende med posten.  V\u00e6lg mellem 7 varianter. Kan ogs\u00e5 k\u00f8bes i Johannes Larsen Museets sk\u00f8nne museumsbutik.\" \/>\n<meta property=\"og:url\" content=\"https:\/\/johanneslarsenmuseet.dk\/de\/produkt\/flensted-mobiler-flere-varianter\/\" \/>\n<meta property=\"og:site_name\" content=\"Johannes Larsen Museet\" \/>\n<meta property=\"article:publisher\" content=\"https:\/\/www.facebook.com\/JohannesLarsenMuseet\" \/>\n<meta property=\"article:modified_time\" content=\"2026-04-27T11:44:06+00:00\" \/>\n<meta property=\"og:image\" content=\"https:\/\/johanneslarsenmuseet.dk\/wp-content\/uploads\/2024\/03\/Flensted_webshop_johannes_larsen_museet.png\" \/>\n\t<meta property=\"og:image:width\" content=\"940\" \/>\n\t<meta property=\"og:image:height\" content=\"788\" \/>\n\t<meta property=\"og:image:type\" content=\"image\/png\" \/>\n<meta name=\"twitter:card\" content=\"summary_large_image\" \/>\n<meta name=\"twitter:label1\" content=\"Gesch\u00e4tzte Lesezeit\" \/>\n\t<meta name=\"twitter:data1\" content=\"1\u00a0Minute\" \/>\n<script type=\"application\/ld+json\" class=\"yoast-schema-graph\">{\"@context\":\"https:\/\/schema.org\",\"@graph\":[{\"@type\":\"WebPage\",\"@id\":\"https:\/\/johanneslarsenmuseet.dk\/de\/produkt\/flensted-mobiler-flere-varianter\/\",\"url\":\"https:\/\/johanneslarsenmuseet.dk\/de\/produkt\/flensted-mobiler-flere-varianter\/\",\"name\":\"Flensted-mobiler - flere varianter - Johannes Larsen Museet\",\"isPartOf\":{\"@id\":\"https:\/\/johanneslarsenmuseet.dk\/de\/#website\"},\"primaryImageOfPage\":{\"@id\":\"https:\/\/johanneslarsenmuseet.dk\/de\/produkt\/flensted-mobiler-flere-varianter\/#primaryimage\"},\"image\":{\"@id\":\"https:\/\/johanneslarsenmuseet.dk\/de\/produkt\/flensted-mobiler-flere-varianter\/#primaryimage\"},\"thumbnailUrl\":\"https:\/\/johanneslarsenmuseet.dk\/wp-content\/uploads\/2024\/03\/Flensted_webshop_johannes_larsen_museet.png\",\"datePublished\":\"2024-03-15T12:40:58+00:00\",\"dateModified\":\"2026-04-27T11:44:06+00:00\",\"breadcrumb\":{\"@id\":\"https:\/\/johanneslarsenmuseet.dk\/de\/produkt\/flensted-mobiler-flere-varianter\/#breadcrumb\"},\"inLanguage\":\"de\",\"potentialAction\":[{\"@type\":\"ReadAction\",\"target\":[\"https:\/\/johanneslarsenmuseet.dk\/de\/produkt\/flensted-mobiler-flere-varianter\/\"]}]},{\"@type\":\"ImageObject\",\"inLanguage\":\"de\",\"@id\":\"https:\/\/johanneslarsenmuseet.dk\/de\/produkt\/flensted-mobiler-flere-varianter\/#primaryimage\",\"url\":\"https:\/\/johanneslarsenmuseet.dk\/wp-content\/uploads\/2024\/03\/Flensted_webshop_johannes_larsen_museet.png\",\"contentUrl\":\"https:\/\/johanneslarsenmuseet.dk\/wp-content\/uploads\/2024\/03\/Flensted_webshop_johannes_larsen_museet.png\",\"width\":940,\"height\":788},{\"@type\":\"BreadcrumbList\",\"@id\":\"https:\/\/johanneslarsenmuseet.dk\/de\/produkt\/flensted-mobiler-flere-varianter\/#breadcrumb\",\"itemListElement\":[{\"@type\":\"ListItem\",\"position\":1,\"name\":\"Hjem\",\"item\":\"https:\/\/johanneslarsenmuseet.dk\/de\/\"},{\"@type\":\"ListItem\",\"position\":2,\"name\":\"Shop\",\"item\":\"https:\/\/johanneslarsenmuseet.dk\/shop\/\"},{\"@type\":\"ListItem\",\"position\":3,\"name\":\"Flensted-mobiler &#8211; flere varianter\"}]},{\"@type\":\"WebSite\",\"@id\":\"https:\/\/johanneslarsenmuseet.dk\/de\/#website\",\"url\":\"https:\/\/johanneslarsenmuseet.dk\/de\/\",\"name\":\"Johannes Larsen Museet\",\"description\":\"Oplevelser for hele familien\",\"publisher\":{\"@id\":\"https:\/\/johanneslarsenmuseet.dk\/de\/#organization\"},\"potentialAction\":[{\"@type\":\"SearchAction\",\"target\":{\"@type\":\"EntryPoint\",\"urlTemplate\":\"https:\/\/johanneslarsenmuseet.dk\/de\/?s={search_term_string}\"},\"query-input\":{\"@type\":\"PropertyValueSpecification\",\"valueRequired\":true,\"valueName\":\"search_term_string\"}}],\"inLanguage\":\"de\"},{\"@type\":\"Organization\",\"@id\":\"https:\/\/johanneslarsenmuseet.dk\/de\/#organization\",\"name\":\"Johanne Larsen Museet\",\"url\":\"https:\/\/johanneslarsenmuseet.dk\/de\/\",\"logo\":{\"@type\":\"ImageObject\",\"inLanguage\":\"de\",\"@id\":\"https:\/\/johanneslarsenmuseet.dk\/de\/#\/schema\/logo\/image\/\",\"url\":\"https:\/\/johanneslarsenmuseet.dk\/wp-content\/uploads\/2022\/04\/johannes-larsen-logo-black.svg\",\"contentUrl\":\"https:\/\/johanneslarsenmuseet.dk\/wp-content\/uploads\/2022\/04\/johannes-larsen-logo-black.svg\",\"width\":1,\"height\":1,\"caption\":\"Johanne Larsen Museet\"},\"image\":{\"@id\":\"https:\/\/johanneslarsenmuseet.dk\/de\/#\/schema\/logo\/image\/\"},\"sameAs\":[\"https:\/\/www.facebook.com\/JohannesLarsenMuseet\",\"https:\/\/www.instagram.com\/johanneslarsenmuseet\/\",\"https:\/\/twitter.com\/johlarsenmuseum?lang=da\"]}]}<\/script>\n<!-- \/ Yoast SEO plugin. -->","yoast_head_json":{"title":"Flensted-mobiler - flere varianter - Johannes Larsen Museet","robots":{"index":"index","follow":"follow","max-snippet":"max-snippet:-1","max-image-preview":"max-image-preview:large","max-video-preview":"max-video-preview:-1"},"canonical":"https:\/\/johanneslarsenmuseet.dk\/de\/produkt\/flensted-mobiler-flere-varianter\/","og_locale":"de_DE","og_type":"article","og_title":"Flensted-mobiler - flere varianter - Johannes Larsen Museet","og_description":"I 1953 skar Christian Flensted tre storke ud af karton og monterede dem p\u00e5 to halmstr\u00e5. Mobilen var en d\u00e5bsgave til hans datter. Det blev til et mobilt eventyr, der nu har udviklet sig i n\u00e6sten to menneskealdre. En ideel hilsen til den vordende moder \u2013 eller en velkomst til at h\u00e6nge over det nyf\u00f8dte barns vugge. Denne mobile er pakket i konvolutst\u00f8rrelse og er let at sende med posten.  V\u00e6lg mellem 7 varianter. Kan ogs\u00e5 k\u00f8bes i Johannes Larsen Museets sk\u00f8nne museumsbutik.","og_url":"https:\/\/johanneslarsenmuseet.dk\/de\/produkt\/flensted-mobiler-flere-varianter\/","og_site_name":"Johannes Larsen Museet","article_publisher":"https:\/\/www.facebook.com\/JohannesLarsenMuseet","article_modified_time":"2026-04-27T11:44:06+00:00","og_image":[{"width":940,"height":788,"url":"https:\/\/johanneslarsenmuseet.dk\/wp-content\/uploads\/2024\/03\/Flensted_webshop_johannes_larsen_museet.png","type":"image\/png"}],"twitter_card":"summary_large_image","twitter_misc":{"Gesch\u00e4tzte Lesezeit":"1\u00a0Minute"},"schema":{"@context":"https:\/\/schema.org","@graph":[{"@type":"WebPage","@id":"https:\/\/johanneslarsenmuseet.dk\/de\/produkt\/flensted-mobiler-flere-varianter\/","url":"https:\/\/johanneslarsenmuseet.dk\/de\/produkt\/flensted-mobiler-flere-varianter\/","name":"Flensted-mobiler - flere varianter - Johannes Larsen Museet","isPartOf":{"@id":"https:\/\/johanneslarsenmuseet.dk\/de\/#website"},"primaryImageOfPage":{"@id":"https:\/\/johanneslarsenmuseet.dk\/de\/produkt\/flensted-mobiler-flere-varianter\/#primaryimage"},"image":{"@id":"https:\/\/johanneslarsenmuseet.dk\/de\/produkt\/flensted-mobiler-flere-varianter\/#primaryimage"},"thumbnailUrl":"https:\/\/johanneslarsenmuseet.dk\/wp-content\/uploads\/2024\/03\/Flensted_webshop_johannes_larsen_museet.png","datePublished":"2024-03-15T12:40:58+00:00","dateModified":"2026-04-27T11:44:06+00:00","breadcrumb":{"@id":"https:\/\/johanneslarsenmuseet.dk\/de\/produkt\/flensted-mobiler-flere-varianter\/#breadcrumb"},"inLanguage":"de","potentialAction":[{"@type":"ReadAction","target":["https:\/\/johanneslarsenmuseet.dk\/de\/produkt\/flensted-mobiler-flere-varianter\/"]}]},{"@type":"ImageObject","inLanguage":"de","@id":"https:\/\/johanneslarsenmuseet.dk\/de\/produkt\/flensted-mobiler-flere-varianter\/#primaryimage","url":"https:\/\/johanneslarsenmuseet.dk\/wp-content\/uploads\/2024\/03\/Flensted_webshop_johannes_larsen_museet.png","contentUrl":"https:\/\/johanneslarsenmuseet.dk\/wp-content\/uploads\/2024\/03\/Flensted_webshop_johannes_larsen_museet.png","width":940,"height":788},{"@type":"BreadcrumbList","@id":"https:\/\/johanneslarsenmuseet.dk\/de\/produkt\/flensted-mobiler-flere-varianter\/#breadcrumb","itemListElement":[{"@type":"ListItem","position":1,"name":"Hjem","item":"https:\/\/johanneslarsenmuseet.dk\/de\/"},{"@type":"ListItem","position":2,"name":"Shop","item":"https:\/\/johanneslarsenmuseet.dk\/shop\/"},{"@type":"ListItem","position":3,"name":"Flensted-mobiler &#8211; flere varianter"}]},{"@type":"WebSite","@id":"https:\/\/johanneslarsenmuseet.dk\/de\/#website","url":"https:\/\/johanneslarsenmuseet.dk\/de\/","name":"Johannes Larsen Museet","description":"Oplevelser for hele familien","publisher":{"@id":"https:\/\/johanneslarsenmuseet.dk\/de\/#organization"},"potentialAction":[{"@type":"SearchAction","target":{"@type":"EntryPoint","urlTemplate":"https:\/\/johanneslarsenmuseet.dk\/de\/?s={search_term_string}"},"query-input":{"@type":"PropertyValueSpecification","valueRequired":true,"valueName":"search_term_string"}}],"inLanguage":"de"},{"@type":"Organization","@id":"https:\/\/johanneslarsenmuseet.dk\/de\/#organization","name":"Johanne Larsen Museet","url":"https:\/\/johanneslarsenmuseet.dk\/de\/","logo":{"@type":"ImageObject","inLanguage":"de","@id":"https:\/\/johanneslarsenmuseet.dk\/de\/#\/schema\/logo\/image\/","url":"https:\/\/johanneslarsenmuseet.dk\/wp-content\/uploads\/2022\/04\/johannes-larsen-logo-black.svg","contentUrl":"https:\/\/johanneslarsenmuseet.dk\/wp-content\/uploads\/2022\/04\/johannes-larsen-logo-black.svg","width":1,"height":1,"caption":"Johanne Larsen Museet"},"image":{"@id":"https:\/\/johanneslarsenmuseet.dk\/de\/#\/schema\/logo\/image\/"},"sameAs":["https:\/\/www.facebook.com\/JohannesLarsenMuseet","https:\/\/www.instagram.com\/johanneslarsenmuseet\/","https:\/\/twitter.com\/johlarsenmuseum?lang=da"]}]}},"_links":{"self":[{"href":"https:\/\/johanneslarsenmuseet.dk\/de\/wp-json\/wp\/v2\/product\/213512","targetHints":{"allow":["GET"]}}],"collection":[{"href":"https:\/\/johanneslarsenmuseet.dk\/de\/wp-json\/wp\/v2\/product"}],"about":[{"href":"https:\/\/johanneslarsenmuseet.dk\/de\/wp-json\/wp\/v2\/types\/product"}],"wp:featuredmedia":[{"embeddable":true,"href":"https:\/\/johanneslarsenmuseet.dk\/de\/wp-json\/wp\/v2\/media\/213517"}],"wp:attachment":[{"href":"https:\/\/johanneslarsenmuseet.dk\/de\/wp-json\/wp\/v2\/media?parent=213512"}],"wp:term":[{"taxonomy":"product_brand","embeddable":true,"href":"https:\/\/johanneslarsenmuseet.dk\/de\/wp-json\/wp\/v2\/product_brand?post=213512"},{"taxonomy":"product_cat","embeddable":true,"href":"https:\/\/johanneslarsenmuseet.dk\/de\/wp-json\/wp\/v2\/product_cat?post=213512"},{"taxonomy":"product_tag","embeddable":true,"href":"https:\/\/johanneslarsenmuseet.dk\/de\/wp-json\/wp\/v2\/product_tag?post=213512"}],"curies":[{"name":"wp","href":"https:\/\/api.w.org\/{rel}","templated":true}]}}