{"id":215335,"date":"2024-10-10T13:40:50","date_gmt":"2024-10-10T13:40:50","guid":{"rendered":"https:\/\/johanneslarsenmuseet.dk\/?post_type=product&#038;p=215335"},"modified":"2024-11-13T09:27:13","modified_gmt":"2024-11-13T09:27:13","slug":"johannes-larsens-hjem","status":"publish","type":"product","link":"https:\/\/johanneslarsenmuseet.dk\/de\/produkt\/johannes-larsens-hjem\/","title":{"rendered":"Johannes Larsens Hjem"},"content":{"rendered":"<span class=\"et_bloom_bottom_trigger\"><\/span>","protected":false},"excerpt":{"rendered":"<p>Ane Talbot voksede op i sen farfar Johannes Larsens hus og var 27 \u00e5r, da han d\u00f8de i 1961.\u00a0 Hun er amerikansk gift og bor i USA, men tilbringer hver sommer et par m\u00e5neder p\u00e5 Johannes Larsen Museet i Kerteminde, hvor hun bl.a. viser rundt og fort\u00e6ller om sin bedstefar.<\/p>\n<p>Ane Talbot har skrevet denne charmerende lille bog om den store fynske maler og hans n\u00e6re familiekreds. Bogen indeholder gamle familiefotos, nyere fotos fra huset, malerier, der var centrum for et myldrende liv best\u00e5ende af familie, venner og dyr, heriblandt oddere og p\u00e5fugle.<\/p>\n<p>108 sider<\/p>\n<p>2.udgave, 1 oplag<\/p>\n<p>Grafisk tilrettel\u00e6gning: Kamilla Talbot<\/p>\n","protected":false},"featured_media":215490,"template":"","meta":{"_et_pb_use_builder":"","_et_pb_old_content":"","_et_gb_content_width":""},"product_brand":[],"product_cat":[94,23,29],"product_tag":[86,87],"class_list":{"0":"post-215335","1":"product","2":"type-product","3":"status-publish","4":"has-post-thumbnail","6":"product_cat-gaveideer","7":"product_cat-boger-film","8":"product_cat-om-kunst-og-natur","9":"product_tag-ane-talbot","10":"product_tag-johannes-larsens-hjem","12":"first","13":"instock","14":"featured","15":"taxable","16":"shipping-taxable","17":"purchasable","18":"product-type-simple"},"yoast_head":"<!-- This site is optimized with the Yoast SEO plugin v24.5 - https:\/\/yoast.com\/wordpress\/plugins\/seo\/ -->\n<title>Johannes Larsens Hjem - Johannes Larsen Museet<\/title>\n<meta name=\"description\" content=\"Ane Talbot barnebarn af Alhed og Johannes Larsen har udgivet bogen Johannes Larsens Hjem, hvor hun fort\u00e6ller om livet p\u00e5 M\u00f8llebakken i Kerteminde.\" \/>\n<meta name=\"robots\" content=\"index, follow, max-snippet:-1, max-image-preview:large, max-video-preview:-1\" \/>\n<link rel=\"canonical\" href=\"https:\/\/johanneslarsenmuseet.dk\/de\/produkt\/johannes-larsens-hjem\/\" \/>\n<meta property=\"og:locale\" content=\"de_DE\" \/>\n<meta property=\"og:type\" content=\"article\" \/>\n<meta property=\"og:title\" content=\"Johannes Larsens Hjem - Johannes Larsen Museet\" \/>\n<meta property=\"og:description\" content=\"Ane Talbot barnebarn af Alhed og Johannes Larsen har udgivet bogen Johannes Larsens Hjem, hvor hun fort\u00e6ller om livet p\u00e5 M\u00f8llebakken i Kerteminde.\" \/>\n<meta property=\"og:url\" content=\"https:\/\/johanneslarsenmuseet.dk\/de\/produkt\/johannes-larsens-hjem\/\" \/>\n<meta property=\"og:site_name\" content=\"Johannes Larsen Museet\" \/>\n<meta property=\"article:publisher\" content=\"https:\/\/www.facebook.com\/JohannesLarsenMuseet\" \/>\n<meta property=\"article:modified_time\" content=\"2024-11-13T09:27:13+00:00\" \/>\n<meta property=\"og:image\" content=\"https:\/\/johanneslarsenmuseet.dk\/wp-content\/uploads\/2024\/10\/Johannes-Larsens-Hjem-fortalt-af-hans-barnebarn-Ane-Talbot.png\" \/>\n\t<meta property=\"og:image:width\" content=\"1080\" \/>\n\t<meta property=\"og:image:height\" content=\"1080\" \/>\n\t<meta property=\"og:image:type\" content=\"image\/png\" \/>\n<meta name=\"twitter:card\" content=\"summary_large_image\" \/>\n<meta name=\"twitter:label1\" content=\"Gesch\u00e4tzte Lesezeit\" \/>\n\t<meta name=\"twitter:data1\" content=\"1\u00a0Minute\" \/>\n<script type=\"application\/ld+json\" class=\"yoast-schema-graph\">{\"@context\":\"https:\/\/schema.org\",\"@graph\":[{\"@type\":\"WebPage\",\"@id\":\"https:\/\/johanneslarsenmuseet.dk\/de\/produkt\/johannes-larsens-hjem\/\",\"url\":\"https:\/\/johanneslarsenmuseet.dk\/de\/produkt\/johannes-larsens-hjem\/\",\"name\":\"Johannes Larsens Hjem - Johannes Larsen Museet\",\"isPartOf\":{\"@id\":\"https:\/\/johanneslarsenmuseet.dk\/de\/#website\"},\"primaryImageOfPage\":{\"@id\":\"https:\/\/johanneslarsenmuseet.dk\/de\/produkt\/johannes-larsens-hjem\/#primaryimage\"},\"image\":{\"@id\":\"https:\/\/johanneslarsenmuseet.dk\/de\/produkt\/johannes-larsens-hjem\/#primaryimage\"},\"thumbnailUrl\":\"https:\/\/johanneslarsenmuseet.dk\/wp-content\/uploads\/2024\/10\/Johannes-Larsens-Hjem-fortalt-af-hans-barnebarn-Ane-Talbot.png\",\"datePublished\":\"2024-10-10T13:40:50+00:00\",\"dateModified\":\"2024-11-13T09:27:13+00:00\",\"description\":\"Ane Talbot barnebarn af Alhed og Johannes Larsen har udgivet bogen Johannes Larsens Hjem, hvor hun fort\u00e6ller om livet p\u00e5 M\u00f8llebakken i Kerteminde.\",\"breadcrumb\":{\"@id\":\"https:\/\/johanneslarsenmuseet.dk\/de\/produkt\/johannes-larsens-hjem\/#breadcrumb\"},\"inLanguage\":\"de\",\"potentialAction\":[{\"@type\":\"ReadAction\",\"target\":[\"https:\/\/johanneslarsenmuseet.dk\/de\/produkt\/johannes-larsens-hjem\/\"]}]},{\"@type\":\"ImageObject\",\"inLanguage\":\"de\",\"@id\":\"https:\/\/johanneslarsenmuseet.dk\/de\/produkt\/johannes-larsens-hjem\/#primaryimage\",\"url\":\"https:\/\/johanneslarsenmuseet.dk\/wp-content\/uploads\/2024\/10\/Johannes-Larsens-Hjem-fortalt-af-hans-barnebarn-Ane-Talbot.png\",\"contentUrl\":\"https:\/\/johanneslarsenmuseet.dk\/wp-content\/uploads\/2024\/10\/Johannes-Larsens-Hjem-fortalt-af-hans-barnebarn-Ane-Talbot.png\",\"width\":1080,\"height\":1080},{\"@type\":\"BreadcrumbList\",\"@id\":\"https:\/\/johanneslarsenmuseet.dk\/de\/produkt\/johannes-larsens-hjem\/#breadcrumb\",\"itemListElement\":[{\"@type\":\"ListItem\",\"position\":1,\"name\":\"Hjem\",\"item\":\"https:\/\/johanneslarsenmuseet.dk\/de\/\"},{\"@type\":\"ListItem\",\"position\":2,\"name\":\"Shop\",\"item\":\"https:\/\/johanneslarsenmuseet.dk\/shop\/\"},{\"@type\":\"ListItem\",\"position\":3,\"name\":\"Johannes Larsens Hjem\"}]},{\"@type\":\"WebSite\",\"@id\":\"https:\/\/johanneslarsenmuseet.dk\/de\/#website\",\"url\":\"https:\/\/johanneslarsenmuseet.dk\/de\/\",\"name\":\"Johannes Larsen Museet\",\"description\":\"Oplevelser for hele familien\",\"publisher\":{\"@id\":\"https:\/\/johanneslarsenmuseet.dk\/de\/#organization\"},\"potentialAction\":[{\"@type\":\"SearchAction\",\"target\":{\"@type\":\"EntryPoint\",\"urlTemplate\":\"https:\/\/johanneslarsenmuseet.dk\/de\/?s={search_term_string}\"},\"query-input\":{\"@type\":\"PropertyValueSpecification\",\"valueRequired\":true,\"valueName\":\"search_term_string\"}}],\"inLanguage\":\"de\"},{\"@type\":\"Organization\",\"@id\":\"https:\/\/johanneslarsenmuseet.dk\/de\/#organization\",\"name\":\"Johanne Larsen Museet\",\"url\":\"https:\/\/johanneslarsenmuseet.dk\/de\/\",\"logo\":{\"@type\":\"ImageObject\",\"inLanguage\":\"de\",\"@id\":\"https:\/\/johanneslarsenmuseet.dk\/de\/#\/schema\/logo\/image\/\",\"url\":\"https:\/\/johanneslarsenmuseet.dk\/wp-content\/uploads\/2022\/04\/johannes-larsen-logo-black.svg\",\"contentUrl\":\"https:\/\/johanneslarsenmuseet.dk\/wp-content\/uploads\/2022\/04\/johannes-larsen-logo-black.svg\",\"width\":1,\"height\":1,\"caption\":\"Johanne Larsen Museet\"},\"image\":{\"@id\":\"https:\/\/johanneslarsenmuseet.dk\/de\/#\/schema\/logo\/image\/\"},\"sameAs\":[\"https:\/\/www.facebook.com\/JohannesLarsenMuseet\",\"https:\/\/www.instagram.com\/johanneslarsenmuseet\/\",\"https:\/\/twitter.com\/johlarsenmuseum?lang=da\"]}]}<\/script>\n<!-- \/ Yoast SEO plugin. -->","yoast_head_json":{"title":"Johannes Larsens Hjem - Johannes Larsen Museet","description":"Ane Talbot barnebarn af Alhed og Johannes Larsen har udgivet bogen Johannes Larsens Hjem, hvor hun fort\u00e6ller om livet p\u00e5 M\u00f8llebakken i Kerteminde.","robots":{"index":"index","follow":"follow","max-snippet":"max-snippet:-1","max-image-preview":"max-image-preview:large","max-video-preview":"max-video-preview:-1"},"canonical":"https:\/\/johanneslarsenmuseet.dk\/de\/produkt\/johannes-larsens-hjem\/","og_locale":"de_DE","og_type":"article","og_title":"Johannes Larsens Hjem - Johannes Larsen Museet","og_description":"Ane Talbot barnebarn af Alhed og Johannes Larsen har udgivet bogen Johannes Larsens Hjem, hvor hun fort\u00e6ller om livet p\u00e5 M\u00f8llebakken i Kerteminde.","og_url":"https:\/\/johanneslarsenmuseet.dk\/de\/produkt\/johannes-larsens-hjem\/","og_site_name":"Johannes Larsen Museet","article_publisher":"https:\/\/www.facebook.com\/JohannesLarsenMuseet","article_modified_time":"2024-11-13T09:27:13+00:00","og_image":[{"width":1080,"height":1080,"url":"https:\/\/johanneslarsenmuseet.dk\/wp-content\/uploads\/2024\/10\/Johannes-Larsens-Hjem-fortalt-af-hans-barnebarn-Ane-Talbot.png","type":"image\/png"}],"twitter_card":"summary_large_image","twitter_misc":{"Gesch\u00e4tzte Lesezeit":"1\u00a0Minute"},"schema":{"@context":"https:\/\/schema.org","@graph":[{"@type":"WebPage","@id":"https:\/\/johanneslarsenmuseet.dk\/de\/produkt\/johannes-larsens-hjem\/","url":"https:\/\/johanneslarsenmuseet.dk\/de\/produkt\/johannes-larsens-hjem\/","name":"Johannes Larsens Hjem - Johannes Larsen Museet","isPartOf":{"@id":"https:\/\/johanneslarsenmuseet.dk\/de\/#website"},"primaryImageOfPage":{"@id":"https:\/\/johanneslarsenmuseet.dk\/de\/produkt\/johannes-larsens-hjem\/#primaryimage"},"image":{"@id":"https:\/\/johanneslarsenmuseet.dk\/de\/produkt\/johannes-larsens-hjem\/#primaryimage"},"thumbnailUrl":"https:\/\/johanneslarsenmuseet.dk\/wp-content\/uploads\/2024\/10\/Johannes-Larsens-Hjem-fortalt-af-hans-barnebarn-Ane-Talbot.png","datePublished":"2024-10-10T13:40:50+00:00","dateModified":"2024-11-13T09:27:13+00:00","description":"Ane Talbot barnebarn af Alhed og Johannes Larsen har udgivet bogen Johannes Larsens Hjem, hvor hun fort\u00e6ller om livet p\u00e5 M\u00f8llebakken i Kerteminde.","breadcrumb":{"@id":"https:\/\/johanneslarsenmuseet.dk\/de\/produkt\/johannes-larsens-hjem\/#breadcrumb"},"inLanguage":"de","potentialAction":[{"@type":"ReadAction","target":["https:\/\/johanneslarsenmuseet.dk\/de\/produkt\/johannes-larsens-hjem\/"]}]},{"@type":"ImageObject","inLanguage":"de","@id":"https:\/\/johanneslarsenmuseet.dk\/de\/produkt\/johannes-larsens-hjem\/#primaryimage","url":"https:\/\/johanneslarsenmuseet.dk\/wp-content\/uploads\/2024\/10\/Johannes-Larsens-Hjem-fortalt-af-hans-barnebarn-Ane-Talbot.png","contentUrl":"https:\/\/johanneslarsenmuseet.dk\/wp-content\/uploads\/2024\/10\/Johannes-Larsens-Hjem-fortalt-af-hans-barnebarn-Ane-Talbot.png","width":1080,"height":1080},{"@type":"BreadcrumbList","@id":"https:\/\/johanneslarsenmuseet.dk\/de\/produkt\/johannes-larsens-hjem\/#breadcrumb","itemListElement":[{"@type":"ListItem","position":1,"name":"Hjem","item":"https:\/\/johanneslarsenmuseet.dk\/de\/"},{"@type":"ListItem","position":2,"name":"Shop","item":"https:\/\/johanneslarsenmuseet.dk\/shop\/"},{"@type":"ListItem","position":3,"name":"Johannes Larsens Hjem"}]},{"@type":"WebSite","@id":"https:\/\/johanneslarsenmuseet.dk\/de\/#website","url":"https:\/\/johanneslarsenmuseet.dk\/de\/","name":"Johannes Larsen Museet","description":"Oplevelser for hele familien","publisher":{"@id":"https:\/\/johanneslarsenmuseet.dk\/de\/#organization"},"potentialAction":[{"@type":"SearchAction","target":{"@type":"EntryPoint","urlTemplate":"https:\/\/johanneslarsenmuseet.dk\/de\/?s={search_term_string}"},"query-input":{"@type":"PropertyValueSpecification","valueRequired":true,"valueName":"search_term_string"}}],"inLanguage":"de"},{"@type":"Organization","@id":"https:\/\/johanneslarsenmuseet.dk\/de\/#organization","name":"Johanne Larsen Museet","url":"https:\/\/johanneslarsenmuseet.dk\/de\/","logo":{"@type":"ImageObject","inLanguage":"de","@id":"https:\/\/johanneslarsenmuseet.dk\/de\/#\/schema\/logo\/image\/","url":"https:\/\/johanneslarsenmuseet.dk\/wp-content\/uploads\/2022\/04\/johannes-larsen-logo-black.svg","contentUrl":"https:\/\/johanneslarsenmuseet.dk\/wp-content\/uploads\/2022\/04\/johannes-larsen-logo-black.svg","width":1,"height":1,"caption":"Johanne Larsen Museet"},"image":{"@id":"https:\/\/johanneslarsenmuseet.dk\/de\/#\/schema\/logo\/image\/"},"sameAs":["https:\/\/www.facebook.com\/JohannesLarsenMuseet","https:\/\/www.instagram.com\/johanneslarsenmuseet\/","https:\/\/twitter.com\/johlarsenmuseum?lang=da"]}]}},"_links":{"self":[{"href":"https:\/\/johanneslarsenmuseet.dk\/de\/wp-json\/wp\/v2\/product\/215335","targetHints":{"allow":["GET"]}}],"collection":[{"href":"https:\/\/johanneslarsenmuseet.dk\/de\/wp-json\/wp\/v2\/product"}],"about":[{"href":"https:\/\/johanneslarsenmuseet.dk\/de\/wp-json\/wp\/v2\/types\/product"}],"wp:featuredmedia":[{"embeddable":true,"href":"https:\/\/johanneslarsenmuseet.dk\/de\/wp-json\/wp\/v2\/media\/215490"}],"wp:attachment":[{"href":"https:\/\/johanneslarsenmuseet.dk\/de\/wp-json\/wp\/v2\/media?parent=215335"}],"wp:term":[{"taxonomy":"product_brand","embeddable":true,"href":"https:\/\/johanneslarsenmuseet.dk\/de\/wp-json\/wp\/v2\/product_brand?post=215335"},{"taxonomy":"product_cat","embeddable":true,"href":"https:\/\/johanneslarsenmuseet.dk\/de\/wp-json\/wp\/v2\/product_cat?post=215335"},{"taxonomy":"product_tag","embeddable":true,"href":"https:\/\/johanneslarsenmuseet.dk\/de\/wp-json\/wp\/v2\/product_tag?post=215335"}],"curies":[{"name":"wp","href":"https:\/\/api.w.org\/{rel}","templated":true}]}}