{"id":215336,"date":"2024-10-10T13:40:51","date_gmt":"2024-10-10T13:40:51","guid":{"rendered":"https:\/\/johanneslarsenmuseet.dk\/?post_type=product&#038;p=215336"},"modified":"2024-11-13T09:27:30","modified_gmt":"2024-11-13T09:27:30","slug":"fritz-syberg-livet-vil","status":"publish","type":"product","link":"https:\/\/johanneslarsenmuseet.dk\/de\/produkt\/fritz-syberg-livet-vil\/","title":{"rendered":"Fritz Syberg Livet vil!"},"content":{"rendered":"<span class=\"et_bloom_bottom_trigger\"><\/span>","protected":false},"excerpt":{"rendered":"<p>Igennem sit lange kunstneriske virke oplevede Fritz Syberg ( 1862 &#8211; 1939 ) flere epoker og dermed ogs\u00e5 skift. Skift, der knyttede sig til s\u00e5vel materialer og teknikker som motiver og udtryk. Fritz Sybergs livsbane vare ligeledes karakteriseret af stor omskiftelighed. Han blev b\u00e5de m\u00f8dt af livets lys og fremgang, s\u00e5vel som m\u00f8rke og forf\u00e6rdelige livsbegivenheder, der gav ar p\u00e5 sj\u00e6len. I sig bar han en livskraft, der gjorde, at han gentagne gange fandt gl\u00e6den ved livet og kunsten .<\/p>\n<p><strong>Copyright: Johannes Larsen Museet og forfatterne, 2024<\/strong><\/p>\n<p><strong>Oplag: 1000 stk.\u00a0 96 sider.<\/strong><\/p>\n<p>&nbsp;<\/p>\n","protected":false},"featured_media":215479,"template":"","meta":{"_et_pb_use_builder":"","_et_pb_old_content":"","_et_gb_content_width":""},"product_brand":[],"product_cat":[94,23,29,36],"product_tag":[88,89],"class_list":{"0":"post-215336","1":"product","2":"type-product","3":"status-publish","4":"has-post-thumbnail","6":"product_cat-gaveideer","7":"product_cat-boger-film","8":"product_cat-om-kunst-og-natur","9":"product_cat-udstillingsboger","10":"product_tag-fritz-syberg","11":"product_tag-saerudstilling","13":"first","14":"instock","15":"taxable","16":"shipping-taxable","17":"purchasable","18":"product-type-simple"},"yoast_head":"<!-- This site is optimized with the Yoast SEO plugin v24.5 - https:\/\/yoast.com\/wordpress\/plugins\/seo\/ -->\n<title>Fritz Syberg Livet vil! - Johannes Larsen Museet<\/title>\n<meta name=\"description\" content=\"Med s\u00e6rudstillingen &quot;Fritz Syber. Livet vil! \u00f8nsker Johannes Larsen Museet at g\u00f8re Sybergs liv, steder og billedeverden levende, n\u00e6rv\u00e6rende og vedkommende - for det er de! Bes\u00f8g Kerteminde og oplev en flot udstilling\" \/>\n<meta name=\"robots\" content=\"index, follow, max-snippet:-1, max-image-preview:large, max-video-preview:-1\" \/>\n<link rel=\"canonical\" href=\"https:\/\/johanneslarsenmuseet.dk\/de\/produkt\/fritz-syberg-livet-vil\/\" \/>\n<meta property=\"og:locale\" content=\"de_DE\" \/>\n<meta property=\"og:type\" content=\"article\" \/>\n<meta property=\"og:title\" content=\"Fritz Syberg Livet vil! - Johannes Larsen Museet\" \/>\n<meta property=\"og:description\" content=\"Med s\u00e6rudstillingen &quot;Fritz Syber. Livet vil! \u00f8nsker Johannes Larsen Museet at g\u00f8re Sybergs liv, steder og billedeverden levende, n\u00e6rv\u00e6rende og vedkommende - for det er de! Bes\u00f8g Kerteminde og oplev en flot udstilling\" \/>\n<meta property=\"og:url\" content=\"https:\/\/johanneslarsenmuseet.dk\/de\/produkt\/fritz-syberg-livet-vil\/\" \/>\n<meta property=\"og:site_name\" content=\"Johannes Larsen Museet\" \/>\n<meta property=\"article:publisher\" content=\"https:\/\/www.facebook.com\/JohannesLarsenMuseet\" \/>\n<meta property=\"article:modified_time\" content=\"2024-11-13T09:27:30+00:00\" \/>\n<meta property=\"og:image\" content=\"https:\/\/johanneslarsenmuseet.dk\/wp-content\/uploads\/2024\/10\/Bog-Fritz-Syberg-Livet-vil.png\" \/>\n\t<meta property=\"og:image:width\" content=\"940\" \/>\n\t<meta property=\"og:image:height\" content=\"788\" \/>\n\t<meta property=\"og:image:type\" content=\"image\/png\" \/>\n<meta name=\"twitter:card\" content=\"summary_large_image\" \/>\n<meta name=\"twitter:label1\" content=\"Gesch\u00e4tzte Lesezeit\" \/>\n\t<meta name=\"twitter:data1\" content=\"1\u00a0Minute\" \/>\n<script type=\"application\/ld+json\" class=\"yoast-schema-graph\">{\"@context\":\"https:\/\/schema.org\",\"@graph\":[{\"@type\":\"WebPage\",\"@id\":\"https:\/\/johanneslarsenmuseet.dk\/de\/produkt\/fritz-syberg-livet-vil\/\",\"url\":\"https:\/\/johanneslarsenmuseet.dk\/de\/produkt\/fritz-syberg-livet-vil\/\",\"name\":\"Fritz Syberg Livet vil! - Johannes Larsen Museet\",\"isPartOf\":{\"@id\":\"https:\/\/johanneslarsenmuseet.dk\/de\/#website\"},\"primaryImageOfPage\":{\"@id\":\"https:\/\/johanneslarsenmuseet.dk\/de\/produkt\/fritz-syberg-livet-vil\/#primaryimage\"},\"image\":{\"@id\":\"https:\/\/johanneslarsenmuseet.dk\/de\/produkt\/fritz-syberg-livet-vil\/#primaryimage\"},\"thumbnailUrl\":\"https:\/\/johanneslarsenmuseet.dk\/wp-content\/uploads\/2024\/10\/Bog-Fritz-Syberg-Livet-vil.png\",\"datePublished\":\"2024-10-10T13:40:51+00:00\",\"dateModified\":\"2024-11-13T09:27:30+00:00\",\"description\":\"Med s\u00e6rudstillingen \\\"Fritz Syber. Livet vil! \u00f8nsker Johannes Larsen Museet at g\u00f8re Sybergs liv, steder og billedeverden levende, n\u00e6rv\u00e6rende og vedkommende - for det er de! Bes\u00f8g Kerteminde og oplev en flot udstilling\",\"breadcrumb\":{\"@id\":\"https:\/\/johanneslarsenmuseet.dk\/de\/produkt\/fritz-syberg-livet-vil\/#breadcrumb\"},\"inLanguage\":\"de\",\"potentialAction\":[{\"@type\":\"ReadAction\",\"target\":[\"https:\/\/johanneslarsenmuseet.dk\/de\/produkt\/fritz-syberg-livet-vil\/\"]}]},{\"@type\":\"ImageObject\",\"inLanguage\":\"de\",\"@id\":\"https:\/\/johanneslarsenmuseet.dk\/de\/produkt\/fritz-syberg-livet-vil\/#primaryimage\",\"url\":\"https:\/\/johanneslarsenmuseet.dk\/wp-content\/uploads\/2024\/10\/Bog-Fritz-Syberg-Livet-vil.png\",\"contentUrl\":\"https:\/\/johanneslarsenmuseet.dk\/wp-content\/uploads\/2024\/10\/Bog-Fritz-Syberg-Livet-vil.png\",\"width\":940,\"height\":788,\"caption\":\"Bog Fritz Syberg Livet vil\"},{\"@type\":\"BreadcrumbList\",\"@id\":\"https:\/\/johanneslarsenmuseet.dk\/de\/produkt\/fritz-syberg-livet-vil\/#breadcrumb\",\"itemListElement\":[{\"@type\":\"ListItem\",\"position\":1,\"name\":\"Hjem\",\"item\":\"https:\/\/johanneslarsenmuseet.dk\/de\/\"},{\"@type\":\"ListItem\",\"position\":2,\"name\":\"Shop\",\"item\":\"https:\/\/johanneslarsenmuseet.dk\/shop\/\"},{\"@type\":\"ListItem\",\"position\":3,\"name\":\"Fritz Syberg Livet vil!\"}]},{\"@type\":\"WebSite\",\"@id\":\"https:\/\/johanneslarsenmuseet.dk\/de\/#website\",\"url\":\"https:\/\/johanneslarsenmuseet.dk\/de\/\",\"name\":\"Johannes Larsen Museet\",\"description\":\"Oplevelser for hele familien\",\"publisher\":{\"@id\":\"https:\/\/johanneslarsenmuseet.dk\/de\/#organization\"},\"potentialAction\":[{\"@type\":\"SearchAction\",\"target\":{\"@type\":\"EntryPoint\",\"urlTemplate\":\"https:\/\/johanneslarsenmuseet.dk\/de\/?s={search_term_string}\"},\"query-input\":{\"@type\":\"PropertyValueSpecification\",\"valueRequired\":true,\"valueName\":\"search_term_string\"}}],\"inLanguage\":\"de\"},{\"@type\":\"Organization\",\"@id\":\"https:\/\/johanneslarsenmuseet.dk\/de\/#organization\",\"name\":\"Johanne Larsen Museet\",\"url\":\"https:\/\/johanneslarsenmuseet.dk\/de\/\",\"logo\":{\"@type\":\"ImageObject\",\"inLanguage\":\"de\",\"@id\":\"https:\/\/johanneslarsenmuseet.dk\/de\/#\/schema\/logo\/image\/\",\"url\":\"https:\/\/johanneslarsenmuseet.dk\/wp-content\/uploads\/2022\/04\/johannes-larsen-logo-black.svg\",\"contentUrl\":\"https:\/\/johanneslarsenmuseet.dk\/wp-content\/uploads\/2022\/04\/johannes-larsen-logo-black.svg\",\"width\":1,\"height\":1,\"caption\":\"Johanne Larsen Museet\"},\"image\":{\"@id\":\"https:\/\/johanneslarsenmuseet.dk\/de\/#\/schema\/logo\/image\/\"},\"sameAs\":[\"https:\/\/www.facebook.com\/JohannesLarsenMuseet\",\"https:\/\/www.instagram.com\/johanneslarsenmuseet\/\",\"https:\/\/twitter.com\/johlarsenmuseum?lang=da\"]}]}<\/script>\n<!-- \/ Yoast SEO plugin. -->","yoast_head_json":{"title":"Fritz Syberg Livet vil! - Johannes Larsen Museet","description":"Med s\u00e6rudstillingen \"Fritz Syber. Livet vil! \u00f8nsker Johannes Larsen Museet at g\u00f8re Sybergs liv, steder og billedeverden levende, n\u00e6rv\u00e6rende og vedkommende - for det er de! Bes\u00f8g Kerteminde og oplev en flot udstilling","robots":{"index":"index","follow":"follow","max-snippet":"max-snippet:-1","max-image-preview":"max-image-preview:large","max-video-preview":"max-video-preview:-1"},"canonical":"https:\/\/johanneslarsenmuseet.dk\/de\/produkt\/fritz-syberg-livet-vil\/","og_locale":"de_DE","og_type":"article","og_title":"Fritz Syberg Livet vil! - Johannes Larsen Museet","og_description":"Med s\u00e6rudstillingen \"Fritz Syber. Livet vil! \u00f8nsker Johannes Larsen Museet at g\u00f8re Sybergs liv, steder og billedeverden levende, n\u00e6rv\u00e6rende og vedkommende - for det er de! Bes\u00f8g Kerteminde og oplev en flot udstilling","og_url":"https:\/\/johanneslarsenmuseet.dk\/de\/produkt\/fritz-syberg-livet-vil\/","og_site_name":"Johannes Larsen Museet","article_publisher":"https:\/\/www.facebook.com\/JohannesLarsenMuseet","article_modified_time":"2024-11-13T09:27:30+00:00","og_image":[{"width":940,"height":788,"url":"https:\/\/johanneslarsenmuseet.dk\/wp-content\/uploads\/2024\/10\/Bog-Fritz-Syberg-Livet-vil.png","type":"image\/png"}],"twitter_card":"summary_large_image","twitter_misc":{"Gesch\u00e4tzte Lesezeit":"1\u00a0Minute"},"schema":{"@context":"https:\/\/schema.org","@graph":[{"@type":"WebPage","@id":"https:\/\/johanneslarsenmuseet.dk\/de\/produkt\/fritz-syberg-livet-vil\/","url":"https:\/\/johanneslarsenmuseet.dk\/de\/produkt\/fritz-syberg-livet-vil\/","name":"Fritz Syberg Livet vil! - Johannes Larsen Museet","isPartOf":{"@id":"https:\/\/johanneslarsenmuseet.dk\/de\/#website"},"primaryImageOfPage":{"@id":"https:\/\/johanneslarsenmuseet.dk\/de\/produkt\/fritz-syberg-livet-vil\/#primaryimage"},"image":{"@id":"https:\/\/johanneslarsenmuseet.dk\/de\/produkt\/fritz-syberg-livet-vil\/#primaryimage"},"thumbnailUrl":"https:\/\/johanneslarsenmuseet.dk\/wp-content\/uploads\/2024\/10\/Bog-Fritz-Syberg-Livet-vil.png","datePublished":"2024-10-10T13:40:51+00:00","dateModified":"2024-11-13T09:27:30+00:00","description":"Med s\u00e6rudstillingen \"Fritz Syber. Livet vil! \u00f8nsker Johannes Larsen Museet at g\u00f8re Sybergs liv, steder og billedeverden levende, n\u00e6rv\u00e6rende og vedkommende - for det er de! Bes\u00f8g Kerteminde og oplev en flot udstilling","breadcrumb":{"@id":"https:\/\/johanneslarsenmuseet.dk\/de\/produkt\/fritz-syberg-livet-vil\/#breadcrumb"},"inLanguage":"de","potentialAction":[{"@type":"ReadAction","target":["https:\/\/johanneslarsenmuseet.dk\/de\/produkt\/fritz-syberg-livet-vil\/"]}]},{"@type":"ImageObject","inLanguage":"de","@id":"https:\/\/johanneslarsenmuseet.dk\/de\/produkt\/fritz-syberg-livet-vil\/#primaryimage","url":"https:\/\/johanneslarsenmuseet.dk\/wp-content\/uploads\/2024\/10\/Bog-Fritz-Syberg-Livet-vil.png","contentUrl":"https:\/\/johanneslarsenmuseet.dk\/wp-content\/uploads\/2024\/10\/Bog-Fritz-Syberg-Livet-vil.png","width":940,"height":788,"caption":"Bog Fritz Syberg Livet vil"},{"@type":"BreadcrumbList","@id":"https:\/\/johanneslarsenmuseet.dk\/de\/produkt\/fritz-syberg-livet-vil\/#breadcrumb","itemListElement":[{"@type":"ListItem","position":1,"name":"Hjem","item":"https:\/\/johanneslarsenmuseet.dk\/de\/"},{"@type":"ListItem","position":2,"name":"Shop","item":"https:\/\/johanneslarsenmuseet.dk\/shop\/"},{"@type":"ListItem","position":3,"name":"Fritz Syberg Livet vil!"}]},{"@type":"WebSite","@id":"https:\/\/johanneslarsenmuseet.dk\/de\/#website","url":"https:\/\/johanneslarsenmuseet.dk\/de\/","name":"Johannes Larsen Museet","description":"Oplevelser for hele familien","publisher":{"@id":"https:\/\/johanneslarsenmuseet.dk\/de\/#organization"},"potentialAction":[{"@type":"SearchAction","target":{"@type":"EntryPoint","urlTemplate":"https:\/\/johanneslarsenmuseet.dk\/de\/?s={search_term_string}"},"query-input":{"@type":"PropertyValueSpecification","valueRequired":true,"valueName":"search_term_string"}}],"inLanguage":"de"},{"@type":"Organization","@id":"https:\/\/johanneslarsenmuseet.dk\/de\/#organization","name":"Johanne Larsen Museet","url":"https:\/\/johanneslarsenmuseet.dk\/de\/","logo":{"@type":"ImageObject","inLanguage":"de","@id":"https:\/\/johanneslarsenmuseet.dk\/de\/#\/schema\/logo\/image\/","url":"https:\/\/johanneslarsenmuseet.dk\/wp-content\/uploads\/2022\/04\/johannes-larsen-logo-black.svg","contentUrl":"https:\/\/johanneslarsenmuseet.dk\/wp-content\/uploads\/2022\/04\/johannes-larsen-logo-black.svg","width":1,"height":1,"caption":"Johanne Larsen Museet"},"image":{"@id":"https:\/\/johanneslarsenmuseet.dk\/de\/#\/schema\/logo\/image\/"},"sameAs":["https:\/\/www.facebook.com\/JohannesLarsenMuseet","https:\/\/www.instagram.com\/johanneslarsenmuseet\/","https:\/\/twitter.com\/johlarsenmuseum?lang=da"]}]}},"_links":{"self":[{"href":"https:\/\/johanneslarsenmuseet.dk\/de\/wp-json\/wp\/v2\/product\/215336","targetHints":{"allow":["GET"]}}],"collection":[{"href":"https:\/\/johanneslarsenmuseet.dk\/de\/wp-json\/wp\/v2\/product"}],"about":[{"href":"https:\/\/johanneslarsenmuseet.dk\/de\/wp-json\/wp\/v2\/types\/product"}],"wp:featuredmedia":[{"embeddable":true,"href":"https:\/\/johanneslarsenmuseet.dk\/de\/wp-json\/wp\/v2\/media\/215479"}],"wp:attachment":[{"href":"https:\/\/johanneslarsenmuseet.dk\/de\/wp-json\/wp\/v2\/media?parent=215336"}],"wp:term":[{"taxonomy":"product_brand","embeddable":true,"href":"https:\/\/johanneslarsenmuseet.dk\/de\/wp-json\/wp\/v2\/product_brand?post=215336"},{"taxonomy":"product_cat","embeddable":true,"href":"https:\/\/johanneslarsenmuseet.dk\/de\/wp-json\/wp\/v2\/product_cat?post=215336"},{"taxonomy":"product_tag","embeddable":true,"href":"https:\/\/johanneslarsenmuseet.dk\/de\/wp-json\/wp\/v2\/product_tag?post=215336"}],"curies":[{"name":"wp","href":"https:\/\/api.w.org\/{rel}","templated":true}]}}