{"id":220745,"date":"2026-05-08T09:35:51","date_gmt":"2026-05-08T09:35:51","guid":{"rendered":"https:\/\/johanneslarsenmuseet.dk\/?post_type=product&#038;p=220745"},"modified":"2026-05-08T09:36:31","modified_gmt":"2026-05-08T09:36:31","slug":"christine-swane-en-mangfoldig-ener","status":"publish","type":"product","link":"https:\/\/johanneslarsenmuseet.dk\/de\/produkt\/christine-swane-en-mangfoldig-ener\/","title":{"rendered":"Christine Swane &#8211; En mangfoldig ener."},"content":{"rendered":"<p style=\"text-align: left;\">I anledning af Christine Swanes 150-\u00e5rs f\u00f8dselsdag fort\u00e6ller denne bog historien om hendes kunstnerliv og privatliv og giver et nuanceret indblik i hendes rolle i dansk kunsthistorie. Med fokus p\u00e5 b\u00e5de kunsten, relationerne og tiden omkring hende er bogen relevant for kunstinteresserede, samlere og l\u00e6sere med interesse for dansk kulturhistorie.<\/p>\n<span class=\"et_bloom_bottom_trigger\"><\/span>","protected":false},"excerpt":{"rendered":"<p>Forfattere: Johannes Larsen Museet, Nivaagaard Malerisamling, Ribe Kunstmuseum.<\/p>\n<p>Den 19. maj er det halvandet hundrede \u00e5r siden, at maleren, keramikeren og kunsth\u00e5ndv\u00e6rkeren Christine Swane (1876 &#8211; 1960) blev f\u00f8dt. Vi fejrer 150 \u00e5ret med denne udgivelse og udstilling af samme navn, der vises p\u00e5 tv\u00e6rs af landet.<\/p>\n<p>Indbundet, 263 sider.<br \/>\nM\u00e5ler: 21,5 x 27,5 x 3 cm.<\/p>\n<p>L\u00e6s mere om udstillingen <span style=\"text-decoration: underline;\"><strong><a href=\"https:\/\/johanneslarsenmuseet.dk\/christine-swane-en-mangfoldig-ener\/\">her.<\/a><\/strong><\/span><\/p>\n","protected":false},"featured_media":220746,"template":"","meta":{"_et_pb_use_builder":"","_et_pb_old_content":"","_et_gb_content_width":""},"product_brand":[],"product_cat":[94,23,29,36],"product_tag":[113,81,111,107,108,109,112,110],"class_list":{"0":"post-220745","1":"product","2":"type-product","3":"status-publish","4":"has-post-thumbnail","6":"product_cat-gaveideer","7":"product_cat-boger-film","8":"product_cat-om-kunst-og-natur","9":"product_cat-udstillingsboger","10":"product_tag-bog","11":"product_tag-christine-swane","12":"product_tag-dansk-kulturarv","13":"product_tag-dansk-kunsthistorie","14":"product_tag-keramik","15":"product_tag-maleri","16":"product_tag-modernisme","17":"product_tag-tekstil","19":"first","20":"instock","21":"taxable","22":"shipping-taxable","23":"purchasable","24":"product-type-simple"},"yoast_head":"<!-- This site is optimized with the Yoast SEO plugin v24.5 - https:\/\/yoast.com\/wordpress\/plugins\/seo\/ -->\n<title>Christine Swane - En mangfoldig ener. - Johannes Larsen Museet<\/title>\n<meta name=\"robots\" content=\"index, follow, max-snippet:-1, max-image-preview:large, max-video-preview:-1\" \/>\n<link rel=\"canonical\" href=\"https:\/\/johanneslarsenmuseet.dk\/de\/produkt\/christine-swane-en-mangfoldig-ener\/\" \/>\n<meta property=\"og:locale\" content=\"de_DE\" \/>\n<meta property=\"og:type\" content=\"article\" \/>\n<meta property=\"og:title\" content=\"Christine Swane - En mangfoldig ener. - Johannes Larsen Museet\" \/>\n<meta property=\"og:description\" content=\"Forfattere: Johannes Larsen Museet, Nivaagaard Malerisamling, Ribe Kunstmuseum.  Den 19. maj er det halvandet hundrede \u00e5r siden, at maleren, keramikeren og kunsth\u00e5ndv\u00e6rkeren Christine Swane (1876 - 1960) blev f\u00f8dt. Vi fejrer 150 \u00e5ret med denne udgivelse og udstilling af samme navn, der vises p\u00e5 tv\u00e6rs af landet.  Indbundet, 263 sider. M\u00e5ler: 21,5 x 27,5 x 3 cm.  L\u00e6s mere om udstillingen her.\" \/>\n<meta property=\"og:url\" content=\"https:\/\/johanneslarsenmuseet.dk\/de\/produkt\/christine-swane-en-mangfoldig-ener\/\" \/>\n<meta property=\"og:site_name\" content=\"Johannes Larsen Museet\" \/>\n<meta property=\"article:publisher\" content=\"https:\/\/www.facebook.com\/JohannesLarsenMuseet\" \/>\n<meta property=\"article:modified_time\" content=\"2026-05-08T09:36:31+00:00\" \/>\n<meta property=\"og:image\" content=\"https:\/\/johanneslarsenmuseet.dk\/wp-content\/uploads\/2026\/05\/Christine-Swane-bog-2026-scaled.jpeg\" \/>\n\t<meta property=\"og:image:width\" content=\"1920\" \/>\n\t<meta property=\"og:image:height\" content=\"2560\" \/>\n\t<meta property=\"og:image:type\" content=\"image\/jpeg\" \/>\n<meta name=\"twitter:card\" content=\"summary_large_image\" \/>\n<meta name=\"twitter:label1\" content=\"Gesch\u00e4tzte Lesezeit\" \/>\n\t<meta name=\"twitter:data1\" content=\"1\u00a0Minute\" \/>\n<script type=\"application\/ld+json\" class=\"yoast-schema-graph\">{\"@context\":\"https:\/\/schema.org\",\"@graph\":[{\"@type\":\"WebPage\",\"@id\":\"https:\/\/johanneslarsenmuseet.dk\/de\/produkt\/christine-swane-en-mangfoldig-ener\/\",\"url\":\"https:\/\/johanneslarsenmuseet.dk\/de\/produkt\/christine-swane-en-mangfoldig-ener\/\",\"name\":\"Christine Swane - En mangfoldig ener. - Johannes Larsen Museet\",\"isPartOf\":{\"@id\":\"https:\/\/johanneslarsenmuseet.dk\/de\/#website\"},\"primaryImageOfPage\":{\"@id\":\"https:\/\/johanneslarsenmuseet.dk\/de\/produkt\/christine-swane-en-mangfoldig-ener\/#primaryimage\"},\"image\":{\"@id\":\"https:\/\/johanneslarsenmuseet.dk\/de\/produkt\/christine-swane-en-mangfoldig-ener\/#primaryimage\"},\"thumbnailUrl\":\"https:\/\/johanneslarsenmuseet.dk\/wp-content\/uploads\/2026\/05\/Christine-Swane-bog-2026-scaled.jpeg\",\"datePublished\":\"2026-05-08T09:35:51+00:00\",\"dateModified\":\"2026-05-08T09:36:31+00:00\",\"breadcrumb\":{\"@id\":\"https:\/\/johanneslarsenmuseet.dk\/de\/produkt\/christine-swane-en-mangfoldig-ener\/#breadcrumb\"},\"inLanguage\":\"de\",\"potentialAction\":[{\"@type\":\"ReadAction\",\"target\":[\"https:\/\/johanneslarsenmuseet.dk\/de\/produkt\/christine-swane-en-mangfoldig-ener\/\"]}]},{\"@type\":\"ImageObject\",\"inLanguage\":\"de\",\"@id\":\"https:\/\/johanneslarsenmuseet.dk\/de\/produkt\/christine-swane-en-mangfoldig-ener\/#primaryimage\",\"url\":\"https:\/\/johanneslarsenmuseet.dk\/wp-content\/uploads\/2026\/05\/Christine-Swane-bog-2026-scaled.jpeg\",\"contentUrl\":\"https:\/\/johanneslarsenmuseet.dk\/wp-content\/uploads\/2026\/05\/Christine-Swane-bog-2026-scaled.jpeg\",\"width\":1920,\"height\":2560,\"caption\":\"Bog om kunstneren Christine Swane og hendes liv\"},{\"@type\":\"BreadcrumbList\",\"@id\":\"https:\/\/johanneslarsenmuseet.dk\/de\/produkt\/christine-swane-en-mangfoldig-ener\/#breadcrumb\",\"itemListElement\":[{\"@type\":\"ListItem\",\"position\":1,\"name\":\"Hjem\",\"item\":\"https:\/\/johanneslarsenmuseet.dk\/de\/\"},{\"@type\":\"ListItem\",\"position\":2,\"name\":\"Shop\",\"item\":\"https:\/\/johanneslarsenmuseet.dk\/shop\/\"},{\"@type\":\"ListItem\",\"position\":3,\"name\":\"Christine Swane &#8211; En mangfoldig ener.\"}]},{\"@type\":\"WebSite\",\"@id\":\"https:\/\/johanneslarsenmuseet.dk\/de\/#website\",\"url\":\"https:\/\/johanneslarsenmuseet.dk\/de\/\",\"name\":\"Johannes Larsen Museet\",\"description\":\"Oplevelser for hele familien\",\"publisher\":{\"@id\":\"https:\/\/johanneslarsenmuseet.dk\/de\/#organization\"},\"potentialAction\":[{\"@type\":\"SearchAction\",\"target\":{\"@type\":\"EntryPoint\",\"urlTemplate\":\"https:\/\/johanneslarsenmuseet.dk\/de\/?s={search_term_string}\"},\"query-input\":{\"@type\":\"PropertyValueSpecification\",\"valueRequired\":true,\"valueName\":\"search_term_string\"}}],\"inLanguage\":\"de\"},{\"@type\":\"Organization\",\"@id\":\"https:\/\/johanneslarsenmuseet.dk\/de\/#organization\",\"name\":\"Johanne Larsen Museet\",\"url\":\"https:\/\/johanneslarsenmuseet.dk\/de\/\",\"logo\":{\"@type\":\"ImageObject\",\"inLanguage\":\"de\",\"@id\":\"https:\/\/johanneslarsenmuseet.dk\/de\/#\/schema\/logo\/image\/\",\"url\":\"https:\/\/johanneslarsenmuseet.dk\/wp-content\/uploads\/2022\/04\/johannes-larsen-logo-black.svg\",\"contentUrl\":\"https:\/\/johanneslarsenmuseet.dk\/wp-content\/uploads\/2022\/04\/johannes-larsen-logo-black.svg\",\"width\":1,\"height\":1,\"caption\":\"Johanne Larsen Museet\"},\"image\":{\"@id\":\"https:\/\/johanneslarsenmuseet.dk\/de\/#\/schema\/logo\/image\/\"},\"sameAs\":[\"https:\/\/www.facebook.com\/JohannesLarsenMuseet\",\"https:\/\/www.instagram.com\/johanneslarsenmuseet\/\",\"https:\/\/twitter.com\/johlarsenmuseum?lang=da\"]}]}<\/script>\n<!-- \/ Yoast SEO plugin. -->","yoast_head_json":{"title":"Christine Swane - En mangfoldig ener. - Johannes Larsen Museet","robots":{"index":"index","follow":"follow","max-snippet":"max-snippet:-1","max-image-preview":"max-image-preview:large","max-video-preview":"max-video-preview:-1"},"canonical":"https:\/\/johanneslarsenmuseet.dk\/de\/produkt\/christine-swane-en-mangfoldig-ener\/","og_locale":"de_DE","og_type":"article","og_title":"Christine Swane - En mangfoldig ener. - Johannes Larsen Museet","og_description":"Forfattere: Johannes Larsen Museet, Nivaagaard Malerisamling, Ribe Kunstmuseum.  Den 19. maj er det halvandet hundrede \u00e5r siden, at maleren, keramikeren og kunsth\u00e5ndv\u00e6rkeren Christine Swane (1876 - 1960) blev f\u00f8dt. Vi fejrer 150 \u00e5ret med denne udgivelse og udstilling af samme navn, der vises p\u00e5 tv\u00e6rs af landet.  Indbundet, 263 sider. M\u00e5ler: 21,5 x 27,5 x 3 cm.  L\u00e6s mere om udstillingen her.","og_url":"https:\/\/johanneslarsenmuseet.dk\/de\/produkt\/christine-swane-en-mangfoldig-ener\/","og_site_name":"Johannes Larsen Museet","article_publisher":"https:\/\/www.facebook.com\/JohannesLarsenMuseet","article_modified_time":"2026-05-08T09:36:31+00:00","og_image":[{"width":1920,"height":2560,"url":"https:\/\/johanneslarsenmuseet.dk\/wp-content\/uploads\/2026\/05\/Christine-Swane-bog-2026-scaled.jpeg","type":"image\/jpeg"}],"twitter_card":"summary_large_image","twitter_misc":{"Gesch\u00e4tzte Lesezeit":"1\u00a0Minute"},"schema":{"@context":"https:\/\/schema.org","@graph":[{"@type":"WebPage","@id":"https:\/\/johanneslarsenmuseet.dk\/de\/produkt\/christine-swane-en-mangfoldig-ener\/","url":"https:\/\/johanneslarsenmuseet.dk\/de\/produkt\/christine-swane-en-mangfoldig-ener\/","name":"Christine Swane - En mangfoldig ener. - Johannes Larsen Museet","isPartOf":{"@id":"https:\/\/johanneslarsenmuseet.dk\/de\/#website"},"primaryImageOfPage":{"@id":"https:\/\/johanneslarsenmuseet.dk\/de\/produkt\/christine-swane-en-mangfoldig-ener\/#primaryimage"},"image":{"@id":"https:\/\/johanneslarsenmuseet.dk\/de\/produkt\/christine-swane-en-mangfoldig-ener\/#primaryimage"},"thumbnailUrl":"https:\/\/johanneslarsenmuseet.dk\/wp-content\/uploads\/2026\/05\/Christine-Swane-bog-2026-scaled.jpeg","datePublished":"2026-05-08T09:35:51+00:00","dateModified":"2026-05-08T09:36:31+00:00","breadcrumb":{"@id":"https:\/\/johanneslarsenmuseet.dk\/de\/produkt\/christine-swane-en-mangfoldig-ener\/#breadcrumb"},"inLanguage":"de","potentialAction":[{"@type":"ReadAction","target":["https:\/\/johanneslarsenmuseet.dk\/de\/produkt\/christine-swane-en-mangfoldig-ener\/"]}]},{"@type":"ImageObject","inLanguage":"de","@id":"https:\/\/johanneslarsenmuseet.dk\/de\/produkt\/christine-swane-en-mangfoldig-ener\/#primaryimage","url":"https:\/\/johanneslarsenmuseet.dk\/wp-content\/uploads\/2026\/05\/Christine-Swane-bog-2026-scaled.jpeg","contentUrl":"https:\/\/johanneslarsenmuseet.dk\/wp-content\/uploads\/2026\/05\/Christine-Swane-bog-2026-scaled.jpeg","width":1920,"height":2560,"caption":"Bog om kunstneren Christine Swane og hendes liv"},{"@type":"BreadcrumbList","@id":"https:\/\/johanneslarsenmuseet.dk\/de\/produkt\/christine-swane-en-mangfoldig-ener\/#breadcrumb","itemListElement":[{"@type":"ListItem","position":1,"name":"Hjem","item":"https:\/\/johanneslarsenmuseet.dk\/de\/"},{"@type":"ListItem","position":2,"name":"Shop","item":"https:\/\/johanneslarsenmuseet.dk\/shop\/"},{"@type":"ListItem","position":3,"name":"Christine Swane &#8211; En mangfoldig ener."}]},{"@type":"WebSite","@id":"https:\/\/johanneslarsenmuseet.dk\/de\/#website","url":"https:\/\/johanneslarsenmuseet.dk\/de\/","name":"Johannes Larsen Museet","description":"Oplevelser for hele familien","publisher":{"@id":"https:\/\/johanneslarsenmuseet.dk\/de\/#organization"},"potentialAction":[{"@type":"SearchAction","target":{"@type":"EntryPoint","urlTemplate":"https:\/\/johanneslarsenmuseet.dk\/de\/?s={search_term_string}"},"query-input":{"@type":"PropertyValueSpecification","valueRequired":true,"valueName":"search_term_string"}}],"inLanguage":"de"},{"@type":"Organization","@id":"https:\/\/johanneslarsenmuseet.dk\/de\/#organization","name":"Johanne Larsen Museet","url":"https:\/\/johanneslarsenmuseet.dk\/de\/","logo":{"@type":"ImageObject","inLanguage":"de","@id":"https:\/\/johanneslarsenmuseet.dk\/de\/#\/schema\/logo\/image\/","url":"https:\/\/johanneslarsenmuseet.dk\/wp-content\/uploads\/2022\/04\/johannes-larsen-logo-black.svg","contentUrl":"https:\/\/johanneslarsenmuseet.dk\/wp-content\/uploads\/2022\/04\/johannes-larsen-logo-black.svg","width":1,"height":1,"caption":"Johanne Larsen Museet"},"image":{"@id":"https:\/\/johanneslarsenmuseet.dk\/de\/#\/schema\/logo\/image\/"},"sameAs":["https:\/\/www.facebook.com\/JohannesLarsenMuseet","https:\/\/www.instagram.com\/johanneslarsenmuseet\/","https:\/\/twitter.com\/johlarsenmuseum?lang=da"]}]}},"_links":{"self":[{"href":"https:\/\/johanneslarsenmuseet.dk\/de\/wp-json\/wp\/v2\/product\/220745","targetHints":{"allow":["GET"]}}],"collection":[{"href":"https:\/\/johanneslarsenmuseet.dk\/de\/wp-json\/wp\/v2\/product"}],"about":[{"href":"https:\/\/johanneslarsenmuseet.dk\/de\/wp-json\/wp\/v2\/types\/product"}],"wp:featuredmedia":[{"embeddable":true,"href":"https:\/\/johanneslarsenmuseet.dk\/de\/wp-json\/wp\/v2\/media\/220746"}],"wp:attachment":[{"href":"https:\/\/johanneslarsenmuseet.dk\/de\/wp-json\/wp\/v2\/media?parent=220745"}],"wp:term":[{"taxonomy":"product_brand","embeddable":true,"href":"https:\/\/johanneslarsenmuseet.dk\/de\/wp-json\/wp\/v2\/product_brand?post=220745"},{"taxonomy":"product_cat","embeddable":true,"href":"https:\/\/johanneslarsenmuseet.dk\/de\/wp-json\/wp\/v2\/product_cat?post=220745"},{"taxonomy":"product_tag","embeddable":true,"href":"https:\/\/johanneslarsenmuseet.dk\/de\/wp-json\/wp\/v2\/product_tag?post=220745"}],"curies":[{"name":"wp","href":"https:\/\/api.w.org\/{rel}","templated":true}]}}