{"id":207275,"date":"2022-07-06T08:24:09","date_gmt":"2022-07-06T08:24:09","guid":{"rendered":"https:\/\/johanneslarsenmuseet.dk\/special-exhibition-bird-2022-new\/"},"modified":"2022-07-15T12:04:29","modified_gmt":"2022-07-15T12:04:29","slug":"special-exhibition-bird-2022-new","status":"publish","type":"page","link":"https:\/\/johanneslarsenmuseet.dk\/en\/special-exhibition-bird-2022-new\/","title":{"rendered":"Special exhibition: Bird 2022 new"},"content":{"rendered":"<p>[et_pb_section fb_built=&#8221;1&#8243; _builder_version=&#8221;4.14.2&#8243; _module_preset=&#8221;default&#8221; background_color=&#8221;rgba(0,0,0,0.2)&#8221; background_image=&#8221;https:\/\/johanneslarsenmuseet.dk\/wp-content\/uploads\/2022\/07\/Jan-Nielsen_Bramgaes-i-modlys-scaled.jpg&#8221; background_blend=&#8221;multiply&#8221; custom_margin=&#8221;||-1px|||&#8221; custom_padding=&#8221;19px||224px|||&#8221; hover_enabled=&#8221;0&#8243; global_colors_info=&#8221;{}&#8221; alt=&#8221;Jan-Nielsen&#8221; title_text=&#8221;Jan Nielsen_Bramg\u00e6s i modlys&#8221; sticky_enabled=&#8221;0&#8243;][et_pb_row column_structure=&#8221;1_2,1_2&#8243; _builder_version=&#8221;4.14.2&#8243; _module_preset=&#8221;default&#8221; global_colors_info=&#8221;{}&#8221;][et_pb_column type=&#8221;1_2&#8243; _builder_version=&#8221;4.14.2&#8243; _module_preset=&#8221;default&#8221; global_colors_info=&#8221;{}&#8221;][et_pb_text _builder_version=&#8221;4.14.2&#8243; _module_preset=&#8221;default&#8221; custom_css_main_element=&#8221;max-width: 330px;||font-weight: 700;||    letter-spacing: -.2px;||    font-size: 3rem;||    line-height: 62px;||color: #e0f8eb;&#8221; global_colors_info=&#8221;{}&#8221;]SPECIAL EXHIBITION:<\/p>\n<p><strong>Bird 2022<\/strong>[\/et_pb_text][et_pb_text _builder_version=&#8221;4.14.2&#8243; _module_preset=&#8221;default&#8221; hover_enabled=&#8221;0&#8243; custom_css_main_element=&#8221;max-width: 330px;||font-weight: 400;||font-size: 20px;||    line-height: 1.5;||color: #e0f8eb;&#8221; global_colors_info=&#8221;{}&#8221; sticky_enabled=&#8221;0&#8243;]October 1 to December 30<\/p>\n<p><em>Exhibition opening September 30, 2022<\/em>[\/et_pb_text][et_pb_button button_url=&#8221;https:\/\/www.place2book.com\/da\/sw2\/sales\/9su5zlsx0n&#8221; button_text=&#8221;BUY TICKET&#8221; _builder_version=&#8221;4.14.2&#8243; _module_preset=&#8221;default&#8221; custom_button=&#8221;on&#8221; button_text_size=&#8221;27px&#8221; button_text_color=&#8221;#FFFFFF&#8221; button_border_width=&#8221;4px&#8221; button_border_color=&#8221;#FFFFFF&#8221; global_module=&#8221;205677&#8243; global_colors_info=&#8221;{}&#8221;][\/et_pb_button][\/et_pb_column][et_pb_column type=&#8221;1_2&#8243; _builder_version=&#8221;4.14.2&#8243; _module_preset=&#8221;default&#8221; global_colors_info=&#8221;{}&#8221;][\/et_pb_column][\/et_pb_row][\/et_pb_section][et_pb_section fb_built=&#8221;1&#8243; _builder_version=&#8221;4.14.2&#8243; _module_preset=&#8221;default&#8221; global_colors_info=&#8221;{}&#8221;][et_pb_row _builder_version=&#8221;4.14.2&#8243; _module_preset=&#8221;default&#8221; global_colors_info=&#8221;{}&#8221;][et_pb_column type=&#8221;4_4&#8243; _builder_version=&#8221;4.14.2&#8243; _module_preset=&#8221;default&#8221; global_colors_info=&#8221;{}&#8221;][et_pb_text _builder_version=&#8221;4.14.2&#8243; _module_preset=&#8221;default&#8221; text_font_size=&#8221;18px&#8221; header_2_font_size=&#8221;2.88rem&#8221; custom_padding=&#8221;||0px|||&#8221; hover_enabled=&#8221;0&#8243; global_colors_info=&#8221;{}&#8221; sticky_enabled=&#8221;0&#8243;]<strong>Lovely, naughty, funny, and gloomy. Bird art in 2022 can be everything. With birds of all possible shapes, Bird 2022 takes the pulse of Danish bird art in 2022.<\/strong><\/p>\n<p>Bird art is both versatile and surprising. In November 2021, Johannes Larsen issued a &#8220;bird call&#8221;. An invitation for artists to submit works for the exhibition Bird 2022. The museum received 1,349 works from a total of 460 artists. Of these, a jury has selected 69 artists who will be represented at the exhibition, each with their own bid on what bird art in 2022 will look like. The list of works includes watercolor, bronze, photography, graphics, installation, ceramics, painting, paper art, sculpture, drawing, and textile art. Bird art in 2022 has a lot to offer.<\/p>\n<p><strong>Birds in focus<\/strong><\/p>\n<p>The bird has always been a focal point on M\u00f8llebakken in Kerteminde. When the painter Johannes Larsen moved here in 1901, he brought his great interest in birds with him. At M\u00f8llebakken, he and Alhed Larsen made sure there was room for the birds: nest boxes on the gable, dovecotes, large trees, several ponds, chicken houses, and aviaries. M\u00f8llebakken became a place for birds &#8211; and the birds are also richly represented in Johannes Larsen&#8217;s diaries, paintings, watercolors, drawings, and woodcuts. It is no mystery that Johannes Larsen is known as the &#8220;bird painter&#8221;.<\/p>\n<p>Even today, the bird has a central place on M\u00f8llebakken. Not just in the museum&#8217;s large garden, but also in the exhibition program. Bird 2022 is thus part of the museum&#8217;s triennial for bird art.<\/p>\n<p><strong>Jury behind selection<\/strong><\/p>\n<p>To evaluate and select works for the exhibition, the Johannes Larsen Museum has set up a jury with representatives from both ornithology and the art world.<\/p>\n<p><em><strong>The jury includes:<\/strong><\/em><\/p>\n<ul>\n<li>Maja Lisa Engelhardt, artist<\/li>\n<li>Vicky Knudsen, ornithologist and nature communicator<\/li>\n<li>Tom J\u00f8rgensen, art critic<\/li>\n<li>Martin Iversen, chairman of the Bird Protection Foundation<\/li>\n<li>Jeppe Priess Gersb\u00f8ll, art historian and director of the museum<\/li>\n<\/ul>\n<p><strong>Participating artists<\/strong><\/p>\n<p>At Bird 2022 we show works by the following artists:<\/p>\n<p>Aja Marie Spurv Skyum, Andrea Lindeneg, Anne Esther Hansen, Anne Mette Daa Natorp, Anneline Schj\u00f8dt Pedersen, Benny E. Uhlmann, Bjarne Golles, Bjarne Riis Nygaard, Brit Lind, Britta Westhausen, Dorthe Dencker, Dorthe Kudsk Harbo, Elna Christiansen, Erik Boye, Finn Rudbeck-Larsen, Hanne Skjold Knudsen, Hans-Henrik Wienberg, Hartmut Stockter, Helle Baslund, Helle Bj\u00f8rnebo Neidhardt, Helle Gerd Petersen, Helle Rask Crawford, Ida Bang Augsburg, Ida Holm Mortensen, Inga Vestergaard S\u00f8rensen, Jan Nielsen, Jens Frimer Andersen, Jens Gregersen, Jens Overgaard Christensen, Josva Kleist, Kai Glad, Karen Madsen, Kate Skjerning, Katja Herrik, Katrine Brandt, Kent N\u00f8rby Andersen, Lars Abrahamsen, Lars Schr\u00f8der Hansen, Lars Skovfoged, Lars Waldemar, Lene Jelling Holm, Lene Vidding, Lis Kj\u00e6rgaard, Lisbeth Thingholm, Lise Tang, Lone Boe Nielsen, Louise Bech Pedersen, Majken Bilgrav, Marco Brodde, Mette Rish\u00f8j, Mia Zebitz Larsen, Michael Abel, Niels Erik Skovballe, Nikolaj Callesen, Ole Kragh-S\u00f8rensen, Ole Runge, Pauline Dagmar Christensen, Pernille Behrend, Pia M\u00f6ller-Light, Pia Vestergaard Ahrenst, Roos Holleman, Simon Bang, Staffan Strand, Steffan Herrik, Tatiana Nanova, Torben Klostergaard, Tune Andersen, Vidar H\u00e5kon Utvik and Violise Lunn.<\/p>\n<p>All works at the exhibition have one or more birds as part of the motif and were created in the period 2019-2022.<\/p>\n<p><strong>Catalog<\/strong><\/p>\n<p>As part of the exhibition, the museum publishes a catalog where all artists in the exhibition will be represented with an artwork. In the catalog you will also be able to find contact information of the artists.<\/p>\n<p><strong>Presentation and activities<\/strong><\/p>\n<p>While the exhibition is on display, the Johannes Larsen Museum arranges a number of guided tours, excursions, and events focusing on the bird and art. Keep an eye on the museum&#8217;s website.<\/p>\n<p><strong>Better BirdLIFE<\/strong><\/p>\n<p>The Johannes Larsen Museum collaborates with the nature project Better BirdLIFE that works on optimizing the conditions for a number of coastal birds.<\/p>\n<p><em><strong>Photo<\/strong><\/em>: Jan Nielsen: Goose in backlight. 2019. The work has been selected for Bird 2022.[\/et_pb_text][et_pb_button button_url=&#8221;https:\/\/johanneslarsenmuseet.dk\/en\/experiences\/&#8221; button_text=&#8221;See all experiences&#8221; _builder_version=&#8221;4.14.2&#8243; _module_preset=&#8221;default&#8221; global_colors_info=&#8221;{}&#8221;][\/et_pb_button][\/et_pb_column][\/et_pb_row][\/et_pb_section]<\/p>\n<span class=\"et_bloom_bottom_trigger\"><\/span>","protected":false},"excerpt":{"rendered":"<p>SPECIAL EXHIBITION: Bird 2022October 1 to December 30 Exhibition opening September 30, 2022Lovely, naughty, funny, and gloomy. Bird art in 2022 can be everything. With birds of all possible shapes, Bird 2022 takes the pulse of Danish bird art in 2022. Bird art is both versatile and surprising. In November 2021, Johannes Larsen issued a [&hellip;]<\/p>\n","protected":false},"author":4,"featured_media":0,"parent":0,"menu_order":0,"comment_status":"closed","ping_status":"closed","template":"","meta":{"_et_pb_use_builder":"on","_et_pb_old_content":"","_et_gb_content_width":"","footnotes":""},"class_list":["post-207275","page","type-page","status-publish","hentry"],"yoast_head":"<!-- This site is optimized with the Yoast SEO plugin v24.5 - https:\/\/yoast.com\/wordpress\/plugins\/seo\/ -->\n<title>Special exhibition: Bird 2022 new - Johannes Larsen Museet<\/title>\n<meta name=\"robots\" content=\"index, follow, max-snippet:-1, max-image-preview:large, max-video-preview:-1\" \/>\n<link rel=\"canonical\" href=\"https:\/\/johanneslarsenmuseet.dk\/en\/special-exhibition-bird-2022-new\/\" \/>\n<meta property=\"og:locale\" content=\"en_US\" \/>\n<meta property=\"og:type\" content=\"article\" \/>\n<meta property=\"og:title\" content=\"Special exhibition: Bird 2022 new - Johannes Larsen Museet\" \/>\n<meta property=\"og:description\" content=\"SPECIAL EXHIBITION: Bird 2022October 1 to December 30 Exhibition opening September 30, 2022Lovely, naughty, funny, and gloomy. Bird art in 2022 can be everything. With birds of all possible shapes, Bird 2022 takes the pulse of Danish bird art in 2022. Bird art is both versatile and surprising. In November 2021, Johannes Larsen issued a [&hellip;]\" \/>\n<meta property=\"og:url\" content=\"https:\/\/johanneslarsenmuseet.dk\/en\/special-exhibition-bird-2022-new\/\" \/>\n<meta property=\"og:site_name\" content=\"Johannes Larsen Museet\" \/>\n<meta property=\"article:publisher\" content=\"https:\/\/www.facebook.com\/JohannesLarsenMuseet\" \/>\n<meta property=\"article:modified_time\" content=\"2022-07-15T12:04:29+00:00\" \/>\n<meta name=\"twitter:card\" content=\"summary_large_image\" \/>\n<meta name=\"twitter:label1\" content=\"Est. reading time\" \/>\n\t<meta name=\"twitter:data1\" content=\"5 minutes\" \/>\n<script type=\"application\/ld+json\" class=\"yoast-schema-graph\">{\"@context\":\"https:\/\/schema.org\",\"@graph\":[{\"@type\":\"WebPage\",\"@id\":\"https:\/\/johanneslarsenmuseet.dk\/en\/special-exhibition-bird-2022-new\/\",\"url\":\"https:\/\/johanneslarsenmuseet.dk\/en\/special-exhibition-bird-2022-new\/\",\"name\":\"Special exhibition: Bird 2022 new - Johannes Larsen Museet\",\"isPartOf\":{\"@id\":\"https:\/\/johanneslarsenmuseet.dk\/en\/#website\"},\"datePublished\":\"2022-07-06T08:24:09+00:00\",\"dateModified\":\"2022-07-15T12:04:29+00:00\",\"breadcrumb\":{\"@id\":\"https:\/\/johanneslarsenmuseet.dk\/en\/special-exhibition-bird-2022-new\/#breadcrumb\"},\"inLanguage\":\"en-US\",\"potentialAction\":[{\"@type\":\"ReadAction\",\"target\":[\"https:\/\/johanneslarsenmuseet.dk\/en\/special-exhibition-bird-2022-new\/\"]}]},{\"@type\":\"BreadcrumbList\",\"@id\":\"https:\/\/johanneslarsenmuseet.dk\/en\/special-exhibition-bird-2022-new\/#breadcrumb\",\"itemListElement\":[{\"@type\":\"ListItem\",\"position\":1,\"name\":\"Hjem\",\"item\":\"https:\/\/johanneslarsenmuseet.dk\/en\/\"},{\"@type\":\"ListItem\",\"position\":2,\"name\":\"Special exhibition: Bird 2022 new\"}]},{\"@type\":\"WebSite\",\"@id\":\"https:\/\/johanneslarsenmuseet.dk\/en\/#website\",\"url\":\"https:\/\/johanneslarsenmuseet.dk\/en\/\",\"name\":\"Johannes Larsen Museet\",\"description\":\"Oplevelser for hele familien\",\"publisher\":{\"@id\":\"https:\/\/johanneslarsenmuseet.dk\/en\/#organization\"},\"potentialAction\":[{\"@type\":\"SearchAction\",\"target\":{\"@type\":\"EntryPoint\",\"urlTemplate\":\"https:\/\/johanneslarsenmuseet.dk\/en\/?s={search_term_string}\"},\"query-input\":{\"@type\":\"PropertyValueSpecification\",\"valueRequired\":true,\"valueName\":\"search_term_string\"}}],\"inLanguage\":\"en-US\"},{\"@type\":\"Organization\",\"@id\":\"https:\/\/johanneslarsenmuseet.dk\/en\/#organization\",\"name\":\"Johanne Larsen Museet\",\"url\":\"https:\/\/johanneslarsenmuseet.dk\/en\/\",\"logo\":{\"@type\":\"ImageObject\",\"inLanguage\":\"en-US\",\"@id\":\"https:\/\/johanneslarsenmuseet.dk\/en\/#\/schema\/logo\/image\/\",\"url\":\"https:\/\/johanneslarsenmuseet.dk\/wp-content\/uploads\/2022\/04\/johannes-larsen-logo-black.svg\",\"contentUrl\":\"https:\/\/johanneslarsenmuseet.dk\/wp-content\/uploads\/2022\/04\/johannes-larsen-logo-black.svg\",\"width\":1,\"height\":1,\"caption\":\"Johanne Larsen Museet\"},\"image\":{\"@id\":\"https:\/\/johanneslarsenmuseet.dk\/en\/#\/schema\/logo\/image\/\"},\"sameAs\":[\"https:\/\/www.facebook.com\/JohannesLarsenMuseet\",\"https:\/\/www.instagram.com\/johanneslarsenmuseet\/\",\"https:\/\/twitter.com\/johlarsenmuseum?lang=da\"]}]}<\/script>\n<!-- \/ Yoast SEO plugin. -->","yoast_head_json":{"title":"Special exhibition: Bird 2022 new - Johannes Larsen Museet","robots":{"index":"index","follow":"follow","max-snippet":"max-snippet:-1","max-image-preview":"max-image-preview:large","max-video-preview":"max-video-preview:-1"},"canonical":"https:\/\/johanneslarsenmuseet.dk\/en\/special-exhibition-bird-2022-new\/","og_locale":"en_US","og_type":"article","og_title":"Special exhibition: Bird 2022 new - Johannes Larsen Museet","og_description":"SPECIAL EXHIBITION: Bird 2022October 1 to December 30 Exhibition opening September 30, 2022Lovely, naughty, funny, and gloomy. Bird art in 2022 can be everything. With birds of all possible shapes, Bird 2022 takes the pulse of Danish bird art in 2022. Bird art is both versatile and surprising. In November 2021, Johannes Larsen issued a [&hellip;]","og_url":"https:\/\/johanneslarsenmuseet.dk\/en\/special-exhibition-bird-2022-new\/","og_site_name":"Johannes Larsen Museet","article_publisher":"https:\/\/www.facebook.com\/JohannesLarsenMuseet","article_modified_time":"2022-07-15T12:04:29+00:00","twitter_card":"summary_large_image","twitter_misc":{"Est. reading time":"5 minutes"},"schema":{"@context":"https:\/\/schema.org","@graph":[{"@type":"WebPage","@id":"https:\/\/johanneslarsenmuseet.dk\/en\/special-exhibition-bird-2022-new\/","url":"https:\/\/johanneslarsenmuseet.dk\/en\/special-exhibition-bird-2022-new\/","name":"Special exhibition: Bird 2022 new - Johannes Larsen Museet","isPartOf":{"@id":"https:\/\/johanneslarsenmuseet.dk\/en\/#website"},"datePublished":"2022-07-06T08:24:09+00:00","dateModified":"2022-07-15T12:04:29+00:00","breadcrumb":{"@id":"https:\/\/johanneslarsenmuseet.dk\/en\/special-exhibition-bird-2022-new\/#breadcrumb"},"inLanguage":"en-US","potentialAction":[{"@type":"ReadAction","target":["https:\/\/johanneslarsenmuseet.dk\/en\/special-exhibition-bird-2022-new\/"]}]},{"@type":"BreadcrumbList","@id":"https:\/\/johanneslarsenmuseet.dk\/en\/special-exhibition-bird-2022-new\/#breadcrumb","itemListElement":[{"@type":"ListItem","position":1,"name":"Hjem","item":"https:\/\/johanneslarsenmuseet.dk\/en\/"},{"@type":"ListItem","position":2,"name":"Special exhibition: Bird 2022 new"}]},{"@type":"WebSite","@id":"https:\/\/johanneslarsenmuseet.dk\/en\/#website","url":"https:\/\/johanneslarsenmuseet.dk\/en\/","name":"Johannes Larsen Museet","description":"Oplevelser for hele familien","publisher":{"@id":"https:\/\/johanneslarsenmuseet.dk\/en\/#organization"},"potentialAction":[{"@type":"SearchAction","target":{"@type":"EntryPoint","urlTemplate":"https:\/\/johanneslarsenmuseet.dk\/en\/?s={search_term_string}"},"query-input":{"@type":"PropertyValueSpecification","valueRequired":true,"valueName":"search_term_string"}}],"inLanguage":"en-US"},{"@type":"Organization","@id":"https:\/\/johanneslarsenmuseet.dk\/en\/#organization","name":"Johanne Larsen Museet","url":"https:\/\/johanneslarsenmuseet.dk\/en\/","logo":{"@type":"ImageObject","inLanguage":"en-US","@id":"https:\/\/johanneslarsenmuseet.dk\/en\/#\/schema\/logo\/image\/","url":"https:\/\/johanneslarsenmuseet.dk\/wp-content\/uploads\/2022\/04\/johannes-larsen-logo-black.svg","contentUrl":"https:\/\/johanneslarsenmuseet.dk\/wp-content\/uploads\/2022\/04\/johannes-larsen-logo-black.svg","width":1,"height":1,"caption":"Johanne Larsen Museet"},"image":{"@id":"https:\/\/johanneslarsenmuseet.dk\/en\/#\/schema\/logo\/image\/"},"sameAs":["https:\/\/www.facebook.com\/JohannesLarsenMuseet","https:\/\/www.instagram.com\/johanneslarsenmuseet\/","https:\/\/twitter.com\/johlarsenmuseum?lang=da"]}]}},"_links":{"self":[{"href":"https:\/\/johanneslarsenmuseet.dk\/en\/wp-json\/wp\/v2\/pages\/207275","targetHints":{"allow":["GET"]}}],"collection":[{"href":"https:\/\/johanneslarsenmuseet.dk\/en\/wp-json\/wp\/v2\/pages"}],"about":[{"href":"https:\/\/johanneslarsenmuseet.dk\/en\/wp-json\/wp\/v2\/types\/page"}],"author":[{"embeddable":true,"href":"https:\/\/johanneslarsenmuseet.dk\/en\/wp-json\/wp\/v2\/users\/4"}],"replies":[{"embeddable":true,"href":"https:\/\/johanneslarsenmuseet.dk\/en\/wp-json\/wp\/v2\/comments?post=207275"}],"version-history":[{"count":0,"href":"https:\/\/johanneslarsenmuseet.dk\/en\/wp-json\/wp\/v2\/pages\/207275\/revisions"}],"wp:attachment":[{"href":"https:\/\/johanneslarsenmuseet.dk\/en\/wp-json\/wp\/v2\/media?parent=207275"}],"curies":[{"name":"wp","href":"https:\/\/api.w.org\/{rel}","templated":true}]}}