{"id":205045,"date":"2022-04-04T11:08:10","date_gmt":"2022-04-04T11:08:10","guid":{"rendered":"http:\/\/johanneslarsenmuseet.dk\/?post_type=product&#038;p=205045"},"modified":"2022-04-24T18:44:42","modified_gmt":"2022-04-24T18:44:42","slug":"johannes-alhed-larsen-et-hjem-i-naturen","status":"publish","type":"product","link":"https:\/\/johanneslarsenmuseet.dk\/en\/produkt\/johannes-alhed-larsen-et-hjem-i-naturen\/","title":{"rendered":"Johannes &#038; Alhed Larsen. Et hjem i naturen"},"content":{"rendered":"<span class=\"et_bloom_bottom_trigger\"><\/span>","protected":false},"excerpt":{"rendered":"<p>Johannes Larsen er kendt og elsket for sine fugle- og landskabsmalerier. F\u00e6rre kender til hans skildringer fra hjemmet p\u00e5 M\u00f8llebakken i Kerteminde, som han og hustruen Alhed skabte sammen. Endnu f\u00e6rre ved, at ogs\u00e5 Alhed Larsen var ud\u00f8vende kunstner.<\/p>\n<p>Som en hyldest til begge kunstneres virke fokuserer <strong><em>Johannes og Alhed Larsen. Et hjem i naturen\u00a0<\/em><\/strong>p\u00e5 kunstnerhjemmet og samspillet de to \u00e6gtef\u00e6ller imellem.<\/p>\n<p><strong>Skrevet af<\/strong>\u00a0Erland Porsmose, Anne-Birgitte Fonsmark, Sarah Fredholm.<\/p>\n<p><strong>Udgivet af<\/strong>\u00a0Ordrupgaard, Johannes Larsen Museet.<\/p>\n<p>163 sider, 2015<\/p>\n","protected":false},"featured_media":205046,"template":"","meta":{"_et_pb_use_builder":"","_et_pb_old_content":"","_et_gb_content_width":""},"product_brand":[],"product_cat":[23,29],"product_tag":[],"class_list":{"0":"post-205045","1":"product","2":"type-product","3":"status-publish","4":"has-post-thumbnail","6":"product_cat-boger-film","7":"product_cat-om-kunst-og-natur","9":"first","10":"instock","11":"taxable","12":"shipping-taxable","13":"purchasable","14":"product-type-simple"},"yoast_head":"<!-- This site is optimized with the Yoast SEO plugin v24.5 - https:\/\/yoast.com\/wordpress\/plugins\/seo\/ -->\n<title>Johannes &amp; Alhed Larsen. Et hjem i naturen - Johannes Larsen Museet<\/title>\n<meta name=\"robots\" content=\"index, follow, max-snippet:-1, max-image-preview:large, max-video-preview:-1\" \/>\n<link rel=\"canonical\" href=\"https:\/\/johanneslarsenmuseet.dk\/en\/produkt\/johannes-alhed-larsen-et-hjem-i-naturen\/\" \/>\n<meta property=\"og:locale\" content=\"en_US\" \/>\n<meta property=\"og:type\" content=\"article\" \/>\n<meta property=\"og:title\" content=\"Johannes &amp; Alhed Larsen. Et hjem i naturen - Johannes Larsen Museet\" \/>\n<meta property=\"og:description\" content=\"Johannes Larsen er kendt og elsket for sine fugle- og landskabsmalerier. F\u00e6rre kender til hans skildringer fra hjemmet p\u00e5 M\u00f8llebakken i Kerteminde, som han og hustruen Alhed skabte sammen. Endnu f\u00e6rre ved, at ogs\u00e5 Alhed Larsen var ud\u00f8vende kunstner.  Som en hyldest til begge kunstneres virke fokuserer Johannes og Alhed Larsen. Et hjem i naturen\u00a0p\u00e5 kunstnerhjemmet og samspillet de to \u00e6gtef\u00e6ller imellem.  Skrevet af\u00a0Erland Porsmose, Anne-Birgitte Fonsmark, Sarah Fredholm.  Udgivet af\u00a0Ordrupgaard, Johannes Larsen Museet.  163 sider, 2015\" \/>\n<meta property=\"og:url\" content=\"https:\/\/johanneslarsenmuseet.dk\/en\/produkt\/johannes-alhed-larsen-et-hjem-i-naturen\/\" \/>\n<meta property=\"og:site_name\" content=\"Johannes Larsen Museet\" \/>\n<meta property=\"article:publisher\" content=\"https:\/\/www.facebook.com\/JohannesLarsenMuseet\" \/>\n<meta property=\"article:modified_time\" content=\"2022-04-24T18:44:42+00:00\" \/>\n<meta property=\"og:image\" content=\"https:\/\/johanneslarsenmuseet.dk\/wp-content\/uploads\/2022\/04\/Johannes-Alhed-Larsen.-Et-hjem-i-naturen.jpg\" \/>\n\t<meta property=\"og:image:width\" content=\"1689\" \/>\n\t<meta property=\"og:image:height\" content=\"2319\" \/>\n\t<meta property=\"og:image:type\" content=\"image\/jpeg\" \/>\n<meta name=\"twitter:card\" content=\"summary_large_image\" \/>\n<script type=\"application\/ld+json\" class=\"yoast-schema-graph\">{\"@context\":\"https:\/\/schema.org\",\"@graph\":[{\"@type\":\"WebPage\",\"@id\":\"https:\/\/johanneslarsenmuseet.dk\/en\/produkt\/johannes-alhed-larsen-et-hjem-i-naturen\/\",\"url\":\"https:\/\/johanneslarsenmuseet.dk\/en\/produkt\/johannes-alhed-larsen-et-hjem-i-naturen\/\",\"name\":\"Johannes & Alhed Larsen. Et hjem i naturen - Johannes Larsen Museet\",\"isPartOf\":{\"@id\":\"https:\/\/johanneslarsenmuseet.dk\/en\/#website\"},\"primaryImageOfPage\":{\"@id\":\"https:\/\/johanneslarsenmuseet.dk\/en\/produkt\/johannes-alhed-larsen-et-hjem-i-naturen\/#primaryimage\"},\"image\":{\"@id\":\"https:\/\/johanneslarsenmuseet.dk\/en\/produkt\/johannes-alhed-larsen-et-hjem-i-naturen\/#primaryimage\"},\"thumbnailUrl\":\"https:\/\/johanneslarsenmuseet.dk\/wp-content\/uploads\/2022\/04\/Johannes-Alhed-Larsen.-Et-hjem-i-naturen.jpg\",\"datePublished\":\"2022-04-04T11:08:10+00:00\",\"dateModified\":\"2022-04-24T18:44:42+00:00\",\"breadcrumb\":{\"@id\":\"https:\/\/johanneslarsenmuseet.dk\/en\/produkt\/johannes-alhed-larsen-et-hjem-i-naturen\/#breadcrumb\"},\"inLanguage\":\"en-US\",\"potentialAction\":[{\"@type\":\"ReadAction\",\"target\":[\"https:\/\/johanneslarsenmuseet.dk\/en\/produkt\/johannes-alhed-larsen-et-hjem-i-naturen\/\"]}]},{\"@type\":\"ImageObject\",\"inLanguage\":\"en-US\",\"@id\":\"https:\/\/johanneslarsenmuseet.dk\/en\/produkt\/johannes-alhed-larsen-et-hjem-i-naturen\/#primaryimage\",\"url\":\"https:\/\/johanneslarsenmuseet.dk\/wp-content\/uploads\/2022\/04\/Johannes-Alhed-Larsen.-Et-hjem-i-naturen.jpg\",\"contentUrl\":\"https:\/\/johanneslarsenmuseet.dk\/wp-content\/uploads\/2022\/04\/Johannes-Alhed-Larsen.-Et-hjem-i-naturen.jpg\",\"width\":1689,\"height\":2319,\"caption\":\"Johannes & Alhed Larsen. Et hjem i naturen\"},{\"@type\":\"BreadcrumbList\",\"@id\":\"https:\/\/johanneslarsenmuseet.dk\/en\/produkt\/johannes-alhed-larsen-et-hjem-i-naturen\/#breadcrumb\",\"itemListElement\":[{\"@type\":\"ListItem\",\"position\":1,\"name\":\"Hjem\",\"item\":\"https:\/\/johanneslarsenmuseet.dk\/en\/\"},{\"@type\":\"ListItem\",\"position\":2,\"name\":\"Shop\",\"item\":\"https:\/\/johanneslarsenmuseet.dk\/shop\/\"},{\"@type\":\"ListItem\",\"position\":3,\"name\":\"Johannes &#038; Alhed Larsen. Et hjem i naturen\"}]},{\"@type\":\"WebSite\",\"@id\":\"https:\/\/johanneslarsenmuseet.dk\/en\/#website\",\"url\":\"https:\/\/johanneslarsenmuseet.dk\/en\/\",\"name\":\"Johannes Larsen Museet\",\"description\":\"Oplevelser for hele familien\",\"publisher\":{\"@id\":\"https:\/\/johanneslarsenmuseet.dk\/en\/#organization\"},\"potentialAction\":[{\"@type\":\"SearchAction\",\"target\":{\"@type\":\"EntryPoint\",\"urlTemplate\":\"https:\/\/johanneslarsenmuseet.dk\/en\/?s={search_term_string}\"},\"query-input\":{\"@type\":\"PropertyValueSpecification\",\"valueRequired\":true,\"valueName\":\"search_term_string\"}}],\"inLanguage\":\"en-US\"},{\"@type\":\"Organization\",\"@id\":\"https:\/\/johanneslarsenmuseet.dk\/en\/#organization\",\"name\":\"Johanne Larsen Museet\",\"url\":\"https:\/\/johanneslarsenmuseet.dk\/en\/\",\"logo\":{\"@type\":\"ImageObject\",\"inLanguage\":\"en-US\",\"@id\":\"https:\/\/johanneslarsenmuseet.dk\/en\/#\/schema\/logo\/image\/\",\"url\":\"https:\/\/johanneslarsenmuseet.dk\/wp-content\/uploads\/2022\/04\/johannes-larsen-logo-black.svg\",\"contentUrl\":\"https:\/\/johanneslarsenmuseet.dk\/wp-content\/uploads\/2022\/04\/johannes-larsen-logo-black.svg\",\"width\":1,\"height\":1,\"caption\":\"Johanne Larsen Museet\"},\"image\":{\"@id\":\"https:\/\/johanneslarsenmuseet.dk\/en\/#\/schema\/logo\/image\/\"},\"sameAs\":[\"https:\/\/www.facebook.com\/JohannesLarsenMuseet\",\"https:\/\/www.instagram.com\/johanneslarsenmuseet\/\",\"https:\/\/twitter.com\/johlarsenmuseum?lang=da\"]}]}<\/script>\n<!-- \/ Yoast SEO plugin. -->","yoast_head_json":{"title":"Johannes & Alhed Larsen. Et hjem i naturen - Johannes Larsen Museet","robots":{"index":"index","follow":"follow","max-snippet":"max-snippet:-1","max-image-preview":"max-image-preview:large","max-video-preview":"max-video-preview:-1"},"canonical":"https:\/\/johanneslarsenmuseet.dk\/en\/produkt\/johannes-alhed-larsen-et-hjem-i-naturen\/","og_locale":"en_US","og_type":"article","og_title":"Johannes & Alhed Larsen. Et hjem i naturen - Johannes Larsen Museet","og_description":"Johannes Larsen er kendt og elsket for sine fugle- og landskabsmalerier. F\u00e6rre kender til hans skildringer fra hjemmet p\u00e5 M\u00f8llebakken i Kerteminde, som han og hustruen Alhed skabte sammen. Endnu f\u00e6rre ved, at ogs\u00e5 Alhed Larsen var ud\u00f8vende kunstner.  Som en hyldest til begge kunstneres virke fokuserer Johannes og Alhed Larsen. Et hjem i naturen\u00a0p\u00e5 kunstnerhjemmet og samspillet de to \u00e6gtef\u00e6ller imellem.  Skrevet af\u00a0Erland Porsmose, Anne-Birgitte Fonsmark, Sarah Fredholm.  Udgivet af\u00a0Ordrupgaard, Johannes Larsen Museet.  163 sider, 2015","og_url":"https:\/\/johanneslarsenmuseet.dk\/en\/produkt\/johannes-alhed-larsen-et-hjem-i-naturen\/","og_site_name":"Johannes Larsen Museet","article_publisher":"https:\/\/www.facebook.com\/JohannesLarsenMuseet","article_modified_time":"2022-04-24T18:44:42+00:00","og_image":[{"width":1689,"height":2319,"url":"https:\/\/johanneslarsenmuseet.dk\/wp-content\/uploads\/2022\/04\/Johannes-Alhed-Larsen.-Et-hjem-i-naturen.jpg","type":"image\/jpeg"}],"twitter_card":"summary_large_image","schema":{"@context":"https:\/\/schema.org","@graph":[{"@type":"WebPage","@id":"https:\/\/johanneslarsenmuseet.dk\/en\/produkt\/johannes-alhed-larsen-et-hjem-i-naturen\/","url":"https:\/\/johanneslarsenmuseet.dk\/en\/produkt\/johannes-alhed-larsen-et-hjem-i-naturen\/","name":"Johannes & Alhed Larsen. Et hjem i naturen - Johannes Larsen Museet","isPartOf":{"@id":"https:\/\/johanneslarsenmuseet.dk\/en\/#website"},"primaryImageOfPage":{"@id":"https:\/\/johanneslarsenmuseet.dk\/en\/produkt\/johannes-alhed-larsen-et-hjem-i-naturen\/#primaryimage"},"image":{"@id":"https:\/\/johanneslarsenmuseet.dk\/en\/produkt\/johannes-alhed-larsen-et-hjem-i-naturen\/#primaryimage"},"thumbnailUrl":"https:\/\/johanneslarsenmuseet.dk\/wp-content\/uploads\/2022\/04\/Johannes-Alhed-Larsen.-Et-hjem-i-naturen.jpg","datePublished":"2022-04-04T11:08:10+00:00","dateModified":"2022-04-24T18:44:42+00:00","breadcrumb":{"@id":"https:\/\/johanneslarsenmuseet.dk\/en\/produkt\/johannes-alhed-larsen-et-hjem-i-naturen\/#breadcrumb"},"inLanguage":"en-US","potentialAction":[{"@type":"ReadAction","target":["https:\/\/johanneslarsenmuseet.dk\/en\/produkt\/johannes-alhed-larsen-et-hjem-i-naturen\/"]}]},{"@type":"ImageObject","inLanguage":"en-US","@id":"https:\/\/johanneslarsenmuseet.dk\/en\/produkt\/johannes-alhed-larsen-et-hjem-i-naturen\/#primaryimage","url":"https:\/\/johanneslarsenmuseet.dk\/wp-content\/uploads\/2022\/04\/Johannes-Alhed-Larsen.-Et-hjem-i-naturen.jpg","contentUrl":"https:\/\/johanneslarsenmuseet.dk\/wp-content\/uploads\/2022\/04\/Johannes-Alhed-Larsen.-Et-hjem-i-naturen.jpg","width":1689,"height":2319,"caption":"Johannes & Alhed Larsen. Et hjem i naturen"},{"@type":"BreadcrumbList","@id":"https:\/\/johanneslarsenmuseet.dk\/en\/produkt\/johannes-alhed-larsen-et-hjem-i-naturen\/#breadcrumb","itemListElement":[{"@type":"ListItem","position":1,"name":"Hjem","item":"https:\/\/johanneslarsenmuseet.dk\/en\/"},{"@type":"ListItem","position":2,"name":"Shop","item":"https:\/\/johanneslarsenmuseet.dk\/shop\/"},{"@type":"ListItem","position":3,"name":"Johannes &#038; Alhed Larsen. Et hjem i naturen"}]},{"@type":"WebSite","@id":"https:\/\/johanneslarsenmuseet.dk\/en\/#website","url":"https:\/\/johanneslarsenmuseet.dk\/en\/","name":"Johannes Larsen Museet","description":"Oplevelser for hele familien","publisher":{"@id":"https:\/\/johanneslarsenmuseet.dk\/en\/#organization"},"potentialAction":[{"@type":"SearchAction","target":{"@type":"EntryPoint","urlTemplate":"https:\/\/johanneslarsenmuseet.dk\/en\/?s={search_term_string}"},"query-input":{"@type":"PropertyValueSpecification","valueRequired":true,"valueName":"search_term_string"}}],"inLanguage":"en-US"},{"@type":"Organization","@id":"https:\/\/johanneslarsenmuseet.dk\/en\/#organization","name":"Johanne Larsen Museet","url":"https:\/\/johanneslarsenmuseet.dk\/en\/","logo":{"@type":"ImageObject","inLanguage":"en-US","@id":"https:\/\/johanneslarsenmuseet.dk\/en\/#\/schema\/logo\/image\/","url":"https:\/\/johanneslarsenmuseet.dk\/wp-content\/uploads\/2022\/04\/johannes-larsen-logo-black.svg","contentUrl":"https:\/\/johanneslarsenmuseet.dk\/wp-content\/uploads\/2022\/04\/johannes-larsen-logo-black.svg","width":1,"height":1,"caption":"Johanne Larsen Museet"},"image":{"@id":"https:\/\/johanneslarsenmuseet.dk\/en\/#\/schema\/logo\/image\/"},"sameAs":["https:\/\/www.facebook.com\/JohannesLarsenMuseet","https:\/\/www.instagram.com\/johanneslarsenmuseet\/","https:\/\/twitter.com\/johlarsenmuseum?lang=da"]}]}},"_links":{"self":[{"href":"https:\/\/johanneslarsenmuseet.dk\/en\/wp-json\/wp\/v2\/product\/205045","targetHints":{"allow":["GET"]}}],"collection":[{"href":"https:\/\/johanneslarsenmuseet.dk\/en\/wp-json\/wp\/v2\/product"}],"about":[{"href":"https:\/\/johanneslarsenmuseet.dk\/en\/wp-json\/wp\/v2\/types\/product"}],"wp:featuredmedia":[{"embeddable":true,"href":"https:\/\/johanneslarsenmuseet.dk\/en\/wp-json\/wp\/v2\/media\/205046"}],"wp:attachment":[{"href":"https:\/\/johanneslarsenmuseet.dk\/en\/wp-json\/wp\/v2\/media?parent=205045"}],"wp:term":[{"taxonomy":"product_brand","embeddable":true,"href":"https:\/\/johanneslarsenmuseet.dk\/en\/wp-json\/wp\/v2\/product_brand?post=205045"},{"taxonomy":"product_cat","embeddable":true,"href":"https:\/\/johanneslarsenmuseet.dk\/en\/wp-json\/wp\/v2\/product_cat?post=205045"},{"taxonomy":"product_tag","embeddable":true,"href":"https:\/\/johanneslarsenmuseet.dk\/en\/wp-json\/wp\/v2\/product_tag?post=205045"}],"curies":[{"name":"wp","href":"https:\/\/api.w.org\/{rel}","templated":true}]}}