{"id":205196,"date":"2022-04-05T09:25:31","date_gmt":"2022-04-05T09:25:31","guid":{"rendered":"http:\/\/johanneslarsenmuseet.dk\/?post_type=product&#038;p=205196"},"modified":"2024-09-27T06:39:32","modified_gmt":"2024-09-27T06:39:32","slug":"et-stykke-forelsket-danmark","status":"publish","type":"product","link":"https:\/\/johanneslarsenmuseet.dk\/en\/produkt\/et-stykke-forelsket-danmark\/","title":{"rendered":"Et stykke forelsket Danmark"},"content":{"rendered":"<span class=\"et_bloom_bottom_trigger\"><\/span>","protected":false},"excerpt":{"rendered":"<p>AF JOHANNES LARSEN MUSEET. 2011. 226 SIDER.<\/p>\n<p>Bogen udkom i forbindelse med udstillingen af samme navn, som afholdtes i forbindelse med, at Danmarks Naturfredningsforening i 2011 fyldte 100 \u00e5r.<br \/>\nS\u00e5vel fynbomalerne som kredsen af forfattere omkring dem var b\u00e5de forelsket i naturen og st\u00e6rkt engagerede i naturbevaringssagen. Bogen indeholder artikler om kunstnerne og naturen, om fredningen af skarven og svanen, om \u00c6bel\u00f8 og Sprog\u00f8, om indd\u00e6mningerne og desuden et stort antal digte skrevet omkring 1911 og 2011.<br \/>\nRigt illustreret.<\/p>\n<p>Presseomtale:<br \/>\n\u201dGod at blive klogere af, ogs\u00e5 for fremtidens skyld\u201d. Anna Pia Holmgaard, Fyns Amts Avis.<\/p>\n<p>\u201ds\u00e6rdeles anbefalelsesv\u00e6rdig\u201d. Lise-Lotte Blom, Kunstavisen.<\/p>\n<p>\u201den guldgrube for den, der kerer sig om den danske natur\u201d. Steffen Lange, Midtyllands Avis.<\/p>\n<p>\u201dDenne sk\u00f8nne og dejlige bog kandiderer st\u00e6rkt til at blive \u00e5rets naturbog!\u201d. Natur &amp; Milj\u00f8. \u201dMeget sp\u00e6ndende l\u00e6sning\u201d. Ellen Egemose, Fyens Stiftstidende.<\/p>\n<p>\u201drigt illustreret og meget velredigeret katalog\u201d. Synne Rifbjerg, Weekendavisen.<\/p>\n<p>\u201dInspirerende kapitler af hverdagens danmarkshistorie\u201d. Claus Grymer, Kristeligt Dagblad.<\/p>\n<p>\u201det flot og vigtigt pion\u00e9rarbejde, der er v\u00e6rd at anskaffe sig i Kerteminde\u201d. Rune Engelbreth Larsen, Politiken.<\/p>\n<p>\u201d\u2026 Og s\u00e5 er malerierne alts\u00e5 bare ualmindeligt dejlige at kigge p\u00e5 og varme sig ved i sommerkulden!\u201d. Steffen Kronborg, Rudersdal Avis.<\/p>\n","protected":false},"featured_media":205197,"template":"","meta":{"_et_pb_use_builder":"","_et_pb_old_content":"","_et_gb_content_width":""},"product_brand":[],"product_cat":[85,23,29,36],"product_tag":[],"class_list":{"0":"post-205196","1":"product","2":"type-product","3":"status-publish","4":"has-post-thumbnail","6":"product_cat-tilbud","7":"product_cat-boger-film","8":"product_cat-om-kunst-og-natur","9":"product_cat-udstillingsboger","11":"first","12":"instock","13":"sale","14":"taxable","15":"shipping-taxable","16":"purchasable","17":"product-type-simple"},"yoast_head":"<!-- This site is optimized with the Yoast SEO plugin v24.5 - https:\/\/yoast.com\/wordpress\/plugins\/seo\/ -->\n<title>Et stykke forelsket Danmark - Johannes Larsen Museet<\/title>\n<meta name=\"robots\" content=\"index, follow, max-snippet:-1, max-image-preview:large, max-video-preview:-1\" \/>\n<link rel=\"canonical\" href=\"https:\/\/johanneslarsenmuseet.dk\/en\/produkt\/et-stykke-forelsket-danmark\/\" \/>\n<meta property=\"og:locale\" content=\"en_US\" \/>\n<meta property=\"og:type\" content=\"article\" \/>\n<meta property=\"og:title\" content=\"Et stykke forelsket Danmark - Johannes Larsen Museet\" \/>\n<meta property=\"og:description\" content=\"AF JOHANNES LARSEN MUSEET. 2011. 226 SIDER.  Bogen udkom i forbindelse med udstillingen af samme navn, som afholdtes i forbindelse med, at Danmarks Naturfredningsforening i 2011 fyldte 100 \u00e5r. S\u00e5vel fynbomalerne som kredsen af forfattere omkring dem var b\u00e5de forelsket i naturen og st\u00e6rkt engagerede i naturbevaringssagen. Bogen indeholder artikler om kunstnerne og naturen, om fredningen af skarven og svanen, om \u00c6bel\u00f8 og Sprog\u00f8, om indd\u00e6mningerne og desuden et stort antal digte skrevet omkring 1911 og 2011. Rigt illustreret.  Presseomtale: \u201dGod at blive klogere af, ogs\u00e5 for fremtidens skyld\u201d. Anna Pia Holmgaard, Fyns Amts Avis.  \u201ds\u00e6rdeles anbefalelsesv\u00e6rdig\u201d. Lise-Lotte Blom, Kunstavisen.  \u201den guldgrube for den, der kerer sig om den danske natur\u201d. Steffen Lange, Midtyllands Avis.  \u201dDenne sk\u00f8nne og dejlige bog kandiderer st\u00e6rkt til at blive \u00e5rets naturbog!\u201d. Natur &amp; Milj\u00f8. \u201dMeget sp\u00e6ndende l\u00e6sning\u201d. Ellen Egemose, Fyens Stiftstidende.  \u201drigt illustreret og meget velredigeret katalog\u201d. Synne Rifbjerg, Weekendavisen.  \u201dInspirerende kapitler af hverdagens danmarkshistorie\u201d. Claus Grymer, Kristeligt Dagblad.  \u201det flot og vigtigt pion\u00e9rarbejde, der er v\u00e6rd at anskaffe sig i Kerteminde\u201d. Rune Engelbreth Larsen, Politiken.  \u201d\u2026 Og s\u00e5 er malerierne alts\u00e5 bare ualmindeligt dejlige at kigge p\u00e5 og varme sig ved i sommerkulden!\u201d. Steffen Kronborg, Rudersdal Avis.\" \/>\n<meta property=\"og:url\" content=\"https:\/\/johanneslarsenmuseet.dk\/en\/produkt\/et-stykke-forelsket-danmark\/\" \/>\n<meta property=\"og:site_name\" content=\"Johannes Larsen Museet\" \/>\n<meta property=\"article:publisher\" content=\"https:\/\/www.facebook.com\/JohannesLarsenMuseet\" \/>\n<meta property=\"article:modified_time\" content=\"2024-09-27T06:39:32+00:00\" \/>\n<meta property=\"og:image\" content=\"https:\/\/johanneslarsenmuseet.dk\/wp-content\/uploads\/2022\/04\/Et-stykke-forelsket-Danmark.jpg\" \/>\n\t<meta property=\"og:image:width\" content=\"1664\" \/>\n\t<meta property=\"og:image:height\" content=\"2066\" \/>\n\t<meta property=\"og:image:type\" content=\"image\/jpeg\" \/>\n<meta name=\"twitter:card\" content=\"summary_large_image\" \/>\n<script type=\"application\/ld+json\" class=\"yoast-schema-graph\">{\"@context\":\"https:\/\/schema.org\",\"@graph\":[{\"@type\":\"WebPage\",\"@id\":\"https:\/\/johanneslarsenmuseet.dk\/en\/produkt\/et-stykke-forelsket-danmark\/\",\"url\":\"https:\/\/johanneslarsenmuseet.dk\/en\/produkt\/et-stykke-forelsket-danmark\/\",\"name\":\"Et stykke forelsket Danmark - Johannes Larsen Museet\",\"isPartOf\":{\"@id\":\"https:\/\/johanneslarsenmuseet.dk\/en\/#website\"},\"primaryImageOfPage\":{\"@id\":\"https:\/\/johanneslarsenmuseet.dk\/en\/produkt\/et-stykke-forelsket-danmark\/#primaryimage\"},\"image\":{\"@id\":\"https:\/\/johanneslarsenmuseet.dk\/en\/produkt\/et-stykke-forelsket-danmark\/#primaryimage\"},\"thumbnailUrl\":\"https:\/\/johanneslarsenmuseet.dk\/wp-content\/uploads\/2022\/04\/Et-stykke-forelsket-Danmark.jpg\",\"datePublished\":\"2022-04-05T09:25:31+00:00\",\"dateModified\":\"2024-09-27T06:39:32+00:00\",\"breadcrumb\":{\"@id\":\"https:\/\/johanneslarsenmuseet.dk\/en\/produkt\/et-stykke-forelsket-danmark\/#breadcrumb\"},\"inLanguage\":\"en-US\",\"potentialAction\":[{\"@type\":\"ReadAction\",\"target\":[\"https:\/\/johanneslarsenmuseet.dk\/en\/produkt\/et-stykke-forelsket-danmark\/\"]}]},{\"@type\":\"ImageObject\",\"inLanguage\":\"en-US\",\"@id\":\"https:\/\/johanneslarsenmuseet.dk\/en\/produkt\/et-stykke-forelsket-danmark\/#primaryimage\",\"url\":\"https:\/\/johanneslarsenmuseet.dk\/wp-content\/uploads\/2022\/04\/Et-stykke-forelsket-Danmark.jpg\",\"contentUrl\":\"https:\/\/johanneslarsenmuseet.dk\/wp-content\/uploads\/2022\/04\/Et-stykke-forelsket-Danmark.jpg\",\"width\":1664,\"height\":2066,\"caption\":\"Et stykke forelsket Danmark\"},{\"@type\":\"BreadcrumbList\",\"@id\":\"https:\/\/johanneslarsenmuseet.dk\/en\/produkt\/et-stykke-forelsket-danmark\/#breadcrumb\",\"itemListElement\":[{\"@type\":\"ListItem\",\"position\":1,\"name\":\"Hjem\",\"item\":\"https:\/\/johanneslarsenmuseet.dk\/en\/\"},{\"@type\":\"ListItem\",\"position\":2,\"name\":\"Shop\",\"item\":\"https:\/\/johanneslarsenmuseet.dk\/shop\/\"},{\"@type\":\"ListItem\",\"position\":3,\"name\":\"Et stykke forelsket Danmark\"}]},{\"@type\":\"WebSite\",\"@id\":\"https:\/\/johanneslarsenmuseet.dk\/en\/#website\",\"url\":\"https:\/\/johanneslarsenmuseet.dk\/en\/\",\"name\":\"Johannes Larsen Museet\",\"description\":\"Oplevelser for hele familien\",\"publisher\":{\"@id\":\"https:\/\/johanneslarsenmuseet.dk\/en\/#organization\"},\"potentialAction\":[{\"@type\":\"SearchAction\",\"target\":{\"@type\":\"EntryPoint\",\"urlTemplate\":\"https:\/\/johanneslarsenmuseet.dk\/en\/?s={search_term_string}\"},\"query-input\":{\"@type\":\"PropertyValueSpecification\",\"valueRequired\":true,\"valueName\":\"search_term_string\"}}],\"inLanguage\":\"en-US\"},{\"@type\":\"Organization\",\"@id\":\"https:\/\/johanneslarsenmuseet.dk\/en\/#organization\",\"name\":\"Johanne Larsen Museet\",\"url\":\"https:\/\/johanneslarsenmuseet.dk\/en\/\",\"logo\":{\"@type\":\"ImageObject\",\"inLanguage\":\"en-US\",\"@id\":\"https:\/\/johanneslarsenmuseet.dk\/en\/#\/schema\/logo\/image\/\",\"url\":\"https:\/\/johanneslarsenmuseet.dk\/wp-content\/uploads\/2022\/04\/johannes-larsen-logo-black.svg\",\"contentUrl\":\"https:\/\/johanneslarsenmuseet.dk\/wp-content\/uploads\/2022\/04\/johannes-larsen-logo-black.svg\",\"width\":1,\"height\":1,\"caption\":\"Johanne Larsen Museet\"},\"image\":{\"@id\":\"https:\/\/johanneslarsenmuseet.dk\/en\/#\/schema\/logo\/image\/\"},\"sameAs\":[\"https:\/\/www.facebook.com\/JohannesLarsenMuseet\",\"https:\/\/www.instagram.com\/johanneslarsenmuseet\/\",\"https:\/\/twitter.com\/johlarsenmuseum?lang=da\"]}]}<\/script>\n<!-- \/ Yoast SEO plugin. -->","yoast_head_json":{"title":"Et stykke forelsket Danmark - Johannes Larsen Museet","robots":{"index":"index","follow":"follow","max-snippet":"max-snippet:-1","max-image-preview":"max-image-preview:large","max-video-preview":"max-video-preview:-1"},"canonical":"https:\/\/johanneslarsenmuseet.dk\/en\/produkt\/et-stykke-forelsket-danmark\/","og_locale":"en_US","og_type":"article","og_title":"Et stykke forelsket Danmark - Johannes Larsen Museet","og_description":"AF JOHANNES LARSEN MUSEET. 2011. 226 SIDER.  Bogen udkom i forbindelse med udstillingen af samme navn, som afholdtes i forbindelse med, at Danmarks Naturfredningsforening i 2011 fyldte 100 \u00e5r. S\u00e5vel fynbomalerne som kredsen af forfattere omkring dem var b\u00e5de forelsket i naturen og st\u00e6rkt engagerede i naturbevaringssagen. Bogen indeholder artikler om kunstnerne og naturen, om fredningen af skarven og svanen, om \u00c6bel\u00f8 og Sprog\u00f8, om indd\u00e6mningerne og desuden et stort antal digte skrevet omkring 1911 og 2011. Rigt illustreret.  Presseomtale: \u201dGod at blive klogere af, ogs\u00e5 for fremtidens skyld\u201d. Anna Pia Holmgaard, Fyns Amts Avis.  \u201ds\u00e6rdeles anbefalelsesv\u00e6rdig\u201d. Lise-Lotte Blom, Kunstavisen.  \u201den guldgrube for den, der kerer sig om den danske natur\u201d. Steffen Lange, Midtyllands Avis.  \u201dDenne sk\u00f8nne og dejlige bog kandiderer st\u00e6rkt til at blive \u00e5rets naturbog!\u201d. Natur &amp; Milj\u00f8. \u201dMeget sp\u00e6ndende l\u00e6sning\u201d. Ellen Egemose, Fyens Stiftstidende.  \u201drigt illustreret og meget velredigeret katalog\u201d. Synne Rifbjerg, Weekendavisen.  \u201dInspirerende kapitler af hverdagens danmarkshistorie\u201d. Claus Grymer, Kristeligt Dagblad.  \u201det flot og vigtigt pion\u00e9rarbejde, der er v\u00e6rd at anskaffe sig i Kerteminde\u201d. Rune Engelbreth Larsen, Politiken.  \u201d\u2026 Og s\u00e5 er malerierne alts\u00e5 bare ualmindeligt dejlige at kigge p\u00e5 og varme sig ved i sommerkulden!\u201d. Steffen Kronborg, Rudersdal Avis.","og_url":"https:\/\/johanneslarsenmuseet.dk\/en\/produkt\/et-stykke-forelsket-danmark\/","og_site_name":"Johannes Larsen Museet","article_publisher":"https:\/\/www.facebook.com\/JohannesLarsenMuseet","article_modified_time":"2024-09-27T06:39:32+00:00","og_image":[{"width":1664,"height":2066,"url":"https:\/\/johanneslarsenmuseet.dk\/wp-content\/uploads\/2022\/04\/Et-stykke-forelsket-Danmark.jpg","type":"image\/jpeg"}],"twitter_card":"summary_large_image","schema":{"@context":"https:\/\/schema.org","@graph":[{"@type":"WebPage","@id":"https:\/\/johanneslarsenmuseet.dk\/en\/produkt\/et-stykke-forelsket-danmark\/","url":"https:\/\/johanneslarsenmuseet.dk\/en\/produkt\/et-stykke-forelsket-danmark\/","name":"Et stykke forelsket Danmark - Johannes Larsen Museet","isPartOf":{"@id":"https:\/\/johanneslarsenmuseet.dk\/en\/#website"},"primaryImageOfPage":{"@id":"https:\/\/johanneslarsenmuseet.dk\/en\/produkt\/et-stykke-forelsket-danmark\/#primaryimage"},"image":{"@id":"https:\/\/johanneslarsenmuseet.dk\/en\/produkt\/et-stykke-forelsket-danmark\/#primaryimage"},"thumbnailUrl":"https:\/\/johanneslarsenmuseet.dk\/wp-content\/uploads\/2022\/04\/Et-stykke-forelsket-Danmark.jpg","datePublished":"2022-04-05T09:25:31+00:00","dateModified":"2024-09-27T06:39:32+00:00","breadcrumb":{"@id":"https:\/\/johanneslarsenmuseet.dk\/en\/produkt\/et-stykke-forelsket-danmark\/#breadcrumb"},"inLanguage":"en-US","potentialAction":[{"@type":"ReadAction","target":["https:\/\/johanneslarsenmuseet.dk\/en\/produkt\/et-stykke-forelsket-danmark\/"]}]},{"@type":"ImageObject","inLanguage":"en-US","@id":"https:\/\/johanneslarsenmuseet.dk\/en\/produkt\/et-stykke-forelsket-danmark\/#primaryimage","url":"https:\/\/johanneslarsenmuseet.dk\/wp-content\/uploads\/2022\/04\/Et-stykke-forelsket-Danmark.jpg","contentUrl":"https:\/\/johanneslarsenmuseet.dk\/wp-content\/uploads\/2022\/04\/Et-stykke-forelsket-Danmark.jpg","width":1664,"height":2066,"caption":"Et stykke forelsket Danmark"},{"@type":"BreadcrumbList","@id":"https:\/\/johanneslarsenmuseet.dk\/en\/produkt\/et-stykke-forelsket-danmark\/#breadcrumb","itemListElement":[{"@type":"ListItem","position":1,"name":"Hjem","item":"https:\/\/johanneslarsenmuseet.dk\/en\/"},{"@type":"ListItem","position":2,"name":"Shop","item":"https:\/\/johanneslarsenmuseet.dk\/shop\/"},{"@type":"ListItem","position":3,"name":"Et stykke forelsket Danmark"}]},{"@type":"WebSite","@id":"https:\/\/johanneslarsenmuseet.dk\/en\/#website","url":"https:\/\/johanneslarsenmuseet.dk\/en\/","name":"Johannes Larsen Museet","description":"Oplevelser for hele familien","publisher":{"@id":"https:\/\/johanneslarsenmuseet.dk\/en\/#organization"},"potentialAction":[{"@type":"SearchAction","target":{"@type":"EntryPoint","urlTemplate":"https:\/\/johanneslarsenmuseet.dk\/en\/?s={search_term_string}"},"query-input":{"@type":"PropertyValueSpecification","valueRequired":true,"valueName":"search_term_string"}}],"inLanguage":"en-US"},{"@type":"Organization","@id":"https:\/\/johanneslarsenmuseet.dk\/en\/#organization","name":"Johanne Larsen Museet","url":"https:\/\/johanneslarsenmuseet.dk\/en\/","logo":{"@type":"ImageObject","inLanguage":"en-US","@id":"https:\/\/johanneslarsenmuseet.dk\/en\/#\/schema\/logo\/image\/","url":"https:\/\/johanneslarsenmuseet.dk\/wp-content\/uploads\/2022\/04\/johannes-larsen-logo-black.svg","contentUrl":"https:\/\/johanneslarsenmuseet.dk\/wp-content\/uploads\/2022\/04\/johannes-larsen-logo-black.svg","width":1,"height":1,"caption":"Johanne Larsen Museet"},"image":{"@id":"https:\/\/johanneslarsenmuseet.dk\/en\/#\/schema\/logo\/image\/"},"sameAs":["https:\/\/www.facebook.com\/JohannesLarsenMuseet","https:\/\/www.instagram.com\/johanneslarsenmuseet\/","https:\/\/twitter.com\/johlarsenmuseum?lang=da"]}]}},"_links":{"self":[{"href":"https:\/\/johanneslarsenmuseet.dk\/en\/wp-json\/wp\/v2\/product\/205196","targetHints":{"allow":["GET"]}}],"collection":[{"href":"https:\/\/johanneslarsenmuseet.dk\/en\/wp-json\/wp\/v2\/product"}],"about":[{"href":"https:\/\/johanneslarsenmuseet.dk\/en\/wp-json\/wp\/v2\/types\/product"}],"wp:featuredmedia":[{"embeddable":true,"href":"https:\/\/johanneslarsenmuseet.dk\/en\/wp-json\/wp\/v2\/media\/205197"}],"wp:attachment":[{"href":"https:\/\/johanneslarsenmuseet.dk\/en\/wp-json\/wp\/v2\/media?parent=205196"}],"wp:term":[{"taxonomy":"product_brand","embeddable":true,"href":"https:\/\/johanneslarsenmuseet.dk\/en\/wp-json\/wp\/v2\/product_brand?post=205196"},{"taxonomy":"product_cat","embeddable":true,"href":"https:\/\/johanneslarsenmuseet.dk\/en\/wp-json\/wp\/v2\/product_cat?post=205196"},{"taxonomy":"product_tag","embeddable":true,"href":"https:\/\/johanneslarsenmuseet.dk\/en\/wp-json\/wp\/v2\/product_tag?post=205196"}],"curies":[{"name":"wp","href":"https:\/\/api.w.org\/{rel}","templated":true}]}}