{"id":205212,"date":"2022-04-05T09:57:06","date_gmt":"2022-04-05T09:57:06","guid":{"rendered":"http:\/\/johanneslarsenmuseet.dk\/?post_type=product&#038;p=205212"},"modified":"2024-09-27T06:39:18","modified_gmt":"2024-09-27T06:39:18","slug":"sogueyjan-sagaoen-set-af-danske-og-islandske-kunstnere-igennem-150-ar","status":"publish","type":"product","link":"https:\/\/johanneslarsenmuseet.dk\/en\/produkt\/sogueyjan-sagaoen-set-af-danske-og-islandske-kunstnere-igennem-150-ar\/","title":{"rendered":"S\u00f6gueyjan-Saga\u00f8en. Set af danske og islandske kunstnere igennem 150 \u00e5r"},"content":{"rendered":"<span class=\"et_bloom_bottom_trigger\"><\/span>","protected":false},"excerpt":{"rendered":"<p>AF ERLAND PORSMOSE. 2004. 72 SIDER.<\/p>\n<p>Et katalog p\u00e5 islandsk og dansk til udstillingen \u201dSaga\u00f8en\u201d. Bogen fort\u00e6ller om danske kunstneres rejser i Island, om udviklingen af den islandske malerkunst og om relationen mellem danske og islandske malere.<\/p>\n","protected":false},"featured_media":205213,"template":"","meta":{"_et_pb_use_builder":"","_et_pb_old_content":"","_et_gb_content_width":""},"product_brand":[],"product_cat":[85,23,29],"product_tag":[],"class_list":{"0":"post-205212","1":"product","2":"type-product","3":"status-publish","4":"has-post-thumbnail","6":"product_cat-tilbud","7":"product_cat-boger-film","8":"product_cat-om-kunst-og-natur","10":"first","11":"instock","12":"sale","13":"taxable","14":"shipping-taxable","15":"purchasable","16":"product-type-simple"},"yoast_head":"<!-- This site is optimized with the Yoast SEO plugin v24.5 - https:\/\/yoast.com\/wordpress\/plugins\/seo\/ -->\n<title>S\u00f6gueyjan-Saga\u00f8en. Set af danske og islandske kunstnere igennem 150 \u00e5r - Johannes Larsen Museet<\/title>\n<meta name=\"robots\" content=\"index, follow, max-snippet:-1, max-image-preview:large, max-video-preview:-1\" \/>\n<link rel=\"canonical\" href=\"https:\/\/johanneslarsenmuseet.dk\/en\/produkt\/sogueyjan-sagaoen-set-af-danske-og-islandske-kunstnere-igennem-150-ar\/\" \/>\n<meta property=\"og:locale\" content=\"en_US\" \/>\n<meta property=\"og:type\" content=\"article\" \/>\n<meta property=\"og:title\" content=\"S\u00f6gueyjan-Saga\u00f8en. Set af danske og islandske kunstnere igennem 150 \u00e5r - Johannes Larsen Museet\" \/>\n<meta property=\"og:description\" content=\"AF ERLAND PORSMOSE. 2004. 72 SIDER.  Et katalog p\u00e5 islandsk og dansk til udstillingen \u201dSaga\u00f8en\u201d. Bogen fort\u00e6ller om danske kunstneres rejser i Island, om udviklingen af den islandske malerkunst og om relationen mellem danske og islandske malere.\" \/>\n<meta property=\"og:url\" content=\"https:\/\/johanneslarsenmuseet.dk\/en\/produkt\/sogueyjan-sagaoen-set-af-danske-og-islandske-kunstnere-igennem-150-ar\/\" \/>\n<meta property=\"og:site_name\" content=\"Johannes Larsen Museet\" \/>\n<meta property=\"article:publisher\" content=\"https:\/\/www.facebook.com\/JohannesLarsenMuseet\" \/>\n<meta property=\"article:modified_time\" content=\"2024-09-27T06:39:18+00:00\" \/>\n<meta property=\"og:image\" content=\"https:\/\/johanneslarsenmuseet.dk\/wp-content\/uploads\/2022\/04\/Sogueyjan-Sagaoen.-Set-af-danske-og-islandske-kunstnere-igennem-150-ar.jpg\" \/>\n\t<meta property=\"og:image:width\" content=\"1367\" \/>\n\t<meta property=\"og:image:height\" content=\"1910\" \/>\n\t<meta property=\"og:image:type\" content=\"image\/jpeg\" \/>\n<meta name=\"twitter:card\" content=\"summary_large_image\" \/>\n<script type=\"application\/ld+json\" class=\"yoast-schema-graph\">{\"@context\":\"https:\/\/schema.org\",\"@graph\":[{\"@type\":\"WebPage\",\"@id\":\"https:\/\/johanneslarsenmuseet.dk\/en\/produkt\/sogueyjan-sagaoen-set-af-danske-og-islandske-kunstnere-igennem-150-ar\/\",\"url\":\"https:\/\/johanneslarsenmuseet.dk\/en\/produkt\/sogueyjan-sagaoen-set-af-danske-og-islandske-kunstnere-igennem-150-ar\/\",\"name\":\"S\u00f6gueyjan-Saga\u00f8en. Set af danske og islandske kunstnere igennem 150 \u00e5r - Johannes Larsen Museet\",\"isPartOf\":{\"@id\":\"https:\/\/johanneslarsenmuseet.dk\/en\/#website\"},\"primaryImageOfPage\":{\"@id\":\"https:\/\/johanneslarsenmuseet.dk\/en\/produkt\/sogueyjan-sagaoen-set-af-danske-og-islandske-kunstnere-igennem-150-ar\/#primaryimage\"},\"image\":{\"@id\":\"https:\/\/johanneslarsenmuseet.dk\/en\/produkt\/sogueyjan-sagaoen-set-af-danske-og-islandske-kunstnere-igennem-150-ar\/#primaryimage\"},\"thumbnailUrl\":\"https:\/\/johanneslarsenmuseet.dk\/wp-content\/uploads\/2022\/04\/Sogueyjan-Sagaoen.-Set-af-danske-og-islandske-kunstnere-igennem-150-ar.jpg\",\"datePublished\":\"2022-04-05T09:57:06+00:00\",\"dateModified\":\"2024-09-27T06:39:18+00:00\",\"breadcrumb\":{\"@id\":\"https:\/\/johanneslarsenmuseet.dk\/en\/produkt\/sogueyjan-sagaoen-set-af-danske-og-islandske-kunstnere-igennem-150-ar\/#breadcrumb\"},\"inLanguage\":\"en-US\",\"potentialAction\":[{\"@type\":\"ReadAction\",\"target\":[\"https:\/\/johanneslarsenmuseet.dk\/en\/produkt\/sogueyjan-sagaoen-set-af-danske-og-islandske-kunstnere-igennem-150-ar\/\"]}]},{\"@type\":\"ImageObject\",\"inLanguage\":\"en-US\",\"@id\":\"https:\/\/johanneslarsenmuseet.dk\/en\/produkt\/sogueyjan-sagaoen-set-af-danske-og-islandske-kunstnere-igennem-150-ar\/#primaryimage\",\"url\":\"https:\/\/johanneslarsenmuseet.dk\/wp-content\/uploads\/2022\/04\/Sogueyjan-Sagaoen.-Set-af-danske-og-islandske-kunstnere-igennem-150-ar.jpg\",\"contentUrl\":\"https:\/\/johanneslarsenmuseet.dk\/wp-content\/uploads\/2022\/04\/Sogueyjan-Sagaoen.-Set-af-danske-og-islandske-kunstnere-igennem-150-ar.jpg\",\"width\":1367,\"height\":1910,\"caption\":\"S\u00f6gueyjan-Saga\u00f8en. Set af danske og islandske kunstnere igennem 150 \u00e5r\"},{\"@type\":\"BreadcrumbList\",\"@id\":\"https:\/\/johanneslarsenmuseet.dk\/en\/produkt\/sogueyjan-sagaoen-set-af-danske-og-islandske-kunstnere-igennem-150-ar\/#breadcrumb\",\"itemListElement\":[{\"@type\":\"ListItem\",\"position\":1,\"name\":\"Hjem\",\"item\":\"https:\/\/johanneslarsenmuseet.dk\/en\/\"},{\"@type\":\"ListItem\",\"position\":2,\"name\":\"Shop\",\"item\":\"https:\/\/johanneslarsenmuseet.dk\/shop\/\"},{\"@type\":\"ListItem\",\"position\":3,\"name\":\"S\u00f6gueyjan-Saga\u00f8en. Set af danske og islandske kunstnere igennem 150 \u00e5r\"}]},{\"@type\":\"WebSite\",\"@id\":\"https:\/\/johanneslarsenmuseet.dk\/en\/#website\",\"url\":\"https:\/\/johanneslarsenmuseet.dk\/en\/\",\"name\":\"Johannes Larsen Museet\",\"description\":\"Oplevelser for hele familien\",\"publisher\":{\"@id\":\"https:\/\/johanneslarsenmuseet.dk\/en\/#organization\"},\"potentialAction\":[{\"@type\":\"SearchAction\",\"target\":{\"@type\":\"EntryPoint\",\"urlTemplate\":\"https:\/\/johanneslarsenmuseet.dk\/en\/?s={search_term_string}\"},\"query-input\":{\"@type\":\"PropertyValueSpecification\",\"valueRequired\":true,\"valueName\":\"search_term_string\"}}],\"inLanguage\":\"en-US\"},{\"@type\":\"Organization\",\"@id\":\"https:\/\/johanneslarsenmuseet.dk\/en\/#organization\",\"name\":\"Johanne Larsen Museet\",\"url\":\"https:\/\/johanneslarsenmuseet.dk\/en\/\",\"logo\":{\"@type\":\"ImageObject\",\"inLanguage\":\"en-US\",\"@id\":\"https:\/\/johanneslarsenmuseet.dk\/en\/#\/schema\/logo\/image\/\",\"url\":\"https:\/\/johanneslarsenmuseet.dk\/wp-content\/uploads\/2022\/04\/johannes-larsen-logo-black.svg\",\"contentUrl\":\"https:\/\/johanneslarsenmuseet.dk\/wp-content\/uploads\/2022\/04\/johannes-larsen-logo-black.svg\",\"width\":1,\"height\":1,\"caption\":\"Johanne Larsen Museet\"},\"image\":{\"@id\":\"https:\/\/johanneslarsenmuseet.dk\/en\/#\/schema\/logo\/image\/\"},\"sameAs\":[\"https:\/\/www.facebook.com\/JohannesLarsenMuseet\",\"https:\/\/www.instagram.com\/johanneslarsenmuseet\/\",\"https:\/\/twitter.com\/johlarsenmuseum?lang=da\"]}]}<\/script>\n<!-- \/ Yoast SEO plugin. -->","yoast_head_json":{"title":"S\u00f6gueyjan-Saga\u00f8en. Set af danske og islandske kunstnere igennem 150 \u00e5r - Johannes Larsen Museet","robots":{"index":"index","follow":"follow","max-snippet":"max-snippet:-1","max-image-preview":"max-image-preview:large","max-video-preview":"max-video-preview:-1"},"canonical":"https:\/\/johanneslarsenmuseet.dk\/en\/produkt\/sogueyjan-sagaoen-set-af-danske-og-islandske-kunstnere-igennem-150-ar\/","og_locale":"en_US","og_type":"article","og_title":"S\u00f6gueyjan-Saga\u00f8en. Set af danske og islandske kunstnere igennem 150 \u00e5r - Johannes Larsen Museet","og_description":"AF ERLAND PORSMOSE. 2004. 72 SIDER.  Et katalog p\u00e5 islandsk og dansk til udstillingen \u201dSaga\u00f8en\u201d. Bogen fort\u00e6ller om danske kunstneres rejser i Island, om udviklingen af den islandske malerkunst og om relationen mellem danske og islandske malere.","og_url":"https:\/\/johanneslarsenmuseet.dk\/en\/produkt\/sogueyjan-sagaoen-set-af-danske-og-islandske-kunstnere-igennem-150-ar\/","og_site_name":"Johannes Larsen Museet","article_publisher":"https:\/\/www.facebook.com\/JohannesLarsenMuseet","article_modified_time":"2024-09-27T06:39:18+00:00","og_image":[{"width":1367,"height":1910,"url":"https:\/\/johanneslarsenmuseet.dk\/wp-content\/uploads\/2022\/04\/Sogueyjan-Sagaoen.-Set-af-danske-og-islandske-kunstnere-igennem-150-ar.jpg","type":"image\/jpeg"}],"twitter_card":"summary_large_image","schema":{"@context":"https:\/\/schema.org","@graph":[{"@type":"WebPage","@id":"https:\/\/johanneslarsenmuseet.dk\/en\/produkt\/sogueyjan-sagaoen-set-af-danske-og-islandske-kunstnere-igennem-150-ar\/","url":"https:\/\/johanneslarsenmuseet.dk\/en\/produkt\/sogueyjan-sagaoen-set-af-danske-og-islandske-kunstnere-igennem-150-ar\/","name":"S\u00f6gueyjan-Saga\u00f8en. Set af danske og islandske kunstnere igennem 150 \u00e5r - Johannes Larsen Museet","isPartOf":{"@id":"https:\/\/johanneslarsenmuseet.dk\/en\/#website"},"primaryImageOfPage":{"@id":"https:\/\/johanneslarsenmuseet.dk\/en\/produkt\/sogueyjan-sagaoen-set-af-danske-og-islandske-kunstnere-igennem-150-ar\/#primaryimage"},"image":{"@id":"https:\/\/johanneslarsenmuseet.dk\/en\/produkt\/sogueyjan-sagaoen-set-af-danske-og-islandske-kunstnere-igennem-150-ar\/#primaryimage"},"thumbnailUrl":"https:\/\/johanneslarsenmuseet.dk\/wp-content\/uploads\/2022\/04\/Sogueyjan-Sagaoen.-Set-af-danske-og-islandske-kunstnere-igennem-150-ar.jpg","datePublished":"2022-04-05T09:57:06+00:00","dateModified":"2024-09-27T06:39:18+00:00","breadcrumb":{"@id":"https:\/\/johanneslarsenmuseet.dk\/en\/produkt\/sogueyjan-sagaoen-set-af-danske-og-islandske-kunstnere-igennem-150-ar\/#breadcrumb"},"inLanguage":"en-US","potentialAction":[{"@type":"ReadAction","target":["https:\/\/johanneslarsenmuseet.dk\/en\/produkt\/sogueyjan-sagaoen-set-af-danske-og-islandske-kunstnere-igennem-150-ar\/"]}]},{"@type":"ImageObject","inLanguage":"en-US","@id":"https:\/\/johanneslarsenmuseet.dk\/en\/produkt\/sogueyjan-sagaoen-set-af-danske-og-islandske-kunstnere-igennem-150-ar\/#primaryimage","url":"https:\/\/johanneslarsenmuseet.dk\/wp-content\/uploads\/2022\/04\/Sogueyjan-Sagaoen.-Set-af-danske-og-islandske-kunstnere-igennem-150-ar.jpg","contentUrl":"https:\/\/johanneslarsenmuseet.dk\/wp-content\/uploads\/2022\/04\/Sogueyjan-Sagaoen.-Set-af-danske-og-islandske-kunstnere-igennem-150-ar.jpg","width":1367,"height":1910,"caption":"S\u00f6gueyjan-Saga\u00f8en. Set af danske og islandske kunstnere igennem 150 \u00e5r"},{"@type":"BreadcrumbList","@id":"https:\/\/johanneslarsenmuseet.dk\/en\/produkt\/sogueyjan-sagaoen-set-af-danske-og-islandske-kunstnere-igennem-150-ar\/#breadcrumb","itemListElement":[{"@type":"ListItem","position":1,"name":"Hjem","item":"https:\/\/johanneslarsenmuseet.dk\/en\/"},{"@type":"ListItem","position":2,"name":"Shop","item":"https:\/\/johanneslarsenmuseet.dk\/shop\/"},{"@type":"ListItem","position":3,"name":"S\u00f6gueyjan-Saga\u00f8en. Set af danske og islandske kunstnere igennem 150 \u00e5r"}]},{"@type":"WebSite","@id":"https:\/\/johanneslarsenmuseet.dk\/en\/#website","url":"https:\/\/johanneslarsenmuseet.dk\/en\/","name":"Johannes Larsen Museet","description":"Oplevelser for hele familien","publisher":{"@id":"https:\/\/johanneslarsenmuseet.dk\/en\/#organization"},"potentialAction":[{"@type":"SearchAction","target":{"@type":"EntryPoint","urlTemplate":"https:\/\/johanneslarsenmuseet.dk\/en\/?s={search_term_string}"},"query-input":{"@type":"PropertyValueSpecification","valueRequired":true,"valueName":"search_term_string"}}],"inLanguage":"en-US"},{"@type":"Organization","@id":"https:\/\/johanneslarsenmuseet.dk\/en\/#organization","name":"Johanne Larsen Museet","url":"https:\/\/johanneslarsenmuseet.dk\/en\/","logo":{"@type":"ImageObject","inLanguage":"en-US","@id":"https:\/\/johanneslarsenmuseet.dk\/en\/#\/schema\/logo\/image\/","url":"https:\/\/johanneslarsenmuseet.dk\/wp-content\/uploads\/2022\/04\/johannes-larsen-logo-black.svg","contentUrl":"https:\/\/johanneslarsenmuseet.dk\/wp-content\/uploads\/2022\/04\/johannes-larsen-logo-black.svg","width":1,"height":1,"caption":"Johanne Larsen Museet"},"image":{"@id":"https:\/\/johanneslarsenmuseet.dk\/en\/#\/schema\/logo\/image\/"},"sameAs":["https:\/\/www.facebook.com\/JohannesLarsenMuseet","https:\/\/www.instagram.com\/johanneslarsenmuseet\/","https:\/\/twitter.com\/johlarsenmuseum?lang=da"]}]}},"_links":{"self":[{"href":"https:\/\/johanneslarsenmuseet.dk\/en\/wp-json\/wp\/v2\/product\/205212","targetHints":{"allow":["GET"]}}],"collection":[{"href":"https:\/\/johanneslarsenmuseet.dk\/en\/wp-json\/wp\/v2\/product"}],"about":[{"href":"https:\/\/johanneslarsenmuseet.dk\/en\/wp-json\/wp\/v2\/types\/product"}],"wp:featuredmedia":[{"embeddable":true,"href":"https:\/\/johanneslarsenmuseet.dk\/en\/wp-json\/wp\/v2\/media\/205213"}],"wp:attachment":[{"href":"https:\/\/johanneslarsenmuseet.dk\/en\/wp-json\/wp\/v2\/media?parent=205212"}],"wp:term":[{"taxonomy":"product_brand","embeddable":true,"href":"https:\/\/johanneslarsenmuseet.dk\/en\/wp-json\/wp\/v2\/product_brand?post=205212"},{"taxonomy":"product_cat","embeddable":true,"href":"https:\/\/johanneslarsenmuseet.dk\/en\/wp-json\/wp\/v2\/product_cat?post=205212"},{"taxonomy":"product_tag","embeddable":true,"href":"https:\/\/johanneslarsenmuseet.dk\/en\/wp-json\/wp\/v2\/product_tag?post=205212"}],"curies":[{"name":"wp","href":"https:\/\/api.w.org\/{rel}","templated":true}]}}