{"id":205240,"date":"2022-04-05T11:31:22","date_gmt":"2022-04-05T11:31:22","guid":{"rendered":"http:\/\/johanneslarsenmuseet.dk\/?post_type=product&#038;p=205240"},"modified":"2026-05-11T08:52:53","modified_gmt":"2026-05-11T08:52:53","slug":"thomas-kluge-gud-konge-og-faedreland","status":"publish","type":"product","link":"https:\/\/johanneslarsenmuseet.dk\/en\/produkt\/thomas-kluge-gud-konge-og-faedreland\/","title":{"rendered":"Thomas Kluge \u2013 Gud, Konge og F\u00e6dreland"},"content":{"rendered":"<span class=\"et_bloom_bottom_trigger\"><\/span>","protected":false},"excerpt":{"rendered":"<p>AF JOHANNES LARSEN MUSEET OG MUSEET FOR RELIGI\u00d8S KUNST. 2015. 246 SIDER.<\/p>\n<p>I bogen pr\u00e6senterer tre artikelforfattere forskellige tilgange til Kluge og hans positionering i dansk kunstliv. Spektret er bredt, artiklerne kaster et blik p\u00e5 de omdiskuterede portr\u00e6tter af kongehusets medlemmer og repr\u00e6sentanter fra Danmarks \u00f8verste samfundslag. Vi indf\u00f8res i altertavlens religi\u00f8se symbolik og Kluges status i dansk kunstliv s\u00e6ttes til debat.<br \/>\nRigt illustreret.<\/p>\n<p>\u201cStor og flot bog\u201d, Steffen Lange, Midtjyllands Avis.<\/p>\n","protected":false},"featured_media":205241,"template":"","meta":{"_et_pb_use_builder":"","_et_pb_old_content":"","_et_gb_content_width":""},"product_brand":[],"product_cat":[23,29,36],"product_tag":[],"class_list":{"0":"post-205240","1":"product","2":"type-product","3":"status-publish","4":"has-post-thumbnail","6":"product_cat-boger-film","7":"product_cat-om-kunst-og-natur","8":"product_cat-udstillingsboger","10":"first","11":"outofstock","12":"taxable","13":"shipping-taxable","14":"purchasable","15":"product-type-simple"},"yoast_head":"<!-- This site is optimized with the Yoast SEO plugin v24.5 - https:\/\/yoast.com\/wordpress\/plugins\/seo\/ -->\n<title>Thomas Kluge \u2013 Gud, Konge og F\u00e6dreland - Johannes Larsen Museet<\/title>\n<meta name=\"robots\" content=\"index, follow, max-snippet:-1, max-image-preview:large, max-video-preview:-1\" \/>\n<link rel=\"canonical\" href=\"https:\/\/johanneslarsenmuseet.dk\/en\/produkt\/thomas-kluge-gud-konge-og-faedreland\/\" \/>\n<meta property=\"og:locale\" content=\"en_US\" \/>\n<meta property=\"og:type\" content=\"article\" \/>\n<meta property=\"og:title\" content=\"Thomas Kluge \u2013 Gud, Konge og F\u00e6dreland - Johannes Larsen Museet\" \/>\n<meta property=\"og:description\" content=\"AF JOHANNES LARSEN MUSEET OG MUSEET FOR RELIGI\u00d8S KUNST. 2015. 246 SIDER.  I bogen pr\u00e6senterer tre artikelforfattere forskellige tilgange til Kluge og hans positionering i dansk kunstliv. Spektret er bredt, artiklerne kaster et blik p\u00e5 de omdiskuterede portr\u00e6tter af kongehusets medlemmer og repr\u00e6sentanter fra Danmarks \u00f8verste samfundslag. Vi indf\u00f8res i altertavlens religi\u00f8se symbolik og Kluges status i dansk kunstliv s\u00e6ttes til debat. Rigt illustreret.  \u201cStor og flot bog\u201d, Steffen Lange, Midtjyllands Avis.\" \/>\n<meta property=\"og:url\" content=\"https:\/\/johanneslarsenmuseet.dk\/en\/produkt\/thomas-kluge-gud-konge-og-faedreland\/\" \/>\n<meta property=\"og:site_name\" content=\"Johannes Larsen Museet\" \/>\n<meta property=\"article:publisher\" content=\"https:\/\/www.facebook.com\/JohannesLarsenMuseet\" \/>\n<meta property=\"article:modified_time\" content=\"2026-05-11T08:52:53+00:00\" \/>\n<meta property=\"og:image\" content=\"https:\/\/johanneslarsenmuseet.dk\/wp-content\/uploads\/2022\/04\/Thomas-Kluge-\u2013-Gud-Konge-og-Faedreland.jpg\" \/>\n\t<meta property=\"og:image:width\" content=\"2021\" \/>\n\t<meta property=\"og:image:height\" content=\"2181\" \/>\n\t<meta property=\"og:image:type\" content=\"image\/jpeg\" \/>\n<meta name=\"twitter:card\" content=\"summary_large_image\" \/>\n<meta name=\"twitter:label1\" content=\"Est. reading time\" \/>\n\t<meta name=\"twitter:data1\" content=\"1 minute\" \/>\n<script type=\"application\/ld+json\" class=\"yoast-schema-graph\">{\"@context\":\"https:\/\/schema.org\",\"@graph\":[{\"@type\":\"WebPage\",\"@id\":\"https:\/\/johanneslarsenmuseet.dk\/en\/produkt\/thomas-kluge-gud-konge-og-faedreland\/\",\"url\":\"https:\/\/johanneslarsenmuseet.dk\/en\/produkt\/thomas-kluge-gud-konge-og-faedreland\/\",\"name\":\"Thomas Kluge \u2013 Gud, Konge og F\u00e6dreland - Johannes Larsen Museet\",\"isPartOf\":{\"@id\":\"https:\/\/johanneslarsenmuseet.dk\/en\/#website\"},\"primaryImageOfPage\":{\"@id\":\"https:\/\/johanneslarsenmuseet.dk\/en\/produkt\/thomas-kluge-gud-konge-og-faedreland\/#primaryimage\"},\"image\":{\"@id\":\"https:\/\/johanneslarsenmuseet.dk\/en\/produkt\/thomas-kluge-gud-konge-og-faedreland\/#primaryimage\"},\"thumbnailUrl\":\"https:\/\/johanneslarsenmuseet.dk\/wp-content\/uploads\/2022\/04\/Thomas-Kluge-\u2013-Gud-Konge-og-Faedreland.jpg\",\"datePublished\":\"2022-04-05T11:31:22+00:00\",\"dateModified\":\"2026-05-11T08:52:53+00:00\",\"breadcrumb\":{\"@id\":\"https:\/\/johanneslarsenmuseet.dk\/en\/produkt\/thomas-kluge-gud-konge-og-faedreland\/#breadcrumb\"},\"inLanguage\":\"en-US\",\"potentialAction\":[{\"@type\":\"ReadAction\",\"target\":[\"https:\/\/johanneslarsenmuseet.dk\/en\/produkt\/thomas-kluge-gud-konge-og-faedreland\/\"]}]},{\"@type\":\"ImageObject\",\"inLanguage\":\"en-US\",\"@id\":\"https:\/\/johanneslarsenmuseet.dk\/en\/produkt\/thomas-kluge-gud-konge-og-faedreland\/#primaryimage\",\"url\":\"https:\/\/johanneslarsenmuseet.dk\/wp-content\/uploads\/2022\/04\/Thomas-Kluge-\u2013-Gud-Konge-og-Faedreland.jpg\",\"contentUrl\":\"https:\/\/johanneslarsenmuseet.dk\/wp-content\/uploads\/2022\/04\/Thomas-Kluge-\u2013-Gud-Konge-og-Faedreland.jpg\",\"width\":2021,\"height\":2181,\"caption\":\"Thomas Kluge \u2013 Gud, Konge og F\u00e6dreland\"},{\"@type\":\"BreadcrumbList\",\"@id\":\"https:\/\/johanneslarsenmuseet.dk\/en\/produkt\/thomas-kluge-gud-konge-og-faedreland\/#breadcrumb\",\"itemListElement\":[{\"@type\":\"ListItem\",\"position\":1,\"name\":\"Hjem\",\"item\":\"https:\/\/johanneslarsenmuseet.dk\/en\/\"},{\"@type\":\"ListItem\",\"position\":2,\"name\":\"Shop\",\"item\":\"https:\/\/johanneslarsenmuseet.dk\/shop\/\"},{\"@type\":\"ListItem\",\"position\":3,\"name\":\"Thomas Kluge \u2013 Gud, Konge og F\u00e6dreland\"}]},{\"@type\":\"WebSite\",\"@id\":\"https:\/\/johanneslarsenmuseet.dk\/en\/#website\",\"url\":\"https:\/\/johanneslarsenmuseet.dk\/en\/\",\"name\":\"Johannes Larsen Museet\",\"description\":\"Oplevelser for hele familien\",\"publisher\":{\"@id\":\"https:\/\/johanneslarsenmuseet.dk\/en\/#organization\"},\"potentialAction\":[{\"@type\":\"SearchAction\",\"target\":{\"@type\":\"EntryPoint\",\"urlTemplate\":\"https:\/\/johanneslarsenmuseet.dk\/en\/?s={search_term_string}\"},\"query-input\":{\"@type\":\"PropertyValueSpecification\",\"valueRequired\":true,\"valueName\":\"search_term_string\"}}],\"inLanguage\":\"en-US\"},{\"@type\":\"Organization\",\"@id\":\"https:\/\/johanneslarsenmuseet.dk\/en\/#organization\",\"name\":\"Johanne Larsen Museet\",\"url\":\"https:\/\/johanneslarsenmuseet.dk\/en\/\",\"logo\":{\"@type\":\"ImageObject\",\"inLanguage\":\"en-US\",\"@id\":\"https:\/\/johanneslarsenmuseet.dk\/en\/#\/schema\/logo\/image\/\",\"url\":\"https:\/\/johanneslarsenmuseet.dk\/wp-content\/uploads\/2022\/04\/johannes-larsen-logo-black.svg\",\"contentUrl\":\"https:\/\/johanneslarsenmuseet.dk\/wp-content\/uploads\/2022\/04\/johannes-larsen-logo-black.svg\",\"width\":1,\"height\":1,\"caption\":\"Johanne Larsen Museet\"},\"image\":{\"@id\":\"https:\/\/johanneslarsenmuseet.dk\/en\/#\/schema\/logo\/image\/\"},\"sameAs\":[\"https:\/\/www.facebook.com\/JohannesLarsenMuseet\",\"https:\/\/www.instagram.com\/johanneslarsenmuseet\/\",\"https:\/\/twitter.com\/johlarsenmuseum?lang=da\"]}]}<\/script>\n<!-- \/ Yoast SEO plugin. -->","yoast_head_json":{"title":"Thomas Kluge \u2013 Gud, Konge og F\u00e6dreland - Johannes Larsen Museet","robots":{"index":"index","follow":"follow","max-snippet":"max-snippet:-1","max-image-preview":"max-image-preview:large","max-video-preview":"max-video-preview:-1"},"canonical":"https:\/\/johanneslarsenmuseet.dk\/en\/produkt\/thomas-kluge-gud-konge-og-faedreland\/","og_locale":"en_US","og_type":"article","og_title":"Thomas Kluge \u2013 Gud, Konge og F\u00e6dreland - Johannes Larsen Museet","og_description":"AF JOHANNES LARSEN MUSEET OG MUSEET FOR RELIGI\u00d8S KUNST. 2015. 246 SIDER.  I bogen pr\u00e6senterer tre artikelforfattere forskellige tilgange til Kluge og hans positionering i dansk kunstliv. Spektret er bredt, artiklerne kaster et blik p\u00e5 de omdiskuterede portr\u00e6tter af kongehusets medlemmer og repr\u00e6sentanter fra Danmarks \u00f8verste samfundslag. Vi indf\u00f8res i altertavlens religi\u00f8se symbolik og Kluges status i dansk kunstliv s\u00e6ttes til debat. Rigt illustreret.  \u201cStor og flot bog\u201d, Steffen Lange, Midtjyllands Avis.","og_url":"https:\/\/johanneslarsenmuseet.dk\/en\/produkt\/thomas-kluge-gud-konge-og-faedreland\/","og_site_name":"Johannes Larsen Museet","article_publisher":"https:\/\/www.facebook.com\/JohannesLarsenMuseet","article_modified_time":"2026-05-11T08:52:53+00:00","og_image":[{"width":2021,"height":2181,"url":"https:\/\/johanneslarsenmuseet.dk\/wp-content\/uploads\/2022\/04\/Thomas-Kluge-\u2013-Gud-Konge-og-Faedreland.jpg","type":"image\/jpeg"}],"twitter_card":"summary_large_image","twitter_misc":{"Est. reading time":"1 minute"},"schema":{"@context":"https:\/\/schema.org","@graph":[{"@type":"WebPage","@id":"https:\/\/johanneslarsenmuseet.dk\/en\/produkt\/thomas-kluge-gud-konge-og-faedreland\/","url":"https:\/\/johanneslarsenmuseet.dk\/en\/produkt\/thomas-kluge-gud-konge-og-faedreland\/","name":"Thomas Kluge \u2013 Gud, Konge og F\u00e6dreland - Johannes Larsen Museet","isPartOf":{"@id":"https:\/\/johanneslarsenmuseet.dk\/en\/#website"},"primaryImageOfPage":{"@id":"https:\/\/johanneslarsenmuseet.dk\/en\/produkt\/thomas-kluge-gud-konge-og-faedreland\/#primaryimage"},"image":{"@id":"https:\/\/johanneslarsenmuseet.dk\/en\/produkt\/thomas-kluge-gud-konge-og-faedreland\/#primaryimage"},"thumbnailUrl":"https:\/\/johanneslarsenmuseet.dk\/wp-content\/uploads\/2022\/04\/Thomas-Kluge-\u2013-Gud-Konge-og-Faedreland.jpg","datePublished":"2022-04-05T11:31:22+00:00","dateModified":"2026-05-11T08:52:53+00:00","breadcrumb":{"@id":"https:\/\/johanneslarsenmuseet.dk\/en\/produkt\/thomas-kluge-gud-konge-og-faedreland\/#breadcrumb"},"inLanguage":"en-US","potentialAction":[{"@type":"ReadAction","target":["https:\/\/johanneslarsenmuseet.dk\/en\/produkt\/thomas-kluge-gud-konge-og-faedreland\/"]}]},{"@type":"ImageObject","inLanguage":"en-US","@id":"https:\/\/johanneslarsenmuseet.dk\/en\/produkt\/thomas-kluge-gud-konge-og-faedreland\/#primaryimage","url":"https:\/\/johanneslarsenmuseet.dk\/wp-content\/uploads\/2022\/04\/Thomas-Kluge-\u2013-Gud-Konge-og-Faedreland.jpg","contentUrl":"https:\/\/johanneslarsenmuseet.dk\/wp-content\/uploads\/2022\/04\/Thomas-Kluge-\u2013-Gud-Konge-og-Faedreland.jpg","width":2021,"height":2181,"caption":"Thomas Kluge \u2013 Gud, Konge og F\u00e6dreland"},{"@type":"BreadcrumbList","@id":"https:\/\/johanneslarsenmuseet.dk\/en\/produkt\/thomas-kluge-gud-konge-og-faedreland\/#breadcrumb","itemListElement":[{"@type":"ListItem","position":1,"name":"Hjem","item":"https:\/\/johanneslarsenmuseet.dk\/en\/"},{"@type":"ListItem","position":2,"name":"Shop","item":"https:\/\/johanneslarsenmuseet.dk\/shop\/"},{"@type":"ListItem","position":3,"name":"Thomas Kluge \u2013 Gud, Konge og F\u00e6dreland"}]},{"@type":"WebSite","@id":"https:\/\/johanneslarsenmuseet.dk\/en\/#website","url":"https:\/\/johanneslarsenmuseet.dk\/en\/","name":"Johannes Larsen Museet","description":"Oplevelser for hele familien","publisher":{"@id":"https:\/\/johanneslarsenmuseet.dk\/en\/#organization"},"potentialAction":[{"@type":"SearchAction","target":{"@type":"EntryPoint","urlTemplate":"https:\/\/johanneslarsenmuseet.dk\/en\/?s={search_term_string}"},"query-input":{"@type":"PropertyValueSpecification","valueRequired":true,"valueName":"search_term_string"}}],"inLanguage":"en-US"},{"@type":"Organization","@id":"https:\/\/johanneslarsenmuseet.dk\/en\/#organization","name":"Johanne Larsen Museet","url":"https:\/\/johanneslarsenmuseet.dk\/en\/","logo":{"@type":"ImageObject","inLanguage":"en-US","@id":"https:\/\/johanneslarsenmuseet.dk\/en\/#\/schema\/logo\/image\/","url":"https:\/\/johanneslarsenmuseet.dk\/wp-content\/uploads\/2022\/04\/johannes-larsen-logo-black.svg","contentUrl":"https:\/\/johanneslarsenmuseet.dk\/wp-content\/uploads\/2022\/04\/johannes-larsen-logo-black.svg","width":1,"height":1,"caption":"Johanne Larsen Museet"},"image":{"@id":"https:\/\/johanneslarsenmuseet.dk\/en\/#\/schema\/logo\/image\/"},"sameAs":["https:\/\/www.facebook.com\/JohannesLarsenMuseet","https:\/\/www.instagram.com\/johanneslarsenmuseet\/","https:\/\/twitter.com\/johlarsenmuseum?lang=da"]}]}},"_links":{"self":[{"href":"https:\/\/johanneslarsenmuseet.dk\/en\/wp-json\/wp\/v2\/product\/205240","targetHints":{"allow":["GET"]}}],"collection":[{"href":"https:\/\/johanneslarsenmuseet.dk\/en\/wp-json\/wp\/v2\/product"}],"about":[{"href":"https:\/\/johanneslarsenmuseet.dk\/en\/wp-json\/wp\/v2\/types\/product"}],"wp:featuredmedia":[{"embeddable":true,"href":"https:\/\/johanneslarsenmuseet.dk\/en\/wp-json\/wp\/v2\/media\/205241"}],"wp:attachment":[{"href":"https:\/\/johanneslarsenmuseet.dk\/en\/wp-json\/wp\/v2\/media?parent=205240"}],"wp:term":[{"taxonomy":"product_brand","embeddable":true,"href":"https:\/\/johanneslarsenmuseet.dk\/en\/wp-json\/wp\/v2\/product_brand?post=205240"},{"taxonomy":"product_cat","embeddable":true,"href":"https:\/\/johanneslarsenmuseet.dk\/en\/wp-json\/wp\/v2\/product_cat?post=205240"},{"taxonomy":"product_tag","embeddable":true,"href":"https:\/\/johanneslarsenmuseet.dk\/en\/wp-json\/wp\/v2\/product_tag?post=205240"}],"curies":[{"name":"wp","href":"https:\/\/api.w.org\/{rel}","templated":true}]}}