{"id":205246,"date":"2022-04-05T11:46:42","date_gmt":"2022-04-05T11:46:42","guid":{"rendered":"http:\/\/johanneslarsenmuseet.dk\/?post_type=product&#038;p=205246"},"modified":"2024-09-27T06:39:10","modified_gmt":"2024-09-27T06:39:10","slug":"1917-en-ny-tid","status":"publish","type":"product","link":"https:\/\/johanneslarsenmuseet.dk\/en\/produkt\/1917-en-ny-tid\/","title":{"rendered":"1917 \u2013 EN NY TID"},"content":{"rendered":"<span class=\"et_bloom_bottom_trigger\"><\/span>","protected":false},"excerpt":{"rendered":"<p>AF JOHANNES LARSEN MUSEET. 2017. 173 SIDER.<\/p>\n<p>\u201cet l\u00e6kkert og seksstjernet katalog med en masse fort\u00e6llinger om kunstnerne, filosofien og samtiden\u201d, Malene Birkelund, Fyens Stiftstidende.<\/p>\n<p>Udgivet i anledning af udstillingen 1917 EN NY TID p\u00e5 Johannes Larsen Museet.<\/p>\n<p>Mens F\u00f8rste Verdenskrig rasede, og Europa stod i flammer, indviede kunstnerparret Alhed og Johannes Larsen i 1917 deres store, nye atelierbygning. I sig selv et indirekte resultat af krigen og den h\u00f8jkonjunktur, som krigen bragte med sig, og som i h\u00f8j grad ogs\u00e5 kom kunstlivet til gode.<\/p>\n<p>I deres hjem p\u00e5 M\u00f8llebakken i Kerteminde skabte kunstnerparret et af tidens centrale m\u00f8desteder for kunst og kultur. Her m\u00f8dtes periodens store kulturpersonligheder: Axel Salto, Poul Henningsen (PH), Harald Giersing, Otto Gelsted og mange flere, og et avantgarde-kulturtidsskrift, Klingen, s\u00e5 dagens lys.<\/p>\n<p>Kunsten blomstrede i krigens skygge. En ny verdensorden var under heftig debat, og kunstnere i hele Europa krydsede klinger og grupperede sig som futurister, kubister, dadaister, ekspressionister \u2026<br \/>\nI denne rigt illustrerede bog f\u00e5r tidens kunstnere stemme, og epoken s\u00e6ttes ind i en historisk og kunsthistorisk sammenh\u00e6ng med righoldige eksempler fra tidsskriftet Klingen.<\/p>\n","protected":false},"featured_media":205247,"template":"","meta":{"_et_pb_use_builder":"","_et_pb_old_content":"","_et_gb_content_width":""},"product_brand":[],"product_cat":[85,23,29,36],"product_tag":[],"class_list":{"0":"post-205246","1":"product","2":"type-product","3":"status-publish","4":"has-post-thumbnail","6":"product_cat-tilbud","7":"product_cat-boger-film","8":"product_cat-om-kunst-og-natur","9":"product_cat-udstillingsboger","11":"first","12":"instock","13":"sale","14":"taxable","15":"shipping-taxable","16":"purchasable","17":"product-type-simple"},"yoast_head":"<!-- This site is optimized with the Yoast SEO plugin v24.5 - https:\/\/yoast.com\/wordpress\/plugins\/seo\/ -->\n<title>1917 \u2013 EN NY TID - Johannes Larsen Museet<\/title>\n<meta name=\"robots\" content=\"index, follow, max-snippet:-1, max-image-preview:large, max-video-preview:-1\" \/>\n<link rel=\"canonical\" href=\"https:\/\/johanneslarsenmuseet.dk\/en\/produkt\/1917-en-ny-tid\/\" \/>\n<meta property=\"og:locale\" content=\"en_US\" \/>\n<meta property=\"og:type\" content=\"article\" \/>\n<meta property=\"og:title\" content=\"1917 \u2013 EN NY TID - Johannes Larsen Museet\" \/>\n<meta property=\"og:description\" content=\"AF JOHANNES LARSEN MUSEET. 2017. 173 SIDER.  \u201cet l\u00e6kkert og seksstjernet katalog med en masse fort\u00e6llinger om kunstnerne, filosofien og samtiden\u201d, Malene Birkelund, Fyens Stiftstidende.  Udgivet i anledning af udstillingen 1917 EN NY TID p\u00e5 Johannes Larsen Museet.  Mens F\u00f8rste Verdenskrig rasede, og Europa stod i flammer, indviede kunstnerparret Alhed og Johannes Larsen i 1917 deres store, nye atelierbygning. I sig selv et indirekte resultat af krigen og den h\u00f8jkonjunktur, som krigen bragte med sig, og som i h\u00f8j grad ogs\u00e5 kom kunstlivet til gode.  I deres hjem p\u00e5 M\u00f8llebakken i Kerteminde skabte kunstnerparret et af tidens centrale m\u00f8desteder for kunst og kultur. Her m\u00f8dtes periodens store kulturpersonligheder: Axel Salto, Poul Henningsen (PH), Harald Giersing, Otto Gelsted og mange flere, og et avantgarde-kulturtidsskrift, Klingen, s\u00e5 dagens lys.  Kunsten blomstrede i krigens skygge. En ny verdensorden var under heftig debat, og kunstnere i hele Europa krydsede klinger og grupperede sig som futurister, kubister, dadaister, ekspressionister \u2026 I denne rigt illustrerede bog f\u00e5r tidens kunstnere stemme, og epoken s\u00e6ttes ind i en historisk og kunsthistorisk sammenh\u00e6ng med righoldige eksempler fra tidsskriftet Klingen.\" \/>\n<meta property=\"og:url\" content=\"https:\/\/johanneslarsenmuseet.dk\/en\/produkt\/1917-en-ny-tid\/\" \/>\n<meta property=\"og:site_name\" content=\"Johannes Larsen Museet\" \/>\n<meta property=\"article:publisher\" content=\"https:\/\/www.facebook.com\/JohannesLarsenMuseet\" \/>\n<meta property=\"article:modified_time\" content=\"2024-09-27T06:39:10+00:00\" \/>\n<meta property=\"og:image\" content=\"https:\/\/johanneslarsenmuseet.dk\/wp-content\/uploads\/2022\/04\/1917-\u2013-EN-NY-TID.jpg\" \/>\n\t<meta property=\"og:image:width\" content=\"598\" \/>\n\t<meta property=\"og:image:height\" content=\"765\" \/>\n\t<meta property=\"og:image:type\" content=\"image\/jpeg\" \/>\n<meta name=\"twitter:card\" content=\"summary_large_image\" \/>\n<script type=\"application\/ld+json\" class=\"yoast-schema-graph\">{\"@context\":\"https:\/\/schema.org\",\"@graph\":[{\"@type\":\"WebPage\",\"@id\":\"https:\/\/johanneslarsenmuseet.dk\/en\/produkt\/1917-en-ny-tid\/\",\"url\":\"https:\/\/johanneslarsenmuseet.dk\/en\/produkt\/1917-en-ny-tid\/\",\"name\":\"1917 \u2013 EN NY TID - Johannes Larsen Museet\",\"isPartOf\":{\"@id\":\"https:\/\/johanneslarsenmuseet.dk\/en\/#website\"},\"primaryImageOfPage\":{\"@id\":\"https:\/\/johanneslarsenmuseet.dk\/en\/produkt\/1917-en-ny-tid\/#primaryimage\"},\"image\":{\"@id\":\"https:\/\/johanneslarsenmuseet.dk\/en\/produkt\/1917-en-ny-tid\/#primaryimage\"},\"thumbnailUrl\":\"https:\/\/johanneslarsenmuseet.dk\/wp-content\/uploads\/2022\/04\/1917-\u2013-EN-NY-TID.jpg\",\"datePublished\":\"2022-04-05T11:46:42+00:00\",\"dateModified\":\"2024-09-27T06:39:10+00:00\",\"breadcrumb\":{\"@id\":\"https:\/\/johanneslarsenmuseet.dk\/en\/produkt\/1917-en-ny-tid\/#breadcrumb\"},\"inLanguage\":\"en-US\",\"potentialAction\":[{\"@type\":\"ReadAction\",\"target\":[\"https:\/\/johanneslarsenmuseet.dk\/en\/produkt\/1917-en-ny-tid\/\"]}]},{\"@type\":\"ImageObject\",\"inLanguage\":\"en-US\",\"@id\":\"https:\/\/johanneslarsenmuseet.dk\/en\/produkt\/1917-en-ny-tid\/#primaryimage\",\"url\":\"https:\/\/johanneslarsenmuseet.dk\/wp-content\/uploads\/2022\/04\/1917-\u2013-EN-NY-TID.jpg\",\"contentUrl\":\"https:\/\/johanneslarsenmuseet.dk\/wp-content\/uploads\/2022\/04\/1917-\u2013-EN-NY-TID.jpg\",\"width\":598,\"height\":765,\"caption\":\"1917 \u2013 EN NY TID\"},{\"@type\":\"BreadcrumbList\",\"@id\":\"https:\/\/johanneslarsenmuseet.dk\/en\/produkt\/1917-en-ny-tid\/#breadcrumb\",\"itemListElement\":[{\"@type\":\"ListItem\",\"position\":1,\"name\":\"Hjem\",\"item\":\"https:\/\/johanneslarsenmuseet.dk\/en\/\"},{\"@type\":\"ListItem\",\"position\":2,\"name\":\"Shop\",\"item\":\"https:\/\/johanneslarsenmuseet.dk\/shop\/\"},{\"@type\":\"ListItem\",\"position\":3,\"name\":\"1917 \u2013 EN NY TID\"}]},{\"@type\":\"WebSite\",\"@id\":\"https:\/\/johanneslarsenmuseet.dk\/en\/#website\",\"url\":\"https:\/\/johanneslarsenmuseet.dk\/en\/\",\"name\":\"Johannes Larsen Museet\",\"description\":\"Oplevelser for hele familien\",\"publisher\":{\"@id\":\"https:\/\/johanneslarsenmuseet.dk\/en\/#organization\"},\"potentialAction\":[{\"@type\":\"SearchAction\",\"target\":{\"@type\":\"EntryPoint\",\"urlTemplate\":\"https:\/\/johanneslarsenmuseet.dk\/en\/?s={search_term_string}\"},\"query-input\":{\"@type\":\"PropertyValueSpecification\",\"valueRequired\":true,\"valueName\":\"search_term_string\"}}],\"inLanguage\":\"en-US\"},{\"@type\":\"Organization\",\"@id\":\"https:\/\/johanneslarsenmuseet.dk\/en\/#organization\",\"name\":\"Johanne Larsen Museet\",\"url\":\"https:\/\/johanneslarsenmuseet.dk\/en\/\",\"logo\":{\"@type\":\"ImageObject\",\"inLanguage\":\"en-US\",\"@id\":\"https:\/\/johanneslarsenmuseet.dk\/en\/#\/schema\/logo\/image\/\",\"url\":\"https:\/\/johanneslarsenmuseet.dk\/wp-content\/uploads\/2022\/04\/johannes-larsen-logo-black.svg\",\"contentUrl\":\"https:\/\/johanneslarsenmuseet.dk\/wp-content\/uploads\/2022\/04\/johannes-larsen-logo-black.svg\",\"width\":1,\"height\":1,\"caption\":\"Johanne Larsen Museet\"},\"image\":{\"@id\":\"https:\/\/johanneslarsenmuseet.dk\/en\/#\/schema\/logo\/image\/\"},\"sameAs\":[\"https:\/\/www.facebook.com\/JohannesLarsenMuseet\",\"https:\/\/www.instagram.com\/johanneslarsenmuseet\/\",\"https:\/\/twitter.com\/johlarsenmuseum?lang=da\"]}]}<\/script>\n<!-- \/ Yoast SEO plugin. -->","yoast_head_json":{"title":"1917 \u2013 EN NY TID - Johannes Larsen Museet","robots":{"index":"index","follow":"follow","max-snippet":"max-snippet:-1","max-image-preview":"max-image-preview:large","max-video-preview":"max-video-preview:-1"},"canonical":"https:\/\/johanneslarsenmuseet.dk\/en\/produkt\/1917-en-ny-tid\/","og_locale":"en_US","og_type":"article","og_title":"1917 \u2013 EN NY TID - Johannes Larsen Museet","og_description":"AF JOHANNES LARSEN MUSEET. 2017. 173 SIDER.  \u201cet l\u00e6kkert og seksstjernet katalog med en masse fort\u00e6llinger om kunstnerne, filosofien og samtiden\u201d, Malene Birkelund, Fyens Stiftstidende.  Udgivet i anledning af udstillingen 1917 EN NY TID p\u00e5 Johannes Larsen Museet.  Mens F\u00f8rste Verdenskrig rasede, og Europa stod i flammer, indviede kunstnerparret Alhed og Johannes Larsen i 1917 deres store, nye atelierbygning. I sig selv et indirekte resultat af krigen og den h\u00f8jkonjunktur, som krigen bragte med sig, og som i h\u00f8j grad ogs\u00e5 kom kunstlivet til gode.  I deres hjem p\u00e5 M\u00f8llebakken i Kerteminde skabte kunstnerparret et af tidens centrale m\u00f8desteder for kunst og kultur. Her m\u00f8dtes periodens store kulturpersonligheder: Axel Salto, Poul Henningsen (PH), Harald Giersing, Otto Gelsted og mange flere, og et avantgarde-kulturtidsskrift, Klingen, s\u00e5 dagens lys.  Kunsten blomstrede i krigens skygge. En ny verdensorden var under heftig debat, og kunstnere i hele Europa krydsede klinger og grupperede sig som futurister, kubister, dadaister, ekspressionister \u2026 I denne rigt illustrerede bog f\u00e5r tidens kunstnere stemme, og epoken s\u00e6ttes ind i en historisk og kunsthistorisk sammenh\u00e6ng med righoldige eksempler fra tidsskriftet Klingen.","og_url":"https:\/\/johanneslarsenmuseet.dk\/en\/produkt\/1917-en-ny-tid\/","og_site_name":"Johannes Larsen Museet","article_publisher":"https:\/\/www.facebook.com\/JohannesLarsenMuseet","article_modified_time":"2024-09-27T06:39:10+00:00","og_image":[{"width":598,"height":765,"url":"https:\/\/johanneslarsenmuseet.dk\/wp-content\/uploads\/2022\/04\/1917-\u2013-EN-NY-TID.jpg","type":"image\/jpeg"}],"twitter_card":"summary_large_image","schema":{"@context":"https:\/\/schema.org","@graph":[{"@type":"WebPage","@id":"https:\/\/johanneslarsenmuseet.dk\/en\/produkt\/1917-en-ny-tid\/","url":"https:\/\/johanneslarsenmuseet.dk\/en\/produkt\/1917-en-ny-tid\/","name":"1917 \u2013 EN NY TID - Johannes Larsen Museet","isPartOf":{"@id":"https:\/\/johanneslarsenmuseet.dk\/en\/#website"},"primaryImageOfPage":{"@id":"https:\/\/johanneslarsenmuseet.dk\/en\/produkt\/1917-en-ny-tid\/#primaryimage"},"image":{"@id":"https:\/\/johanneslarsenmuseet.dk\/en\/produkt\/1917-en-ny-tid\/#primaryimage"},"thumbnailUrl":"https:\/\/johanneslarsenmuseet.dk\/wp-content\/uploads\/2022\/04\/1917-\u2013-EN-NY-TID.jpg","datePublished":"2022-04-05T11:46:42+00:00","dateModified":"2024-09-27T06:39:10+00:00","breadcrumb":{"@id":"https:\/\/johanneslarsenmuseet.dk\/en\/produkt\/1917-en-ny-tid\/#breadcrumb"},"inLanguage":"en-US","potentialAction":[{"@type":"ReadAction","target":["https:\/\/johanneslarsenmuseet.dk\/en\/produkt\/1917-en-ny-tid\/"]}]},{"@type":"ImageObject","inLanguage":"en-US","@id":"https:\/\/johanneslarsenmuseet.dk\/en\/produkt\/1917-en-ny-tid\/#primaryimage","url":"https:\/\/johanneslarsenmuseet.dk\/wp-content\/uploads\/2022\/04\/1917-\u2013-EN-NY-TID.jpg","contentUrl":"https:\/\/johanneslarsenmuseet.dk\/wp-content\/uploads\/2022\/04\/1917-\u2013-EN-NY-TID.jpg","width":598,"height":765,"caption":"1917 \u2013 EN NY TID"},{"@type":"BreadcrumbList","@id":"https:\/\/johanneslarsenmuseet.dk\/en\/produkt\/1917-en-ny-tid\/#breadcrumb","itemListElement":[{"@type":"ListItem","position":1,"name":"Hjem","item":"https:\/\/johanneslarsenmuseet.dk\/en\/"},{"@type":"ListItem","position":2,"name":"Shop","item":"https:\/\/johanneslarsenmuseet.dk\/shop\/"},{"@type":"ListItem","position":3,"name":"1917 \u2013 EN NY TID"}]},{"@type":"WebSite","@id":"https:\/\/johanneslarsenmuseet.dk\/en\/#website","url":"https:\/\/johanneslarsenmuseet.dk\/en\/","name":"Johannes Larsen Museet","description":"Oplevelser for hele familien","publisher":{"@id":"https:\/\/johanneslarsenmuseet.dk\/en\/#organization"},"potentialAction":[{"@type":"SearchAction","target":{"@type":"EntryPoint","urlTemplate":"https:\/\/johanneslarsenmuseet.dk\/en\/?s={search_term_string}"},"query-input":{"@type":"PropertyValueSpecification","valueRequired":true,"valueName":"search_term_string"}}],"inLanguage":"en-US"},{"@type":"Organization","@id":"https:\/\/johanneslarsenmuseet.dk\/en\/#organization","name":"Johanne Larsen Museet","url":"https:\/\/johanneslarsenmuseet.dk\/en\/","logo":{"@type":"ImageObject","inLanguage":"en-US","@id":"https:\/\/johanneslarsenmuseet.dk\/en\/#\/schema\/logo\/image\/","url":"https:\/\/johanneslarsenmuseet.dk\/wp-content\/uploads\/2022\/04\/johannes-larsen-logo-black.svg","contentUrl":"https:\/\/johanneslarsenmuseet.dk\/wp-content\/uploads\/2022\/04\/johannes-larsen-logo-black.svg","width":1,"height":1,"caption":"Johanne Larsen Museet"},"image":{"@id":"https:\/\/johanneslarsenmuseet.dk\/en\/#\/schema\/logo\/image\/"},"sameAs":["https:\/\/www.facebook.com\/JohannesLarsenMuseet","https:\/\/www.instagram.com\/johanneslarsenmuseet\/","https:\/\/twitter.com\/johlarsenmuseum?lang=da"]}]}},"_links":{"self":[{"href":"https:\/\/johanneslarsenmuseet.dk\/en\/wp-json\/wp\/v2\/product\/205246","targetHints":{"allow":["GET"]}}],"collection":[{"href":"https:\/\/johanneslarsenmuseet.dk\/en\/wp-json\/wp\/v2\/product"}],"about":[{"href":"https:\/\/johanneslarsenmuseet.dk\/en\/wp-json\/wp\/v2\/types\/product"}],"wp:featuredmedia":[{"embeddable":true,"href":"https:\/\/johanneslarsenmuseet.dk\/en\/wp-json\/wp\/v2\/media\/205247"}],"wp:attachment":[{"href":"https:\/\/johanneslarsenmuseet.dk\/en\/wp-json\/wp\/v2\/media?parent=205246"}],"wp:term":[{"taxonomy":"product_brand","embeddable":true,"href":"https:\/\/johanneslarsenmuseet.dk\/en\/wp-json\/wp\/v2\/product_brand?post=205246"},{"taxonomy":"product_cat","embeddable":true,"href":"https:\/\/johanneslarsenmuseet.dk\/en\/wp-json\/wp\/v2\/product_cat?post=205246"},{"taxonomy":"product_tag","embeddable":true,"href":"https:\/\/johanneslarsenmuseet.dk\/en\/wp-json\/wp\/v2\/product_tag?post=205246"}],"curies":[{"name":"wp","href":"https:\/\/api.w.org\/{rel}","templated":true}]}}