{"id":206260,"date":"2022-06-22T09:30:35","date_gmt":"2022-06-22T09:30:35","guid":{"rendered":"https:\/\/johanneslarsenmuseet.dk\/?post_type=product&#038;p=206260"},"modified":"2022-07-12T11:56:57","modified_gmt":"2022-07-12T11:56:57","slug":"faeroeske-billeder-samuel-joensen-mikines-2-udgivelse","status":"publish","type":"product","link":"https:\/\/johanneslarsenmuseet.dk\/en\/produkt\/faeroeske-billeder-samuel-joensen-mikines-2-udgivelse\/","title":{"rendered":"En Vise om en S\u00f8mand og en Landmand"},"content":{"rendered":"<span class=\"et_bloom_bottom_trigger\"><\/span>","protected":false},"excerpt":{"rendered":"<p class=\"size-16\" lang=\"x-size-16\">Det har v\u00e6ret et l\u00e6nge n\u00e6ret \u00f8nske for Blicher-Selskabet at udgive Blichers redningsdigt S\u00f8ren Kanne, som han selv satte s\u00e5 stor pris p\u00e5. med maleren Frits Sybergs dejlige tegninger om begivenheden. Digtet blev offentliggjordt i 1833, hvor han netop stod med den personlige succes, at hans noveller skulle udgives i bogform i K\u00f8benhavn.<\/p>\n<p class=\"size-16\" lang=\"x-size-16\"><strong>Skrevet af,\u00a0<\/strong> ST. ST. Blicher\u00a0 <strong>Udgivet af Blicher-Selskabet<\/strong>, <strong>Illustrationer<\/strong> : Fritz Syberg<br \/>\n1. udgave 1. oplag 2021 30 sider<\/p>\n","protected":false},"featured_media":207078,"template":"","meta":{"_et_pb_use_builder":"","_et_pb_old_content":"","_et_gb_content_width":""},"product_brand":[],"product_cat":[23,29],"product_tag":[],"class_list":{"0":"post-206260","1":"product","2":"type-product","3":"status-publish","4":"has-post-thumbnail","6":"product_cat-boger-film","7":"product_cat-om-kunst-og-natur","9":"first","10":"instock","11":"taxable","12":"shipping-taxable","13":"purchasable","14":"product-type-simple"},"yoast_head":"<!-- This site is optimized with the Yoast SEO plugin v24.5 - https:\/\/yoast.com\/wordpress\/plugins\/seo\/ -->\n<title>En Vise om en S\u00f8mand og en Landmand - Johannes Larsen Museet<\/title>\n<meta name=\"description\" content=\"K\u00f8b F\u00e6r\u00f8rske billeder af Samuel Joensen-Mikines her. V\u00e6rket indeholder unikke skildringer og vinklinger af Mikines&#039; liv.\" \/>\n<meta name=\"robots\" content=\"index, follow, max-snippet:-1, max-image-preview:large, max-video-preview:-1\" \/>\n<link rel=\"canonical\" href=\"https:\/\/johanneslarsenmuseet.dk\/en\/produkt\/faeroeske-billeder-samuel-joensen-mikines-2-udgivelse\/\" \/>\n<meta property=\"og:locale\" content=\"en_US\" \/>\n<meta property=\"og:type\" content=\"article\" \/>\n<meta property=\"og:title\" content=\"En Vise om en S\u00f8mand og en Landmand - Johannes Larsen Museet\" \/>\n<meta property=\"og:description\" content=\"K\u00f8b F\u00e6r\u00f8rske billeder af Samuel Joensen-Mikines her. V\u00e6rket indeholder unikke skildringer og vinklinger af Mikines&#039; liv.\" \/>\n<meta property=\"og:url\" content=\"https:\/\/johanneslarsenmuseet.dk\/en\/produkt\/faeroeske-billeder-samuel-joensen-mikines-2-udgivelse\/\" \/>\n<meta property=\"og:site_name\" content=\"Johannes Larsen Museet\" \/>\n<meta property=\"article:publisher\" content=\"https:\/\/www.facebook.com\/JohannesLarsenMuseet\" \/>\n<meta property=\"article:modified_time\" content=\"2022-07-12T11:56:57+00:00\" \/>\n<meta property=\"og:image\" content=\"https:\/\/johanneslarsenmuseet.dk\/wp-content\/uploads\/2022\/06\/Soeren-Kanne-.png\" \/>\n\t<meta property=\"og:image:width\" content=\"1080\" \/>\n\t<meta property=\"og:image:height\" content=\"1080\" \/>\n\t<meta property=\"og:image:type\" content=\"image\/png\" \/>\n<meta name=\"twitter:card\" content=\"summary_large_image\" \/>\n<script type=\"application\/ld+json\" class=\"yoast-schema-graph\">{\"@context\":\"https:\/\/schema.org\",\"@graph\":[{\"@type\":\"WebPage\",\"@id\":\"https:\/\/johanneslarsenmuseet.dk\/en\/produkt\/faeroeske-billeder-samuel-joensen-mikines-2-udgivelse\/\",\"url\":\"https:\/\/johanneslarsenmuseet.dk\/en\/produkt\/faeroeske-billeder-samuel-joensen-mikines-2-udgivelse\/\",\"name\":\"En Vise om en S\u00f8mand og en Landmand - Johannes Larsen Museet\",\"isPartOf\":{\"@id\":\"https:\/\/johanneslarsenmuseet.dk\/en\/#website\"},\"primaryImageOfPage\":{\"@id\":\"https:\/\/johanneslarsenmuseet.dk\/en\/produkt\/faeroeske-billeder-samuel-joensen-mikines-2-udgivelse\/#primaryimage\"},\"image\":{\"@id\":\"https:\/\/johanneslarsenmuseet.dk\/en\/produkt\/faeroeske-billeder-samuel-joensen-mikines-2-udgivelse\/#primaryimage\"},\"thumbnailUrl\":\"https:\/\/johanneslarsenmuseet.dk\/wp-content\/uploads\/2022\/06\/Soeren-Kanne-.png\",\"datePublished\":\"2022-06-22T09:30:35+00:00\",\"dateModified\":\"2022-07-12T11:56:57+00:00\",\"description\":\"K\u00f8b F\u00e6r\u00f8rske billeder af Samuel Joensen-Mikines her. V\u00e6rket indeholder unikke skildringer og vinklinger af Mikines' liv.\",\"breadcrumb\":{\"@id\":\"https:\/\/johanneslarsenmuseet.dk\/en\/produkt\/faeroeske-billeder-samuel-joensen-mikines-2-udgivelse\/#breadcrumb\"},\"inLanguage\":\"en-US\",\"potentialAction\":[{\"@type\":\"ReadAction\",\"target\":[\"https:\/\/johanneslarsenmuseet.dk\/en\/produkt\/faeroeske-billeder-samuel-joensen-mikines-2-udgivelse\/\"]}]},{\"@type\":\"ImageObject\",\"inLanguage\":\"en-US\",\"@id\":\"https:\/\/johanneslarsenmuseet.dk\/en\/produkt\/faeroeske-billeder-samuel-joensen-mikines-2-udgivelse\/#primaryimage\",\"url\":\"https:\/\/johanneslarsenmuseet.dk\/wp-content\/uploads\/2022\/06\/Soeren-Kanne-.png\",\"contentUrl\":\"https:\/\/johanneslarsenmuseet.dk\/wp-content\/uploads\/2022\/06\/Soeren-Kanne-.png\",\"width\":1080,\"height\":1080,\"caption\":\"Web-shop\"},{\"@type\":\"BreadcrumbList\",\"@id\":\"https:\/\/johanneslarsenmuseet.dk\/en\/produkt\/faeroeske-billeder-samuel-joensen-mikines-2-udgivelse\/#breadcrumb\",\"itemListElement\":[{\"@type\":\"ListItem\",\"position\":1,\"name\":\"Hjem\",\"item\":\"https:\/\/johanneslarsenmuseet.dk\/en\/\"},{\"@type\":\"ListItem\",\"position\":2,\"name\":\"Shop\",\"item\":\"https:\/\/johanneslarsenmuseet.dk\/shop\/\"},{\"@type\":\"ListItem\",\"position\":3,\"name\":\"En Vise om en S\u00f8mand og en Landmand\"}]},{\"@type\":\"WebSite\",\"@id\":\"https:\/\/johanneslarsenmuseet.dk\/en\/#website\",\"url\":\"https:\/\/johanneslarsenmuseet.dk\/en\/\",\"name\":\"Johannes Larsen Museet\",\"description\":\"Oplevelser for hele familien\",\"publisher\":{\"@id\":\"https:\/\/johanneslarsenmuseet.dk\/en\/#organization\"},\"potentialAction\":[{\"@type\":\"SearchAction\",\"target\":{\"@type\":\"EntryPoint\",\"urlTemplate\":\"https:\/\/johanneslarsenmuseet.dk\/en\/?s={search_term_string}\"},\"query-input\":{\"@type\":\"PropertyValueSpecification\",\"valueRequired\":true,\"valueName\":\"search_term_string\"}}],\"inLanguage\":\"en-US\"},{\"@type\":\"Organization\",\"@id\":\"https:\/\/johanneslarsenmuseet.dk\/en\/#organization\",\"name\":\"Johanne Larsen Museet\",\"url\":\"https:\/\/johanneslarsenmuseet.dk\/en\/\",\"logo\":{\"@type\":\"ImageObject\",\"inLanguage\":\"en-US\",\"@id\":\"https:\/\/johanneslarsenmuseet.dk\/en\/#\/schema\/logo\/image\/\",\"url\":\"https:\/\/johanneslarsenmuseet.dk\/wp-content\/uploads\/2022\/04\/johannes-larsen-logo-black.svg\",\"contentUrl\":\"https:\/\/johanneslarsenmuseet.dk\/wp-content\/uploads\/2022\/04\/johannes-larsen-logo-black.svg\",\"width\":1,\"height\":1,\"caption\":\"Johanne Larsen Museet\"},\"image\":{\"@id\":\"https:\/\/johanneslarsenmuseet.dk\/en\/#\/schema\/logo\/image\/\"},\"sameAs\":[\"https:\/\/www.facebook.com\/JohannesLarsenMuseet\",\"https:\/\/www.instagram.com\/johanneslarsenmuseet\/\",\"https:\/\/twitter.com\/johlarsenmuseum?lang=da\"]}]}<\/script>\n<!-- \/ Yoast SEO plugin. -->","yoast_head_json":{"title":"En Vise om en S\u00f8mand og en Landmand - Johannes Larsen Museet","description":"K\u00f8b F\u00e6r\u00f8rske billeder af Samuel Joensen-Mikines her. V\u00e6rket indeholder unikke skildringer og vinklinger af Mikines' liv.","robots":{"index":"index","follow":"follow","max-snippet":"max-snippet:-1","max-image-preview":"max-image-preview:large","max-video-preview":"max-video-preview:-1"},"canonical":"https:\/\/johanneslarsenmuseet.dk\/en\/produkt\/faeroeske-billeder-samuel-joensen-mikines-2-udgivelse\/","og_locale":"en_US","og_type":"article","og_title":"En Vise om en S\u00f8mand og en Landmand - Johannes Larsen Museet","og_description":"K\u00f8b F\u00e6r\u00f8rske billeder af Samuel Joensen-Mikines her. V\u00e6rket indeholder unikke skildringer og vinklinger af Mikines' liv.","og_url":"https:\/\/johanneslarsenmuseet.dk\/en\/produkt\/faeroeske-billeder-samuel-joensen-mikines-2-udgivelse\/","og_site_name":"Johannes Larsen Museet","article_publisher":"https:\/\/www.facebook.com\/JohannesLarsenMuseet","article_modified_time":"2022-07-12T11:56:57+00:00","og_image":[{"width":1080,"height":1080,"url":"https:\/\/johanneslarsenmuseet.dk\/wp-content\/uploads\/2022\/06\/Soeren-Kanne-.png","type":"image\/png"}],"twitter_card":"summary_large_image","schema":{"@context":"https:\/\/schema.org","@graph":[{"@type":"WebPage","@id":"https:\/\/johanneslarsenmuseet.dk\/en\/produkt\/faeroeske-billeder-samuel-joensen-mikines-2-udgivelse\/","url":"https:\/\/johanneslarsenmuseet.dk\/en\/produkt\/faeroeske-billeder-samuel-joensen-mikines-2-udgivelse\/","name":"En Vise om en S\u00f8mand og en Landmand - Johannes Larsen Museet","isPartOf":{"@id":"https:\/\/johanneslarsenmuseet.dk\/en\/#website"},"primaryImageOfPage":{"@id":"https:\/\/johanneslarsenmuseet.dk\/en\/produkt\/faeroeske-billeder-samuel-joensen-mikines-2-udgivelse\/#primaryimage"},"image":{"@id":"https:\/\/johanneslarsenmuseet.dk\/en\/produkt\/faeroeske-billeder-samuel-joensen-mikines-2-udgivelse\/#primaryimage"},"thumbnailUrl":"https:\/\/johanneslarsenmuseet.dk\/wp-content\/uploads\/2022\/06\/Soeren-Kanne-.png","datePublished":"2022-06-22T09:30:35+00:00","dateModified":"2022-07-12T11:56:57+00:00","description":"K\u00f8b F\u00e6r\u00f8rske billeder af Samuel Joensen-Mikines her. V\u00e6rket indeholder unikke skildringer og vinklinger af Mikines' liv.","breadcrumb":{"@id":"https:\/\/johanneslarsenmuseet.dk\/en\/produkt\/faeroeske-billeder-samuel-joensen-mikines-2-udgivelse\/#breadcrumb"},"inLanguage":"en-US","potentialAction":[{"@type":"ReadAction","target":["https:\/\/johanneslarsenmuseet.dk\/en\/produkt\/faeroeske-billeder-samuel-joensen-mikines-2-udgivelse\/"]}]},{"@type":"ImageObject","inLanguage":"en-US","@id":"https:\/\/johanneslarsenmuseet.dk\/en\/produkt\/faeroeske-billeder-samuel-joensen-mikines-2-udgivelse\/#primaryimage","url":"https:\/\/johanneslarsenmuseet.dk\/wp-content\/uploads\/2022\/06\/Soeren-Kanne-.png","contentUrl":"https:\/\/johanneslarsenmuseet.dk\/wp-content\/uploads\/2022\/06\/Soeren-Kanne-.png","width":1080,"height":1080,"caption":"Web-shop"},{"@type":"BreadcrumbList","@id":"https:\/\/johanneslarsenmuseet.dk\/en\/produkt\/faeroeske-billeder-samuel-joensen-mikines-2-udgivelse\/#breadcrumb","itemListElement":[{"@type":"ListItem","position":1,"name":"Hjem","item":"https:\/\/johanneslarsenmuseet.dk\/en\/"},{"@type":"ListItem","position":2,"name":"Shop","item":"https:\/\/johanneslarsenmuseet.dk\/shop\/"},{"@type":"ListItem","position":3,"name":"En Vise om en S\u00f8mand og en Landmand"}]},{"@type":"WebSite","@id":"https:\/\/johanneslarsenmuseet.dk\/en\/#website","url":"https:\/\/johanneslarsenmuseet.dk\/en\/","name":"Johannes Larsen Museet","description":"Oplevelser for hele familien","publisher":{"@id":"https:\/\/johanneslarsenmuseet.dk\/en\/#organization"},"potentialAction":[{"@type":"SearchAction","target":{"@type":"EntryPoint","urlTemplate":"https:\/\/johanneslarsenmuseet.dk\/en\/?s={search_term_string}"},"query-input":{"@type":"PropertyValueSpecification","valueRequired":true,"valueName":"search_term_string"}}],"inLanguage":"en-US"},{"@type":"Organization","@id":"https:\/\/johanneslarsenmuseet.dk\/en\/#organization","name":"Johanne Larsen Museet","url":"https:\/\/johanneslarsenmuseet.dk\/en\/","logo":{"@type":"ImageObject","inLanguage":"en-US","@id":"https:\/\/johanneslarsenmuseet.dk\/en\/#\/schema\/logo\/image\/","url":"https:\/\/johanneslarsenmuseet.dk\/wp-content\/uploads\/2022\/04\/johannes-larsen-logo-black.svg","contentUrl":"https:\/\/johanneslarsenmuseet.dk\/wp-content\/uploads\/2022\/04\/johannes-larsen-logo-black.svg","width":1,"height":1,"caption":"Johanne Larsen Museet"},"image":{"@id":"https:\/\/johanneslarsenmuseet.dk\/en\/#\/schema\/logo\/image\/"},"sameAs":["https:\/\/www.facebook.com\/JohannesLarsenMuseet","https:\/\/www.instagram.com\/johanneslarsenmuseet\/","https:\/\/twitter.com\/johlarsenmuseum?lang=da"]}]}},"_links":{"self":[{"href":"https:\/\/johanneslarsenmuseet.dk\/en\/wp-json\/wp\/v2\/product\/206260","targetHints":{"allow":["GET"]}}],"collection":[{"href":"https:\/\/johanneslarsenmuseet.dk\/en\/wp-json\/wp\/v2\/product"}],"about":[{"href":"https:\/\/johanneslarsenmuseet.dk\/en\/wp-json\/wp\/v2\/types\/product"}],"wp:featuredmedia":[{"embeddable":true,"href":"https:\/\/johanneslarsenmuseet.dk\/en\/wp-json\/wp\/v2\/media\/207078"}],"wp:attachment":[{"href":"https:\/\/johanneslarsenmuseet.dk\/en\/wp-json\/wp\/v2\/media?parent=206260"}],"wp:term":[{"taxonomy":"product_brand","embeddable":true,"href":"https:\/\/johanneslarsenmuseet.dk\/en\/wp-json\/wp\/v2\/product_brand?post=206260"},{"taxonomy":"product_cat","embeddable":true,"href":"https:\/\/johanneslarsenmuseet.dk\/en\/wp-json\/wp\/v2\/product_cat?post=206260"},{"taxonomy":"product_tag","embeddable":true,"href":"https:\/\/johanneslarsenmuseet.dk\/en\/wp-json\/wp\/v2\/product_tag?post=206260"}],"curies":[{"name":"wp","href":"https:\/\/api.w.org\/{rel}","templated":true}]}}