{"id":207420,"date":"2022-07-20T09:34:04","date_gmt":"2022-07-20T09:34:04","guid":{"rendered":"https:\/\/johanneslarsenmuseet.dk\/?post_type=product&#038;p=207420"},"modified":"2025-07-03T12:28:26","modified_gmt":"2025-07-03T12:28:26","slug":"broderikit-blaa-fugl","status":"publish","type":"product","link":"https:\/\/johanneslarsenmuseet.dk\/en\/produkt\/broderikit-blaa-fugl\/","title":{"rendered":"Broderikit BL\u00c5 FUGL"},"content":{"rendered":"<span class=\"et_bloom_bottom_trigger\"><\/span>","protected":false},"excerpt":{"rendered":"<p>BRODERIKET BL\u00c5 FUGL melleml\u00e6gsserviet<\/p>\n<p>Design: Christine Swane<\/p>\n<p>St\u00f8rrelse: 13 cm i diameter.<\/p>\n<p>Materiale: 100% merceriseret bomuld, stoffet best\u00e5r at 55% h\u00f8r og 45% bomuld og er l\u00e6rredsv\u00e6vet. Det er forkrympet (vasket) inden motivets konturstreger er blevet p\u00e5trykt.<\/p>\n<p>Kan ogs\u00e5 k\u00f8bes i kunstbutikken p\u00e5 Johannes Larsen Museet<\/p>\n<p>BROD\u00d8SERNE HJ\u00c6LPER MED MELLEML\u00c6GSSERVIETTERNE.<\/p>\n<p>Har du k\u00f8bt et sykit og b\u00f8vler med stingene? S\u00e5 er der hj\u00e6lp at f\u00e5 p\u00e5 museet. Brod\u00f8serne st\u00e5r klar med vejledning. Det foreg\u00e5r tirsdage mellem kl. 10 og 12, f\u00f8rste gang d. 6. september.<\/p>\n","protected":false},"featured_media":207421,"template":"","meta":{"_et_pb_use_builder":"","_et_pb_old_content":"","_et_gb_content_width":""},"product_brand":[],"product_cat":[26],"product_tag":[],"class_list":{"0":"post-207420","1":"product","2":"type-product","3":"status-publish","4":"has-post-thumbnail","6":"product_cat-til-hjemmet-og-hobbyartikler","8":"first","9":"instock","10":"taxable","11":"shipping-taxable","12":"purchasable","13":"product-type-simple"},"yoast_head":"<!-- This site is optimized with the Yoast SEO plugin v24.5 - https:\/\/yoast.com\/wordpress\/plugins\/seo\/ -->\n<title>Broderikit BL\u00c5 FUGL - Johannes Larsen Museet<\/title>\n<meta name=\"robots\" content=\"index, follow, max-snippet:-1, max-image-preview:large, max-video-preview:-1\" \/>\n<link rel=\"canonical\" href=\"https:\/\/johanneslarsenmuseet.dk\/en\/produkt\/broderikit-blaa-fugl\/\" \/>\n<meta property=\"og:locale\" content=\"en_US\" \/>\n<meta property=\"og:type\" content=\"article\" \/>\n<meta property=\"og:title\" content=\"Broderikit BL\u00c5 FUGL - Johannes Larsen Museet\" \/>\n<meta property=\"og:description\" content=\"BRODERIKET BL\u00c5 FUGL melleml\u00e6gsserviet  Design: Christine Swane  St\u00f8rrelse: 13 cm i diameter.  Materiale: 100% merceriseret bomuld, stoffet best\u00e5r at 55% h\u00f8r og 45% bomuld og er l\u00e6rredsv\u00e6vet. Det er forkrympet (vasket) inden motivets konturstreger er blevet p\u00e5trykt.  Kan ogs\u00e5 k\u00f8bes i kunstbutikken p\u00e5 Johannes Larsen Museet  BROD\u00d8SERNE HJ\u00c6LPER MED MELLEML\u00c6GSSERVIETTERNE.  Har du k\u00f8bt et sykit og b\u00f8vler med stingene? S\u00e5 er der hj\u00e6lp at f\u00e5 p\u00e5 museet. Brod\u00f8serne st\u00e5r klar med vejledning. Det foreg\u00e5r tirsdage mellem kl. 10 og 12, f\u00f8rste gang d. 6. september.\" \/>\n<meta property=\"og:url\" content=\"https:\/\/johanneslarsenmuseet.dk\/en\/produkt\/broderikit-blaa-fugl\/\" \/>\n<meta property=\"og:site_name\" content=\"Johannes Larsen Museet\" \/>\n<meta property=\"article:publisher\" content=\"https:\/\/www.facebook.com\/JohannesLarsenMuseet\" \/>\n<meta property=\"article:modified_time\" content=\"2025-07-03T12:28:26+00:00\" \/>\n<meta property=\"og:image\" content=\"https:\/\/johanneslarsenmuseet.dk\/wp-content\/uploads\/2022\/07\/Fugl-scaled.jpg\" \/>\n\t<meta property=\"og:image:width\" content=\"2560\" \/>\n\t<meta property=\"og:image:height\" content=\"1708\" \/>\n\t<meta property=\"og:image:type\" content=\"image\/jpeg\" \/>\n<meta name=\"twitter:card\" content=\"summary_large_image\" \/>\n<script type=\"application\/ld+json\" class=\"yoast-schema-graph\">{\"@context\":\"https:\/\/schema.org\",\"@graph\":[{\"@type\":\"WebPage\",\"@id\":\"https:\/\/johanneslarsenmuseet.dk\/en\/produkt\/broderikit-blaa-fugl\/\",\"url\":\"https:\/\/johanneslarsenmuseet.dk\/en\/produkt\/broderikit-blaa-fugl\/\",\"name\":\"Broderikit BL\u00c5 FUGL - Johannes Larsen Museet\",\"isPartOf\":{\"@id\":\"https:\/\/johanneslarsenmuseet.dk\/en\/#website\"},\"primaryImageOfPage\":{\"@id\":\"https:\/\/johanneslarsenmuseet.dk\/en\/produkt\/broderikit-blaa-fugl\/#primaryimage\"},\"image\":{\"@id\":\"https:\/\/johanneslarsenmuseet.dk\/en\/produkt\/broderikit-blaa-fugl\/#primaryimage\"},\"thumbnailUrl\":\"https:\/\/johanneslarsenmuseet.dk\/wp-content\/uploads\/2022\/07\/Fugl-scaled.jpg\",\"datePublished\":\"2022-07-20T09:34:04+00:00\",\"dateModified\":\"2025-07-03T12:28:26+00:00\",\"breadcrumb\":{\"@id\":\"https:\/\/johanneslarsenmuseet.dk\/en\/produkt\/broderikit-blaa-fugl\/#breadcrumb\"},\"inLanguage\":\"en-US\",\"potentialAction\":[{\"@type\":\"ReadAction\",\"target\":[\"https:\/\/johanneslarsenmuseet.dk\/en\/produkt\/broderikit-blaa-fugl\/\"]}]},{\"@type\":\"ImageObject\",\"inLanguage\":\"en-US\",\"@id\":\"https:\/\/johanneslarsenmuseet.dk\/en\/produkt\/broderikit-blaa-fugl\/#primaryimage\",\"url\":\"https:\/\/johanneslarsenmuseet.dk\/wp-content\/uploads\/2022\/07\/Fugl-scaled.jpg\",\"contentUrl\":\"https:\/\/johanneslarsenmuseet.dk\/wp-content\/uploads\/2022\/07\/Fugl-scaled.jpg\",\"width\":2560,\"height\":1708,\"caption\":\"Fotograf Sanne Berg\"},{\"@type\":\"BreadcrumbList\",\"@id\":\"https:\/\/johanneslarsenmuseet.dk\/en\/produkt\/broderikit-blaa-fugl\/#breadcrumb\",\"itemListElement\":[{\"@type\":\"ListItem\",\"position\":1,\"name\":\"Hjem\",\"item\":\"https:\/\/johanneslarsenmuseet.dk\/en\/\"},{\"@type\":\"ListItem\",\"position\":2,\"name\":\"Shop\",\"item\":\"https:\/\/johanneslarsenmuseet.dk\/shop\/\"},{\"@type\":\"ListItem\",\"position\":3,\"name\":\"Broderikit BL\u00c5 FUGL\"}]},{\"@type\":\"WebSite\",\"@id\":\"https:\/\/johanneslarsenmuseet.dk\/en\/#website\",\"url\":\"https:\/\/johanneslarsenmuseet.dk\/en\/\",\"name\":\"Johannes Larsen Museet\",\"description\":\"Oplevelser for hele familien\",\"publisher\":{\"@id\":\"https:\/\/johanneslarsenmuseet.dk\/en\/#organization\"},\"potentialAction\":[{\"@type\":\"SearchAction\",\"target\":{\"@type\":\"EntryPoint\",\"urlTemplate\":\"https:\/\/johanneslarsenmuseet.dk\/en\/?s={search_term_string}\"},\"query-input\":{\"@type\":\"PropertyValueSpecification\",\"valueRequired\":true,\"valueName\":\"search_term_string\"}}],\"inLanguage\":\"en-US\"},{\"@type\":\"Organization\",\"@id\":\"https:\/\/johanneslarsenmuseet.dk\/en\/#organization\",\"name\":\"Johanne Larsen Museet\",\"url\":\"https:\/\/johanneslarsenmuseet.dk\/en\/\",\"logo\":{\"@type\":\"ImageObject\",\"inLanguage\":\"en-US\",\"@id\":\"https:\/\/johanneslarsenmuseet.dk\/en\/#\/schema\/logo\/image\/\",\"url\":\"https:\/\/johanneslarsenmuseet.dk\/wp-content\/uploads\/2022\/04\/johannes-larsen-logo-black.svg\",\"contentUrl\":\"https:\/\/johanneslarsenmuseet.dk\/wp-content\/uploads\/2022\/04\/johannes-larsen-logo-black.svg\",\"width\":1,\"height\":1,\"caption\":\"Johanne Larsen Museet\"},\"image\":{\"@id\":\"https:\/\/johanneslarsenmuseet.dk\/en\/#\/schema\/logo\/image\/\"},\"sameAs\":[\"https:\/\/www.facebook.com\/JohannesLarsenMuseet\",\"https:\/\/www.instagram.com\/johanneslarsenmuseet\/\",\"https:\/\/twitter.com\/johlarsenmuseum?lang=da\"]}]}<\/script>\n<!-- \/ Yoast SEO plugin. -->","yoast_head_json":{"title":"Broderikit BL\u00c5 FUGL - Johannes Larsen Museet","robots":{"index":"index","follow":"follow","max-snippet":"max-snippet:-1","max-image-preview":"max-image-preview:large","max-video-preview":"max-video-preview:-1"},"canonical":"https:\/\/johanneslarsenmuseet.dk\/en\/produkt\/broderikit-blaa-fugl\/","og_locale":"en_US","og_type":"article","og_title":"Broderikit BL\u00c5 FUGL - Johannes Larsen Museet","og_description":"BRODERIKET BL\u00c5 FUGL melleml\u00e6gsserviet  Design: Christine Swane  St\u00f8rrelse: 13 cm i diameter.  Materiale: 100% merceriseret bomuld, stoffet best\u00e5r at 55% h\u00f8r og 45% bomuld og er l\u00e6rredsv\u00e6vet. Det er forkrympet (vasket) inden motivets konturstreger er blevet p\u00e5trykt.  Kan ogs\u00e5 k\u00f8bes i kunstbutikken p\u00e5 Johannes Larsen Museet  BROD\u00d8SERNE HJ\u00c6LPER MED MELLEML\u00c6GSSERVIETTERNE.  Har du k\u00f8bt et sykit og b\u00f8vler med stingene? S\u00e5 er der hj\u00e6lp at f\u00e5 p\u00e5 museet. Brod\u00f8serne st\u00e5r klar med vejledning. Det foreg\u00e5r tirsdage mellem kl. 10 og 12, f\u00f8rste gang d. 6. september.","og_url":"https:\/\/johanneslarsenmuseet.dk\/en\/produkt\/broderikit-blaa-fugl\/","og_site_name":"Johannes Larsen Museet","article_publisher":"https:\/\/www.facebook.com\/JohannesLarsenMuseet","article_modified_time":"2025-07-03T12:28:26+00:00","og_image":[{"width":2560,"height":1708,"url":"https:\/\/johanneslarsenmuseet.dk\/wp-content\/uploads\/2022\/07\/Fugl-scaled.jpg","type":"image\/jpeg"}],"twitter_card":"summary_large_image","schema":{"@context":"https:\/\/schema.org","@graph":[{"@type":"WebPage","@id":"https:\/\/johanneslarsenmuseet.dk\/en\/produkt\/broderikit-blaa-fugl\/","url":"https:\/\/johanneslarsenmuseet.dk\/en\/produkt\/broderikit-blaa-fugl\/","name":"Broderikit BL\u00c5 FUGL - Johannes Larsen Museet","isPartOf":{"@id":"https:\/\/johanneslarsenmuseet.dk\/en\/#website"},"primaryImageOfPage":{"@id":"https:\/\/johanneslarsenmuseet.dk\/en\/produkt\/broderikit-blaa-fugl\/#primaryimage"},"image":{"@id":"https:\/\/johanneslarsenmuseet.dk\/en\/produkt\/broderikit-blaa-fugl\/#primaryimage"},"thumbnailUrl":"https:\/\/johanneslarsenmuseet.dk\/wp-content\/uploads\/2022\/07\/Fugl-scaled.jpg","datePublished":"2022-07-20T09:34:04+00:00","dateModified":"2025-07-03T12:28:26+00:00","breadcrumb":{"@id":"https:\/\/johanneslarsenmuseet.dk\/en\/produkt\/broderikit-blaa-fugl\/#breadcrumb"},"inLanguage":"en-US","potentialAction":[{"@type":"ReadAction","target":["https:\/\/johanneslarsenmuseet.dk\/en\/produkt\/broderikit-blaa-fugl\/"]}]},{"@type":"ImageObject","inLanguage":"en-US","@id":"https:\/\/johanneslarsenmuseet.dk\/en\/produkt\/broderikit-blaa-fugl\/#primaryimage","url":"https:\/\/johanneslarsenmuseet.dk\/wp-content\/uploads\/2022\/07\/Fugl-scaled.jpg","contentUrl":"https:\/\/johanneslarsenmuseet.dk\/wp-content\/uploads\/2022\/07\/Fugl-scaled.jpg","width":2560,"height":1708,"caption":"Fotograf Sanne Berg"},{"@type":"BreadcrumbList","@id":"https:\/\/johanneslarsenmuseet.dk\/en\/produkt\/broderikit-blaa-fugl\/#breadcrumb","itemListElement":[{"@type":"ListItem","position":1,"name":"Hjem","item":"https:\/\/johanneslarsenmuseet.dk\/en\/"},{"@type":"ListItem","position":2,"name":"Shop","item":"https:\/\/johanneslarsenmuseet.dk\/shop\/"},{"@type":"ListItem","position":3,"name":"Broderikit BL\u00c5 FUGL"}]},{"@type":"WebSite","@id":"https:\/\/johanneslarsenmuseet.dk\/en\/#website","url":"https:\/\/johanneslarsenmuseet.dk\/en\/","name":"Johannes Larsen Museet","description":"Oplevelser for hele familien","publisher":{"@id":"https:\/\/johanneslarsenmuseet.dk\/en\/#organization"},"potentialAction":[{"@type":"SearchAction","target":{"@type":"EntryPoint","urlTemplate":"https:\/\/johanneslarsenmuseet.dk\/en\/?s={search_term_string}"},"query-input":{"@type":"PropertyValueSpecification","valueRequired":true,"valueName":"search_term_string"}}],"inLanguage":"en-US"},{"@type":"Organization","@id":"https:\/\/johanneslarsenmuseet.dk\/en\/#organization","name":"Johanne Larsen Museet","url":"https:\/\/johanneslarsenmuseet.dk\/en\/","logo":{"@type":"ImageObject","inLanguage":"en-US","@id":"https:\/\/johanneslarsenmuseet.dk\/en\/#\/schema\/logo\/image\/","url":"https:\/\/johanneslarsenmuseet.dk\/wp-content\/uploads\/2022\/04\/johannes-larsen-logo-black.svg","contentUrl":"https:\/\/johanneslarsenmuseet.dk\/wp-content\/uploads\/2022\/04\/johannes-larsen-logo-black.svg","width":1,"height":1,"caption":"Johanne Larsen Museet"},"image":{"@id":"https:\/\/johanneslarsenmuseet.dk\/en\/#\/schema\/logo\/image\/"},"sameAs":["https:\/\/www.facebook.com\/JohannesLarsenMuseet","https:\/\/www.instagram.com\/johanneslarsenmuseet\/","https:\/\/twitter.com\/johlarsenmuseum?lang=da"]}]}},"_links":{"self":[{"href":"https:\/\/johanneslarsenmuseet.dk\/en\/wp-json\/wp\/v2\/product\/207420","targetHints":{"allow":["GET"]}}],"collection":[{"href":"https:\/\/johanneslarsenmuseet.dk\/en\/wp-json\/wp\/v2\/product"}],"about":[{"href":"https:\/\/johanneslarsenmuseet.dk\/en\/wp-json\/wp\/v2\/types\/product"}],"wp:featuredmedia":[{"embeddable":true,"href":"https:\/\/johanneslarsenmuseet.dk\/en\/wp-json\/wp\/v2\/media\/207421"}],"wp:attachment":[{"href":"https:\/\/johanneslarsenmuseet.dk\/en\/wp-json\/wp\/v2\/media?parent=207420"}],"wp:term":[{"taxonomy":"product_brand","embeddable":true,"href":"https:\/\/johanneslarsenmuseet.dk\/en\/wp-json\/wp\/v2\/product_brand?post=207420"},{"taxonomy":"product_cat","embeddable":true,"href":"https:\/\/johanneslarsenmuseet.dk\/en\/wp-json\/wp\/v2\/product_cat?post=207420"},{"taxonomy":"product_tag","embeddable":true,"href":"https:\/\/johanneslarsenmuseet.dk\/en\/wp-json\/wp\/v2\/product_tag?post=207420"}],"curies":[{"name":"wp","href":"https:\/\/api.w.org\/{rel}","templated":true}]}}