{"id":211799,"date":"2023-09-28T09:51:06","date_gmt":"2023-09-28T09:51:06","guid":{"rendered":"https:\/\/johanneslarsenmuseet.dk\/?post_type=product&#038;p=211799"},"modified":"2026-05-11T08:43:42","modified_gmt":"2026-05-11T08:43:42","slug":"spillekort-fuglenes-verden","status":"publish","type":"product","link":"https:\/\/johanneslarsenmuseet.dk\/en\/produkt\/spillekort-fuglenes-verden\/","title":{"rendered":"SPILLEKORT \u2013 FUGLENES VERDEN"},"content":{"rendered":"<span class=\"et_bloom_bottom_trigger\"><\/span>","protected":false},"excerpt":{"rendered":"<p><strong>Lad de fjerkl\u00e6dtes dyrs styrker dyste mod i hinanden p\u00e5 en ny m\u00e5de i det klassiske spil &#8216;krig&#8217;.<\/strong><\/p>\n<p>LEG DIG TIL VIDEN! Med dette nye kortspil med id\u00e9 fra Kenneth Lenander og illustrationer fra Jon Fjeldsa\u030a bliver du klogere pa\u030a de fugle, du ofte ser i haven, i byen, i skoven, ved s\u00f8en eller langs stranden. Alle kort har nemt afl\u00e6selige ikoner og prikker, der g\u00f8r, at b\u00f8rn helt ned til tre\u00e5rsalderen kan dyste mod hinanden uden voksen-indblanding. Kortenes sjove facts g\u00f8r spillet interessant for b\u00e5de b\u00f8rn og voksne og kan spilles af alle familiens medlemmere.<\/p>\n<p><em>Spilleregler findes i \u00e6sken.\u00a0<\/em><em><br \/>\n<\/em><\/p>\n<hr \/>\n<p>\u2022 Indeholder: 48 spillekort<br \/>\n\u2022 5 forklaringskort<br \/>\n\u2022 1 s\u00e6t spilleregler<br \/>\n\u2022 Id\u00e9: Kenneth Lenander<br \/>\n\u2022 Illustrationer: Jon Fjeldsa\u030a<\/p>\n<p>&nbsp;<\/p>\n","protected":false},"featured_media":211800,"template":"","meta":{"_et_pb_use_builder":"","_et_pb_old_content":"","_et_gb_content_width":""},"product_brand":[],"product_cat":[94,25,35,26],"product_tag":[73],"class_list":{"0":"post-211799","1":"product","2":"type-product","3":"status-publish","4":"has-post-thumbnail","6":"product_cat-gaveideer","7":"product_cat-for-born","8":"product_cat-spil-leg","9":"product_cat-til-hjemmet-og-hobbyartikler","10":"product_tag-fugle","12":"first","13":"instock","14":"taxable","15":"shipping-taxable","16":"purchasable","17":"product-type-simple"},"yoast_head":"<!-- This site is optimized with the Yoast SEO plugin v24.5 - https:\/\/yoast.com\/wordpress\/plugins\/seo\/ -->\n<title>SPILLEKORT \u2013 FUGLENES VERDEN - Johannes Larsen Museet<\/title>\n<meta name=\"robots\" content=\"index, follow, max-snippet:-1, max-image-preview:large, max-video-preview:-1\" \/>\n<link rel=\"canonical\" href=\"https:\/\/johanneslarsenmuseet.dk\/en\/produkt\/spillekort-fuglenes-verden\/\" \/>\n<meta property=\"og:locale\" content=\"en_US\" \/>\n<meta property=\"og:type\" content=\"article\" \/>\n<meta property=\"og:title\" content=\"SPILLEKORT \u2013 FUGLENES VERDEN - Johannes Larsen Museet\" \/>\n<meta property=\"og:description\" content=\"Lad de fjerkl\u00e6dtes dyrs styrker dyste mod i hinanden p\u00e5 en ny m\u00e5de i det klassiske spil &#039;krig&#039;.  LEG DIG TIL VIDEN! Med dette nye kortspil med id\u00e9 fra Kenneth Lenander og illustrationer fra Jon Fjeldsa\u030a bliver du klogere pa\u030a de fugle, du ofte ser i haven, i byen, i skoven, ved s\u00f8en eller langs stranden. Alle kort har nemt afl\u00e6selige ikoner og prikker, der g\u00f8r, at b\u00f8rn helt ned til tre\u00e5rsalderen kan dyste mod hinanden uden voksen-indblanding. Kortenes sjove facts g\u00f8r spillet interessant for b\u00e5de b\u00f8rn og voksne og kan spilles af alle familiens medlemmere.  Spilleregler findes i \u00e6sken.\u00a0     \u2022 Indeholder: 48 spillekort \u2022 5 forklaringskort \u2022 1 s\u00e6t spilleregler \u2022 Id\u00e9: Kenneth Lenander \u2022 Illustrationer: Jon Fjeldsa\u030a  &nbsp;\" \/>\n<meta property=\"og:url\" content=\"https:\/\/johanneslarsenmuseet.dk\/en\/produkt\/spillekort-fuglenes-verden\/\" \/>\n<meta property=\"og:site_name\" content=\"Johannes Larsen Museet\" \/>\n<meta property=\"article:publisher\" content=\"https:\/\/www.facebook.com\/JohannesLarsenMuseet\" \/>\n<meta property=\"article:modified_time\" content=\"2026-05-11T08:43:42+00:00\" \/>\n<meta property=\"og:image\" content=\"https:\/\/johanneslarsenmuseet.dk\/wp-content\/uploads\/2023\/09\/Fuglenes-verden.png\" \/>\n\t<meta property=\"og:image:width\" content=\"1080\" \/>\n\t<meta property=\"og:image:height\" content=\"1080\" \/>\n\t<meta property=\"og:image:type\" content=\"image\/png\" \/>\n<meta name=\"twitter:card\" content=\"summary_large_image\" \/>\n<script type=\"application\/ld+json\" class=\"yoast-schema-graph\">{\"@context\":\"https:\/\/schema.org\",\"@graph\":[{\"@type\":\"WebPage\",\"@id\":\"https:\/\/johanneslarsenmuseet.dk\/en\/produkt\/spillekort-fuglenes-verden\/\",\"url\":\"https:\/\/johanneslarsenmuseet.dk\/en\/produkt\/spillekort-fuglenes-verden\/\",\"name\":\"SPILLEKORT \u2013 FUGLENES VERDEN - Johannes Larsen Museet\",\"isPartOf\":{\"@id\":\"https:\/\/johanneslarsenmuseet.dk\/en\/#website\"},\"primaryImageOfPage\":{\"@id\":\"https:\/\/johanneslarsenmuseet.dk\/en\/produkt\/spillekort-fuglenes-verden\/#primaryimage\"},\"image\":{\"@id\":\"https:\/\/johanneslarsenmuseet.dk\/en\/produkt\/spillekort-fuglenes-verden\/#primaryimage\"},\"thumbnailUrl\":\"https:\/\/johanneslarsenmuseet.dk\/wp-content\/uploads\/2023\/09\/Fuglenes-verden.png\",\"datePublished\":\"2023-09-28T09:51:06+00:00\",\"dateModified\":\"2026-05-11T08:43:42+00:00\",\"breadcrumb\":{\"@id\":\"https:\/\/johanneslarsenmuseet.dk\/en\/produkt\/spillekort-fuglenes-verden\/#breadcrumb\"},\"inLanguage\":\"en-US\",\"potentialAction\":[{\"@type\":\"ReadAction\",\"target\":[\"https:\/\/johanneslarsenmuseet.dk\/en\/produkt\/spillekort-fuglenes-verden\/\"]}]},{\"@type\":\"ImageObject\",\"inLanguage\":\"en-US\",\"@id\":\"https:\/\/johanneslarsenmuseet.dk\/en\/produkt\/spillekort-fuglenes-verden\/#primaryimage\",\"url\":\"https:\/\/johanneslarsenmuseet.dk\/wp-content\/uploads\/2023\/09\/Fuglenes-verden.png\",\"contentUrl\":\"https:\/\/johanneslarsenmuseet.dk\/wp-content\/uploads\/2023\/09\/Fuglenes-verden.png\",\"width\":1080,\"height\":1080},{\"@type\":\"BreadcrumbList\",\"@id\":\"https:\/\/johanneslarsenmuseet.dk\/en\/produkt\/spillekort-fuglenes-verden\/#breadcrumb\",\"itemListElement\":[{\"@type\":\"ListItem\",\"position\":1,\"name\":\"Hjem\",\"item\":\"https:\/\/johanneslarsenmuseet.dk\/en\/\"},{\"@type\":\"ListItem\",\"position\":2,\"name\":\"Shop\",\"item\":\"https:\/\/johanneslarsenmuseet.dk\/shop\/\"},{\"@type\":\"ListItem\",\"position\":3,\"name\":\"SPILLEKORT \u2013 FUGLENES VERDEN\"}]},{\"@type\":\"WebSite\",\"@id\":\"https:\/\/johanneslarsenmuseet.dk\/en\/#website\",\"url\":\"https:\/\/johanneslarsenmuseet.dk\/en\/\",\"name\":\"Johannes Larsen Museet\",\"description\":\"Oplevelser for hele familien\",\"publisher\":{\"@id\":\"https:\/\/johanneslarsenmuseet.dk\/en\/#organization\"},\"potentialAction\":[{\"@type\":\"SearchAction\",\"target\":{\"@type\":\"EntryPoint\",\"urlTemplate\":\"https:\/\/johanneslarsenmuseet.dk\/en\/?s={search_term_string}\"},\"query-input\":{\"@type\":\"PropertyValueSpecification\",\"valueRequired\":true,\"valueName\":\"search_term_string\"}}],\"inLanguage\":\"en-US\"},{\"@type\":\"Organization\",\"@id\":\"https:\/\/johanneslarsenmuseet.dk\/en\/#organization\",\"name\":\"Johanne Larsen Museet\",\"url\":\"https:\/\/johanneslarsenmuseet.dk\/en\/\",\"logo\":{\"@type\":\"ImageObject\",\"inLanguage\":\"en-US\",\"@id\":\"https:\/\/johanneslarsenmuseet.dk\/en\/#\/schema\/logo\/image\/\",\"url\":\"https:\/\/johanneslarsenmuseet.dk\/wp-content\/uploads\/2022\/04\/johannes-larsen-logo-black.svg\",\"contentUrl\":\"https:\/\/johanneslarsenmuseet.dk\/wp-content\/uploads\/2022\/04\/johannes-larsen-logo-black.svg\",\"width\":1,\"height\":1,\"caption\":\"Johanne Larsen Museet\"},\"image\":{\"@id\":\"https:\/\/johanneslarsenmuseet.dk\/en\/#\/schema\/logo\/image\/\"},\"sameAs\":[\"https:\/\/www.facebook.com\/JohannesLarsenMuseet\",\"https:\/\/www.instagram.com\/johanneslarsenmuseet\/\",\"https:\/\/twitter.com\/johlarsenmuseum?lang=da\"]}]}<\/script>\n<!-- \/ Yoast SEO plugin. -->","yoast_head_json":{"title":"SPILLEKORT \u2013 FUGLENES VERDEN - Johannes Larsen Museet","robots":{"index":"index","follow":"follow","max-snippet":"max-snippet:-1","max-image-preview":"max-image-preview:large","max-video-preview":"max-video-preview:-1"},"canonical":"https:\/\/johanneslarsenmuseet.dk\/en\/produkt\/spillekort-fuglenes-verden\/","og_locale":"en_US","og_type":"article","og_title":"SPILLEKORT \u2013 FUGLENES VERDEN - Johannes Larsen Museet","og_description":"Lad de fjerkl\u00e6dtes dyrs styrker dyste mod i hinanden p\u00e5 en ny m\u00e5de i det klassiske spil 'krig'.  LEG DIG TIL VIDEN! Med dette nye kortspil med id\u00e9 fra Kenneth Lenander og illustrationer fra Jon Fjeldsa\u030a bliver du klogere pa\u030a de fugle, du ofte ser i haven, i byen, i skoven, ved s\u00f8en eller langs stranden. Alle kort har nemt afl\u00e6selige ikoner og prikker, der g\u00f8r, at b\u00f8rn helt ned til tre\u00e5rsalderen kan dyste mod hinanden uden voksen-indblanding. Kortenes sjove facts g\u00f8r spillet interessant for b\u00e5de b\u00f8rn og voksne og kan spilles af alle familiens medlemmere.  Spilleregler findes i \u00e6sken.\u00a0     \u2022 Indeholder: 48 spillekort \u2022 5 forklaringskort \u2022 1 s\u00e6t spilleregler \u2022 Id\u00e9: Kenneth Lenander \u2022 Illustrationer: Jon Fjeldsa\u030a  &nbsp;","og_url":"https:\/\/johanneslarsenmuseet.dk\/en\/produkt\/spillekort-fuglenes-verden\/","og_site_name":"Johannes Larsen Museet","article_publisher":"https:\/\/www.facebook.com\/JohannesLarsenMuseet","article_modified_time":"2026-05-11T08:43:42+00:00","og_image":[{"width":1080,"height":1080,"url":"https:\/\/johanneslarsenmuseet.dk\/wp-content\/uploads\/2023\/09\/Fuglenes-verden.png","type":"image\/png"}],"twitter_card":"summary_large_image","schema":{"@context":"https:\/\/schema.org","@graph":[{"@type":"WebPage","@id":"https:\/\/johanneslarsenmuseet.dk\/en\/produkt\/spillekort-fuglenes-verden\/","url":"https:\/\/johanneslarsenmuseet.dk\/en\/produkt\/spillekort-fuglenes-verden\/","name":"SPILLEKORT \u2013 FUGLENES VERDEN - Johannes Larsen Museet","isPartOf":{"@id":"https:\/\/johanneslarsenmuseet.dk\/en\/#website"},"primaryImageOfPage":{"@id":"https:\/\/johanneslarsenmuseet.dk\/en\/produkt\/spillekort-fuglenes-verden\/#primaryimage"},"image":{"@id":"https:\/\/johanneslarsenmuseet.dk\/en\/produkt\/spillekort-fuglenes-verden\/#primaryimage"},"thumbnailUrl":"https:\/\/johanneslarsenmuseet.dk\/wp-content\/uploads\/2023\/09\/Fuglenes-verden.png","datePublished":"2023-09-28T09:51:06+00:00","dateModified":"2026-05-11T08:43:42+00:00","breadcrumb":{"@id":"https:\/\/johanneslarsenmuseet.dk\/en\/produkt\/spillekort-fuglenes-verden\/#breadcrumb"},"inLanguage":"en-US","potentialAction":[{"@type":"ReadAction","target":["https:\/\/johanneslarsenmuseet.dk\/en\/produkt\/spillekort-fuglenes-verden\/"]}]},{"@type":"ImageObject","inLanguage":"en-US","@id":"https:\/\/johanneslarsenmuseet.dk\/en\/produkt\/spillekort-fuglenes-verden\/#primaryimage","url":"https:\/\/johanneslarsenmuseet.dk\/wp-content\/uploads\/2023\/09\/Fuglenes-verden.png","contentUrl":"https:\/\/johanneslarsenmuseet.dk\/wp-content\/uploads\/2023\/09\/Fuglenes-verden.png","width":1080,"height":1080},{"@type":"BreadcrumbList","@id":"https:\/\/johanneslarsenmuseet.dk\/en\/produkt\/spillekort-fuglenes-verden\/#breadcrumb","itemListElement":[{"@type":"ListItem","position":1,"name":"Hjem","item":"https:\/\/johanneslarsenmuseet.dk\/en\/"},{"@type":"ListItem","position":2,"name":"Shop","item":"https:\/\/johanneslarsenmuseet.dk\/shop\/"},{"@type":"ListItem","position":3,"name":"SPILLEKORT \u2013 FUGLENES VERDEN"}]},{"@type":"WebSite","@id":"https:\/\/johanneslarsenmuseet.dk\/en\/#website","url":"https:\/\/johanneslarsenmuseet.dk\/en\/","name":"Johannes Larsen Museet","description":"Oplevelser for hele familien","publisher":{"@id":"https:\/\/johanneslarsenmuseet.dk\/en\/#organization"},"potentialAction":[{"@type":"SearchAction","target":{"@type":"EntryPoint","urlTemplate":"https:\/\/johanneslarsenmuseet.dk\/en\/?s={search_term_string}"},"query-input":{"@type":"PropertyValueSpecification","valueRequired":true,"valueName":"search_term_string"}}],"inLanguage":"en-US"},{"@type":"Organization","@id":"https:\/\/johanneslarsenmuseet.dk\/en\/#organization","name":"Johanne Larsen Museet","url":"https:\/\/johanneslarsenmuseet.dk\/en\/","logo":{"@type":"ImageObject","inLanguage":"en-US","@id":"https:\/\/johanneslarsenmuseet.dk\/en\/#\/schema\/logo\/image\/","url":"https:\/\/johanneslarsenmuseet.dk\/wp-content\/uploads\/2022\/04\/johannes-larsen-logo-black.svg","contentUrl":"https:\/\/johanneslarsenmuseet.dk\/wp-content\/uploads\/2022\/04\/johannes-larsen-logo-black.svg","width":1,"height":1,"caption":"Johanne Larsen Museet"},"image":{"@id":"https:\/\/johanneslarsenmuseet.dk\/en\/#\/schema\/logo\/image\/"},"sameAs":["https:\/\/www.facebook.com\/JohannesLarsenMuseet","https:\/\/www.instagram.com\/johanneslarsenmuseet\/","https:\/\/twitter.com\/johlarsenmuseum?lang=da"]}]}},"_links":{"self":[{"href":"https:\/\/johanneslarsenmuseet.dk\/en\/wp-json\/wp\/v2\/product\/211799","targetHints":{"allow":["GET"]}}],"collection":[{"href":"https:\/\/johanneslarsenmuseet.dk\/en\/wp-json\/wp\/v2\/product"}],"about":[{"href":"https:\/\/johanneslarsenmuseet.dk\/en\/wp-json\/wp\/v2\/types\/product"}],"wp:featuredmedia":[{"embeddable":true,"href":"https:\/\/johanneslarsenmuseet.dk\/en\/wp-json\/wp\/v2\/media\/211800"}],"wp:attachment":[{"href":"https:\/\/johanneslarsenmuseet.dk\/en\/wp-json\/wp\/v2\/media?parent=211799"}],"wp:term":[{"taxonomy":"product_brand","embeddable":true,"href":"https:\/\/johanneslarsenmuseet.dk\/en\/wp-json\/wp\/v2\/product_brand?post=211799"},{"taxonomy":"product_cat","embeddable":true,"href":"https:\/\/johanneslarsenmuseet.dk\/en\/wp-json\/wp\/v2\/product_cat?post=211799"},{"taxonomy":"product_tag","embeddable":true,"href":"https:\/\/johanneslarsenmuseet.dk\/en\/wp-json\/wp\/v2\/product_tag?post=211799"}],"curies":[{"name":"wp","href":"https:\/\/api.w.org\/{rel}","templated":true}]}}