{"id":213494,"date":"2024-03-15T09:59:41","date_gmt":"2024-03-15T09:59:41","guid":{"rendered":"https:\/\/johanneslarsenmuseet.dk\/?post_type=product&#038;p=213494"},"modified":"2024-03-22T13:11:21","modified_gmt":"2024-03-22T13:11:21","slug":"bog-rylen-i-limfjorden-1924-2024-johanneslarsenmuseet","status":"publish","type":"product","link":"https:\/\/johanneslarsenmuseet.dk\/en\/produkt\/bog-rylen-i-limfjorden-1924-2024-johanneslarsenmuseet\/","title":{"rendered":"Rylen i Limfjorden 1924 &#8211; 2024"},"content":{"rendered":"<span class=\"et_bloom_bottom_trigger\"><\/span>","protected":false},"excerpt":{"rendered":"<div id=\"page-wrapper\" class=\"page-wrapper\">\n<section id=\"page-inner\" class=\"page-inner\"><main id=\"main\" class=\"site-main product-info product pid5885 has-variants-compact no-options variants-template-constructor no-variant-preselect\" data-product-id=\"5885\" data-variants-template=\"constructor\"><\/p>\n<div class=\"container\">\n<div class=\"block page-content\">\n<div class=\"row\">\n<div class=\"col-md-11\">\n<div class=\"product-main \">\n<div class=\"property product-summary \">\n<div class=\"product-main \">\n<div class=\"property product-summary \">\n<div class=\"product-main \">Forord:<\/div>\n<div class=\"product-main \">\n<div class=\"property product-summary \">\n<p>&#8220;<em>Rylen i Limfjorden&#8221;<\/em> er en moderne kunstnerisk opdagelsesrejse med en historisk klangbund. I projektet giver nitten nutidige billedkunstnere og forfattere deres fortolkning af Limfjordegnens s\u00e6rlige natur- og kulturlandskaber. Ekspeditionsskibet Rylens sejladser med Achton Friis og Johannes Larsen i begyndelsen af 1920erne dannede grundlag for bogv\u00e6rket\u00a0 <em>&#8220;De Danskes \u00d8er&#8221;,<\/em> der udkom i 1926. I \u00e5r 2024, er netop 100-\u00e5ret for togtet i Limfjorden og den ydre anledning til lanceringen af\u00a0\u00a0<em>&#8220;Rylen i Limfjorden&#8221;.\u00a0<\/em>Rylen, oprindeligt en b\u00e6ltb\u00e5d fra 1896, ejes idag af Johannes Larsen Museet, hvilket har givet rig mulighed for at sejle i b\u00e5de gamle og nye k\u00f8lvandsstriber og skabe vedkommende fort\u00e6lllinger, der giver perspektiv p\u00e5 b\u00e5de fortid og nutid.<\/p>\n<p>Bogen er udgivet af Johannes Larsen Museet og Johannes V. Jensen og Thit Jensen Museet 2024 i forbindelse med udstillingen af samme navn.\u00a0 \u00a0 \u00a0 \u00a0 \u00a0 \u00a0 \u00a0 \u00a0 \u00a0 \u00a0 \u00a0 \u00a0 \u00a0 \u00a0 \u00a0 \u00a0 \u00a0 \u00a0 \u00a0 \u00a0 \u00a0 \u00a0 \u00a0 \u00a0 \u00a0 \u00a0 \u00a0 \u00a0 \u00a0 \u00a0 \u00a0 \u00a0 \u00a0 \u00a0 \u00a0 \u00a0 \u00a0 \u00a0 \u00a0 \u00a0 \u00a0 \u00a0 \u00a0 \u00a0 \u00a0 \u00a0 \u00a0 \u00a0 \u00a0 \u00a0 \u00a0 \u00a0 \u00a0 \u00a0 \u00a0 \u00a0 \u00a0 \u00a0 \u00a0 \u00a0 \u00a0 \u00a0 \u00a0 \u00a0 \u00a0 \u00a0 \u00a0 \u00a0 \u00a0 \u00a0 \u00a0 \u00a0 \u00a0 \u00a0 \u00a0 \u00a0 \u00a0 \u00a0 \u00a0 \u00a0 \u00a0 \u00a0 \u00a0 Redaktion; Jens Bohr og Gudrun Heltoft. 172 sider. Foto: Ole Friis, Morten S\u00f8rensen og Jens Bohr.<\/p>\n<\/div>\n<\/div>\n<\/div>\n<\/div>\n<\/div>\n<\/div>\n<\/div>\n<\/div>\n<\/div>\n<\/div>\n<p><\/main><\/section>\n<\/div>\n","protected":false},"featured_media":213495,"template":"","meta":{"_et_pb_use_builder":"","_et_pb_old_content":"","_et_gb_content_width":""},"product_brand":[],"product_cat":[23,29,36],"product_tag":[],"class_list":{"0":"post-213494","1":"product","2":"type-product","3":"status-publish","4":"has-post-thumbnail","6":"product_cat-boger-film","7":"product_cat-om-kunst-og-natur","8":"product_cat-udstillingsboger","10":"first","11":"instock","12":"taxable","13":"shipping-taxable","14":"purchasable","15":"product-type-simple"},"yoast_head":"<!-- This site is optimized with the Yoast SEO plugin v24.5 - https:\/\/yoast.com\/wordpress\/plugins\/seo\/ -->\n<title>Rylen i Limfjorden 1924 - 2024 - Johannes Larsen Museet<\/title>\n<meta name=\"description\" content=\"Limfjorden - natur - fugle- Jens Bohr- fortattere - kunstner- digter- fyn - kerteminde- s\u00e6rudstilling- rylen kertemindehavn\" \/>\n<meta name=\"robots\" content=\"index, follow, max-snippet:-1, max-image-preview:large, max-video-preview:-1\" \/>\n<link rel=\"canonical\" href=\"https:\/\/johanneslarsenmuseet.dk\/en\/produkt\/bog-rylen-i-limfjorden-1924-2024-johanneslarsenmuseet\/\" \/>\n<meta property=\"og:locale\" content=\"en_US\" \/>\n<meta property=\"og:type\" content=\"article\" \/>\n<meta property=\"og:title\" content=\"Rylen i Limfjorden 1924 - 2024 - Johannes Larsen Museet\" \/>\n<meta property=\"og:description\" content=\"Limfjorden - natur - fugle- Jens Bohr- fortattere - kunstner- digter- fyn - kerteminde- s\u00e6rudstilling- rylen kertemindehavn\" \/>\n<meta property=\"og:url\" content=\"https:\/\/johanneslarsenmuseet.dk\/en\/produkt\/bog-rylen-i-limfjorden-1924-2024-johanneslarsenmuseet\/\" \/>\n<meta property=\"og:site_name\" content=\"Johannes Larsen Museet\" \/>\n<meta property=\"article:publisher\" content=\"https:\/\/www.facebook.com\/JohannesLarsenMuseet\" \/>\n<meta property=\"article:modified_time\" content=\"2024-03-22T13:11:21+00:00\" \/>\n<meta property=\"og:image\" content=\"https:\/\/johanneslarsenmuseet.dk\/wp-content\/uploads\/2024\/03\/Udstillingskatalog-Rylen-i-Limfjorden.png\" \/>\n\t<meta property=\"og:image:width\" content=\"940\" \/>\n\t<meta property=\"og:image:height\" content=\"788\" \/>\n\t<meta property=\"og:image:type\" content=\"image\/png\" \/>\n<meta name=\"twitter:card\" content=\"summary_large_image\" \/>\n<meta name=\"twitter:label1\" content=\"Est. reading time\" \/>\n\t<meta name=\"twitter:data1\" content=\"1 minute\" \/>\n<script type=\"application\/ld+json\" class=\"yoast-schema-graph\">{\"@context\":\"https:\/\/schema.org\",\"@graph\":[{\"@type\":\"WebPage\",\"@id\":\"https:\/\/johanneslarsenmuseet.dk\/en\/produkt\/bog-rylen-i-limfjorden-1924-2024-johanneslarsenmuseet\/\",\"url\":\"https:\/\/johanneslarsenmuseet.dk\/en\/produkt\/bog-rylen-i-limfjorden-1924-2024-johanneslarsenmuseet\/\",\"name\":\"Rylen i Limfjorden 1924 - 2024 - Johannes Larsen Museet\",\"isPartOf\":{\"@id\":\"https:\/\/johanneslarsenmuseet.dk\/en\/#website\"},\"primaryImageOfPage\":{\"@id\":\"https:\/\/johanneslarsenmuseet.dk\/en\/produkt\/bog-rylen-i-limfjorden-1924-2024-johanneslarsenmuseet\/#primaryimage\"},\"image\":{\"@id\":\"https:\/\/johanneslarsenmuseet.dk\/en\/produkt\/bog-rylen-i-limfjorden-1924-2024-johanneslarsenmuseet\/#primaryimage\"},\"thumbnailUrl\":\"https:\/\/johanneslarsenmuseet.dk\/wp-content\/uploads\/2024\/03\/Udstillingskatalog-Rylen-i-Limfjorden.png\",\"datePublished\":\"2024-03-15T09:59:41+00:00\",\"dateModified\":\"2024-03-22T13:11:21+00:00\",\"description\":\"Limfjorden - natur - fugle- Jens Bohr- fortattere - kunstner- digter- fyn - kerteminde- s\u00e6rudstilling- rylen kertemindehavn\",\"breadcrumb\":{\"@id\":\"https:\/\/johanneslarsenmuseet.dk\/en\/produkt\/bog-rylen-i-limfjorden-1924-2024-johanneslarsenmuseet\/#breadcrumb\"},\"inLanguage\":\"en-US\",\"potentialAction\":[{\"@type\":\"ReadAction\",\"target\":[\"https:\/\/johanneslarsenmuseet.dk\/en\/produkt\/bog-rylen-i-limfjorden-1924-2024-johanneslarsenmuseet\/\"]}]},{\"@type\":\"ImageObject\",\"inLanguage\":\"en-US\",\"@id\":\"https:\/\/johanneslarsenmuseet.dk\/en\/produkt\/bog-rylen-i-limfjorden-1924-2024-johanneslarsenmuseet\/#primaryimage\",\"url\":\"https:\/\/johanneslarsenmuseet.dk\/wp-content\/uploads\/2024\/03\/Udstillingskatalog-Rylen-i-Limfjorden.png\",\"contentUrl\":\"https:\/\/johanneslarsenmuseet.dk\/wp-content\/uploads\/2024\/03\/Udstillingskatalog-Rylen-i-Limfjorden.png\",\"width\":940,\"height\":788},{\"@type\":\"BreadcrumbList\",\"@id\":\"https:\/\/johanneslarsenmuseet.dk\/en\/produkt\/bog-rylen-i-limfjorden-1924-2024-johanneslarsenmuseet\/#breadcrumb\",\"itemListElement\":[{\"@type\":\"ListItem\",\"position\":1,\"name\":\"Hjem\",\"item\":\"https:\/\/johanneslarsenmuseet.dk\/en\/\"},{\"@type\":\"ListItem\",\"position\":2,\"name\":\"Shop\",\"item\":\"https:\/\/johanneslarsenmuseet.dk\/shop\/\"},{\"@type\":\"ListItem\",\"position\":3,\"name\":\"Rylen i Limfjorden 1924 &#8211; 2024\"}]},{\"@type\":\"WebSite\",\"@id\":\"https:\/\/johanneslarsenmuseet.dk\/en\/#website\",\"url\":\"https:\/\/johanneslarsenmuseet.dk\/en\/\",\"name\":\"Johannes Larsen Museet\",\"description\":\"Oplevelser for hele familien\",\"publisher\":{\"@id\":\"https:\/\/johanneslarsenmuseet.dk\/en\/#organization\"},\"potentialAction\":[{\"@type\":\"SearchAction\",\"target\":{\"@type\":\"EntryPoint\",\"urlTemplate\":\"https:\/\/johanneslarsenmuseet.dk\/en\/?s={search_term_string}\"},\"query-input\":{\"@type\":\"PropertyValueSpecification\",\"valueRequired\":true,\"valueName\":\"search_term_string\"}}],\"inLanguage\":\"en-US\"},{\"@type\":\"Organization\",\"@id\":\"https:\/\/johanneslarsenmuseet.dk\/en\/#organization\",\"name\":\"Johanne Larsen Museet\",\"url\":\"https:\/\/johanneslarsenmuseet.dk\/en\/\",\"logo\":{\"@type\":\"ImageObject\",\"inLanguage\":\"en-US\",\"@id\":\"https:\/\/johanneslarsenmuseet.dk\/en\/#\/schema\/logo\/image\/\",\"url\":\"https:\/\/johanneslarsenmuseet.dk\/wp-content\/uploads\/2022\/04\/johannes-larsen-logo-black.svg\",\"contentUrl\":\"https:\/\/johanneslarsenmuseet.dk\/wp-content\/uploads\/2022\/04\/johannes-larsen-logo-black.svg\",\"width\":1,\"height\":1,\"caption\":\"Johanne Larsen Museet\"},\"image\":{\"@id\":\"https:\/\/johanneslarsenmuseet.dk\/en\/#\/schema\/logo\/image\/\"},\"sameAs\":[\"https:\/\/www.facebook.com\/JohannesLarsenMuseet\",\"https:\/\/www.instagram.com\/johanneslarsenmuseet\/\",\"https:\/\/twitter.com\/johlarsenmuseum?lang=da\"]}]}<\/script>\n<!-- \/ Yoast SEO plugin. -->","yoast_head_json":{"title":"Rylen i Limfjorden 1924 - 2024 - Johannes Larsen Museet","description":"Limfjorden - natur - fugle- Jens Bohr- fortattere - kunstner- digter- fyn - kerteminde- s\u00e6rudstilling- rylen kertemindehavn","robots":{"index":"index","follow":"follow","max-snippet":"max-snippet:-1","max-image-preview":"max-image-preview:large","max-video-preview":"max-video-preview:-1"},"canonical":"https:\/\/johanneslarsenmuseet.dk\/en\/produkt\/bog-rylen-i-limfjorden-1924-2024-johanneslarsenmuseet\/","og_locale":"en_US","og_type":"article","og_title":"Rylen i Limfjorden 1924 - 2024 - Johannes Larsen Museet","og_description":"Limfjorden - natur - fugle- Jens Bohr- fortattere - kunstner- digter- fyn - kerteminde- s\u00e6rudstilling- rylen kertemindehavn","og_url":"https:\/\/johanneslarsenmuseet.dk\/en\/produkt\/bog-rylen-i-limfjorden-1924-2024-johanneslarsenmuseet\/","og_site_name":"Johannes Larsen Museet","article_publisher":"https:\/\/www.facebook.com\/JohannesLarsenMuseet","article_modified_time":"2024-03-22T13:11:21+00:00","og_image":[{"width":940,"height":788,"url":"https:\/\/johanneslarsenmuseet.dk\/wp-content\/uploads\/2024\/03\/Udstillingskatalog-Rylen-i-Limfjorden.png","type":"image\/png"}],"twitter_card":"summary_large_image","twitter_misc":{"Est. reading time":"1 minute"},"schema":{"@context":"https:\/\/schema.org","@graph":[{"@type":"WebPage","@id":"https:\/\/johanneslarsenmuseet.dk\/en\/produkt\/bog-rylen-i-limfjorden-1924-2024-johanneslarsenmuseet\/","url":"https:\/\/johanneslarsenmuseet.dk\/en\/produkt\/bog-rylen-i-limfjorden-1924-2024-johanneslarsenmuseet\/","name":"Rylen i Limfjorden 1924 - 2024 - Johannes Larsen Museet","isPartOf":{"@id":"https:\/\/johanneslarsenmuseet.dk\/en\/#website"},"primaryImageOfPage":{"@id":"https:\/\/johanneslarsenmuseet.dk\/en\/produkt\/bog-rylen-i-limfjorden-1924-2024-johanneslarsenmuseet\/#primaryimage"},"image":{"@id":"https:\/\/johanneslarsenmuseet.dk\/en\/produkt\/bog-rylen-i-limfjorden-1924-2024-johanneslarsenmuseet\/#primaryimage"},"thumbnailUrl":"https:\/\/johanneslarsenmuseet.dk\/wp-content\/uploads\/2024\/03\/Udstillingskatalog-Rylen-i-Limfjorden.png","datePublished":"2024-03-15T09:59:41+00:00","dateModified":"2024-03-22T13:11:21+00:00","description":"Limfjorden - natur - fugle- Jens Bohr- fortattere - kunstner- digter- fyn - kerteminde- s\u00e6rudstilling- rylen kertemindehavn","breadcrumb":{"@id":"https:\/\/johanneslarsenmuseet.dk\/en\/produkt\/bog-rylen-i-limfjorden-1924-2024-johanneslarsenmuseet\/#breadcrumb"},"inLanguage":"en-US","potentialAction":[{"@type":"ReadAction","target":["https:\/\/johanneslarsenmuseet.dk\/en\/produkt\/bog-rylen-i-limfjorden-1924-2024-johanneslarsenmuseet\/"]}]},{"@type":"ImageObject","inLanguage":"en-US","@id":"https:\/\/johanneslarsenmuseet.dk\/en\/produkt\/bog-rylen-i-limfjorden-1924-2024-johanneslarsenmuseet\/#primaryimage","url":"https:\/\/johanneslarsenmuseet.dk\/wp-content\/uploads\/2024\/03\/Udstillingskatalog-Rylen-i-Limfjorden.png","contentUrl":"https:\/\/johanneslarsenmuseet.dk\/wp-content\/uploads\/2024\/03\/Udstillingskatalog-Rylen-i-Limfjorden.png","width":940,"height":788},{"@type":"BreadcrumbList","@id":"https:\/\/johanneslarsenmuseet.dk\/en\/produkt\/bog-rylen-i-limfjorden-1924-2024-johanneslarsenmuseet\/#breadcrumb","itemListElement":[{"@type":"ListItem","position":1,"name":"Hjem","item":"https:\/\/johanneslarsenmuseet.dk\/en\/"},{"@type":"ListItem","position":2,"name":"Shop","item":"https:\/\/johanneslarsenmuseet.dk\/shop\/"},{"@type":"ListItem","position":3,"name":"Rylen i Limfjorden 1924 &#8211; 2024"}]},{"@type":"WebSite","@id":"https:\/\/johanneslarsenmuseet.dk\/en\/#website","url":"https:\/\/johanneslarsenmuseet.dk\/en\/","name":"Johannes Larsen Museet","description":"Oplevelser for hele familien","publisher":{"@id":"https:\/\/johanneslarsenmuseet.dk\/en\/#organization"},"potentialAction":[{"@type":"SearchAction","target":{"@type":"EntryPoint","urlTemplate":"https:\/\/johanneslarsenmuseet.dk\/en\/?s={search_term_string}"},"query-input":{"@type":"PropertyValueSpecification","valueRequired":true,"valueName":"search_term_string"}}],"inLanguage":"en-US"},{"@type":"Organization","@id":"https:\/\/johanneslarsenmuseet.dk\/en\/#organization","name":"Johanne Larsen Museet","url":"https:\/\/johanneslarsenmuseet.dk\/en\/","logo":{"@type":"ImageObject","inLanguage":"en-US","@id":"https:\/\/johanneslarsenmuseet.dk\/en\/#\/schema\/logo\/image\/","url":"https:\/\/johanneslarsenmuseet.dk\/wp-content\/uploads\/2022\/04\/johannes-larsen-logo-black.svg","contentUrl":"https:\/\/johanneslarsenmuseet.dk\/wp-content\/uploads\/2022\/04\/johannes-larsen-logo-black.svg","width":1,"height":1,"caption":"Johanne Larsen Museet"},"image":{"@id":"https:\/\/johanneslarsenmuseet.dk\/en\/#\/schema\/logo\/image\/"},"sameAs":["https:\/\/www.facebook.com\/JohannesLarsenMuseet","https:\/\/www.instagram.com\/johanneslarsenmuseet\/","https:\/\/twitter.com\/johlarsenmuseum?lang=da"]}]}},"_links":{"self":[{"href":"https:\/\/johanneslarsenmuseet.dk\/en\/wp-json\/wp\/v2\/product\/213494","targetHints":{"allow":["GET"]}}],"collection":[{"href":"https:\/\/johanneslarsenmuseet.dk\/en\/wp-json\/wp\/v2\/product"}],"about":[{"href":"https:\/\/johanneslarsenmuseet.dk\/en\/wp-json\/wp\/v2\/types\/product"}],"wp:featuredmedia":[{"embeddable":true,"href":"https:\/\/johanneslarsenmuseet.dk\/en\/wp-json\/wp\/v2\/media\/213495"}],"wp:attachment":[{"href":"https:\/\/johanneslarsenmuseet.dk\/en\/wp-json\/wp\/v2\/media?parent=213494"}],"wp:term":[{"taxonomy":"product_brand","embeddable":true,"href":"https:\/\/johanneslarsenmuseet.dk\/en\/wp-json\/wp\/v2\/product_brand?post=213494"},{"taxonomy":"product_cat","embeddable":true,"href":"https:\/\/johanneslarsenmuseet.dk\/en\/wp-json\/wp\/v2\/product_cat?post=213494"},{"taxonomy":"product_tag","embeddable":true,"href":"https:\/\/johanneslarsenmuseet.dk\/en\/wp-json\/wp\/v2\/product_tag?post=213494"}],"curies":[{"name":"wp","href":"https:\/\/api.w.org\/{rel}","templated":true}]}}