{"id":215506,"date":"2024-10-29T14:16:10","date_gmt":"2024-10-29T14:16:10","guid":{"rendered":"https:\/\/johanneslarsenmuseet.dk\/?post_type=product&#038;p=215506"},"modified":"2024-11-13T12:07:39","modified_gmt":"2024-11-13T12:07:39","slug":"naturglaede-for-boern-med-johannes-larsen-2","status":"publish","type":"product","link":"https:\/\/johanneslarsenmuseet.dk\/en\/produkt\/naturglaede-for-boern-med-johannes-larsen-2\/","title":{"rendered":"Naturgl\u00e6de for b\u00f8rn med Johannes Larsen"},"content":{"rendered":"<span class=\"et_bloom_bottom_trigger\"><\/span>","protected":false},"excerpt":{"rendered":"<p><em>Naturgl\u00e6de for b\u00f8rn<\/em>\u00a0er rigt illustreret med Johannes Larsens kunstv\u00e6rker. Bogen er sp\u00e6kket med morsomme anekdoter fra Johannes Larsens liv og fyldt med interessante fakta, opgaver om naturen og kunst.M\u00e5lgruppe b\u00e6rn fra 5-12 \u00e5r og alle kunst- og naturelskere.<br \/>\nJohannes Larsen \u00b4Nationens yndlingsmaler\u00b4 anses for at v\u00e6re den mest danske af alle danske malere, og hans skildringer af den danske natur er en gave til alle danskere. Kunstmaleren levede et langt og indholdsrigt liv (1867-1961) omgivet af fugle, dyr og familie.<br \/>\nLaura Beatrice Ricks grundl\u00e6gger af leget\u00f8jsvirksomheden Den Gamle Skole.<\/p>\n<ul>\n<li>Sideantal:\u00a0<b>48<\/b><\/li>\n<\/ul>\n","protected":false},"featured_media":215507,"template":"","meta":{"_et_pb_use_builder":"","_et_pb_old_content":"","_et_gb_content_width":""},"product_brand":[],"product_cat":[23,30,25,34],"product_tag":[91],"class_list":{"0":"post-215506","1":"product","2":"type-product","3":"status-publish","4":"has-post-thumbnail","6":"product_cat-boger-film","7":"product_cat-for-born-boger-film","8":"product_cat-for-born","9":"product_cat-borneboger","10":"product_tag-naturglaede-for-boern","12":"first","13":"instock","14":"taxable","15":"shipping-taxable","16":"purchasable","17":"product-type-simple"},"yoast_head":"<!-- This site is optimized with the Yoast SEO plugin v24.5 - https:\/\/yoast.com\/wordpress\/plugins\/seo\/ -->\n<title>Naturgl\u00e6de for b\u00f8rn med Johannes Larsen - Johannes Larsen Museet<\/title>\n<meta name=\"description\" content=\"B\u00f8rne og ungdomsb\u00f8ger med interesse for kunst og fugle. Johannes Larsen er kunstneren og Laura Beatice Ricks er forfatter.\" \/>\n<meta name=\"robots\" content=\"index, follow, max-snippet:-1, max-image-preview:large, max-video-preview:-1\" \/>\n<link rel=\"canonical\" href=\"https:\/\/johanneslarsenmuseet.dk\/en\/produkt\/naturglaede-for-boern-med-johannes-larsen-2\/\" \/>\n<meta property=\"og:locale\" content=\"en_US\" \/>\n<meta property=\"og:type\" content=\"article\" \/>\n<meta property=\"og:title\" content=\"Naturgl\u00e6de for b\u00f8rn med Johannes Larsen - Johannes Larsen Museet\" \/>\n<meta property=\"og:description\" content=\"B\u00f8rne og ungdomsb\u00f8ger med interesse for kunst og fugle. Johannes Larsen er kunstneren og Laura Beatice Ricks er forfatter.\" \/>\n<meta property=\"og:url\" content=\"https:\/\/johanneslarsenmuseet.dk\/en\/produkt\/naturglaede-for-boern-med-johannes-larsen-2\/\" \/>\n<meta property=\"og:site_name\" content=\"Johannes Larsen Museet\" \/>\n<meta property=\"article:publisher\" content=\"https:\/\/www.facebook.com\/JohannesLarsenMuseet\" \/>\n<meta property=\"article:modified_time\" content=\"2024-11-13T12:07:39+00:00\" \/>\n<meta property=\"og:image\" content=\"https:\/\/johanneslarsenmuseet.dk\/wp-content\/uploads\/2024\/10\/Natur-glaede-for-boern-med-Johannes-Larsen.png\" \/>\n\t<meta property=\"og:image:width\" content=\"940\" \/>\n\t<meta property=\"og:image:height\" content=\"788\" \/>\n\t<meta property=\"og:image:type\" content=\"image\/png\" \/>\n<meta name=\"twitter:card\" content=\"summary_large_image\" \/>\n<meta name=\"twitter:label1\" content=\"Est. reading time\" \/>\n\t<meta name=\"twitter:data1\" content=\"1 minute\" \/>\n<script type=\"application\/ld+json\" class=\"yoast-schema-graph\">{\"@context\":\"https:\/\/schema.org\",\"@graph\":[{\"@type\":\"WebPage\",\"@id\":\"https:\/\/johanneslarsenmuseet.dk\/en\/produkt\/naturglaede-for-boern-med-johannes-larsen-2\/\",\"url\":\"https:\/\/johanneslarsenmuseet.dk\/en\/produkt\/naturglaede-for-boern-med-johannes-larsen-2\/\",\"name\":\"Naturgl\u00e6de for b\u00f8rn med Johannes Larsen - Johannes Larsen Museet\",\"isPartOf\":{\"@id\":\"https:\/\/johanneslarsenmuseet.dk\/en\/#website\"},\"primaryImageOfPage\":{\"@id\":\"https:\/\/johanneslarsenmuseet.dk\/en\/produkt\/naturglaede-for-boern-med-johannes-larsen-2\/#primaryimage\"},\"image\":{\"@id\":\"https:\/\/johanneslarsenmuseet.dk\/en\/produkt\/naturglaede-for-boern-med-johannes-larsen-2\/#primaryimage\"},\"thumbnailUrl\":\"https:\/\/johanneslarsenmuseet.dk\/wp-content\/uploads\/2024\/10\/Natur-glaede-for-boern-med-Johannes-Larsen.png\",\"datePublished\":\"2024-10-29T14:16:10+00:00\",\"dateModified\":\"2024-11-13T12:07:39+00:00\",\"description\":\"B\u00f8rne og ungdomsb\u00f8ger med interesse for kunst og fugle. Johannes Larsen er kunstneren og Laura Beatice Ricks er forfatter.\",\"breadcrumb\":{\"@id\":\"https:\/\/johanneslarsenmuseet.dk\/en\/produkt\/naturglaede-for-boern-med-johannes-larsen-2\/#breadcrumb\"},\"inLanguage\":\"en-US\",\"potentialAction\":[{\"@type\":\"ReadAction\",\"target\":[\"https:\/\/johanneslarsenmuseet.dk\/en\/produkt\/naturglaede-for-boern-med-johannes-larsen-2\/\"]}]},{\"@type\":\"ImageObject\",\"inLanguage\":\"en-US\",\"@id\":\"https:\/\/johanneslarsenmuseet.dk\/en\/produkt\/naturglaede-for-boern-med-johannes-larsen-2\/#primaryimage\",\"url\":\"https:\/\/johanneslarsenmuseet.dk\/wp-content\/uploads\/2024\/10\/Natur-glaede-for-boern-med-Johannes-Larsen.png\",\"contentUrl\":\"https:\/\/johanneslarsenmuseet.dk\/wp-content\/uploads\/2024\/10\/Natur-glaede-for-boern-med-Johannes-Larsen.png\",\"width\":940,\"height\":788,\"caption\":\"Laura Beatrice Ricks\"},{\"@type\":\"BreadcrumbList\",\"@id\":\"https:\/\/johanneslarsenmuseet.dk\/en\/produkt\/naturglaede-for-boern-med-johannes-larsen-2\/#breadcrumb\",\"itemListElement\":[{\"@type\":\"ListItem\",\"position\":1,\"name\":\"Hjem\",\"item\":\"https:\/\/johanneslarsenmuseet.dk\/en\/\"},{\"@type\":\"ListItem\",\"position\":2,\"name\":\"Shop\",\"item\":\"https:\/\/johanneslarsenmuseet.dk\/shop\/\"},{\"@type\":\"ListItem\",\"position\":3,\"name\":\"Naturgl\u00e6de for b\u00f8rn med Johannes Larsen\"}]},{\"@type\":\"WebSite\",\"@id\":\"https:\/\/johanneslarsenmuseet.dk\/en\/#website\",\"url\":\"https:\/\/johanneslarsenmuseet.dk\/en\/\",\"name\":\"Johannes Larsen Museet\",\"description\":\"Oplevelser for hele familien\",\"publisher\":{\"@id\":\"https:\/\/johanneslarsenmuseet.dk\/en\/#organization\"},\"potentialAction\":[{\"@type\":\"SearchAction\",\"target\":{\"@type\":\"EntryPoint\",\"urlTemplate\":\"https:\/\/johanneslarsenmuseet.dk\/en\/?s={search_term_string}\"},\"query-input\":{\"@type\":\"PropertyValueSpecification\",\"valueRequired\":true,\"valueName\":\"search_term_string\"}}],\"inLanguage\":\"en-US\"},{\"@type\":\"Organization\",\"@id\":\"https:\/\/johanneslarsenmuseet.dk\/en\/#organization\",\"name\":\"Johanne Larsen Museet\",\"url\":\"https:\/\/johanneslarsenmuseet.dk\/en\/\",\"logo\":{\"@type\":\"ImageObject\",\"inLanguage\":\"en-US\",\"@id\":\"https:\/\/johanneslarsenmuseet.dk\/en\/#\/schema\/logo\/image\/\",\"url\":\"https:\/\/johanneslarsenmuseet.dk\/wp-content\/uploads\/2022\/04\/johannes-larsen-logo-black.svg\",\"contentUrl\":\"https:\/\/johanneslarsenmuseet.dk\/wp-content\/uploads\/2022\/04\/johannes-larsen-logo-black.svg\",\"width\":1,\"height\":1,\"caption\":\"Johanne Larsen Museet\"},\"image\":{\"@id\":\"https:\/\/johanneslarsenmuseet.dk\/en\/#\/schema\/logo\/image\/\"},\"sameAs\":[\"https:\/\/www.facebook.com\/JohannesLarsenMuseet\",\"https:\/\/www.instagram.com\/johanneslarsenmuseet\/\",\"https:\/\/twitter.com\/johlarsenmuseum?lang=da\"]}]}<\/script>\n<!-- \/ Yoast SEO plugin. -->","yoast_head_json":{"title":"Naturgl\u00e6de for b\u00f8rn med Johannes Larsen - Johannes Larsen Museet","description":"B\u00f8rne og ungdomsb\u00f8ger med interesse for kunst og fugle. Johannes Larsen er kunstneren og Laura Beatice Ricks er forfatter.","robots":{"index":"index","follow":"follow","max-snippet":"max-snippet:-1","max-image-preview":"max-image-preview:large","max-video-preview":"max-video-preview:-1"},"canonical":"https:\/\/johanneslarsenmuseet.dk\/en\/produkt\/naturglaede-for-boern-med-johannes-larsen-2\/","og_locale":"en_US","og_type":"article","og_title":"Naturgl\u00e6de for b\u00f8rn med Johannes Larsen - Johannes Larsen Museet","og_description":"B\u00f8rne og ungdomsb\u00f8ger med interesse for kunst og fugle. Johannes Larsen er kunstneren og Laura Beatice Ricks er forfatter.","og_url":"https:\/\/johanneslarsenmuseet.dk\/en\/produkt\/naturglaede-for-boern-med-johannes-larsen-2\/","og_site_name":"Johannes Larsen Museet","article_publisher":"https:\/\/www.facebook.com\/JohannesLarsenMuseet","article_modified_time":"2024-11-13T12:07:39+00:00","og_image":[{"width":940,"height":788,"url":"https:\/\/johanneslarsenmuseet.dk\/wp-content\/uploads\/2024\/10\/Natur-glaede-for-boern-med-Johannes-Larsen.png","type":"image\/png"}],"twitter_card":"summary_large_image","twitter_misc":{"Est. reading time":"1 minute"},"schema":{"@context":"https:\/\/schema.org","@graph":[{"@type":"WebPage","@id":"https:\/\/johanneslarsenmuseet.dk\/en\/produkt\/naturglaede-for-boern-med-johannes-larsen-2\/","url":"https:\/\/johanneslarsenmuseet.dk\/en\/produkt\/naturglaede-for-boern-med-johannes-larsen-2\/","name":"Naturgl\u00e6de for b\u00f8rn med Johannes Larsen - Johannes Larsen Museet","isPartOf":{"@id":"https:\/\/johanneslarsenmuseet.dk\/en\/#website"},"primaryImageOfPage":{"@id":"https:\/\/johanneslarsenmuseet.dk\/en\/produkt\/naturglaede-for-boern-med-johannes-larsen-2\/#primaryimage"},"image":{"@id":"https:\/\/johanneslarsenmuseet.dk\/en\/produkt\/naturglaede-for-boern-med-johannes-larsen-2\/#primaryimage"},"thumbnailUrl":"https:\/\/johanneslarsenmuseet.dk\/wp-content\/uploads\/2024\/10\/Natur-glaede-for-boern-med-Johannes-Larsen.png","datePublished":"2024-10-29T14:16:10+00:00","dateModified":"2024-11-13T12:07:39+00:00","description":"B\u00f8rne og ungdomsb\u00f8ger med interesse for kunst og fugle. Johannes Larsen er kunstneren og Laura Beatice Ricks er forfatter.","breadcrumb":{"@id":"https:\/\/johanneslarsenmuseet.dk\/en\/produkt\/naturglaede-for-boern-med-johannes-larsen-2\/#breadcrumb"},"inLanguage":"en-US","potentialAction":[{"@type":"ReadAction","target":["https:\/\/johanneslarsenmuseet.dk\/en\/produkt\/naturglaede-for-boern-med-johannes-larsen-2\/"]}]},{"@type":"ImageObject","inLanguage":"en-US","@id":"https:\/\/johanneslarsenmuseet.dk\/en\/produkt\/naturglaede-for-boern-med-johannes-larsen-2\/#primaryimage","url":"https:\/\/johanneslarsenmuseet.dk\/wp-content\/uploads\/2024\/10\/Natur-glaede-for-boern-med-Johannes-Larsen.png","contentUrl":"https:\/\/johanneslarsenmuseet.dk\/wp-content\/uploads\/2024\/10\/Natur-glaede-for-boern-med-Johannes-Larsen.png","width":940,"height":788,"caption":"Laura Beatrice Ricks"},{"@type":"BreadcrumbList","@id":"https:\/\/johanneslarsenmuseet.dk\/en\/produkt\/naturglaede-for-boern-med-johannes-larsen-2\/#breadcrumb","itemListElement":[{"@type":"ListItem","position":1,"name":"Hjem","item":"https:\/\/johanneslarsenmuseet.dk\/en\/"},{"@type":"ListItem","position":2,"name":"Shop","item":"https:\/\/johanneslarsenmuseet.dk\/shop\/"},{"@type":"ListItem","position":3,"name":"Naturgl\u00e6de for b\u00f8rn med Johannes Larsen"}]},{"@type":"WebSite","@id":"https:\/\/johanneslarsenmuseet.dk\/en\/#website","url":"https:\/\/johanneslarsenmuseet.dk\/en\/","name":"Johannes Larsen Museet","description":"Oplevelser for hele familien","publisher":{"@id":"https:\/\/johanneslarsenmuseet.dk\/en\/#organization"},"potentialAction":[{"@type":"SearchAction","target":{"@type":"EntryPoint","urlTemplate":"https:\/\/johanneslarsenmuseet.dk\/en\/?s={search_term_string}"},"query-input":{"@type":"PropertyValueSpecification","valueRequired":true,"valueName":"search_term_string"}}],"inLanguage":"en-US"},{"@type":"Organization","@id":"https:\/\/johanneslarsenmuseet.dk\/en\/#organization","name":"Johanne Larsen Museet","url":"https:\/\/johanneslarsenmuseet.dk\/en\/","logo":{"@type":"ImageObject","inLanguage":"en-US","@id":"https:\/\/johanneslarsenmuseet.dk\/en\/#\/schema\/logo\/image\/","url":"https:\/\/johanneslarsenmuseet.dk\/wp-content\/uploads\/2022\/04\/johannes-larsen-logo-black.svg","contentUrl":"https:\/\/johanneslarsenmuseet.dk\/wp-content\/uploads\/2022\/04\/johannes-larsen-logo-black.svg","width":1,"height":1,"caption":"Johanne Larsen Museet"},"image":{"@id":"https:\/\/johanneslarsenmuseet.dk\/en\/#\/schema\/logo\/image\/"},"sameAs":["https:\/\/www.facebook.com\/JohannesLarsenMuseet","https:\/\/www.instagram.com\/johanneslarsenmuseet\/","https:\/\/twitter.com\/johlarsenmuseum?lang=da"]}]}},"_links":{"self":[{"href":"https:\/\/johanneslarsenmuseet.dk\/en\/wp-json\/wp\/v2\/product\/215506","targetHints":{"allow":["GET"]}}],"collection":[{"href":"https:\/\/johanneslarsenmuseet.dk\/en\/wp-json\/wp\/v2\/product"}],"about":[{"href":"https:\/\/johanneslarsenmuseet.dk\/en\/wp-json\/wp\/v2\/types\/product"}],"wp:featuredmedia":[{"embeddable":true,"href":"https:\/\/johanneslarsenmuseet.dk\/en\/wp-json\/wp\/v2\/media\/215507"}],"wp:attachment":[{"href":"https:\/\/johanneslarsenmuseet.dk\/en\/wp-json\/wp\/v2\/media?parent=215506"}],"wp:term":[{"taxonomy":"product_brand","embeddable":true,"href":"https:\/\/johanneslarsenmuseet.dk\/en\/wp-json\/wp\/v2\/product_brand?post=215506"},{"taxonomy":"product_cat","embeddable":true,"href":"https:\/\/johanneslarsenmuseet.dk\/en\/wp-json\/wp\/v2\/product_cat?post=215506"},{"taxonomy":"product_tag","embeddable":true,"href":"https:\/\/johanneslarsenmuseet.dk\/en\/wp-json\/wp\/v2\/product_tag?post=215506"}],"curies":[{"name":"wp","href":"https:\/\/api.w.org\/{rel}","templated":true}]}}