{"id":216489,"date":"2025-01-30T10:19:52","date_gmt":"2025-01-30T10:19:52","guid":{"rendered":"https:\/\/johanneslarsenmuseet.dk\/?post_type=product&#038;p=216489"},"modified":"2025-01-30T10:22:59","modified_gmt":"2025-01-30T10:22:59","slug":"saerudstilling-plakat-med-allan-otte-ulrik-moeller","status":"publish","type":"product","link":"https:\/\/johanneslarsenmuseet.dk\/en\/produkt\/saerudstilling-plakat-med-allan-otte-ulrik-moeller\/","title":{"rendered":"Allan Otte &#038; Ulrik M\u00f8ller. pl."},"content":{"rendered":"<span class=\"et_bloom_bottom_trigger\"><\/span>","protected":false},"excerpt":{"rendered":"<p>Plakat str. 50 x 70 cm<\/p>\n<p>&nbsp;<\/p>\n","protected":false},"featured_media":216490,"template":"","meta":{"_et_pb_use_builder":"","_et_pb_old_content":"","_et_gb_content_width":""},"product_brand":[],"product_cat":[94,32],"product_tag":[],"class_list":{"0":"post-216489","1":"product","2":"type-product","3":"status-publish","4":"has-post-thumbnail","6":"product_cat-gaveideer","7":"product_cat-plakater","9":"first","10":"instock","11":"taxable","12":"shipping-taxable","13":"purchasable","14":"product-type-simple"},"yoast_head":"<!-- This site is optimized with the Yoast SEO plugin v24.5 - https:\/\/yoast.com\/wordpress\/plugins\/seo\/ -->\n<title>Allan Otte &amp; Ulrik M\u00f8ller. pl. - Johannes Larsen Museet<\/title>\n<meta name=\"description\" content=\"Allan Otte: AD HELVEDE TIL (S\u00c6DEMANDEN). 2021. 140 x 230 cm. Akryl p\u00e5 plade. HEART i Herning Museum of Contemporary Art og Ulrik M\u00f8ller: Kirken i Hassing.\" \/>\n<meta name=\"robots\" content=\"index, follow, max-snippet:-1, max-image-preview:large, max-video-preview:-1\" \/>\n<link rel=\"canonical\" href=\"https:\/\/johanneslarsenmuseet.dk\/en\/produkt\/saerudstilling-plakat-med-allan-otte-ulrik-moeller\/\" \/>\n<meta property=\"og:locale\" content=\"en_US\" \/>\n<meta property=\"og:type\" content=\"article\" \/>\n<meta property=\"og:title\" content=\"Allan Otte &amp; Ulrik M\u00f8ller. pl. - Johannes Larsen Museet\" \/>\n<meta property=\"og:description\" content=\"Allan Otte: AD HELVEDE TIL (S\u00c6DEMANDEN). 2021. 140 x 230 cm. Akryl p\u00e5 plade. HEART i Herning Museum of Contemporary Art og Ulrik M\u00f8ller: Kirken i Hassing.\" \/>\n<meta property=\"og:url\" content=\"https:\/\/johanneslarsenmuseet.dk\/en\/produkt\/saerudstilling-plakat-med-allan-otte-ulrik-moeller\/\" \/>\n<meta property=\"og:site_name\" content=\"Johannes Larsen Museet\" \/>\n<meta property=\"article:publisher\" content=\"https:\/\/www.facebook.com\/JohannesLarsenMuseet\" \/>\n<meta property=\"article:modified_time\" content=\"2025-01-30T10:22:59+00:00\" \/>\n<meta property=\"og:image\" content=\"https:\/\/johanneslarsenmuseet.dk\/wp-content\/uploads\/2025\/01\/Allan-Otte-Ulrik-Moeller.-Foto-.png\" \/>\n\t<meta property=\"og:image:width\" content=\"940\" \/>\n\t<meta property=\"og:image:height\" content=\"788\" \/>\n\t<meta property=\"og:image:type\" content=\"image\/png\" \/>\n<meta name=\"twitter:card\" content=\"summary_large_image\" \/>\n<meta name=\"twitter:label1\" content=\"Est. reading time\" \/>\n\t<meta name=\"twitter:data1\" content=\"1 minute\" \/>\n<script type=\"application\/ld+json\" class=\"yoast-schema-graph\">{\"@context\":\"https:\/\/schema.org\",\"@graph\":[{\"@type\":\"WebPage\",\"@id\":\"https:\/\/johanneslarsenmuseet.dk\/en\/produkt\/saerudstilling-plakat-med-allan-otte-ulrik-moeller\/\",\"url\":\"https:\/\/johanneslarsenmuseet.dk\/en\/produkt\/saerudstilling-plakat-med-allan-otte-ulrik-moeller\/\",\"name\":\"Allan Otte & Ulrik M\u00f8ller. pl. - Johannes Larsen Museet\",\"isPartOf\":{\"@id\":\"https:\/\/johanneslarsenmuseet.dk\/en\/#website\"},\"primaryImageOfPage\":{\"@id\":\"https:\/\/johanneslarsenmuseet.dk\/en\/produkt\/saerudstilling-plakat-med-allan-otte-ulrik-moeller\/#primaryimage\"},\"image\":{\"@id\":\"https:\/\/johanneslarsenmuseet.dk\/en\/produkt\/saerudstilling-plakat-med-allan-otte-ulrik-moeller\/#primaryimage\"},\"thumbnailUrl\":\"https:\/\/johanneslarsenmuseet.dk\/wp-content\/uploads\/2025\/01\/Allan-Otte-Ulrik-Moeller.-Foto-.png\",\"datePublished\":\"2025-01-30T10:19:52+00:00\",\"dateModified\":\"2025-01-30T10:22:59+00:00\",\"description\":\"Allan Otte: AD HELVEDE TIL (S\u00c6DEMANDEN). 2021. 140 x 230 cm. Akryl p\u00e5 plade. HEART i Herning Museum of Contemporary Art og Ulrik M\u00f8ller: Kirken i Hassing.\",\"breadcrumb\":{\"@id\":\"https:\/\/johanneslarsenmuseet.dk\/en\/produkt\/saerudstilling-plakat-med-allan-otte-ulrik-moeller\/#breadcrumb\"},\"inLanguage\":\"en-US\",\"potentialAction\":[{\"@type\":\"ReadAction\",\"target\":[\"https:\/\/johanneslarsenmuseet.dk\/en\/produkt\/saerudstilling-plakat-med-allan-otte-ulrik-moeller\/\"]}]},{\"@type\":\"ImageObject\",\"inLanguage\":\"en-US\",\"@id\":\"https:\/\/johanneslarsenmuseet.dk\/en\/produkt\/saerudstilling-plakat-med-allan-otte-ulrik-moeller\/#primaryimage\",\"url\":\"https:\/\/johanneslarsenmuseet.dk\/wp-content\/uploads\/2025\/01\/Allan-Otte-Ulrik-Moeller.-Foto-.png\",\"contentUrl\":\"https:\/\/johanneslarsenmuseet.dk\/wp-content\/uploads\/2025\/01\/Allan-Otte-Ulrik-Moeller.-Foto-.png\",\"width\":940,\"height\":788,\"caption\":\"Ulrik M\u00f8ller: Kirken iHassing. 2024. 90x 120 cm. Olie p\u00e5 l\u00e6rred. Tilh\u00f8rer kunstneren.\"},{\"@type\":\"BreadcrumbList\",\"@id\":\"https:\/\/johanneslarsenmuseet.dk\/en\/produkt\/saerudstilling-plakat-med-allan-otte-ulrik-moeller\/#breadcrumb\",\"itemListElement\":[{\"@type\":\"ListItem\",\"position\":1,\"name\":\"Hjem\",\"item\":\"https:\/\/johanneslarsenmuseet.dk\/en\/\"},{\"@type\":\"ListItem\",\"position\":2,\"name\":\"Shop\",\"item\":\"https:\/\/johanneslarsenmuseet.dk\/shop\/\"},{\"@type\":\"ListItem\",\"position\":3,\"name\":\"Allan Otte &#038; Ulrik M\u00f8ller. pl.\"}]},{\"@type\":\"WebSite\",\"@id\":\"https:\/\/johanneslarsenmuseet.dk\/en\/#website\",\"url\":\"https:\/\/johanneslarsenmuseet.dk\/en\/\",\"name\":\"Johannes Larsen Museet\",\"description\":\"Oplevelser for hele familien\",\"publisher\":{\"@id\":\"https:\/\/johanneslarsenmuseet.dk\/en\/#organization\"},\"potentialAction\":[{\"@type\":\"SearchAction\",\"target\":{\"@type\":\"EntryPoint\",\"urlTemplate\":\"https:\/\/johanneslarsenmuseet.dk\/en\/?s={search_term_string}\"},\"query-input\":{\"@type\":\"PropertyValueSpecification\",\"valueRequired\":true,\"valueName\":\"search_term_string\"}}],\"inLanguage\":\"en-US\"},{\"@type\":\"Organization\",\"@id\":\"https:\/\/johanneslarsenmuseet.dk\/en\/#organization\",\"name\":\"Johanne Larsen Museet\",\"url\":\"https:\/\/johanneslarsenmuseet.dk\/en\/\",\"logo\":{\"@type\":\"ImageObject\",\"inLanguage\":\"en-US\",\"@id\":\"https:\/\/johanneslarsenmuseet.dk\/en\/#\/schema\/logo\/image\/\",\"url\":\"https:\/\/johanneslarsenmuseet.dk\/wp-content\/uploads\/2022\/04\/johannes-larsen-logo-black.svg\",\"contentUrl\":\"https:\/\/johanneslarsenmuseet.dk\/wp-content\/uploads\/2022\/04\/johannes-larsen-logo-black.svg\",\"width\":1,\"height\":1,\"caption\":\"Johanne Larsen Museet\"},\"image\":{\"@id\":\"https:\/\/johanneslarsenmuseet.dk\/en\/#\/schema\/logo\/image\/\"},\"sameAs\":[\"https:\/\/www.facebook.com\/JohannesLarsenMuseet\",\"https:\/\/www.instagram.com\/johanneslarsenmuseet\/\",\"https:\/\/twitter.com\/johlarsenmuseum?lang=da\"]}]}<\/script>\n<!-- \/ Yoast SEO plugin. -->","yoast_head_json":{"title":"Allan Otte & Ulrik M\u00f8ller. pl. - Johannes Larsen Museet","description":"Allan Otte: AD HELVEDE TIL (S\u00c6DEMANDEN). 2021. 140 x 230 cm. Akryl p\u00e5 plade. HEART i Herning Museum of Contemporary Art og Ulrik M\u00f8ller: Kirken i Hassing.","robots":{"index":"index","follow":"follow","max-snippet":"max-snippet:-1","max-image-preview":"max-image-preview:large","max-video-preview":"max-video-preview:-1"},"canonical":"https:\/\/johanneslarsenmuseet.dk\/en\/produkt\/saerudstilling-plakat-med-allan-otte-ulrik-moeller\/","og_locale":"en_US","og_type":"article","og_title":"Allan Otte & Ulrik M\u00f8ller. pl. - Johannes Larsen Museet","og_description":"Allan Otte: AD HELVEDE TIL (S\u00c6DEMANDEN). 2021. 140 x 230 cm. Akryl p\u00e5 plade. HEART i Herning Museum of Contemporary Art og Ulrik M\u00f8ller: Kirken i Hassing.","og_url":"https:\/\/johanneslarsenmuseet.dk\/en\/produkt\/saerudstilling-plakat-med-allan-otte-ulrik-moeller\/","og_site_name":"Johannes Larsen Museet","article_publisher":"https:\/\/www.facebook.com\/JohannesLarsenMuseet","article_modified_time":"2025-01-30T10:22:59+00:00","og_image":[{"width":940,"height":788,"url":"https:\/\/johanneslarsenmuseet.dk\/wp-content\/uploads\/2025\/01\/Allan-Otte-Ulrik-Moeller.-Foto-.png","type":"image\/png"}],"twitter_card":"summary_large_image","twitter_misc":{"Est. reading time":"1 minute"},"schema":{"@context":"https:\/\/schema.org","@graph":[{"@type":"WebPage","@id":"https:\/\/johanneslarsenmuseet.dk\/en\/produkt\/saerudstilling-plakat-med-allan-otte-ulrik-moeller\/","url":"https:\/\/johanneslarsenmuseet.dk\/en\/produkt\/saerudstilling-plakat-med-allan-otte-ulrik-moeller\/","name":"Allan Otte & Ulrik M\u00f8ller. pl. - Johannes Larsen Museet","isPartOf":{"@id":"https:\/\/johanneslarsenmuseet.dk\/en\/#website"},"primaryImageOfPage":{"@id":"https:\/\/johanneslarsenmuseet.dk\/en\/produkt\/saerudstilling-plakat-med-allan-otte-ulrik-moeller\/#primaryimage"},"image":{"@id":"https:\/\/johanneslarsenmuseet.dk\/en\/produkt\/saerudstilling-plakat-med-allan-otte-ulrik-moeller\/#primaryimage"},"thumbnailUrl":"https:\/\/johanneslarsenmuseet.dk\/wp-content\/uploads\/2025\/01\/Allan-Otte-Ulrik-Moeller.-Foto-.png","datePublished":"2025-01-30T10:19:52+00:00","dateModified":"2025-01-30T10:22:59+00:00","description":"Allan Otte: AD HELVEDE TIL (S\u00c6DEMANDEN). 2021. 140 x 230 cm. Akryl p\u00e5 plade. HEART i Herning Museum of Contemporary Art og Ulrik M\u00f8ller: Kirken i Hassing.","breadcrumb":{"@id":"https:\/\/johanneslarsenmuseet.dk\/en\/produkt\/saerudstilling-plakat-med-allan-otte-ulrik-moeller\/#breadcrumb"},"inLanguage":"en-US","potentialAction":[{"@type":"ReadAction","target":["https:\/\/johanneslarsenmuseet.dk\/en\/produkt\/saerudstilling-plakat-med-allan-otte-ulrik-moeller\/"]}]},{"@type":"ImageObject","inLanguage":"en-US","@id":"https:\/\/johanneslarsenmuseet.dk\/en\/produkt\/saerudstilling-plakat-med-allan-otte-ulrik-moeller\/#primaryimage","url":"https:\/\/johanneslarsenmuseet.dk\/wp-content\/uploads\/2025\/01\/Allan-Otte-Ulrik-Moeller.-Foto-.png","contentUrl":"https:\/\/johanneslarsenmuseet.dk\/wp-content\/uploads\/2025\/01\/Allan-Otte-Ulrik-Moeller.-Foto-.png","width":940,"height":788,"caption":"Ulrik M\u00f8ller: Kirken iHassing. 2024. 90x 120 cm. Olie p\u00e5 l\u00e6rred. Tilh\u00f8rer kunstneren."},{"@type":"BreadcrumbList","@id":"https:\/\/johanneslarsenmuseet.dk\/en\/produkt\/saerudstilling-plakat-med-allan-otte-ulrik-moeller\/#breadcrumb","itemListElement":[{"@type":"ListItem","position":1,"name":"Hjem","item":"https:\/\/johanneslarsenmuseet.dk\/en\/"},{"@type":"ListItem","position":2,"name":"Shop","item":"https:\/\/johanneslarsenmuseet.dk\/shop\/"},{"@type":"ListItem","position":3,"name":"Allan Otte &#038; Ulrik M\u00f8ller. pl."}]},{"@type":"WebSite","@id":"https:\/\/johanneslarsenmuseet.dk\/en\/#website","url":"https:\/\/johanneslarsenmuseet.dk\/en\/","name":"Johannes Larsen Museet","description":"Oplevelser for hele familien","publisher":{"@id":"https:\/\/johanneslarsenmuseet.dk\/en\/#organization"},"potentialAction":[{"@type":"SearchAction","target":{"@type":"EntryPoint","urlTemplate":"https:\/\/johanneslarsenmuseet.dk\/en\/?s={search_term_string}"},"query-input":{"@type":"PropertyValueSpecification","valueRequired":true,"valueName":"search_term_string"}}],"inLanguage":"en-US"},{"@type":"Organization","@id":"https:\/\/johanneslarsenmuseet.dk\/en\/#organization","name":"Johanne Larsen Museet","url":"https:\/\/johanneslarsenmuseet.dk\/en\/","logo":{"@type":"ImageObject","inLanguage":"en-US","@id":"https:\/\/johanneslarsenmuseet.dk\/en\/#\/schema\/logo\/image\/","url":"https:\/\/johanneslarsenmuseet.dk\/wp-content\/uploads\/2022\/04\/johannes-larsen-logo-black.svg","contentUrl":"https:\/\/johanneslarsenmuseet.dk\/wp-content\/uploads\/2022\/04\/johannes-larsen-logo-black.svg","width":1,"height":1,"caption":"Johanne Larsen Museet"},"image":{"@id":"https:\/\/johanneslarsenmuseet.dk\/en\/#\/schema\/logo\/image\/"},"sameAs":["https:\/\/www.facebook.com\/JohannesLarsenMuseet","https:\/\/www.instagram.com\/johanneslarsenmuseet\/","https:\/\/twitter.com\/johlarsenmuseum?lang=da"]}]}},"_links":{"self":[{"href":"https:\/\/johanneslarsenmuseet.dk\/en\/wp-json\/wp\/v2\/product\/216489","targetHints":{"allow":["GET"]}}],"collection":[{"href":"https:\/\/johanneslarsenmuseet.dk\/en\/wp-json\/wp\/v2\/product"}],"about":[{"href":"https:\/\/johanneslarsenmuseet.dk\/en\/wp-json\/wp\/v2\/types\/product"}],"wp:featuredmedia":[{"embeddable":true,"href":"https:\/\/johanneslarsenmuseet.dk\/en\/wp-json\/wp\/v2\/media\/216490"}],"wp:attachment":[{"href":"https:\/\/johanneslarsenmuseet.dk\/en\/wp-json\/wp\/v2\/media?parent=216489"}],"wp:term":[{"taxonomy":"product_brand","embeddable":true,"href":"https:\/\/johanneslarsenmuseet.dk\/en\/wp-json\/wp\/v2\/product_brand?post=216489"},{"taxonomy":"product_cat","embeddable":true,"href":"https:\/\/johanneslarsenmuseet.dk\/en\/wp-json\/wp\/v2\/product_cat?post=216489"},{"taxonomy":"product_tag","embeddable":true,"href":"https:\/\/johanneslarsenmuseet.dk\/en\/wp-json\/wp\/v2\/product_tag?post=216489"}],"curies":[{"name":"wp","href":"https:\/\/api.w.org\/{rel}","templated":true}]}}