{"id":218433,"date":"2025-09-10T13:33:34","date_gmt":"2025-09-10T13:33:34","guid":{"rendered":"https:\/\/johanneslarsenmuseet.dk\/?post_type=product&#038;p=218433"},"modified":"2025-09-10T13:33:37","modified_gmt":"2025-09-10T13:33:37","slug":"naturbevis-johannes-larsen-museet","status":"publish","type":"product","link":"https:\/\/johanneslarsenmuseet.dk\/en\/produkt\/naturbevis-johannes-larsen-museet\/","title":{"rendered":"Naturbevis Johannes Larsen Museet"},"content":{"rendered":"<span class=\"et_bloom_bottom_trigger\"><\/span>","protected":false},"excerpt":{"rendered":"<p><strong>Fl\u00f8jlsand samler penge ind til dansk natur<\/strong><\/p>\n<p><strong>Nyt samarbejde med Den Danske Naturfond giver v\u00e6rdi tilbage til naturen.<\/strong><\/p>\n<p>I samarbejde med Den Danske Naturfond har Johannes Larsen Museet sat et s\u00e5kaldt \u201dNaturbevis\u201d til salg. Beviset indeholder et flot Johannes Larsen-motiv af en fl\u00f8jlsandrik.<\/p>\n<p>I mange \u00e5r har Den Danske Naturfond solgt natur- og skovbeviser med forskellige motiver. Men nu kan man i en kort periode \u2013 frem til 11. januar \u2013 k\u00f8be et naturbevis med et motiv af Johannes Larsen.<\/p>\n<p>St\u00f8rrelse: A4<\/p>\n","protected":false},"featured_media":218434,"template":"","meta":{"_et_pb_use_builder":"","_et_pb_old_content":"","_et_gb_content_width":""},"product_brand":[],"product_cat":[94,33,26],"product_tag":[73,75,76],"class_list":{"0":"post-218433","1":"product","2":"type-product","3":"status-publish","4":"has-post-thumbnail","6":"product_cat-gaveideer","7":"product_cat-kunstkort","8":"product_cat-til-hjemmet-og-hobbyartikler","9":"product_tag-fugle","10":"product_tag-johannes-larsen","11":"product_tag-natur","13":"first","14":"instock","15":"taxable","16":"shipping-taxable","17":"purchasable","18":"product-type-simple"},"yoast_head":"<!-- This site is optimized with the Yoast SEO plugin v24.5 - https:\/\/yoast.com\/wordpress\/plugins\/seo\/ -->\n<title>Naturbevis Johannes Larsen Museet - Johannes Larsen Museet<\/title>\n<meta name=\"description\" content=\"Motivet anvendes p\u00e5 en s\u00e6rudgave af et Naturfondes NATURBEVIS. Fl\u00f8jlsand, en tr\u00e6kfugl som Johannes Larsen observerede omkring Kerteminde.\" \/>\n<meta name=\"robots\" content=\"index, follow, max-snippet:-1, max-image-preview:large, max-video-preview:-1\" \/>\n<link rel=\"canonical\" href=\"https:\/\/johanneslarsenmuseet.dk\/en\/produkt\/naturbevis-johannes-larsen-museet\/\" \/>\n<meta property=\"og:locale\" content=\"en_US\" \/>\n<meta property=\"og:type\" content=\"article\" \/>\n<meta property=\"og:title\" content=\"Naturbevis Johannes Larsen Museet - Johannes Larsen Museet\" \/>\n<meta property=\"og:description\" content=\"Motivet anvendes p\u00e5 en s\u00e6rudgave af et Naturfondes NATURBEVIS. Fl\u00f8jlsand, en tr\u00e6kfugl som Johannes Larsen observerede omkring Kerteminde.\" \/>\n<meta property=\"og:url\" content=\"https:\/\/johanneslarsenmuseet.dk\/en\/produkt\/naturbevis-johannes-larsen-museet\/\" \/>\n<meta property=\"og:site_name\" content=\"Johannes Larsen Museet\" \/>\n<meta property=\"article:publisher\" content=\"https:\/\/www.facebook.com\/JohannesLarsenMuseet\" \/>\n<meta property=\"article:modified_time\" content=\"2025-09-10T13:33:37+00:00\" \/>\n<meta property=\"og:image\" content=\"https:\/\/johanneslarsenmuseet.dk\/wp-content\/uploads\/2025\/09\/Naturbevis.jpg\" \/>\n\t<meta property=\"og:image:width\" content=\"724\" \/>\n\t<meta property=\"og:image:height\" content=\"1024\" \/>\n\t<meta property=\"og:image:type\" content=\"image\/jpeg\" \/>\n<meta name=\"twitter:card\" content=\"summary_large_image\" \/>\n<meta name=\"twitter:label1\" content=\"Est. reading time\" \/>\n\t<meta name=\"twitter:data1\" content=\"1 minute\" \/>\n<script type=\"application\/ld+json\" class=\"yoast-schema-graph\">{\"@context\":\"https:\/\/schema.org\",\"@graph\":[{\"@type\":\"WebPage\",\"@id\":\"https:\/\/johanneslarsenmuseet.dk\/en\/produkt\/naturbevis-johannes-larsen-museet\/\",\"url\":\"https:\/\/johanneslarsenmuseet.dk\/en\/produkt\/naturbevis-johannes-larsen-museet\/\",\"name\":\"Naturbevis Johannes Larsen Museet - Johannes Larsen Museet\",\"isPartOf\":{\"@id\":\"https:\/\/johanneslarsenmuseet.dk\/en\/#website\"},\"primaryImageOfPage\":{\"@id\":\"https:\/\/johanneslarsenmuseet.dk\/en\/produkt\/naturbevis-johannes-larsen-museet\/#primaryimage\"},\"image\":{\"@id\":\"https:\/\/johanneslarsenmuseet.dk\/en\/produkt\/naturbevis-johannes-larsen-museet\/#primaryimage\"},\"thumbnailUrl\":\"https:\/\/johanneslarsenmuseet.dk\/wp-content\/uploads\/2025\/09\/Naturbevis.jpg\",\"datePublished\":\"2025-09-10T13:33:34+00:00\",\"dateModified\":\"2025-09-10T13:33:37+00:00\",\"description\":\"Motivet anvendes p\u00e5 en s\u00e6rudgave af et Naturfondes NATURBEVIS. Fl\u00f8jlsand, en tr\u00e6kfugl som Johannes Larsen observerede omkring Kerteminde.\",\"breadcrumb\":{\"@id\":\"https:\/\/johanneslarsenmuseet.dk\/en\/produkt\/naturbevis-johannes-larsen-museet\/#breadcrumb\"},\"inLanguage\":\"en-US\",\"potentialAction\":[{\"@type\":\"ReadAction\",\"target\":[\"https:\/\/johanneslarsenmuseet.dk\/en\/produkt\/naturbevis-johannes-larsen-museet\/\"]}]},{\"@type\":\"ImageObject\",\"inLanguage\":\"en-US\",\"@id\":\"https:\/\/johanneslarsenmuseet.dk\/en\/produkt\/naturbevis-johannes-larsen-museet\/#primaryimage\",\"url\":\"https:\/\/johanneslarsenmuseet.dk\/wp-content\/uploads\/2025\/09\/Naturbevis.jpg\",\"contentUrl\":\"https:\/\/johanneslarsenmuseet.dk\/wp-content\/uploads\/2025\/09\/Naturbevis.jpg\",\"width\":724,\"height\":1024},{\"@type\":\"BreadcrumbList\",\"@id\":\"https:\/\/johanneslarsenmuseet.dk\/en\/produkt\/naturbevis-johannes-larsen-museet\/#breadcrumb\",\"itemListElement\":[{\"@type\":\"ListItem\",\"position\":1,\"name\":\"Hjem\",\"item\":\"https:\/\/johanneslarsenmuseet.dk\/en\/\"},{\"@type\":\"ListItem\",\"position\":2,\"name\":\"Shop\",\"item\":\"https:\/\/johanneslarsenmuseet.dk\/shop\/\"},{\"@type\":\"ListItem\",\"position\":3,\"name\":\"Naturbevis Johannes Larsen Museet\"}]},{\"@type\":\"WebSite\",\"@id\":\"https:\/\/johanneslarsenmuseet.dk\/en\/#website\",\"url\":\"https:\/\/johanneslarsenmuseet.dk\/en\/\",\"name\":\"Johannes Larsen Museet\",\"description\":\"Oplevelser for hele familien\",\"publisher\":{\"@id\":\"https:\/\/johanneslarsenmuseet.dk\/en\/#organization\"},\"potentialAction\":[{\"@type\":\"SearchAction\",\"target\":{\"@type\":\"EntryPoint\",\"urlTemplate\":\"https:\/\/johanneslarsenmuseet.dk\/en\/?s={search_term_string}\"},\"query-input\":{\"@type\":\"PropertyValueSpecification\",\"valueRequired\":true,\"valueName\":\"search_term_string\"}}],\"inLanguage\":\"en-US\"},{\"@type\":\"Organization\",\"@id\":\"https:\/\/johanneslarsenmuseet.dk\/en\/#organization\",\"name\":\"Johanne Larsen Museet\",\"url\":\"https:\/\/johanneslarsenmuseet.dk\/en\/\",\"logo\":{\"@type\":\"ImageObject\",\"inLanguage\":\"en-US\",\"@id\":\"https:\/\/johanneslarsenmuseet.dk\/en\/#\/schema\/logo\/image\/\",\"url\":\"https:\/\/johanneslarsenmuseet.dk\/wp-content\/uploads\/2022\/04\/johannes-larsen-logo-black.svg\",\"contentUrl\":\"https:\/\/johanneslarsenmuseet.dk\/wp-content\/uploads\/2022\/04\/johannes-larsen-logo-black.svg\",\"width\":1,\"height\":1,\"caption\":\"Johanne Larsen Museet\"},\"image\":{\"@id\":\"https:\/\/johanneslarsenmuseet.dk\/en\/#\/schema\/logo\/image\/\"},\"sameAs\":[\"https:\/\/www.facebook.com\/JohannesLarsenMuseet\",\"https:\/\/www.instagram.com\/johanneslarsenmuseet\/\",\"https:\/\/twitter.com\/johlarsenmuseum?lang=da\"]}]}<\/script>\n<!-- \/ Yoast SEO plugin. -->","yoast_head_json":{"title":"Naturbevis Johannes Larsen Museet - Johannes Larsen Museet","description":"Motivet anvendes p\u00e5 en s\u00e6rudgave af et Naturfondes NATURBEVIS. Fl\u00f8jlsand, en tr\u00e6kfugl som Johannes Larsen observerede omkring Kerteminde.","robots":{"index":"index","follow":"follow","max-snippet":"max-snippet:-1","max-image-preview":"max-image-preview:large","max-video-preview":"max-video-preview:-1"},"canonical":"https:\/\/johanneslarsenmuseet.dk\/en\/produkt\/naturbevis-johannes-larsen-museet\/","og_locale":"en_US","og_type":"article","og_title":"Naturbevis Johannes Larsen Museet - Johannes Larsen Museet","og_description":"Motivet anvendes p\u00e5 en s\u00e6rudgave af et Naturfondes NATURBEVIS. Fl\u00f8jlsand, en tr\u00e6kfugl som Johannes Larsen observerede omkring Kerteminde.","og_url":"https:\/\/johanneslarsenmuseet.dk\/en\/produkt\/naturbevis-johannes-larsen-museet\/","og_site_name":"Johannes Larsen Museet","article_publisher":"https:\/\/www.facebook.com\/JohannesLarsenMuseet","article_modified_time":"2025-09-10T13:33:37+00:00","og_image":[{"width":724,"height":1024,"url":"https:\/\/johanneslarsenmuseet.dk\/wp-content\/uploads\/2025\/09\/Naturbevis.jpg","type":"image\/jpeg"}],"twitter_card":"summary_large_image","twitter_misc":{"Est. reading time":"1 minute"},"schema":{"@context":"https:\/\/schema.org","@graph":[{"@type":"WebPage","@id":"https:\/\/johanneslarsenmuseet.dk\/en\/produkt\/naturbevis-johannes-larsen-museet\/","url":"https:\/\/johanneslarsenmuseet.dk\/en\/produkt\/naturbevis-johannes-larsen-museet\/","name":"Naturbevis Johannes Larsen Museet - Johannes Larsen Museet","isPartOf":{"@id":"https:\/\/johanneslarsenmuseet.dk\/en\/#website"},"primaryImageOfPage":{"@id":"https:\/\/johanneslarsenmuseet.dk\/en\/produkt\/naturbevis-johannes-larsen-museet\/#primaryimage"},"image":{"@id":"https:\/\/johanneslarsenmuseet.dk\/en\/produkt\/naturbevis-johannes-larsen-museet\/#primaryimage"},"thumbnailUrl":"https:\/\/johanneslarsenmuseet.dk\/wp-content\/uploads\/2025\/09\/Naturbevis.jpg","datePublished":"2025-09-10T13:33:34+00:00","dateModified":"2025-09-10T13:33:37+00:00","description":"Motivet anvendes p\u00e5 en s\u00e6rudgave af et Naturfondes NATURBEVIS. Fl\u00f8jlsand, en tr\u00e6kfugl som Johannes Larsen observerede omkring Kerteminde.","breadcrumb":{"@id":"https:\/\/johanneslarsenmuseet.dk\/en\/produkt\/naturbevis-johannes-larsen-museet\/#breadcrumb"},"inLanguage":"en-US","potentialAction":[{"@type":"ReadAction","target":["https:\/\/johanneslarsenmuseet.dk\/en\/produkt\/naturbevis-johannes-larsen-museet\/"]}]},{"@type":"ImageObject","inLanguage":"en-US","@id":"https:\/\/johanneslarsenmuseet.dk\/en\/produkt\/naturbevis-johannes-larsen-museet\/#primaryimage","url":"https:\/\/johanneslarsenmuseet.dk\/wp-content\/uploads\/2025\/09\/Naturbevis.jpg","contentUrl":"https:\/\/johanneslarsenmuseet.dk\/wp-content\/uploads\/2025\/09\/Naturbevis.jpg","width":724,"height":1024},{"@type":"BreadcrumbList","@id":"https:\/\/johanneslarsenmuseet.dk\/en\/produkt\/naturbevis-johannes-larsen-museet\/#breadcrumb","itemListElement":[{"@type":"ListItem","position":1,"name":"Hjem","item":"https:\/\/johanneslarsenmuseet.dk\/en\/"},{"@type":"ListItem","position":2,"name":"Shop","item":"https:\/\/johanneslarsenmuseet.dk\/shop\/"},{"@type":"ListItem","position":3,"name":"Naturbevis Johannes Larsen Museet"}]},{"@type":"WebSite","@id":"https:\/\/johanneslarsenmuseet.dk\/en\/#website","url":"https:\/\/johanneslarsenmuseet.dk\/en\/","name":"Johannes Larsen Museet","description":"Oplevelser for hele familien","publisher":{"@id":"https:\/\/johanneslarsenmuseet.dk\/en\/#organization"},"potentialAction":[{"@type":"SearchAction","target":{"@type":"EntryPoint","urlTemplate":"https:\/\/johanneslarsenmuseet.dk\/en\/?s={search_term_string}"},"query-input":{"@type":"PropertyValueSpecification","valueRequired":true,"valueName":"search_term_string"}}],"inLanguage":"en-US"},{"@type":"Organization","@id":"https:\/\/johanneslarsenmuseet.dk\/en\/#organization","name":"Johanne Larsen Museet","url":"https:\/\/johanneslarsenmuseet.dk\/en\/","logo":{"@type":"ImageObject","inLanguage":"en-US","@id":"https:\/\/johanneslarsenmuseet.dk\/en\/#\/schema\/logo\/image\/","url":"https:\/\/johanneslarsenmuseet.dk\/wp-content\/uploads\/2022\/04\/johannes-larsen-logo-black.svg","contentUrl":"https:\/\/johanneslarsenmuseet.dk\/wp-content\/uploads\/2022\/04\/johannes-larsen-logo-black.svg","width":1,"height":1,"caption":"Johanne Larsen Museet"},"image":{"@id":"https:\/\/johanneslarsenmuseet.dk\/en\/#\/schema\/logo\/image\/"},"sameAs":["https:\/\/www.facebook.com\/JohannesLarsenMuseet","https:\/\/www.instagram.com\/johanneslarsenmuseet\/","https:\/\/twitter.com\/johlarsenmuseum?lang=da"]}]}},"_links":{"self":[{"href":"https:\/\/johanneslarsenmuseet.dk\/en\/wp-json\/wp\/v2\/product\/218433","targetHints":{"allow":["GET"]}}],"collection":[{"href":"https:\/\/johanneslarsenmuseet.dk\/en\/wp-json\/wp\/v2\/product"}],"about":[{"href":"https:\/\/johanneslarsenmuseet.dk\/en\/wp-json\/wp\/v2\/types\/product"}],"wp:featuredmedia":[{"embeddable":true,"href":"https:\/\/johanneslarsenmuseet.dk\/en\/wp-json\/wp\/v2\/media\/218434"}],"wp:attachment":[{"href":"https:\/\/johanneslarsenmuseet.dk\/en\/wp-json\/wp\/v2\/media?parent=218433"}],"wp:term":[{"taxonomy":"product_brand","embeddable":true,"href":"https:\/\/johanneslarsenmuseet.dk\/en\/wp-json\/wp\/v2\/product_brand?post=218433"},{"taxonomy":"product_cat","embeddable":true,"href":"https:\/\/johanneslarsenmuseet.dk\/en\/wp-json\/wp\/v2\/product_cat?post=218433"},{"taxonomy":"product_tag","embeddable":true,"href":"https:\/\/johanneslarsenmuseet.dk\/en\/wp-json\/wp\/v2\/product_tag?post=218433"}],"curies":[{"name":"wp","href":"https:\/\/api.w.org\/{rel}","templated":true}]}}